{"id":26456,"date":"2024-01-12T14:42:56","date_gmt":"2024-01-12T13:42:56","guid":{"rendered":"https:\/\/craftyminis.com\/avviso-legale\/"},"modified":"2026-02-25T12:17:26","modified_gmt":"2026-02-25T11:17:26","slug":"avviso-legale","status":"publish","type":"page","link":"https:\/\/craftyminis.com\/it\/avviso-legale\/","title":{"rendered":"Avviso legale"},"content":{"rendered":"\n<h2 class=\"wp-block-heading\">Identificazione e Titolarit\u00e0<\/h2>\n\n<p>In ottemperanza all&#8217;articolo 10 della Legge 34\/2002, dell&#8217;11 luglio, sui Servizi della Societ\u00e0 dell&#8217;Informazione e del Commercio Elettronico, il Titolare espone i propri dati identificativi:<\/p>\n\n<ul class=\"wp-block-list\">\n<li><strong>Titolo:<\/strong>\u00a0 Marc Garcia gustems.<\/li>\n\n\n\n<li><strong>NIF:<\/strong>\u00a077318268L<\/li>\n\n\n\n<li><strong>Domicilio:<\/strong>\u00a0 Via Gregal N\u00ba2 Begues, Barcellona &#8211; Spagna 08859.<\/li>\n\n\n\n<li><strong>Email:<\/strong>\u00a0 hola@craftyminis.com<\/li>\n\n\n\n<li><strong>Sito Web:<\/strong>\u00a0\u00a0<a href=\"https:\/\/craftyminis.com\/it\/\">https:\/\/craftyminis.com<\/a><\/li>\n<\/ul>\n\n<h2 class=\"wp-block-heading\">Finalit\u00e0<\/h2>\n\n<p>La finalit\u00e0 del Sito Web \u00e8: Vendita di miniature in resina.<\/p>\n\n<h2 class=\"wp-block-heading\">Condizioni d&#8217;Uso<\/h2>\n\n<p>L&#8217;utilizzo del Sito Web le conferisce la qualifica di Utente e implica l&#8217;accettazione completa di tutte le clausole e condizioni d&#8217;uso incluse nelle pagine:<\/p>\n\n<ul class=\"wp-block-list\">\n<li><a href=\"https:\/\/craftyminis.com\/aviso-legal\/\">Avviso Legale<\/a><\/li>\n\n\n\n<li><a href=\"https:\/\/craftyminis.com\/it\/politica-sulla-privacy\/\">Politica sulla Privacy<\/a><\/li>\n<\/ul>\n\n<p>Se non fosse d&#8217;accordo con ciascuna di queste clausole e condizioni, si astenga dall&#8217;utilizzare il Sito Web.<\/p>\n\n<p>L&#8217;accesso al Sito Web non implica, in alcun modo, l&#8217;inizio di un rapporto commerciale con il Titolare.<\/p>\n\n<p>Attraverso il Sito Web, il Titolare le facilita l&#8217;accesso e l&#8217;utilizzo di diversi contenuti che il Titolare e\/o i suoi collaboratori hanno pubblicato tramite Internet.<\/p>\n\n<p>A tal fine, \u00e8 obbligato e impegnato a NON utilizzare alcuno dei contenuti del Sito Web per scopi o effetti illeciti, vietati in questo Avviso Legale o dalla legislazione vigente, lesivi dei diritti e degli interessi di terzi, o che in qualsiasi modo possano danneggiare, rendere inutilizzabili, sovraccaricare, deteriorare o impedire il normale utilizzo dei contenuti, delle apparecchiature informatiche o dei documenti, file e di ogni tipo di contenuti memorizzati in qualsiasi apparecchiatura informatica di propriet\u00e0 o contrattata dal Titolare, di altri utenti o di qualsiasi utente di Internet.<\/p>\n\n<h2 class=\"wp-block-heading\">Misure di sicurezza<\/h2>\n\n<p>I dati personali che fornisce al Titolare possono essere archiviati in banche dati automatizzate o meno, la cui titolarit\u00e0 spetta esclusivamente al Titolare, che assume tutte le misure di natura tecnica, organizzativa e di sicurezza che garantiscono la riservatezza, integrit\u00e0 e qualit\u00e0 delle informazioni in esse contenute in conformit\u00e0 a quanto stabilito dalla normativa vigente in materia di protezione dei dati.<\/p>\n\n<p>Tuttavia, deve essere consapevole che le misure di sicurezza dei sistemi informatici su Internet non sono completamente affidabili e che, pertanto, il Titolare non pu\u00f2 garantire l&#8217;inesistenza di virus o altri elementi che possano causare alterazioni nei sistemi informatici (software e hardware) dell&#8217;Utente o nei suoi documenti elettronici e file contenuti negli stessi, anche se il Titolare mette in atto tutti i mezzi necessari e adotta le misure di sicurezza opportune per evitare la presenza di questi elementi dannosi.<\/p>\n\n<h2 class=\"wp-block-heading\">Trattamento dei Dati Personali<\/h2>\n\n<p>Pu\u00f2 consultare tutte le informazioni relative al trattamento dei dati personali raccolti dal Titolare nella pagina di\u00a0<a href=\"https:\/\/craftyminis.com\/it\/politica-sulla-privacy\/\">Politica sulla Privacy<\/a>.<\/p>\n\n<h2 class=\"wp-block-heading\">Contenuti<\/h2>\n\n<p>Il Titolare ha ottenuto le informazioni, i contenuti multimediali e i materiali inclusi nel Sito Web da fonti che ritiene affidabili, ma, pur avendo adottato tutte le misure ragionevoli per garantire che le informazioni contenute siano corrette, il Titolare non garantisce che siano esatte, complete o aggiornate. Il Titolare declina espressamente ogni responsabilit\u00e0 per errori o omissioni nelle informazioni contenute nelle pagine del Sito Web.<\/p>\n\n<p>\u00c8 vietato trasmettere o inviare tramite il Sito Web qualsiasi contenuto illegale o illecito, virus informatici, o messaggi che, in generale, danneggino o violino i diritti del Titolare o di terzi.<\/p>\n\n<p>I contenuti del Sito Web hanno unicamente finalit\u00e0 informativa e in nessun caso devono essere utilizzati o considerati come offerta di vendita, richiesta di un&#8217;offerta di acquisto o raccomandazione per effettuare qualsiasi altra operazione, salvo che ci\u00f2 sia espressamente indicato.<\/p>\n\n<p>Il Titolare si riserva il diritto di modificare, sospendere, cancellare o limitare il contenuto del Sito Web, i collegamenti o le informazioni ottenute tramite il Sito Web, senza necessit\u00e0 di preavviso.<\/p>\n\n<p>Il Titolare non \u00e8 responsabile per i danni e le perdite che potrebbero derivare dall&#8217;utilizzo delle informazioni del Sito Web o di quelle contenute nei social network del Titolare.<\/p>\n\n<h2 class=\"wp-block-heading\">Politica sui cookie<\/h2>\n\n<p>Il Titolare ottiene e conserva le seguenti informazioni riguardanti i visitatori del Sito Web:<\/p>\n\n<ul class=\"wp-block-list\">\n<li>Il nome di dominio del fornitore (PSI) e\/o l&#8217;indirizzo IP che consente loro l&#8217;accesso alla rete.<\/li>\n\n\n\n<li>La data e l&#8217;ora di accesso al sito Web.<\/li>\n\n\n\n<li>L&#8217;indirizzo Internet di origine del collegamento che conduce al sito Web.<\/li>\n\n\n\n<li>Il numero di visitatori giornalieri di ogni sezione.<\/li>\n\n\n\n<li>Le informazioni ottenute sono totalmente anonime e in nessun caso possono essere associate a un Utente specifico e identificato.<\/li>\n<\/ul>\n\n<h2 class=\"wp-block-heading\">Collegamenti ad altri siti Web<\/h2>\n\n<p>Il Titolare pu\u00f2 fornirle l&#8217;accesso a siti Web di terzi tramite collegamenti con l&#8217;unico scopo di informare sull&#8217;esistenza di altre fonti di informazione su Internet in cui potr\u00e0 ampliare i dati offerti nel Sito Web.<\/p>\n\n<p>Questi collegamenti ad altri siti Web non costituiscono in alcun caso un suggerimento o una raccomandazione affinch\u00e9 lei visiti le pagine web di destinazione, che sono al di fuori del controllo del Titolare, pertanto il Titolare non \u00e8 responsabile del contenuto dei siti web collegati n\u00e9 del risultato che si ottiene seguendo i collegamenti. Inoltre, il Titolare non risponde dei link o collegamenti presenti nei siti web collegati a cui fornisce accesso.<\/p>\n\n<p>L&#8217;istituzione del collegamento non implica in alcun caso l&#8217;esistenza di rapporti tra il Titolare e il proprietario del sito in cui viene stabilito il collegamento, n\u00e9 l&#8217;accettazione o l&#8217;approvazione da parte del Titolare dei suoi contenuti o servizi.<\/p>\n\n<p>Se si accede a un sito web esterno da un link che trova nel Sito Web, dovr\u00e0 leggere la politica sulla privacy del sito web esterno, che potrebbe essere diversa da quella di questo Sito Web.<\/p>\n\n<h2 class=\"wp-block-heading\">Propriet\u00e0 intellettuale e industriale<\/h2>\n\n<p>Tutti i diritti riservati.<\/p>\n\n<p>Tutti gli accessi a questo Sito Web sono soggetti alle seguenti condizioni: la riproduzione, l&#8217;archiviazione permanente e la diffusione dei contenuti o qualsiasi altro uso a scopo pubblico o commerciale \u00e8 espressamente vietata senza il previo consenso espresso e scritto del Titolare.<\/p>\n\n<h2 class=\"wp-block-heading\">Limitazione di responsabilit\u00e0<\/h2>\n\n<p>Le informazioni e i servizi inclusi o disponibili tramite il Sito Web possono contenere inesattezze o errori tipografici. Periodicamente il Titolare apporta miglioramenti e\/o modifiche alle informazioni contenute e\/o ai Servizi che pu\u00f2 introdurre in qualsiasi momento.<\/p>\n\n<p>Il Titolare non dichiara n\u00e9 garantisce che i servizi o i contenuti siano interrotti o che siano privi di errori, che i difetti vengano corretti, o che il servizio o il server che lo mette a disposizione siano privi di virus o altri componenti dannosi senza pregiudizio che il Titolare compie tutti gli sforzi per evitare questo tipo di incidenti.<\/p>\n\n<p>Il Titolare declina ogni responsabilit\u00e0 nel caso in cui si verifichino interruzioni o un malfunzionamento dei Servizi o dei contenuti offerti su Internet, qualunque ne sia la causa. Inoltre, il Titolare non \u00e8 responsabile per cadute della rete, perdite di affari a seguito di tali cadute, sospensioni temporanee di corrente elettrica o qualsiasi altro tipo di danno indiretto che possa esserti causato da cause estranee al Titolare.<\/p>\n\n<p>Prima di prendere decisioni e\/o azioni basate sulle informazioni incluse nel Sito Web, il Titolare le raccomanda di verificare e confrontare le informazioni ricevute con altre fonti.<\/p>\n\n<h2 class=\"wp-block-heading\">Giurisdizione<\/h2>\n\n<p>Questo Avviso Legale \u00e8 regolato interamente dalla legislazione spagnola.<\/p>\n\n<p>Salvo che non vi sia una norma che disponga diversamente, per tutte le questioni che sorgano riguardo all&#8217;interpretazione, applicazione e adempimento di questo Avviso Legale, nonch\u00e9 per le reclamazioni che possano derivare dal suo utilizzo, le parti concordano di sottoporsi ai Giudici e Tribunali della provincia di Barcellona, con espressa rinuncia a qualsiasi altra giurisdizione che potrebbe competere loro.<\/p>\n\n<h2 class=\"wp-block-heading\">Contatto<\/h2>\n\n<p>Nel caso in cui Lei abbia qualsiasi dubbio riguardo a questo Avviso Legale o desideri fare qualsiasi commento sul Sito Web, pu\u00f2 inviare un messaggio di posta elettronica all&#8217;indirizzo: hola@craftyminis.com<\/p>\n\n<div style=\"height:30px\" aria-hidden=\"true\" class=\"wp-block-spacer uag-hide-desktop uag-hide-tab\"><\/div>\n","protected":false},"excerpt":{"rendered":"<p>Identificazione e Titolarit\u00e0 In ottemperanza all&#8217;articolo 10 della Legge 34\/2002, dell&#8217;11 luglio, sui Servizi della Societ\u00e0 dell&#8217;Informazione e del Commercio [&hellip;]<\/p>\n","protected":false},"author":1,"featured_media":0,"parent":0,"menu_order":-1,"comment_status":"closed","ping_status":"closed","template":"","meta":{"site-sidebar-layout":"default","site-content-layout":"","ast-site-content-layout":"default","site-content-style":"default","site-sidebar-style":"default","ast-global-header-display":"","ast-banner-title-visibility":"","ast-main-header-display":"","ast-hfb-above-header-display":"","ast-hfb-below-header-display":"","ast-hfb-mobile-header-display":"","site-post-title":"","ast-breadcrumbs-content":"","ast-featured-img":"","footer-sml-layout":"","ast-disable-related-posts":"","theme-transparent-header-meta":"","adv-header-id-meta":"","stick-header-meta":"","header-above-stick-meta":"","header-main-stick-meta":"","header-below-stick-meta":"","astra-migrate-meta-layouts":"default","ast-page-background-enabled":"default","ast-page-background-meta":{"desktop":{"background-color":"var(--ast-global-color-4)","background-image":"","background-repeat":"repeat","background-position":"center center","background-size":"auto","background-attachment":"scroll","background-type":"","background-media":"","overlay-type":"","overlay-color":"","overlay-opacity":"","overlay-gradient":""},"tablet":{"background-color":"","background-image":"","background-repeat":"repeat","background-position":"center center","background-size":"auto","background-attachment":"scroll","background-type":"","background-media":"","overlay-type":"","overlay-color":"","overlay-opacity":"","overlay-gradient":""},"mobile":{"background-color":"","background-image":"","background-repeat":"repeat","background-position":"center center","background-size":"auto","background-attachment":"scroll","background-type":"","background-media":"","overlay-type":"","overlay-color":"","overlay-opacity":"","overlay-gradient":""}},"ast-content-background-meta":{"desktop":{"background-color":"var(--ast-global-color-5)","background-image":"","background-repeat":"repeat","background-position":"center center","background-size":"auto","background-attachment":"scroll","background-type":"","background-media":"","overlay-type":"","overlay-color":"","overlay-opacity":"","overlay-gradient":""},"tablet":{"background-color":"var(--ast-global-color-5)","background-image":"","background-repeat":"repeat","background-position":"center center","background-size":"auto","background-attachment":"scroll","background-type":"","background-media":"","overlay-type":"","overlay-color":"","overlay-opacity":"","overlay-gradient":""},"mobile":{"background-color":"var(--ast-global-color-5)","background-image":"","background-repeat":"repeat","background-position":"center center","background-size":"auto","background-attachment":"scroll","background-type":"","background-media":"","overlay-type":"","overlay-color":"","overlay-opacity":"","overlay-gradient":""}},"footnotes":""},"class_list":["post-26456","page","type-page","status-publish","hentry"],"_links":{"self":[{"href":"https:\/\/craftyminis.com\/it\/wp-json\/wp\/v2\/pages\/26456","targetHints":{"allow":["GET"]}}],"collection":[{"href":"https:\/\/craftyminis.com\/it\/wp-json\/wp\/v2\/pages"}],"about":[{"href":"https:\/\/craftyminis.com\/it\/wp-json\/wp\/v2\/types\/page"}],"author":[{"embeddable":true,"href":"https:\/\/craftyminis.com\/it\/wp-json\/wp\/v2\/users\/1"}],"replies":[{"embeddable":true,"href":"https:\/\/craftyminis.com\/it\/wp-json\/wp\/v2\/comments?post=26456"}],"version-history":[{"count":1,"href":"https:\/\/craftyminis.com\/it\/wp-json\/wp\/v2\/pages\/26456\/revisions"}],"predecessor-version":[{"id":26457,"href":"https:\/\/craftyminis.com\/it\/wp-json\/wp\/v2\/pages\/26456\/revisions\/26457"}],"wp:attachment":[{"href":"https:\/\/craftyminis.com\/it\/wp-json\/wp\/v2\/media?parent=26456"}],"curies":[{"name":"wp","href":"https:\/\/api.w.org\/{rel}","templated":true}]}}