{"id":26452,"date":"2023-11-28T18:53:32","date_gmt":"2023-11-28T17:53:32","guid":{"rendered":"https:\/\/craftyminis.com\/politica-sulla-privacy\/"},"modified":"2026-02-25T12:17:26","modified_gmt":"2026-02-25T11:17:26","slug":"politica-sulla-privacy","status":"publish","type":"page","link":"https:\/\/craftyminis.com\/it\/politica-sulla-privacy\/","title":{"rendered":"Politica sulla privacy"},"content":{"rendered":"\n<p>Il Titolare la informa sulla sua Politica sulla Privacy riguardo al trattamento e alla protezione dei dati personali degli utenti e dei clienti che possono essere raccolti durante la navigazione, all&#8217;acquisto di un prodotto o alla stipula di un servizio tramite il Sito Web: <a href=\"https:\/\/craftyminis.com\/it\/politica-sulla-privacy\/\">https:\/\/craftyminis.com<\/a><\/p>\n\n<p>In tal senso, il Titolare garantisce il rispetto della normativa vigente in materia di protezione dei dati personali, riflessa nella Legge Organica 3\/2018, del 5 dicembre, sulla Protezione dei Dati Personali e sulla Garanzia dei Diritti Digitali (LOPD GDD). Rispetta inoltre il Regolamento (UE) 2016\/679 del Parlamento Europeo e del Consiglio del 27 aprile 2016 relativo alla protezione delle persone fisiche (RGPD).<\/p>\n\n<p>L&#8217;uso del sito Web implica l&#8217;accettazione di questa Informativa sulla Privacy cos\u00ec come delle condizioni incluse nel <a href=\"https:\/\/craftyminis.com\/aviso-legal\/\">Avviso Legale<\/a>.<\/p>\n\n<h2 class=\"wp-block-heading\">Identit\u00e0 del Responsabile<\/h2>\n\n<ul class=\"wp-block-list\">\n<li><strong>Responsabile:<\/strong>\u00a0 Marc Garcia Gustems.<\/li>\n\n\n\n<li><strong>NIF:<\/strong>\u00a077318268L<\/li>\n\n\n\n<li><strong>Domicilio:<\/strong>\u00a0 Via Gregal 2 Begues, Barcellona &#8211; Spagna.<\/li>\n\n\n\n<li><strong>Email:<\/strong>\u00a0 hola@craftyminis.com<\/li>\n\n\n\n<li><strong>Sito Web:<\/strong>\u00a0\u00a0<a href=\"https:\/\/craftyminis.com\/it\/politica-sulla-privacy\/\">https:\/\/craftyminis.com<\/a><\/li>\n<\/ul>\n\n<figure class=\"wp-block-image size-large is-resized\"><img decoding=\"async\" src=\"https:\/\/craftyminis.com\/wp-content\/uploads\/2024\/07\/CONBANDERA_KITDIGITAL2-1400x71.png\" alt=\"\" class=\"wp-image-4430\" style=\"width:800px\"\/><figcaption class=\"wp-element-caption\">Finanziato dall\u2019Unione Europea \u2013 NextGenerationUE<\/figcaption><\/figure>\n\n<h2 class=\"wp-block-heading\">Principi applicati nel trattamento dei dati<\/h2>\n\n<p>Nel trattamento dei suoi dati personali, il Titolare applicher\u00e0 i seguenti principi che si adeguano alle esigenze del nuovo regolamento europeo sulla protezione dei dati (RGPD):<\/p>\n\n<ul class=\"wp-block-list\">\n<li>Principio di liceit\u00e0, lealt\u00e0 e trasparenza: Il Titolare richieder\u00e0 sempre il consenso per il trattamento dei dati personali che pu\u00f2 essere per uno o pi\u00f9 scopi specifici sui quali il Titolare informer\u00e0 l&#8217;Utente preventivamente con assoluta trasparenza.<\/li>\n\n\n\n<li>Principio di minimizzazione dei dati: Il Titolare richieder\u00e0 solo i dati strettamente necessari per lo scopo o gli scopi per cui li richiede.<\/li>\n\n\n\n<li>Principio di limitazione del periodo di conservazione: Il Titolare manterr\u00e0 i dati personali raccolti per il tempo strettamente necessario allo scopo o agli scopi del trattamento. Il Titolare informer\u00e0 l&#8217;Utente del periodo di conservazione corrispondente in base alla finalit\u00e0.<br\/>In caso di abbonamenti, il Titolare esaminer\u00e0 periodicamente le liste ed eliminer\u00e0 quei record inattivi per un periodo considerevole.<\/li>\n\n\n\n<li>Principio di integrit\u00e0 e riservatezza: i dati personali raccolti saranno trattati in modo tale che la loro sicurezza, riservatezza e integrit\u00e0 siano garantite.<br\/>Il Titolare prende le precauzioni necessarie per evitare l&#8217;accesso non autorizzato o l&#8217;uso improprio dei dati dei suoi utenti da parte di terzi.<\/li>\n<\/ul>\n\n<h2 class=\"wp-block-heading\">Ottenimento di dati personali<\/h2>\n\n<p>Per navigare nel sito Web non \u00e8 necessario fornire alcun dato personale.<\/p>\n\n<p>I casi in cui lei fornisce i suoi dati personali sono i seguenti:<\/p>\n\n<ul class=\"wp-block-list\">\n<li>Contattando tramite i moduli di contatto o inviando un&#8217;email.<\/li>\n\n\n\n<li>Acquistando un prodotto o stipulando un servizio.<\/li>\n\n\n\n<li>Iscrivendosi a un modulo di iscrizione o a una newsletter che il Titolare gestisce con MailChimp.<\/li>\n<\/ul>\n\n<h2 class=\"wp-block-heading\">Diritti<\/h2>\n\n<p>Il Titolare la informa che sui suoi dati personali ha il diritto di:<\/p>\n\n<ul class=\"wp-block-list\">\n<li>Richiedere l&#8217;accesso ai dati memorizzati.<\/li>\n\n\n\n<li>Richiedere una rettifica o la soppressione.<\/li>\n\n\n\n<li>Richiedere la limitazione del suo trattamento.<\/li>\n\n\n\n<li>Opporsi al trattamento.<\/li>\n<\/ul>\n\n<p>Non pu\u00f2 esercitare il diritto alla portabilit\u00e0 dei dati.<\/p>\n\n<p>L&#8217;esercizio di questi diritti \u00e8 personale e pertanto deve essere esercitato direttamente dall&#8217;interessato, richiedendolo direttamente al Titolare, il che significa che qualsiasi cliente, abbonato o collaboratore che abbia fornito i propri dati in qualche momento, pu\u00f2 rivolgersi al Titolare e chiedere informazioni sui dati che ha memorizzato e su come li ha ottenuti, richiedere la rettifica degli stessi, opporsi al trattamento, limitarne l&#8217;uso o richiedere la cancellazione di tali dati nei file del Titolare.<\/p>\n\n<p>Per esercitare i suoi diritti deve inviare la sua richiesta insieme a una fotocopia del Documento Nazionale di Identit\u00e0 o equivalente all&#8217;indirizzo email: hola@craftyminis.com<\/p>\n\n<p>L&#8217;esercizio di questi diritti non include alcun dato che il Titolare \u00e8 obbligato a conservare per scopi amministrativi, legali o di sicurezza.<\/p>\n\n<p>Ha il diritto alla tutela giurisdizionale effettiva e a presentare un reclamo all&#8217;autorit\u00e0 di controllo, in questo caso, l&#8217;Agenzia Spagnola per la Protezione dei Dati, se ritiene che il trattamento dei dati personali che la riguardano violi il Regolamento.<\/p>\n\n<h2 class=\"wp-block-heading\" id=\"finalidad-del-tratamiento-de-datos-personales\">Finalit\u00e0 del trattamento dei dati personali<\/h2>\n\n<p>Quando si connette al Sito Web per inviare una email al Titolare, si iscrive alla sua newsletter o acquista un prodotto o un servizio, sta fornendo informazioni di carattere personale di cui il responsabile \u00e8 il Titolare. Queste informazioni possono includere dati personali come il suo indirizzo IP, nome e cognome, indirizzo fisico, indirizzo email, numero di telefono e altre informazioni. Fornendo queste informazioni, d\u00e0 il suo consenso affinch\u00e9 le sue informazioni siano raccolte, utilizzate, gestite e archiviate da \u2014 IONOS \u2014 solo come descritto nelle pagine:<\/p>\n\n<ul class=\"wp-block-list\">\n<li><a href=\"https:\/\/craftyminis.com\/aviso-legal\/\">Avviso Legale<\/a><\/li>\n\n\n\n<li><a href=\"https:\/\/craftyminis.com\/it\/politica-sulla-privacy\/\">Politica sulla Privacy<\/a><\/li>\n<\/ul>\n\n<p>I dati personali e la finalit\u00e0 del trattamento da parte del Titolare \u00e8 diversa a seconda del sistema di acquisizione delle informazioni:<\/p>\n\n<ul class=\"wp-block-list\">\n<li>Moduli di contatto: Il Titolare richiede dati personali tra cui possono esserci: nome e cognome, indirizzo email, numero di telefono e indirizzo del sito web al fine di rispondere alle richieste degli Utenti, offrire informazioni e dimostrazioni dei prodotti e servizi del Titolare, inclusi preventivi.<br\/>Ad esempio, il Titolare utilizza tali dati per rispondere a messaggi, dubbi, reclami, commenti o preoccupazioni che gli Utenti possono avere riguardo alle informazioni incluse nel sito Web, ai prodotti e ai servizi forniti tramite il sito Web, al trattamento dei dati personali, a questioni relative ai testi legali inclusi nel Sito Web, nonch\u00e9 a qualsiasi altra richiesta che l\u2019Utente possa avere e che non sia soggetta alle condizioni del sito Web o alle condizioni di contratto.<\/li>\n\n\n\n<li>Moduli di contratto per prodotti o servizi: Il Titolare richiede dati personali che possono includere: nome e cognome, documento di identit\u00e0 (numero di identificazione fiscale, numero di identificazione per stranieri, passaporto o permesso di soggiorno), indirizzo email, indirizzo postale, numero di telefono e dati di pagamento (metodi di pagamento o dati bancari) al fine di mantenere un rapporto commerciale con l&#8217;Utente, effettuare la spedizione degli ordini, fornire i servizi contrattati e per effettuare la fatturazione e l&#8217;incasso dei prodotti o servizi contrattati.<\/li>\n\n\n\n<li>Moduli di iscrizione ai contenuti: Il Titolare richiede i seguenti dati personali: nome e cognome, indirizzo email, numero di telefono e indirizzo di un sito web per gestire la lista delle iscrizioni, inviare newsletter, promozioni e offerte speciali. I dati personali forniti al Titolare saranno ubicati sui server di The Rocket Science Group LLC d\/b\/a, con sede negli Stati Uniti. (Mailchimp).<\/li>\n<\/ul>\n\n<p>Esistono altri scopi per cui il Titolare tratta dati personali:<\/p>\n\n<ul class=\"wp-block-list\">\n<li>Per garantire il rispetto delle condizioni riportate nella pagina di Avviso Legale e della legge applicabile. Ci\u00f2 pu\u00f2 includere lo sviluppo di strumenti e algoritmi che aiutino il Sito Web a garantire la riservatezza dei dati personali raccolti.<\/li>\n\n\n\n<li>Per supportare e migliorare i servizi offerti da questo Sito Web.<\/li>\n\n\n\n<li>Per gestire i social network. Il Titolare \u00e8 presente sui social network. Se lei diventa un follower dei social network del Titolare, il trattamento dei dati personali sar\u00e0 regolato da questa sezione, nonch\u00e9 da quelle condizioni d&#8217;uso, politiche sulla privacy e normative di accesso che appartengono al social network pertinente in ogni caso e che ha accettato precedentemente.<br\/>Pu\u00f2 consultare le politiche sulla privacy dei principali social network a questi link:<ul><li><a href=\"https:\/\/www.facebook.com\/help\/cookies\" rel=\"noreferrer noopener\" target=\"_blank\">Facebook<\/a><\/li><li><a href=\"https:\/\/twitter.com\/privacy\" rel=\"noreferrer noopener\" target=\"_blank\">Twitter<\/a><\/li><li><a href=\"https:\/\/www.linkedin.com\/legal\/cookie-policy\" rel=\"noreferrer noopener\" target=\"_blank\">Linkedin<\/a><\/li><li><a href=\"https:\/\/www.youtube.com\/privacy\" rel=\"noreferrer noopener\" target=\"_blank\">YouTube<\/a><\/li><li><a href=\"https:\/\/www.instagram.com\/legal\/privacy\/\" rel=\"noreferrer noopener\" target=\"_blank\">Instagram<\/a><\/li><\/ul>Il Titolare tratter\u00e0 i suoi dati personali con la finalit\u00e0 di amministrare correttamente la sua presenza sul social network, informarla delle sue attivit\u00e0, prodotti o servizi, nonch\u00e9 per qualsiasi altra finalit\u00e0 consentita dalle normative dei social network. In nessun caso il Titolare utilizzer\u00e0 i profili dei follower sui social network per inviare pubblicit\u00e0 in modo individuale.<\/li>\n<\/ul>\n\n<h2 class=\"wp-block-heading\">Sicurezza dei dati personali<\/h2>\n\n<p>Per proteggere i suoi dati personali, il Titolare adotta tutte le precauzioni ragionevoli e segue le migliori pratiche del settore per evitare la loro perdita, uso improprio, accesso non autorizzato, divulgazione, alterazione o distruzione.<\/p>\n\n<p>Il sito Web \u00e8 ospitato su: IONOS. La sicurezza dei dati \u00e8 garantita, poich\u00e9 adottano tutte le misure di sicurezza necessarie a tal fine. Pu\u00f2 consultare la loro politica sulla privacy per ulteriori informazioni.<\/p>\n\n<p>Il Titolare informa l&#8217;Utente che i suoi dati personali non saranno ceduti a terze organizzazioni, salvo che tale cessione di dati sia coperta da un obbligo legale o quando la prestazione di un servizio implichi la necessit\u00e0 di un rapporto contrattuale con un responsabile del trattamento. In quest&#8217;ultimo caso, la cessione dei dati al terzo avverr\u00e0 solo quando il Titolare disponga del consenso espresso dell&#8217;Utente.<\/p>\n\n<p>Tuttavia, in alcuni casi \u00e8 possibile collaborare con altri professionisti, in tali casi sar\u00e0 richiesto il consenso dell&#8217;Utente informando sull&#8217;identit\u00e0 del collaboratore e sulla finalit\u00e0 della collaborazione. Sar\u00e0 sempre effettuato con i pi\u00f9 rigorosi standard di sicurezza.<\/p>\n\n<h2 class=\"wp-block-heading\">Contenuto di altri siti web<\/h2>\n\n<p>Le pagine di questo sito Web possono includere contenuti incorporati (ad esempio, video, immagini, articoli, ecc.). I contenuti incorporati da altri siti web si comportano esattamente allo stesso modo come se avessi visitato l&#8217;altro sito web.<\/p>\n\n<p>Questi siti Web possono raccogliere dati su di lei, utilizzare cookie, incorporare un codice di tracciamento aggiuntivo di terze parti e monitorare la sua interazione utilizzando questo codice.<\/p>\n\n<h2 class=\"wp-block-heading\">Politica sui Cookie<\/h2>\n\n<p>Perch\u00e9 questo sito Web funzioni correttamente \u00e8 necessario utilizzare cookie, che sono informazioni memorizzate nel suo browser web.<\/p>\n\n<h2 class=\"wp-block-heading\">Legittimazione per il trattamento dei dati<\/h2>\n\n<p>La base legale per il trattamento dei suoi dati \u00e8:<\/p>\n\n<ul class=\"wp-block-list\">\n<li>Il consenso dell&#8217;interessato.<\/li>\n\n\n\n<li>Esecuzione del contratto o l&#8217;applicazione di misure precontrattuali con l&#8217;interessato, al fine di fornirgli un prodotto o servizio acquistato dal Titolare.<\/li>\n\n\n\n<li>Per adempiere agli obblighi legali.<\/li>\n<\/ul>\n\n<h2 class=\"wp-block-heading\">Categorie di dati personali<\/h2>\n\n<p>Le categorie di dati personali trattate dal Titolare sono:<\/p>\n\n<ul class=\"wp-block-list\">\n<li>Dati identificativi.<\/li>\n\n\n\n<li>Non si trattano categorie di dati particolarmente protetti.<\/li>\n<\/ul>\n\n<h2 class=\"wp-block-heading\">Conservazione dei dati personali<\/h2>\n\n<p>I dati personali forniti al Titolare saranno conservati fino a quando non ne richieder\u00e0 la cancellazione.<\/p>\n\n<h2 class=\"wp-block-heading\">Destinatari dei dati personali<\/h2>\n\n<ul class=\"wp-block-list\">\n<li><strong>Mailchimp<\/strong> The Rocket Science Group LLC d\/b\/a, con sede negli USA.<br\/>Maggiori informazioni su: <a href=\"https:\/\/mailchimp.com\/legal\/privacy\/\" rel=\"noreferrer noopener\" target=\"_blank\">https:\/\/mailchimp.com<\/a><br\/>The Rocket Science Group LLC d\/b\/a tratta i dati con la finalit\u00e0 di fornire i suoi servizi di email marketing al Titolare.<\/li>\n\n\n\n<li><strong>Google Analytics<\/strong> \u00e8 un servizio di analisi web fornito da Google, Inc., una societ\u00e0 del Delaware con sede principale al 1600 Amphitheatre Parkway, Mountain View (California), CA 94043, Stati Uniti (&#8220;Google&#8221;).<br\/>Google Analytics utilizza &#8220;cookie&#8221;, che sono file di testo collocati sul tuo computer, per aiutare il Titolare ad analizzare l&#8217;uso che gli Utenti fanno del sito Web. Le informazioni generate dal cookie sull&#8217;uso del sito Web (incluso l&#8217;indirizzo IP) saranno trasmesse direttamente e archiviate da Google sui server negli Stati Uniti.<br\/>Maggiori informazioni su: <a href=\"https:\/\/policies.google.com\/privacy?hl=es-ES\" rel=\"noreferrer noopener\" target=\"_blank\">https:\/\/analytics.google.com<\/a><\/li>\n\n\n\n<li><strong>Google AdSense<\/strong> \u00e8 un insieme di servizi pubblicitari forniti da Google, Inc., una societ\u00e0 del Delaware con sede principale al 1600 Amphitheatre Parkway, Mountain View (California), CA 94043, Stati Uniti (&#8220;Google&#8221;).<br\/>AdSense utilizza i cookie per migliorare la pubblicit\u00e0, segmentarla in base ai contenuti rilevanti per gli utenti e migliorare i rapporti sulle prestazioni delle campagne.<br\/>Ulteriori informazioni su: <a href=\"https:\/\/policies.google.com\/privacy?hl=es-ES\" rel=\"noreferrer noopener\" target=\"_blank\">https:\/\/www.google.com\/adsense<\/a><\/li>\n<\/ul>\n\n<p>Pu\u00f2 consultare come Google gestisce la privacy per quanto riguarda l&#8217;uso dei cookie e altre informazioni nella pagina della Politica sulla privacy di Google: <a target=\"_blank\" href=\"https:\/\/policies.google.com\/privacy?hl=es\" rel=\"noreferrer noopener\">https:\/\/policies.google.com\/privacy?hl=es<\/a><\/p>\n\n<p>Pu\u00f2 anche visualizzare un elenco dei tipi di cookie utilizzati da Google e dai suoi collaboratori e tutte le informazioni relative all&#8217;uso che fanno dei cookie pubblicitari su:<\/p>\n\n<ul class=\"wp-block-list\">\n<li><a target=\"_blank\" href=\"https:\/\/policies.google.com\/technologies\/types?hl=es\" rel=\"noreferrer noopener\">Tipi di cookie utilizzati da Google<\/a><\/li>\n\n\n\n<li><a target=\"_blank\" rel=\"noreferrer noopener\" href=\"https:\/\/policies.google.com\/technologies\/ads?hl=es\">Come Google utilizza i cookie nella pubblicit\u00e0<\/a>.<\/li>\n<\/ul>\n\n<h2 class=\"wp-block-heading\">Navigazione Web<\/h2>\n\n<p>Navigando nel Sito Web possono essere raccolti dati non identificativi, che possono includere, l&#8217;indirizzo IP, la geolocalizzazione, un registro di come vengono utilizzati i servizi e i siti, abitudini di navigazione e altri dati che non possono essere utilizzati per identificarla.<\/p>\n\n<p>Il sito Web utilizza i seguenti servizi di analisi di terze parti:<\/p>\n\n<ul class=\"wp-block-list\">\n<li>Google Analytics.<\/li>\n\n\n\n<li>Google AdSense.<\/li>\n<\/ul>\n\n<p>Il Titolare utilizza le informazioni ottenute per ottenere dati statistici, analizzare tendenze, gestire il sito, studiare modelli di navigazione e per raccogliere informazioni demografiche.<\/p>\n\n<p>Il Titolare non \u00e8 responsabile del trattamento dei dati personali effettuato dai siti web ai quali si pu\u00f2 accedere tramite i diversi link contenuti nel Sito Web.<\/p>\n\n<h2 class=\"wp-block-heading\">Accuratezza e veridicit\u00e0 dei dati personali<\/h2>\n\n<p>Lei si impegna a garantire che i dati forniti al Titolare siano corretti, completi, esatti e aggiornati, nonch\u00e9 a mantenerli debitamente aggiornati.<\/p>\n\n<p>Come Utente del Sito Web \u00e8 l&#8217;unico responsabile della veridicit\u00e0 e correttezza dei dati inviati al Sito Web esonerando il Titolare da qualsiasi responsabilit\u00e0 in merito.<\/p>\n\n<h2 class=\"wp-block-heading\">Accettazione e consenso<\/h2>\n\n<p>Come Utente del Sito Web dichiara di essere stato informato delle condizioni sulla protezione dei dati personali, accetta e consente il trattamento degli stessi da parte del Titolare nella forma e per le finalit\u00e0 indicate in questa Informativa sulla Privacy.<\/p>\n\n<p>Per contattare il Titolare, iscriversi a una newsletter o lasciare commenti su questo sito Web \u00e8 necessario accettare la presente Politica sulla Privacy.<\/p>\n\n<h2 class=\"wp-block-heading\">Modifiche alla Politica sulla Privacy<\/h2>\n\n<p>Il Titolare si riserva il diritto di modificare la presente Politica sulla Privacy per adeguarla a novit\u00e0 legislative o giurisprudenziali, nonch\u00e9 a pratiche del settore.<\/p>\n\n<p>Queste politiche saranno valide fino a quando non saranno modificate da altre debitamente pubblicate.<\/p>\n\n<div style=\"height:30px\" aria-hidden=\"true\" class=\"wp-block-spacer uag-hide-desktop uag-hide-tab\"><\/div>\n","protected":false},"excerpt":{"rendered":"<p>Il Titolare la informa sulla sua Politica sulla Privacy riguardo al trattamento e alla protezione dei dati personali degli utenti [&hellip;]<\/p>\n","protected":false},"author":1,"featured_media":0,"parent":0,"menu_order":-1,"comment_status":"closed","ping_status":"closed","template":"","meta":{"site-sidebar-layout":"default","site-content-layout":"","ast-site-content-layout":"default","site-content-style":"default","site-sidebar-style":"default","ast-global-header-display":"","ast-banner-title-visibility":"","ast-main-header-display":"","ast-hfb-above-header-display":"","ast-hfb-below-header-display":"","ast-hfb-mobile-header-display":"","site-post-title":"","ast-breadcrumbs-content":"","ast-featured-img":"","footer-sml-layout":"","ast-disable-related-posts":"","theme-transparent-header-meta":"","adv-header-id-meta":"","stick-header-meta":"","header-above-stick-meta":"","header-main-stick-meta":"","header-below-stick-meta":"","astra-migrate-meta-layouts":"default","ast-page-background-enabled":"default","ast-page-background-meta":{"desktop":{"background-color":"var(--ast-global-color-4)","background-image":"","background-repeat":"repeat","background-position":"center center","background-size":"auto","background-attachment":"scroll","background-type":"","background-media":"","overlay-type":"","overlay-color":"","overlay-opacity":"","overlay-gradient":""},"tablet":{"background-color":"","background-image":"","background-repeat":"repeat","background-position":"center center","background-size":"auto","background-attachment":"scroll","background-type":"","background-media":"","overlay-type":"","overlay-color":"","overlay-opacity":"","overlay-gradient":""},"mobile":{"background-color":"","background-image":"","background-repeat":"repeat","background-position":"center center","background-size":"auto","background-attachment":"scroll","background-type":"","background-media":"","overlay-type":"","overlay-color":"","overlay-opacity":"","overlay-gradient":""}},"ast-content-background-meta":{"desktop":{"background-color":"var(--ast-global-color-5)","background-image":"","background-repeat":"repeat","background-position":"center center","background-size":"auto","background-attachment":"scroll","background-type":"","background-media":"","overlay-type":"","overlay-color":"","overlay-opacity":"","overlay-gradient":""},"tablet":{"background-color":"var(--ast-global-color-5)","background-image":"","background-repeat":"repeat","background-position":"center center","background-size":"auto","background-attachment":"scroll","background-type":"","background-media":"","overlay-type":"","overlay-color":"","overlay-opacity":"","overlay-gradient":""},"mobile":{"background-color":"var(--ast-global-color-5)","background-image":"","background-repeat":"repeat","background-position":"center center","background-size":"auto","background-attachment":"scroll","background-type":"","background-media":"","overlay-type":"","overlay-color":"","overlay-opacity":"","overlay-gradient":""}},"footnotes":""},"class_list":["post-26452","page","type-page","status-publish","hentry"],"_links":{"self":[{"href":"https:\/\/craftyminis.com\/it\/wp-json\/wp\/v2\/pages\/26452","targetHints":{"allow":["GET"]}}],"collection":[{"href":"https:\/\/craftyminis.com\/it\/wp-json\/wp\/v2\/pages"}],"about":[{"href":"https:\/\/craftyminis.com\/it\/wp-json\/wp\/v2\/types\/page"}],"author":[{"embeddable":true,"href":"https:\/\/craftyminis.com\/it\/wp-json\/wp\/v2\/users\/1"}],"replies":[{"embeddable":true,"href":"https:\/\/craftyminis.com\/it\/wp-json\/wp\/v2\/comments?post=26452"}],"version-history":[{"count":1,"href":"https:\/\/craftyminis.com\/it\/wp-json\/wp\/v2\/pages\/26452\/revisions"}],"predecessor-version":[{"id":26453,"href":"https:\/\/craftyminis.com\/it\/wp-json\/wp\/v2\/pages\/26452\/revisions\/26453"}],"wp:attachment":[{"href":"https:\/\/craftyminis.com\/it\/wp-json\/wp\/v2\/media?parent=26452"}],"curies":[{"name":"wp","href":"https:\/\/api.w.org\/{rel}","templated":true}]}}