{"id":16627,"date":"2024-12-30T15:54:32","date_gmt":"2024-12-30T14:54:32","guid":{"rendered":"https:\/\/craftyminis.com\/non class\u00e9\/french-army-grey-blue-ak11365-ak-interactive\/"},"modified":"2024-12-30T15:54:32","modified_gmt":"2024-12-30T14:54:32","slug":"french-army-grey-blue-ak11365-ak-interactive","status":"publish","type":"product","link":"https:\/\/craftyminis.com\/fr\/peintures\/french-army-grey-blue-ak11365-ak-interactive\/","title":{"rendered":"French Army Grey-Blue AK11365 AK Interactive"},"content":{"rendered":"<div class=\"flex max-w-full flex-col flex-grow\">\n<div class=\"min-h-8 text-message flex w-full flex-col items-end gap-2 whitespace-normal break-words text-start [.text-message+&amp;]:mt-5\" dir=\"auto\" data-message-author-role=\"assistant\" data-message-id=\"db673303-eb9e-4da6-a0fe-b224b63e6554\" data-message-model-slug=\"gpt-4o\">\n<div class=\"flex w-full flex-col gap-1 empty:hidden first:pt-[3px]\">\n<div class=\"markdown prose w-full break-words dark:prose-invert light\">\n<p>Am\u00e9liorez vos figurines et mod\u00e8les avec la <strong>3GEN Arm\u00e9e fran\u00e7aise Grey-Blue AK11365 <\/strong> <strong>peinture acrylique<\/strong>.<\/p>\n<p>D\u00e9couvrez les acryliques 3GEN, la derni\u00e8re innovation en formulation de peinture sp\u00e9cialement con\u00e7ue pour les maquettistes et les artistes. Cette technologie avanc\u00e9e garantit une couvrance exceptionnelle, une adh\u00e9rence sup\u00e9rieure et une application sans effort, que ce soit au pinceau ou \u00e0 l&rsquo;a\u00e9rographe. Parfaite pour les figurines, les maquettes et tous les projets de mod\u00e9lisme.<\/p>\n<p><strong>Caract\u00e9ristiques cl\u00e9s :<\/strong><\/p>\n<ul>\n<li><strong>Couvrance uniforme et forte pigmentation :<\/strong> Con\u00e7ue pour offrir des finitions pr\u00e9cises tout en pr\u00e9servant m\u00eame les d\u00e9tails les plus fins.<\/li>\n<li><strong>Utilisation polyvalente :<\/strong> Id\u00e9ale pour les techniques au pinceau comme \u00e0 l&rsquo;a\u00e9rographe. \u00c9vite les bouchages lorsqu&rsquo;elle est dilu\u00e9e avec son diluant sp\u00e9cifique.<\/li>\n<li><strong>Formule non toxique :<\/strong> S\u00fbre pour les utilisateurs et respectueuse de l&rsquo;environnement.<\/li>\n<li><strong>Formulation de pointe :<\/strong> Offre des r\u00e9sultats coh\u00e9rents et durables sur diverses surfaces.<\/li>\n<\/ul>\n<p><strong>Conseils d&rsquo;utilisation :<\/strong><\/p>\n<p>Pour des r\u00e9sultats optimaux, utilisez un diluant d\u00e9di\u00e9 pour l&rsquo;a\u00e9rographe afin de pr\u00e9server les propri\u00e9t\u00e9s de la peinture. Assurez-vous que la surface soit appr\u00eat\u00e9e au pr\u00e9alable et appliquez des couches fines et uniformes pour mettre en valeur les d\u00e9tails fins.<\/p>\n<p>La peinture acrylique 3GEN est le choix parfait pour les cr\u00e9ateurs recherchant qualit\u00e9, innovation et facilit\u00e9 d&rsquo;utilisation. Donnez vie \u00e0 vos figurines et maquettes avec des finitions professionnelles et durables.<\/p>\n<p>Le <strong>AFV<\/strong> label identifie des couleurs sp\u00e9cifiques pour la peinture des v\u00e9hicules militaires de toutes les \u00e9poques.<\/p>\n<p>Des teintes tr\u00e8s particuli\u00e8res utilis\u00e9es par diff\u00e9rentes arm\u00e9es \u00e0 diff\u00e9rentes p\u00e9riodes (FS, RAL, etc.).<\/p>\n<p>Portez vos projets au niveau sup\u00e9rieur avec la <strong>3GEN Arm\u00e9e fran\u00e7aise Grey-Blue AK11365peinture acrylique<\/strong>. Obtenez des r\u00e9sultats pr\u00e9cis et professionnels jusque dans les moindres d\u00e9tails.<\/p>\n<\/div>\n<\/div>\n<\/div>\n<\/div>\n<div class=\"mb-2 flex gap-3 empty:hidden -ml-2\">\n<div class=\"items-center justify-start rounded-xl p-1 flex\">\n<div class=\"flex items-center\"><\/div>\n<\/div>\n<\/div>\n","protected":false},"excerpt":{"rendered":"<div class=\"flex max-w-full flex-col flex-grow\">\n<div class=\"min-h-8 text-message flex w-full flex-col items-end gap-2 whitespace-normal break-words text-start [.text-message+&amp;]:mt-5\" dir=\"auto\" data-message-author-role=\"assistant\" data-message-id=\"8112ca67-1b08-4592-b271-2e8ad4943a41\" data-message-model-slug=\"gpt-4o\">\n<div class=\"flex w-full flex-col gap-1 empty:hidden first:pt-[3px]\">\n<div class=\"markdown prose w-full break-words dark:prose-invert light\">\n<p><strong>3GEN Peinture acrylique Bleu-gris de l&rsquo;Arm\u00e9e fran\u00e7aise, 17 ml, con\u00e7ue pour les maquettistes et artistes exigeants.<\/strong> Une formule de pointe, non toxique, offrant une forte pigmentation, une couvrance homog\u00e8ne et une excellente adh\u00e9rence. Parfaite pour l&rsquo;application au pinceau et \u00e0 l&rsquo;a\u00e9rographe, elle procure des finitions professionnelles pour miniatures et mod\u00e8les.<\/p>\n<\/div>\n<\/div>\n<\/div>\n<\/div>\n","protected":false},"featured_media":16628,"comment_status":"open","ping_status":"closed","template":"","meta":{"site-sidebar-layout":"default","site-content-layout":"","ast-site-content-layout":"default","site-content-style":"default","site-sidebar-style":"default","ast-global-header-display":"","ast-banner-title-visibility":"","ast-main-header-display":"","ast-hfb-above-header-display":"","ast-hfb-below-header-display":"","ast-hfb-mobile-header-display":"","site-post-title":"","ast-breadcrumbs-content":"","ast-featured-img":"","footer-sml-layout":"","ast-disable-related-posts":"","theme-transparent-header-meta":"default","adv-header-id-meta":"","stick-header-meta":"default","header-above-stick-meta":"","header-main-stick-meta":"","header-below-stick-meta":"","astra-migrate-meta-layouts":"default","ast-page-background-enabled":"default","ast-page-background-meta":{"desktop":{"background-color":"var(--ast-global-color-4)","background-image":"","background-repeat":"repeat","background-position":"center center","background-size":"auto","background-attachment":"scroll","background-type":"","background-media":"","overlay-type":"","overlay-color":"","overlay-opacity":"","overlay-gradient":""},"tablet":{"background-color":"","background-image":"","background-repeat":"repeat","background-position":"center center","background-size":"auto","background-attachment":"scroll","background-type":"","background-media":"","overlay-type":"","overlay-color":"","overlay-opacity":"","overlay-gradient":""},"mobile":{"background-color":"","background-image":"","background-repeat":"repeat","background-position":"center center","background-size":"auto","background-attachment":"scroll","background-type":"","background-media":"","overlay-type":"","overlay-color":"","overlay-opacity":"","overlay-gradient":""}},"ast-content-background-meta":{"desktop":{"background-color":"var(--ast-global-color-5)","background-image":"","background-repeat":"repeat","background-position":"center center","background-size":"auto","background-attachment":"scroll","background-type":"","background-media":"","overlay-type":"","overlay-color":"","overlay-opacity":"","overlay-gradient":""},"tablet":{"background-color":"var(--ast-global-color-5)","background-image":"","background-repeat":"repeat","background-position":"center center","background-size":"auto","background-attachment":"scroll","background-type":"","background-media":"","overlay-type":"","overlay-color":"","overlay-opacity":"","overlay-gradient":""},"mobile":{"background-color":"var(--ast-global-color-5)","background-image":"","background-repeat":"repeat","background-position":"center center","background-size":"auto","background-attachment":"scroll","background-type":"","background-media":"","overlay-type":"","overlay-color":"","overlay-opacity":"","overlay-gradient":""}}},"product_brand":[1431],"product_cat":[1303,1400,1304],"product_tag":[],"class_list":{"0":"post-16627","1":"product","2":"type-product","3":"status-publish","4":"has-post-thumbnail","6":"product_brand-ak-interactive","7":"product_cat-peintures","8":"product_cat-3gen-acrylics-ak-interactive","9":"product_cat-peintures-acryliques","10":"desktop-align-left","11":"tablet-align-left","12":"mobile-align-left","13":"ast-product-gallery-layout-first-image-large","14":"ast-product-gallery-with-no-image","15":"ast-magnify-disabled","16":"ast-product-tabs-layout-accordion","18":"first","19":"instock","20":"taxable","21":"shipping-taxable","22":"purchasable","23":"product-type-simple"},"_links":{"self":[{"href":"https:\/\/craftyminis.com\/fr\/wp-json\/wp\/v2\/product\/16627","targetHints":{"allow":["GET"]}}],"collection":[{"href":"https:\/\/craftyminis.com\/fr\/wp-json\/wp\/v2\/product"}],"about":[{"href":"https:\/\/craftyminis.com\/fr\/wp-json\/wp\/v2\/types\/product"}],"replies":[{"embeddable":true,"href":"https:\/\/craftyminis.com\/fr\/wp-json\/wp\/v2\/comments?post=16627"}],"wp:featuredmedia":[{"embeddable":true,"href":"https:\/\/craftyminis.com\/fr\/wp-json\/wp\/v2\/media\/16628"}],"wp:attachment":[{"href":"https:\/\/craftyminis.com\/fr\/wp-json\/wp\/v2\/media?parent=16627"}],"wp:term":[{"taxonomy":"product_brand","embeddable":true,"href":"https:\/\/craftyminis.com\/fr\/wp-json\/wp\/v2\/product_brand?post=16627"},{"taxonomy":"product_cat","embeddable":true,"href":"https:\/\/craftyminis.com\/fr\/wp-json\/wp\/v2\/product_cat?post=16627"},{"taxonomy":"product_tag","embeddable":true,"href":"https:\/\/craftyminis.com\/fr\/wp-json\/wp\/v2\/product_tag?post=16627"}],"curies":[{"name":"wp","href":"https:\/\/api.w.org\/{rel}","templated":true}]}}