{"id":16463,"date":"2024-04-22T16:15:58","date_gmt":"2024-04-22T15:15:58","guid":{"rendered":"https:\/\/craftyminis.com\/non class\u00e9\/papier-abrasif-avec-eponge-grain-280-sep-sitename\/"},"modified":"2024-04-22T16:15:58","modified_gmt":"2024-04-22T15:15:58","slug":"papier-abrasif-avec-eponge-grain-280-sep-sitename","status":"publish","type":"product","link":"https:\/\/craftyminis.com\/fr\/accessoires\/abrasifs\/papier-abrasif-avec-eponge-grain-280-sep-sitename\/","title":{"rendered":"Papier de verre avec \u00e9ponge (Grain 280) &#8211; 2 pcs."},"content":{"rendered":"<p>Perfectionnez vos surfaces avec le <strong>Papier abrasif avec \u00e9ponge grain 280<\/strong>.<\/p>\n<p>Ce papier abrasif en mousse, avec un <strong>grain 280<\/strong>, est parfait pour donner la finition finale aux zones pr\u00e9alablement travaill\u00e9es avec des grains plus agressifs. L&rsquo;un des usages les plus int\u00e9ressants sera de donner une derni\u00e8re retouche aux pi\u00e8ces transparentes avant de les polir. Son design flexible permet une manipulation facile sur des formes complexes et des acc\u00e8s difficiles, comme les zones arrondies ou les recoins. Utile pour travailler avec une vari\u00e9t\u00e9 de mat\u00e9riaux, y compris la r\u00e9sine, le m\u00e9tal, le bois et le plastique, il est \u00e9galement efficace pour \u00e9liminer les exc\u00e8s de colle ou de mastic dans les joints. Peut \u00eatre utilis\u00e9 <strong>\u00e0 sec ou humidifi\u00e9<\/strong> pour plus de polyvalence. Pour conserver son usage prolong\u00e9, il est recommand\u00e9 de ne couper que la portion n\u00e9cessaire pour chaque travail.<\/p>\n<p>La num\u00e9rotation claire sur son verso facilite l&rsquo;identification apr\u00e8s la coupe, faisant de ce papier abrasif un outil indispensable en combinaison avec d&rsquo;autres grains.<\/p>\n","protected":false},"excerpt":{"rendered":"<p>Ponceuse avec \u00c9ponge (Grain 280) &#8211; Id\u00e9al pour donner le <strong>fini final<\/strong> aux zones pr\u00e9alablement travaill\u00e9es avec des grains plus agressifs.<\/p>\n","protected":false},"featured_media":16339,"comment_status":"open","ping_status":"closed","template":"","meta":{"site-sidebar-layout":"default","site-content-layout":"","ast-site-content-layout":"default","site-content-style":"default","site-sidebar-style":"default","ast-global-header-display":"","ast-banner-title-visibility":"","ast-main-header-display":"","ast-hfb-above-header-display":"","ast-hfb-below-header-display":"","ast-hfb-mobile-header-display":"","site-post-title":"","ast-breadcrumbs-content":"","ast-featured-img":"","footer-sml-layout":"","ast-disable-related-posts":"","theme-transparent-header-meta":"default","adv-header-id-meta":"","stick-header-meta":"default","header-above-stick-meta":"","header-main-stick-meta":"","header-below-stick-meta":"","astra-migrate-meta-layouts":"default","ast-page-background-enabled":"default","ast-page-background-meta":{"desktop":{"background-color":"var(--ast-global-color-4)","background-image":"","background-repeat":"repeat","background-position":"center center","background-size":"auto","background-attachment":"scroll","background-type":"","background-media":"","overlay-type":"","overlay-color":"","overlay-opacity":"","overlay-gradient":""},"tablet":{"background-color":"","background-image":"","background-repeat":"repeat","background-position":"center center","background-size":"auto","background-attachment":"scroll","background-type":"","background-media":"","overlay-type":"","overlay-color":"","overlay-opacity":"","overlay-gradient":""},"mobile":{"background-color":"","background-image":"","background-repeat":"repeat","background-position":"center center","background-size":"auto","background-attachment":"scroll","background-type":"","background-media":"","overlay-type":"","overlay-color":"","overlay-opacity":"","overlay-gradient":""}},"ast-content-background-meta":{"desktop":{"background-color":"var(--ast-global-color-5)","background-image":"","background-repeat":"repeat","background-position":"center center","background-size":"auto","background-attachment":"scroll","background-type":"","background-media":"","overlay-type":"","overlay-color":"","overlay-opacity":"","overlay-gradient":""},"tablet":{"background-color":"var(--ast-global-color-5)","background-image":"","background-repeat":"repeat","background-position":"center center","background-size":"auto","background-attachment":"scroll","background-type":"","background-media":"","overlay-type":"","overlay-color":"","overlay-opacity":"","overlay-gradient":""},"mobile":{"background-color":"var(--ast-global-color-5)","background-image":"","background-repeat":"repeat","background-position":"center center","background-size":"auto","background-attachment":"scroll","background-type":"","background-media":"","overlay-type":"","overlay-color":"","overlay-opacity":"","overlay-gradient":""}}},"product_brand":[1430],"product_cat":[1335,1336,1315],"product_tag":[],"class_list":{"0":"post-16463","1":"product","2":"type-product","3":"status-publish","4":"has-post-thumbnail","6":"product_brand-ammo-mig-jimenez","7":"product_cat-abrasifs","8":"product_cat-abrasifs-ammo","9":"product_cat-accessoires","10":"desktop-align-left","11":"tablet-align-left","12":"mobile-align-left","13":"ast-product-gallery-layout-first-image-large","14":"ast-product-gallery-with-no-image","15":"ast-magnify-disabled","16":"ast-product-tabs-layout-accordion","18":"first","19":"instock","20":"taxable","21":"shipping-taxable","22":"purchasable","23":"product-type-simple"},"_links":{"self":[{"href":"https:\/\/craftyminis.com\/fr\/wp-json\/wp\/v2\/product\/16463","targetHints":{"allow":["GET"]}}],"collection":[{"href":"https:\/\/craftyminis.com\/fr\/wp-json\/wp\/v2\/product"}],"about":[{"href":"https:\/\/craftyminis.com\/fr\/wp-json\/wp\/v2\/types\/product"}],"replies":[{"embeddable":true,"href":"https:\/\/craftyminis.com\/fr\/wp-json\/wp\/v2\/comments?post=16463"}],"wp:featuredmedia":[{"embeddable":true,"href":"https:\/\/craftyminis.com\/fr\/wp-json\/wp\/v2\/media\/16339"}],"wp:attachment":[{"href":"https:\/\/craftyminis.com\/fr\/wp-json\/wp\/v2\/media?parent=16463"}],"wp:term":[{"taxonomy":"product_brand","embeddable":true,"href":"https:\/\/craftyminis.com\/fr\/wp-json\/wp\/v2\/product_brand?post=16463"},{"taxonomy":"product_cat","embeddable":true,"href":"https:\/\/craftyminis.com\/fr\/wp-json\/wp\/v2\/product_cat?post=16463"},{"taxonomy":"product_tag","embeddable":true,"href":"https:\/\/craftyminis.com\/fr\/wp-json\/wp\/v2\/product_tag?post=16463"}],"curies":[{"name":"wp","href":"https:\/\/api.w.org\/{rel}","templated":true}]}}