{"id":16462,"date":"2024-04-22T16:50:50","date_gmt":"2024-04-22T15:50:50","guid":{"rendered":"https:\/\/craftyminis.com\/non class\u00e9\/papier-abrasif-pour-contours-6-pcs-sep-sitename\/"},"modified":"2024-04-22T16:50:50","modified_gmt":"2024-04-22T15:50:50","slug":"papier-abrasif-pour-contours-6-pcs-sep-sitename","status":"publish","type":"product","link":"https:\/\/craftyminis.com\/fr\/accessoires\/abrasifs\/papier-abrasif-pour-contours-6-pcs-sep-sitename\/","title":{"rendered":"Papier abrasif pour contours &#8211; 6 unit\u00e9s."},"content":{"rendered":"<p>Affinez les d\u00e9tails avec le <strong>Assortiment de Papier abrasif pour contours<\/strong>.<\/p>\n<p>Cet ensemble de six limes de pr\u00e9cision est disponible en une vari\u00e9t\u00e9 de <strong>grains : 120, 180, 240, 320, 1200 et 1500<\/strong>, sp\u00e9cialement con\u00e7u pour travailler dans des zones petites et difficiles d&rsquo;acc\u00e8s gr\u00e2ce \u00e0 sa largeur de seulement 4 mm. Ces limes sont parfaites pour \u00e9liminer les imperfections progressivement et obtenir une finition finale fine et lisse, pr\u00e9parant les surfaces pour la peinture.<\/p>\n<p>Adapt\u00e9es \u00e0 une large gamme de mat\u00e9riaux, y compris la r\u00e9sine, le m\u00e9tal, le bois et le plastique, les limes peuvent \u00eatre utilis\u00e9es \u00e0 sec ou humidifi\u00e9es pour plus de flexibilit\u00e9 et d&rsquo;efficacit\u00e9.<\/p>\n","protected":false},"excerpt":{"rendered":"<p>Papier abrasif pour contours de 6 pcs, avec <strong>grains de 120 \u00e0 1500<\/strong>, id\u00e9ales pour d\u00e9tailler et lisser les petites zones difficiles sur divers mat\u00e9riaux.<\/p>\n","protected":false},"featured_media":16337,"comment_status":"open","ping_status":"closed","template":"","meta":{"site-sidebar-layout":"default","site-content-layout":"","ast-site-content-layout":"default","site-content-style":"default","site-sidebar-style":"default","ast-global-header-display":"","ast-banner-title-visibility":"","ast-main-header-display":"","ast-hfb-above-header-display":"","ast-hfb-below-header-display":"","ast-hfb-mobile-header-display":"","site-post-title":"","ast-breadcrumbs-content":"","ast-featured-img":"","footer-sml-layout":"","ast-disable-related-posts":"","theme-transparent-header-meta":"default","adv-header-id-meta":"","stick-header-meta":"default","header-above-stick-meta":"","header-main-stick-meta":"","header-below-stick-meta":"","astra-migrate-meta-layouts":"default","ast-page-background-enabled":"default","ast-page-background-meta":{"desktop":{"background-color":"var(--ast-global-color-4)","background-image":"","background-repeat":"repeat","background-position":"center center","background-size":"auto","background-attachment":"scroll","background-type":"","background-media":"","overlay-type":"","overlay-color":"","overlay-opacity":"","overlay-gradient":""},"tablet":{"background-color":"","background-image":"","background-repeat":"repeat","background-position":"center center","background-size":"auto","background-attachment":"scroll","background-type":"","background-media":"","overlay-type":"","overlay-color":"","overlay-opacity":"","overlay-gradient":""},"mobile":{"background-color":"","background-image":"","background-repeat":"repeat","background-position":"center center","background-size":"auto","background-attachment":"scroll","background-type":"","background-media":"","overlay-type":"","overlay-color":"","overlay-opacity":"","overlay-gradient":""}},"ast-content-background-meta":{"desktop":{"background-color":"var(--ast-global-color-5)","background-image":"","background-repeat":"repeat","background-position":"center center","background-size":"auto","background-attachment":"scroll","background-type":"","background-media":"","overlay-type":"","overlay-color":"","overlay-opacity":"","overlay-gradient":""},"tablet":{"background-color":"var(--ast-global-color-5)","background-image":"","background-repeat":"repeat","background-position":"center center","background-size":"auto","background-attachment":"scroll","background-type":"","background-media":"","overlay-type":"","overlay-color":"","overlay-opacity":"","overlay-gradient":""},"mobile":{"background-color":"var(--ast-global-color-5)","background-image":"","background-repeat":"repeat","background-position":"center center","background-size":"auto","background-attachment":"scroll","background-type":"","background-media":"","overlay-type":"","overlay-color":"","overlay-opacity":"","overlay-gradient":""}}},"product_brand":[1430],"product_cat":[1335,1336,1315],"product_tag":[],"class_list":{"0":"post-16462","1":"product","2":"type-product","3":"status-publish","4":"has-post-thumbnail","6":"product_brand-ammo-mig-jimenez","7":"product_cat-abrasifs","8":"product_cat-abrasifs-ammo","9":"product_cat-accessoires","10":"desktop-align-left","11":"tablet-align-left","12":"mobile-align-left","13":"ast-product-gallery-layout-first-image-large","14":"ast-product-gallery-with-no-image","15":"ast-magnify-disabled","16":"ast-product-tabs-layout-accordion","18":"first","19":"outofstock","20":"taxable","21":"shipping-taxable","22":"purchasable","23":"product-type-simple"},"_links":{"self":[{"href":"https:\/\/craftyminis.com\/fr\/wp-json\/wp\/v2\/product\/16462","targetHints":{"allow":["GET"]}}],"collection":[{"href":"https:\/\/craftyminis.com\/fr\/wp-json\/wp\/v2\/product"}],"about":[{"href":"https:\/\/craftyminis.com\/fr\/wp-json\/wp\/v2\/types\/product"}],"replies":[{"embeddable":true,"href":"https:\/\/craftyminis.com\/fr\/wp-json\/wp\/v2\/comments?post=16462"}],"wp:featuredmedia":[{"embeddable":true,"href":"https:\/\/craftyminis.com\/fr\/wp-json\/wp\/v2\/media\/16337"}],"wp:attachment":[{"href":"https:\/\/craftyminis.com\/fr\/wp-json\/wp\/v2\/media?parent=16462"}],"wp:term":[{"taxonomy":"product_brand","embeddable":true,"href":"https:\/\/craftyminis.com\/fr\/wp-json\/wp\/v2\/product_brand?post=16462"},{"taxonomy":"product_cat","embeddable":true,"href":"https:\/\/craftyminis.com\/fr\/wp-json\/wp\/v2\/product_cat?post=16462"},{"taxonomy":"product_tag","embeddable":true,"href":"https:\/\/craftyminis.com\/fr\/wp-json\/wp\/v2\/product_tag?post=16462"}],"curies":[{"name":"wp","href":"https:\/\/api.w.org\/{rel}","templated":true}]}}