{"id":16455,"date":"2025-07-04T13:22:14","date_gmt":"2025-07-04T11:22:14","guid":{"rendered":"https:\/\/craftyminis.com\/non class\u00e9\/station-de-nettoyage-pour-aerographe-3-en-1-sep-sitename\/"},"modified":"2025-07-04T13:22:14","modified_gmt":"2025-07-04T12:22:14","slug":"station-de-nettoyage-pour-aerographe-3-en-1-sep-sitename","status":"publish","type":"product","link":"https:\/\/craftyminis.com\/fr\/accessoires\/station-de-nettoyage-pour-aerographe-3-en-1-sep-sitename\/","title":{"rendered":"Station de nettoyage pour a\u00e9rographe 3 en 1"},"content":{"rendered":"<p data-start=\"447\" data-end=\"747\">La <strong data-start=\"450\" data-end=\"496\">station de nettoyage pour a\u00e9rographe 3 en 1<\/strong> est un accessoire indispensable pour maintenir votre \u00e9quipement en parfait \u00e9tat. Con\u00e7ue pour faciliter le rin\u00e7age de l&rsquo;a\u00e9rographe sans salir votre espace de travail, cette station \u00e9vite les \u00e9claboussures et les vapeurs inutiles pendant le processus de nettoyage.<\/p>\n<p data-start=\"749\" data-end=\"1047\">Comprend <strong data-start=\"757\" data-end=\"786\">deux couvercles interchangeables<\/strong>, dont l&rsquo;un avec un support pour poser l&rsquo;a\u00e9rographe lorsqu&rsquo;il n&rsquo;est pas utilis\u00e9, et un trou d&rsquo;entr\u00e9e sp\u00e9cialement con\u00e7u pour ins\u00e9rer l&rsquo;a\u00e9rographe pendant le nettoyage. Son design stable et compact la rend parfaite pour un usage domestique comme professionnel.<\/p>\n<p data-start=\"1049\" data-end=\"1202\">Id\u00e9al pour les maquettistes, artistes et toute personne utilisant fr\u00e9quemment des a\u00e9rographes et ayant besoin de les garder propres et op\u00e9rationnels sans complications.<\/p>\n","protected":false},"excerpt":{"rendered":"<p>Station de nettoyage pour a\u00e9rographe 3 en 1. Comprend deux couvercles, un avec support et entr\u00e9e pour nettoyer l\u2019a\u00e9rographe de mani\u00e8re s\u00fbre et sans \u00e9claboussures.<\/p>\n","protected":false},"featured_media":16308,"comment_status":"open","ping_status":"closed","template":"","meta":{"site-sidebar-layout":"default","site-content-layout":"","ast-site-content-layout":"default","site-content-style":"default","site-sidebar-style":"default","ast-global-header-display":"","ast-banner-title-visibility":"","ast-main-header-display":"","ast-hfb-above-header-display":"","ast-hfb-below-header-display":"","ast-hfb-mobile-header-display":"","site-post-title":"","ast-breadcrumbs-content":"","ast-featured-img":"","footer-sml-layout":"","ast-disable-related-posts":"","theme-transparent-header-meta":"default","adv-header-id-meta":"","stick-header-meta":"default","header-above-stick-meta":"","header-main-stick-meta":"","header-below-stick-meta":"","astra-migrate-meta-layouts":"default","ast-page-background-enabled":"default","ast-page-background-meta":{"desktop":{"background-color":"var(--ast-global-color-4)","background-image":"","background-repeat":"repeat","background-position":"center center","background-size":"auto","background-attachment":"scroll","background-type":"","background-media":"","overlay-type":"","overlay-color":"","overlay-opacity":"","overlay-gradient":""},"tablet":{"background-color":"","background-image":"","background-repeat":"repeat","background-position":"center center","background-size":"auto","background-attachment":"scroll","background-type":"","background-media":"","overlay-type":"","overlay-color":"","overlay-opacity":"","overlay-gradient":""},"mobile":{"background-color":"","background-image":"","background-repeat":"repeat","background-position":"center center","background-size":"auto","background-attachment":"scroll","background-type":"","background-media":"","overlay-type":"","overlay-color":"","overlay-opacity":"","overlay-gradient":""}},"ast-content-background-meta":{"desktop":{"background-color":"var(--ast-global-color-5)","background-image":"","background-repeat":"repeat","background-position":"center center","background-size":"auto","background-attachment":"scroll","background-type":"","background-media":"","overlay-type":"","overlay-color":"","overlay-opacity":"","overlay-gradient":""},"tablet":{"background-color":"var(--ast-global-color-5)","background-image":"","background-repeat":"repeat","background-position":"center center","background-size":"auto","background-attachment":"scroll","background-type":"","background-media":"","overlay-type":"","overlay-color":"","overlay-opacity":"","overlay-gradient":""},"mobile":{"background-color":"var(--ast-global-color-5)","background-image":"","background-repeat":"repeat","background-position":"center center","background-size":"auto","background-attachment":"scroll","background-type":"","background-media":"","overlay-type":"","overlay-color":"","overlay-opacity":"","overlay-gradient":""}}},"product_brand":[1427],"product_cat":[1315,1324,1325],"product_tag":[],"class_list":{"0":"post-16455","1":"product","2":"type-product","3":"status-publish","4":"has-post-thumbnail","6":"product_brand-dismoer","7":"product_cat-accessoires","8":"product_cat-aerographie","9":"product_cat-aerographie-dismoer","10":"desktop-align-left","11":"tablet-align-left","12":"mobile-align-left","13":"ast-product-gallery-layout-first-image-large","14":"ast-product-gallery-with-no-image","15":"ast-magnify-disabled","16":"ast-product-tabs-layout-accordion","18":"first","19":"instock","20":"taxable","21":"shipping-taxable","22":"purchasable","23":"product-type-simple"},"_links":{"self":[{"href":"https:\/\/craftyminis.com\/fr\/wp-json\/wp\/v2\/product\/16455","targetHints":{"allow":["GET"]}}],"collection":[{"href":"https:\/\/craftyminis.com\/fr\/wp-json\/wp\/v2\/product"}],"about":[{"href":"https:\/\/craftyminis.com\/fr\/wp-json\/wp\/v2\/types\/product"}],"replies":[{"embeddable":true,"href":"https:\/\/craftyminis.com\/fr\/wp-json\/wp\/v2\/comments?post=16455"}],"wp:featuredmedia":[{"embeddable":true,"href":"https:\/\/craftyminis.com\/fr\/wp-json\/wp\/v2\/media\/16308"}],"wp:attachment":[{"href":"https:\/\/craftyminis.com\/fr\/wp-json\/wp\/v2\/media?parent=16455"}],"wp:term":[{"taxonomy":"product_brand","embeddable":true,"href":"https:\/\/craftyminis.com\/fr\/wp-json\/wp\/v2\/product_brand?post=16455"},{"taxonomy":"product_cat","embeddable":true,"href":"https:\/\/craftyminis.com\/fr\/wp-json\/wp\/v2\/product_cat?post=16455"},{"taxonomy":"product_tag","embeddable":true,"href":"https:\/\/craftyminis.com\/fr\/wp-json\/wp\/v2\/product_tag?post=16455"}],"curies":[{"name":"wp","href":"https:\/\/api.w.org\/{rel}","templated":true}]}}