{"id":16399,"date":"2024-04-22T15:33:16","date_gmt":"2024-04-22T14:33:16","guid":{"rendered":"https:\/\/craftyminis.com\/non%20class\u00e9\/pinceau-ammo-marta-kolinsky-n-2\/"},"modified":"2026-02-23T12:42:23","modified_gmt":"2026-02-23T11:42:23","slug":"pinceau-ammo-marta-kolinsky-no-2-sep-sitename","status":"publish","type":"product","link":"https:\/\/craftyminis.com\/fr\/accessoires\/pinceaux\/pinceau-ammo-marta-kolinsky-no-2-sep-sitename\/","title":{"rendered":"Pinceau AMMO Marta Kolinsky n\u00ba 2"},"content":{"rendered":"<p>Ma\u00eetrisez l&rsquo;art du d\u00e9tail avec le Pinceau AMMO Marta Kolinsky n\u00ba 2.<\/p>\n<p>Ce pinceau haut de gamme, confectionn\u00e9 avec <strong>poils naturels de martre Kolinsky<\/strong>, est l&rsquo;outil ultime pour les maquettistes exigeants recherchant pr\u00e9cision et contr\u00f4le \u00e0 chaque coup de pinceau. Sa pointe fine est parfaite pour des applications m\u00e9ticuleuses n\u00e9cessitant un grand niveau de d\u00e9tail, comme la peinture de figurines minutieuses, les int\u00e9rieurs d\u00e9taill\u00e9s de chars de combat et les cockpits d&rsquo;avions \u00e0 l&rsquo;\u00e9chelle.<\/p>\n<p>La durabilit\u00e9 du Pinceau AMMO Marta Kolinsky n\u00ba 2, ainsi que sa capacit\u00e9 \u00e0 retrouver sa forme originale et son excellente charge en peinture, en font un alli\u00e9 essentiel pour tous types de techniques de mod\u00e9lisme. Il est compatible avec une vari\u00e9t\u00e9 de peintures, y compris les acryliques, les \u00e9maux et les huiles, et est id\u00e9al pour ex\u00e9cuter des techniques sp\u00e9cialis\u00e9es telles que <strong>velatures, fondus, profils, lavis et \u00e9claircissements<\/strong>. Pour l&rsquo;entretien de ce pinceau, il est recommand\u00e9 de le nettoyer avec le diluant appropri\u00e9 \u00e0 chaque type de peinture et d&rsquo;utiliser le produit d&rsquo;entretien Long Live the Brushes A.MIG-8579.<\/p>\n<p>Avant de le ranger, assurez-vous d&rsquo;aiguiser correctement la pointe et de la prot\u00e9ger avec son tube en plastique protecteur.<\/p>\n","protected":false},"excerpt":{"rendered":"<p>Le Pinceau AMMO Marta Kolinsky n\u00ba 2 est id\u00e9al pour les techniques d\u00e9taill\u00e9es en mod\u00e9lisme et peinture de miniatures, compatible avec divers types de peinture et con\u00e7u pour <strong>durabilit\u00e9 et pr\u00e9cision exceptionnelles<\/strong>.<\/p>\n","protected":false},"featured_media":16400,"comment_status":"open","ping_status":"closed","template":"","meta":{"site-sidebar-layout":"default","site-content-layout":"","ast-site-content-layout":"default","site-content-style":"default","site-sidebar-style":"default","ast-global-header-display":"","ast-banner-title-visibility":"","ast-main-header-display":"","ast-hfb-above-header-display":"","ast-hfb-below-header-display":"","ast-hfb-mobile-header-display":"","site-post-title":"","ast-breadcrumbs-content":"","ast-featured-img":"","footer-sml-layout":"","ast-disable-related-posts":"","theme-transparent-header-meta":"default","adv-header-id-meta":"","stick-header-meta":"default","header-above-stick-meta":"","header-main-stick-meta":"","header-below-stick-meta":"","astra-migrate-meta-layouts":"default","ast-page-background-enabled":"default","ast-page-background-meta":{"desktop":{"background-color":"var(--ast-global-color-4)","background-image":"","background-repeat":"repeat","background-position":"center center","background-size":"auto","background-attachment":"scroll","background-type":"","background-media":"","overlay-type":"","overlay-color":"","overlay-opacity":"","overlay-gradient":""},"tablet":{"background-color":"","background-image":"","background-repeat":"repeat","background-position":"center center","background-size":"auto","background-attachment":"scroll","background-type":"","background-media":"","overlay-type":"","overlay-color":"","overlay-opacity":"","overlay-gradient":""},"mobile":{"background-color":"","background-image":"","background-repeat":"repeat","background-position":"center center","background-size":"auto","background-attachment":"scroll","background-type":"","background-media":"","overlay-type":"","overlay-color":"","overlay-opacity":"","overlay-gradient":""}},"ast-content-background-meta":{"desktop":{"background-color":"var(--ast-global-color-5)","background-image":"","background-repeat":"repeat","background-position":"center center","background-size":"auto","background-attachment":"scroll","background-type":"","background-media":"","overlay-type":"","overlay-color":"","overlay-opacity":"","overlay-gradient":""},"tablet":{"background-color":"var(--ast-global-color-5)","background-image":"","background-repeat":"repeat","background-position":"center center","background-size":"auto","background-attachment":"scroll","background-type":"","background-media":"","overlay-type":"","overlay-color":"","overlay-opacity":"","overlay-gradient":""},"mobile":{"background-color":"var(--ast-global-color-5)","background-image":"","background-repeat":"repeat","background-position":"center center","background-size":"auto","background-attachment":"scroll","background-type":"","background-media":"","overlay-type":"","overlay-color":"","overlay-opacity":"","overlay-gradient":""}}},"product_brand":[1430],"product_cat":[1345,1315,1346],"product_tag":[],"class_list":{"0":"post-16399","1":"product","2":"type-product","3":"status-publish","4":"has-post-thumbnail","6":"product_brand-ammo-mig-jimenez","7":"product_cat-pinceaux","8":"product_cat-accessoires","9":"product_cat-pinceaux-ammo","10":"desktop-align-left","11":"tablet-align-left","12":"mobile-align-left","13":"ast-product-gallery-layout-first-image-large","14":"ast-product-gallery-with-no-image","15":"ast-magnify-disabled","16":"ast-product-tabs-layout-accordion","18":"first","19":"outofstock","20":"taxable","21":"shipping-taxable","22":"purchasable","23":"product-type-simple"},"_links":{"self":[{"href":"https:\/\/craftyminis.com\/fr\/wp-json\/wp\/v2\/product\/16399","targetHints":{"allow":["GET"]}}],"collection":[{"href":"https:\/\/craftyminis.com\/fr\/wp-json\/wp\/v2\/product"}],"about":[{"href":"https:\/\/craftyminis.com\/fr\/wp-json\/wp\/v2\/types\/product"}],"replies":[{"embeddable":true,"href":"https:\/\/craftyminis.com\/fr\/wp-json\/wp\/v2\/comments?post=16399"}],"wp:featuredmedia":[{"embeddable":true,"href":"https:\/\/craftyminis.com\/fr\/wp-json\/wp\/v2\/media\/16400"}],"wp:attachment":[{"href":"https:\/\/craftyminis.com\/fr\/wp-json\/wp\/v2\/media?parent=16399"}],"wp:term":[{"taxonomy":"product_brand","embeddable":true,"href":"https:\/\/craftyminis.com\/fr\/wp-json\/wp\/v2\/product_brand?post=16399"},{"taxonomy":"product_cat","embeddable":true,"href":"https:\/\/craftyminis.com\/fr\/wp-json\/wp\/v2\/product_cat?post=16399"},{"taxonomy":"product_tag","embeddable":true,"href":"https:\/\/craftyminis.com\/fr\/wp-json\/wp\/v2\/product_tag?post=16399"}],"curies":[{"name":"wp","href":"https:\/\/api.w.org\/{rel}","templated":true}]}}