{"id":16379,"date":"2025-09-15T11:59:36","date_gmt":"2025-09-15T09:59:36","guid":{"rendered":"https:\/\/craftyminis.com\/non%20class\u00e9\/pincel-pro-modeler-vallejo-b01001\/"},"modified":"2026-02-23T12:42:14","modified_gmt":"2026-02-23T11:42:14","slug":"pinceau-pro-modeler-vallejo-no-1-b01001-poil-naturel","status":"publish","type":"product","link":"https:\/\/craftyminis.com\/fr\/accessoires\/pinceau-pro-modeler-vallejo-no-1-b01001-poil-naturel\/","title":{"rendered":"Pinceau Pro Modeler Vallejo N\u00ba 1 B01001 \u2013 Poil Naturel"},"content":{"rendered":"<h2 data-start=\"1156\" data-end=\"1184\">Pinceau Pro Modeler Vallejo<\/h2>\n<p data-start=\"1186\" data-end=\"1646\">Le <strong data-start=\"1189\" data-end=\"1219\">pinceau Pro Modeler <a href=\"https:\/\/craftyminis.com\/fr\/marque\/vallejo\/\">Vallejo<\/a><\/strong> n\u00b0 1 (r\u00e9f\u00e9rence <strong data-start=\"1237\" data-end=\"1247\">B01001<\/strong>) est un outil con\u00e7u pour les peintres de miniatures et les mod\u00e9listes recherchant le plus haut niveau de pr\u00e9cision et de contr\u00f4le \u00e0 chaque coup de pinceau. Il fait partie de la gamme professionnelle de pinceaux Vallejo, et se distingue par sa fabrication en <strong data-start=\"1476\" data-end=\"1512\">poils naturels de tr\u00e8s haute qualit\u00e9<\/strong>, s\u00e9lectionn\u00e9s pour offrir une pointe fine, flexible et parfaitement aff\u00fbt\u00e9e, capable de retrouver sa forme originale apr\u00e8s chaque coup de pinceau.<\/p>\n<p data-start=\"1648\" data-end=\"2248\">Contrairement aux <a href=\"https:\/\/craftyminis.com\/fr\/accessoires\/pinceaux\/pinceaux-vallejo\/\">pinceaux<\/a> synth\u00e9tiques, le pinceau Pro Modeler Vallejo offre une <strong data-start=\"1730\" data-end=\"1763\">meilleure r\u00e9tention de la peinture<\/strong>, ce qui permet d\u2019appliquer des traits continus et doux sans avoir \u00e0 recharger constamment. Cela est fondamental lorsqu\u2019on travaille en couches fines, d\u00e9grad\u00e9s, glacis ou lignes de pr\u00e9cision, o\u00f9 le contr\u00f4le du flux de peinture fait la diff\u00e9rence entre un r\u00e9sultat correct et une finition professionnelle. Sa taille n\u00b0 1 le rend particuli\u00e8rement polyvalent : suffisamment petit pour d\u00e9tailler les fins contours, mais avec la capacit\u00e9 de couvrir uniform\u00e9ment de petites surfaces de base.<\/p>\n<p data-start=\"2250\" data-end=\"2745\">La douceur et la flexibilit\u00e9 des poils naturels offrent une sensation tr\u00e8s contr\u00f4l\u00e9e, aidant \u00e0 maintenir une main ferme m\u00eame lors de longues sessions de peinture. Chaque coup de pinceau glisse de mani\u00e8re fluide, permettant de suivre des contours ou des bords complexes sans sauts ni interruptions dans la ligne. Cette r\u00e9ponse progressive de la fibre est l\u2019une des raisons pour lesquelles les pinceaux en poils naturels, comme ce <strong data-start=\"2654\" data-end=\"2677\">Pro Modeler Vallejo<\/strong>, sont si appr\u00e9ci\u00e9s des amateurs avanc\u00e9s et des professionnels.<\/p>\n<p data-start=\"2747\" data-end=\"3212\">Un autre point \u00e0 souligner est son <strong data-start=\"2775\" data-end=\"2819\">\u00e9quilibre entre r\u00e9sistance et pr\u00e9cision<\/strong>. Bien que la fibre soit tr\u00e8s douce, elle est solidement fix\u00e9e pour r\u00e9sister \u00e0 une utilisation fr\u00e9quente et \u00e0 des nettoyages r\u00e9p\u00e9t\u00e9s sans s\u2019ouvrir ni perdre sa forme originale. Avec un entretien ad\u00e9quat \u2014 nettoyage apr\u00e8s chaque session et modelage doux de la pointe lorsqu\u2019elle est humide \u2014 ce pinceau conserve son profil aff\u00fbt\u00e9 longtemps, devenant un outil fiable et durable dans l\u2019atelier.<\/p>\n<p data-start=\"3214\" data-end=\"3664\">Le manche est con\u00e7u pour offrir une prise en main confortable et stable, r\u00e9duisant la fatigue de la main et aidant \u00e0 maintenir le contr\u00f4le du trait pendant de longues p\u00e9riodes. Cela, associ\u00e9 \u00e0 la r\u00e9ponse fluide de sa pointe, fait du <strong data-start=\"3453\" data-end=\"3488\">pinceau Pro Modeler Vallejo n\u00b0 1<\/strong> un choix parfait pour des travaux de pr\u00e9cision extr\u00eame comme peindre les yeux, r\u00e9aliser des d\u00e9grad\u00e9s doux, profiler des ar\u00eates ou appliquer des lumi\u00e8res ponctuelles sur des zones tr\u00e8s r\u00e9duites.<\/p>\n<p data-start=\"3666\" data-end=\"4065\">En r\u00e9sum\u00e9, le <strong data-start=\"3681\" data-end=\"3725\">Pinceau Pro Modeler Vallejo n\u00b0 1 (B01001)<\/strong> est un outil de haut niveau qui combine pr\u00e9cision, durabilit\u00e9 et confort. Sa fabrication en poils naturels et son design pens\u00e9 pour le d\u00e9tail le rendent id\u00e9al pour ceux qui souhaitent porter leurs miniatures et mod\u00e8les \u00e0 une finition professionnelle, avec la certitude de disposer d\u2019un pinceau qui r\u00e9pond avec exactitude \u00e0 chaque mouvement de la main.<\/p>\n<p><small>Consultez plus de d\u00e9tails techniques sur le <a href=\"https:\/\/acrylicosvallejo.com\/\" target=\"_blank\" rel=\"noopener\">site officiel de Vallejo<\/a>.<\/small><\/p>\n","protected":false},"excerpt":{"rendered":"<p>Le <strong data-start=\"768\" data-end=\"812\">Pinceau Pro Modeler Vallejo N\u00ba 1 (B01001)<\/strong> est fabriqu\u00e9 avec <strong data-start=\"832\" data-end=\"864\">poils naturels de haute qualit\u00e9<\/strong>, offrant une grande pr\u00e9cision, douceur et contr\u00f4le pour peindre des miniatures.<\/p>\n","protected":false},"featured_media":16378,"comment_status":"open","ping_status":"closed","template":"","meta":{"site-sidebar-layout":"default","site-content-layout":"","ast-site-content-layout":"default","site-content-style":"default","site-sidebar-style":"default","ast-global-header-display":"","ast-banner-title-visibility":"","ast-main-header-display":"","ast-hfb-above-header-display":"","ast-hfb-below-header-display":"","ast-hfb-mobile-header-display":"","site-post-title":"","ast-breadcrumbs-content":"","ast-featured-img":"","footer-sml-layout":"","ast-disable-related-posts":"","theme-transparent-header-meta":"default","adv-header-id-meta":"","stick-header-meta":"default","header-above-stick-meta":"","header-main-stick-meta":"","header-below-stick-meta":"","astra-migrate-meta-layouts":"default","ast-page-background-enabled":"default","ast-page-background-meta":{"desktop":{"background-color":"var(--ast-global-color-4)","background-image":"","background-repeat":"repeat","background-position":"center center","background-size":"auto","background-attachment":"scroll","background-type":"","background-media":"","overlay-type":"","overlay-color":"","overlay-opacity":"","overlay-gradient":""},"tablet":{"background-color":"","background-image":"","background-repeat":"repeat","background-position":"center center","background-size":"auto","background-attachment":"scroll","background-type":"","background-media":"","overlay-type":"","overlay-color":"","overlay-opacity":"","overlay-gradient":""},"mobile":{"background-color":"","background-image":"","background-repeat":"repeat","background-position":"center center","background-size":"auto","background-attachment":"scroll","background-type":"","background-media":"","overlay-type":"","overlay-color":"","overlay-opacity":"","overlay-gradient":""}},"ast-content-background-meta":{"desktop":{"background-color":"var(--ast-global-color-5)","background-image":"","background-repeat":"repeat","background-position":"center center","background-size":"auto","background-attachment":"scroll","background-type":"","background-media":"","overlay-type":"","overlay-color":"","overlay-opacity":"","overlay-gradient":""},"tablet":{"background-color":"var(--ast-global-color-5)","background-image":"","background-repeat":"repeat","background-position":"center center","background-size":"auto","background-attachment":"scroll","background-type":"","background-media":"","overlay-type":"","overlay-color":"","overlay-opacity":"","overlay-gradient":""},"mobile":{"background-color":"var(--ast-global-color-5)","background-image":"","background-repeat":"repeat","background-position":"center center","background-size":"auto","background-attachment":"scroll","background-type":"","background-media":"","overlay-type":"","overlay-color":"","overlay-opacity":"","overlay-gradient":""}}},"product_brand":[1302],"product_cat":[1315,1345,1348],"product_tag":[],"class_list":{"0":"post-16379","1":"product","2":"type-product","3":"status-publish","4":"has-post-thumbnail","6":"product_brand-vallejo","7":"product_cat-accessoires","8":"product_cat-pinceaux","9":"product_cat-pinceaux-vallejo","10":"desktop-align-left","11":"tablet-align-left","12":"mobile-align-left","13":"ast-product-gallery-layout-first-image-large","14":"ast-product-gallery-with-no-image","15":"ast-magnify-disabled","16":"ast-product-tabs-layout-accordion","18":"first","19":"instock","20":"taxable","21":"shipping-taxable","22":"purchasable","23":"product-type-simple"},"_links":{"self":[{"href":"https:\/\/craftyminis.com\/fr\/wp-json\/wp\/v2\/product\/16379","targetHints":{"allow":["GET"]}}],"collection":[{"href":"https:\/\/craftyminis.com\/fr\/wp-json\/wp\/v2\/product"}],"about":[{"href":"https:\/\/craftyminis.com\/fr\/wp-json\/wp\/v2\/types\/product"}],"replies":[{"embeddable":true,"href":"https:\/\/craftyminis.com\/fr\/wp-json\/wp\/v2\/comments?post=16379"}],"wp:featuredmedia":[{"embeddable":true,"href":"https:\/\/craftyminis.com\/fr\/wp-json\/wp\/v2\/media\/16378"}],"wp:attachment":[{"href":"https:\/\/craftyminis.com\/fr\/wp-json\/wp\/v2\/media?parent=16379"}],"wp:term":[{"taxonomy":"product_brand","embeddable":true,"href":"https:\/\/craftyminis.com\/fr\/wp-json\/wp\/v2\/product_brand?post=16379"},{"taxonomy":"product_cat","embeddable":true,"href":"https:\/\/craftyminis.com\/fr\/wp-json\/wp\/v2\/product_cat?post=16379"},{"taxonomy":"product_tag","embeddable":true,"href":"https:\/\/craftyminis.com\/fr\/wp-json\/wp\/v2\/product_tag?post=16379"}],"curies":[{"name":"wp","href":"https:\/\/api.w.org\/{rel}","templated":true}]}}