{"id":16364,"date":"2024-04-21T19:39:49","date_gmt":"2024-04-21T18:39:49","guid":{"rendered":"https:\/\/craftyminis.com\/non%20class\u00e9\/mastic-epoxy-milliput-standard-jaune-gris\/"},"modified":"2026-02-23T12:42:09","modified_gmt":"2026-02-23T11:42:09","slug":"mastic-epoxy-milliput-jaune-gris-standard-sep-sitename","status":"publish","type":"product","link":"https:\/\/craftyminis.com\/fr\/accessoires\/mastics\/mastic-epoxy-milliput-jaune-gris-standard-sep-sitename\/","title":{"rendered":"Mastic \u00e9poxy Milliput &#8211; Jaune Gris Standard"},"content":{"rendered":"<p><strong>Explorez la polyvalence de Mastic \u00e9poxy Milliput &#8211; Standard Yellow Grey<\/strong><\/p>\n<p>Cette p\u00e2te \u00e9poxy est une solution adh\u00e9sive \u00e0 s\u00e9chage lent qui se distingue par son applicabilit\u00e9 sur une large gamme de mat\u00e9riaux et de projets. Des travaux sur bois, m\u00e9tal et plastique jusqu&rsquo;\u00e0 la pierre et la c\u00e9ramique, Milliput offre une adh\u00e9rence exceptionnelle et une facilit\u00e9 d&rsquo;utilisation.<\/p>\n<p>Chaque paquet contient deux b\u00e2tons totalisant 113,4 g, parfait pour les maquettistes, bijoutiers, sculpteurs et professionnels de la restauration \u00e0 la recherche d&rsquo;un produit fiable pour leurs cr\u00e9ations d\u00e9taill\u00e9es.<\/p>\n","protected":false},"excerpt":{"rendered":"<p>Mastic \u00e9poxy Milliput &#8211; Jaune Gris Standard, <strong>mastic \u00e9poxy multifonctionnel<\/strong> et \u00e0 s\u00e9chage lent, id\u00e9al pour les travaux sur divers mat\u00e9riaux et projets sp\u00e9cialis\u00e9s.<\/p>\n","protected":false},"featured_media":16322,"comment_status":"open","ping_status":"closed","template":"","meta":{"site-sidebar-layout":"default","site-content-layout":"","ast-site-content-layout":"default","site-content-style":"default","site-sidebar-style":"default","ast-global-header-display":"","ast-banner-title-visibility":"","ast-main-header-display":"","ast-hfb-above-header-display":"","ast-hfb-below-header-display":"","ast-hfb-mobile-header-display":"","site-post-title":"","ast-breadcrumbs-content":"","ast-featured-img":"","footer-sml-layout":"","ast-disable-related-posts":"","theme-transparent-header-meta":"default","adv-header-id-meta":"","stick-header-meta":"default","header-above-stick-meta":"","header-main-stick-meta":"","header-below-stick-meta":"","astra-migrate-meta-layouts":"default","ast-page-background-enabled":"default","ast-page-background-meta":{"desktop":{"background-color":"var(--ast-global-color-4)","background-image":"","background-repeat":"repeat","background-position":"center center","background-size":"auto","background-attachment":"scroll","background-type":"","background-media":"","overlay-type":"","overlay-color":"","overlay-opacity":"","overlay-gradient":""},"tablet":{"background-color":"","background-image":"","background-repeat":"repeat","background-position":"center center","background-size":"auto","background-attachment":"scroll","background-type":"","background-media":"","overlay-type":"","overlay-color":"","overlay-opacity":"","overlay-gradient":""},"mobile":{"background-color":"","background-image":"","background-repeat":"repeat","background-position":"center center","background-size":"auto","background-attachment":"scroll","background-type":"","background-media":"","overlay-type":"","overlay-color":"","overlay-opacity":"","overlay-gradient":""}},"ast-content-background-meta":{"desktop":{"background-color":"var(--ast-global-color-5)","background-image":"","background-repeat":"repeat","background-position":"center center","background-size":"auto","background-attachment":"scroll","background-type":"","background-media":"","overlay-type":"","overlay-color":"","overlay-opacity":"","overlay-gradient":""},"tablet":{"background-color":"var(--ast-global-color-5)","background-image":"","background-repeat":"repeat","background-position":"center center","background-size":"auto","background-attachment":"scroll","background-type":"","background-media":"","overlay-type":"","overlay-color":"","overlay-opacity":"","overlay-gradient":""},"mobile":{"background-color":"var(--ast-global-color-5)","background-image":"","background-repeat":"repeat","background-position":"center center","background-size":"auto","background-attachment":"scroll","background-type":"","background-media":"","overlay-type":"","overlay-color":"","overlay-opacity":"","overlay-gradient":""}}},"product_brand":[2214],"product_cat":[1583,1692,1694],"product_tag":[],"class_list":{"0":"post-16364","1":"product","2":"type-product","3":"status-publish","4":"has-post-thumbnail","6":"product_brand-milliput","7":"product_cat-zubehor","8":"product_cat-spachtelmassen","9":"product_cat-spachtelmassen-milliput","10":"desktop-align-left","11":"tablet-align-left","12":"mobile-align-left","13":"ast-product-gallery-layout-first-image-large","14":"ast-product-gallery-with-no-image","15":"ast-magnify-disabled","16":"ast-product-tabs-layout-accordion","18":"first","19":"instock","20":"taxable","21":"shipping-taxable","22":"purchasable","23":"product-type-simple"},"_links":{"self":[{"href":"https:\/\/craftyminis.com\/fr\/wp-json\/wp\/v2\/product\/16364","targetHints":{"allow":["GET"]}}],"collection":[{"href":"https:\/\/craftyminis.com\/fr\/wp-json\/wp\/v2\/product"}],"about":[{"href":"https:\/\/craftyminis.com\/fr\/wp-json\/wp\/v2\/types\/product"}],"replies":[{"embeddable":true,"href":"https:\/\/craftyminis.com\/fr\/wp-json\/wp\/v2\/comments?post=16364"}],"wp:featuredmedia":[{"embeddable":true,"href":"https:\/\/craftyminis.com\/fr\/wp-json\/wp\/v2\/media\/16322"}],"wp:attachment":[{"href":"https:\/\/craftyminis.com\/fr\/wp-json\/wp\/v2\/media?parent=16364"}],"wp:term":[{"taxonomy":"product_brand","embeddable":true,"href":"https:\/\/craftyminis.com\/fr\/wp-json\/wp\/v2\/product_brand?post=16364"},{"taxonomy":"product_cat","embeddable":true,"href":"https:\/\/craftyminis.com\/fr\/wp-json\/wp\/v2\/product_cat?post=16364"},{"taxonomy":"product_tag","embeddable":true,"href":"https:\/\/craftyminis.com\/fr\/wp-json\/wp\/v2\/product_tag?post=16364"}],"curies":[{"name":"wp","href":"https:\/\/api.w.org\/{rel}","templated":true}]}}