{"id":16361,"date":"2025-09-15T09:00:44","date_gmt":"2025-09-15T07:00:44","guid":{"rendered":"https:\/\/craftyminis.com\/non%20class\u00e9\/masilla-plastica-vallejo\/"},"modified":"2026-02-23T12:42:06","modified_gmt":"2026-02-23T11:42:06","slug":"mastic-plastique-vallejo-70401-mastic-plastique-20-ml","status":"publish","type":"product","link":"https:\/\/craftyminis.com\/fr\/accessoires\/mastics\/mastic-plastique-vallejo-70401-mastic-plastique-20-ml\/","title":{"rendered":"Vallejo 70401 Mastic Plastique \u2013 Mastic Plastique 20 ml"},"content":{"rendered":"<h1 data-start=\"1965\" data-end=\"1991\">Mastic Plastique Vallejo<\/h1>\n<p data-start=\"1993\" data-end=\"2493\">Le <strong data-start=\"1996\" data-end=\"2024\">mastic plastique <a href=\"https:\/\/craftyminis.com\/fr\/marque\/vallejo\/\">Vallejo<\/a><\/strong> est une p\u00e2te de modelage \u00e0 haute densit\u00e9, id\u00e9ale pour le mod\u00e9lisme et les miniatures. Le produit <strong data-start=\"2114\" data-end=\"2137\">70401 Plastic Putty<\/strong> est pr\u00e9sent\u00e9 dans un tube de <strong data-start=\"2158\" data-end=\"2167\">20 ml<\/strong>, et offre un s\u00e9chage <strong data-start=\"2188\" data-end=\"2269\">blanc, totalement opaque et avec une finition extr\u00eamement ferme (\u00ab stone-hard \u00bb)<\/strong>. Ce masse plastique vallejo permet de r\u00e9parer et transformer des mod\u00e8les avec des d\u00e9tails pr\u00e9cis, reconstruire des zones endommag\u00e9es, texturer des surfaces ou couvrir des joints, sans besoin de mat\u00e9riaux compliqu\u00e9s ou d\u2019outils co\u00fbteux.<\/p>\n<h2 data-start=\"2500\" data-end=\"2545\">Que fait le Mastic Plastique Vallejo 70401<\/h2>\n<ul data-start=\"2547\" data-end=\"3271\">\n<li data-start=\"2547\" data-end=\"2747\">\n<p data-start=\"2549\" data-end=\"2747\">Le <strong data-start=\"2552\" data-end=\"2580\">mastic plastique Vallejo<\/strong> s\u00e8che avec une finition blanche opaque qui ne laisse pas passer la lumi\u00e8re, id\u00e9al lorsque vous voulez que le mastic ne ressorte pas apr\u00e8s la peinture.<\/p>\n<\/li>\n<li data-start=\"2748\" data-end=\"2961\">\n<p data-start=\"2750\" data-end=\"2961\">Il contient de la poudre de marbre ou d\u2019autres mat\u00e9riaux min\u00e9raux qui lui donnent corps et rigidit\u00e9 une fois sec. Ce qui permet de le poncer, travailler et polir sans qu\u2019il ne se fissure facilement.<\/p>\n<\/li>\n<li data-start=\"2962\" data-end=\"3126\">\n<p data-start=\"2964\" data-end=\"3126\">Il s\u2019applique directement du tube ou \u00e0 la spatule, facilitant son usage aussi bien pour les petits d\u00e9tails que pour les surfaces plus grandes.<\/p>\n<\/li>\n<li data-start=\"3127\" data-end=\"3271\">\n<p data-start=\"3129\" data-end=\"3271\">S\u00e9chage ferme \u00ab stone-hard \u00bb, ce qui le rend id\u00e9al pour les \u00e9l\u00e9ments n\u00e9cessitant un support ou un relief important.<\/p>\n<\/li>\n<\/ul>\n<h2 data-start=\"3278\" data-end=\"3327\">Avantages d\u2019utiliser ce mastic plastique Vallejo<\/h2>\n<ul data-start=\"3329\" data-end=\"3879\">\n<li data-start=\"3329\" data-end=\"3406\">\n<p data-start=\"3331\" data-end=\"3406\">Gain de temps : remplit les fissures, corrige rapidement les imperfections.<\/p>\n<\/li>\n<li data-start=\"3407\" data-end=\"3563\">\n<p data-start=\"3409\" data-end=\"3563\">Polyvalence : utile pour le mod\u00e9lisme plastique, r\u00e9sine, miniatures, dioramas. Vous pouvez l\u2019utiliser pour des d\u00e9tails en relief, textures de sol, toitures, etc.<\/p>\n<\/li>\n<li data-start=\"3564\" data-end=\"3699\">\n<p data-start=\"3566\" data-end=\"3699\">Bonne finition : une fois sec, la surface peut \u00eatre ponc\u00e9e, finement sculpt\u00e9e, peinte sans que la transition soit visible si bien r\u00e9alis\u00e9e.<\/p>\n<\/li>\n<li data-start=\"3700\" data-end=\"3778\">\n<p data-start=\"3702\" data-end=\"3778\">Pas besoin de m\u00e9lange compliqu\u00e9 : il se travaille bien directement depuis le tube.<\/p>\n<\/li>\n<li data-start=\"3779\" data-end=\"3879\">\n<p data-start=\"3781\" data-end=\"3879\">Nettoyage facile : comme il est acrylique, vous pouvez nettoyer les outils \u00e0 l\u2019eau avant qu\u2019il ne s\u00e8che.<\/p>\n<\/li>\n<\/ul>\n<h2 data-start=\"3886\" data-end=\"3926\">Comment utiliser le Mastic Plastique Vallejo<\/h2>\n<ol data-start=\"3928\" data-end=\"4506\">\n<li data-start=\"3928\" data-end=\"4014\">\n<p data-start=\"3931\" data-end=\"4014\"><strong data-start=\"3931\" data-end=\"3957\">Pr\u00e9parer la surface<\/strong> : nettoyez la zone de la poussi\u00e8re, graisse ou r\u00e9sidus de peinture.<\/p>\n<\/li>\n<li data-start=\"4015\" data-end=\"4162\">\n<p data-start=\"4018\" data-end=\"4162\"><strong data-start=\"4018\" data-end=\"4063\">Appliquer le mastic plastique Vallejo 70401<\/strong> en utilisant le tube ou une spatule, en pressant le mastic pour bien remplir la fissure ou la zone \u00e0 r\u00e9parer.<\/p>\n<\/li>\n<li data-start=\"4163\" data-end=\"4319\">\n<p data-start=\"4166\" data-end=\"4319\">Pour les reliefs \u00e9lev\u00e9s ou textures, appliquez en couches fines, en laissant s\u00e9cher chaque couche avant d\u2019appliquer la suivante.<\/p>\n<\/li>\n<li data-start=\"4320\" data-end=\"4415\">\n<p data-start=\"4323\" data-end=\"4415\">Une fois sec au toucher ferme, poncez avec un papier fin si n\u00e9cessaire pour \u00e9galiser les bords ou adoucir.<\/p>\n<\/li>\n<li data-start=\"4416\" data-end=\"4506\">\n<p data-start=\"4419\" data-end=\"4506\">Peignez par-dessus quand il est compl\u00e8tement sec. Utilisez un appr\u00eat si votre mod\u00e8le le n\u00e9cessite.<\/p>\n<\/li>\n<\/ol>\n<p><small>Consultez plus de d\u00e9tails techniques sur le <a href=\"https:\/\/acrylicosvallejo.com\/\" target=\"_blank\" rel=\"noopener\">site officiel de Vallejo<\/a>.<\/small><\/p>\n","protected":false},"excerpt":{"rendered":"<p>Mastic plastique Vallejo 70401 \u2013 <strong>p\u00e2te \u00e0 modeler blanche opaque<\/strong> qui s\u00e8che ferme. Parfaite pour restaurer, remplir les fissures et texturer les miniatures ou mod\u00e8les.<\/p>\n","protected":false},"featured_media":16362,"comment_status":"open","ping_status":"closed","template":"","meta":{"site-sidebar-layout":"default","site-content-layout":"","ast-site-content-layout":"default","site-content-style":"default","site-sidebar-style":"default","ast-global-header-display":"","ast-banner-title-visibility":"","ast-main-header-display":"","ast-hfb-above-header-display":"","ast-hfb-below-header-display":"","ast-hfb-mobile-header-display":"","site-post-title":"","ast-breadcrumbs-content":"","ast-featured-img":"","footer-sml-layout":"","ast-disable-related-posts":"","theme-transparent-header-meta":"default","adv-header-id-meta":"","stick-header-meta":"default","header-above-stick-meta":"","header-main-stick-meta":"","header-below-stick-meta":"","astra-migrate-meta-layouts":"default","ast-page-background-enabled":"default","ast-page-background-meta":{"desktop":{"background-color":"var(--ast-global-color-4)","background-image":"","background-repeat":"repeat","background-position":"center center","background-size":"auto","background-attachment":"scroll","background-type":"","background-media":"","overlay-type":"","overlay-color":"","overlay-opacity":"","overlay-gradient":""},"tablet":{"background-color":"","background-image":"","background-repeat":"repeat","background-position":"center center","background-size":"auto","background-attachment":"scroll","background-type":"","background-media":"","overlay-type":"","overlay-color":"","overlay-opacity":"","overlay-gradient":""},"mobile":{"background-color":"","background-image":"","background-repeat":"repeat","background-position":"center center","background-size":"auto","background-attachment":"scroll","background-type":"","background-media":"","overlay-type":"","overlay-color":"","overlay-opacity":"","overlay-gradient":""}},"ast-content-background-meta":{"desktop":{"background-color":"var(--ast-global-color-5)","background-image":"","background-repeat":"repeat","background-position":"center center","background-size":"auto","background-attachment":"scroll","background-type":"","background-media":"","overlay-type":"","overlay-color":"","overlay-opacity":"","overlay-gradient":""},"tablet":{"background-color":"var(--ast-global-color-5)","background-image":"","background-repeat":"repeat","background-position":"center center","background-size":"auto","background-attachment":"scroll","background-type":"","background-media":"","overlay-type":"","overlay-color":"","overlay-opacity":"","overlay-gradient":""},"mobile":{"background-color":"var(--ast-global-color-5)","background-image":"","background-repeat":"repeat","background-position":"center center","background-size":"auto","background-attachment":"scroll","background-type":"","background-media":"","overlay-type":"","overlay-color":"","overlay-opacity":"","overlay-gradient":""}}},"product_brand":[1302],"product_cat":[1339,1342],"product_tag":[],"class_list":{"0":"post-16361","1":"product","2":"type-product","3":"status-publish","4":"has-post-thumbnail","6":"product_brand-vallejo","7":"product_cat-mastics","8":"product_cat-mastics-vallejo","9":"desktop-align-left","10":"tablet-align-left","11":"mobile-align-left","12":"ast-product-gallery-layout-first-image-large","13":"ast-product-gallery-with-no-image","14":"ast-magnify-disabled","15":"ast-product-tabs-layout-accordion","17":"first","18":"instock","19":"taxable","20":"shipping-taxable","21":"purchasable","22":"product-type-simple"},"_links":{"self":[{"href":"https:\/\/craftyminis.com\/fr\/wp-json\/wp\/v2\/product\/16361","targetHints":{"allow":["GET"]}}],"collection":[{"href":"https:\/\/craftyminis.com\/fr\/wp-json\/wp\/v2\/product"}],"about":[{"href":"https:\/\/craftyminis.com\/fr\/wp-json\/wp\/v2\/types\/product"}],"replies":[{"embeddable":true,"href":"https:\/\/craftyminis.com\/fr\/wp-json\/wp\/v2\/comments?post=16361"}],"wp:featuredmedia":[{"embeddable":true,"href":"https:\/\/craftyminis.com\/fr\/wp-json\/wp\/v2\/media\/16362"}],"wp:attachment":[{"href":"https:\/\/craftyminis.com\/fr\/wp-json\/wp\/v2\/media?parent=16361"}],"wp:term":[{"taxonomy":"product_brand","embeddable":true,"href":"https:\/\/craftyminis.com\/fr\/wp-json\/wp\/v2\/product_brand?post=16361"},{"taxonomy":"product_cat","embeddable":true,"href":"https:\/\/craftyminis.com\/fr\/wp-json\/wp\/v2\/product_cat?post=16361"},{"taxonomy":"product_tag","embeddable":true,"href":"https:\/\/craftyminis.com\/fr\/wp-json\/wp\/v2\/product_tag?post=16361"}],"curies":[{"name":"wp","href":"https:\/\/api.w.org\/{rel}","templated":true}]}}