{"id":16352,"date":"2024-04-23T11:57:10","date_gmt":"2024-04-23T10:57:10","guid":{"rendered":"https:\/\/craftyminis.com\/non%20class\u00e9\/pince-en-acier-inoxydable-a-pointe-n-3\/"},"modified":"2026-02-23T13:49:32","modified_gmt":"2026-02-23T12:49:32","slug":"pince-en-acier-inoxydable-a-pointe-n-3-sep-sitename","status":"publish","type":"product","link":"https:\/\/craftyminis.com\/fr\/accessoires\/pinces\/pince-en-acier-inoxydable-a-pointe-n-3-sep-sitename\/","title":{"rendered":"Pince en acier inoxydable \u00e0 pointe n\u00b0 3"},"content":{"rendered":"<p>Efficacit\u00e9 et Pr\u00e9cision avec la <strong>Pince en acier inoxydable \u00e0 pointe n\u00b0 3<\/strong>.<\/p>\n<p>Ces pinces de 5 pouces sont fabriqu\u00e9es en <strong>acier inoxydable antimagn\u00e9tique<\/strong>, con\u00e7ues pour offrir pr\u00e9cision et durabilit\u00e9. Leur construction robuste les rend id\u00e9ales pour une vari\u00e9t\u00e9 d&rsquo;applications pr\u00e9cises en mod\u00e9lisme, \u00e9lectronique et bijouterie.<\/p>\n<p>La caract\u00e9ristique antimagn\u00e9tique garantit qu&rsquo;elles n&rsquo;attireront pas les particules m\u00e9talliques, maintenant la propret\u00e9 et la pr\u00e9cision lors du travail d\u00e9taill\u00e9 sur des composants petits et d\u00e9licats.<\/p>\n","protected":false},"excerpt":{"rendered":"<p>Pince en acier inoxydable \u00e0 pointe n\u00b0 3, de 5 pouces et <strong>acier inoxydable antimagn\u00e9tique<\/strong>, parfaite pour des t\u00e2ches pr\u00e9cises et d\u00e9licates.<\/p>\n","protected":false},"featured_media":16353,"comment_status":"open","ping_status":"closed","template":"","meta":{"site-sidebar-layout":"default","site-content-layout":"","ast-site-content-layout":"default","site-content-style":"default","site-sidebar-style":"default","ast-global-header-display":"","ast-banner-title-visibility":"","ast-main-header-display":"","ast-hfb-above-header-display":"","ast-hfb-below-header-display":"","ast-hfb-mobile-header-display":"","site-post-title":"","ast-breadcrumbs-content":"","ast-featured-img":"","footer-sml-layout":"","ast-disable-related-posts":"","theme-transparent-header-meta":"default","adv-header-id-meta":"","stick-header-meta":"default","header-above-stick-meta":"","header-main-stick-meta":"","header-below-stick-meta":"","astra-migrate-meta-layouts":"default","ast-page-background-enabled":"default","ast-page-background-meta":{"desktop":{"background-color":"var(--ast-global-color-4)","background-image":"","background-repeat":"repeat","background-position":"center center","background-size":"auto","background-attachment":"scroll","background-type":"","background-media":"","overlay-type":"","overlay-color":"","overlay-opacity":"","overlay-gradient":""},"tablet":{"background-color":"","background-image":"","background-repeat":"repeat","background-position":"center center","background-size":"auto","background-attachment":"scroll","background-type":"","background-media":"","overlay-type":"","overlay-color":"","overlay-opacity":"","overlay-gradient":""},"mobile":{"background-color":"","background-image":"","background-repeat":"repeat","background-position":"center center","background-size":"auto","background-attachment":"scroll","background-type":"","background-media":"","overlay-type":"","overlay-color":"","overlay-opacity":"","overlay-gradient":""}},"ast-content-background-meta":{"desktop":{"background-color":"var(--ast-global-color-5)","background-image":"","background-repeat":"repeat","background-position":"center center","background-size":"auto","background-attachment":"scroll","background-type":"","background-media":"","overlay-type":"","overlay-color":"","overlay-opacity":"","overlay-gradient":""},"tablet":{"background-color":"var(--ast-global-color-5)","background-image":"","background-repeat":"repeat","background-position":"center center","background-size":"auto","background-attachment":"scroll","background-type":"","background-media":"","overlay-type":"","overlay-color":"","overlay-opacity":"","overlay-gradient":""},"mobile":{"background-color":"var(--ast-global-color-5)","background-image":"","background-repeat":"repeat","background-position":"center center","background-size":"auto","background-attachment":"scroll","background-type":"","background-media":"","overlay-type":"","overlay-color":"","overlay-opacity":"","overlay-gradient":""}}},"product_brand":[1425],"product_cat":[1349,1315,1351],"product_tag":[],"class_list":{"0":"post-16352","1":"product","2":"type-product","3":"status-publish","4":"has-post-thumbnail","6":"product_brand-expo-tools","7":"product_cat-pinces","8":"product_cat-accessoires","9":"product_cat-pinces-expo-tools","10":"desktop-align-left","11":"tablet-align-left","12":"mobile-align-left","13":"ast-product-gallery-layout-first-image-large","14":"ast-product-gallery-with-no-image","15":"ast-magnify-disabled","16":"ast-product-tabs-layout-accordion","18":"first","19":"instock","20":"taxable","21":"shipping-taxable","22":"purchasable","23":"product-type-simple"},"_links":{"self":[{"href":"https:\/\/craftyminis.com\/fr\/wp-json\/wp\/v2\/product\/16352","targetHints":{"allow":["GET"]}}],"collection":[{"href":"https:\/\/craftyminis.com\/fr\/wp-json\/wp\/v2\/product"}],"about":[{"href":"https:\/\/craftyminis.com\/fr\/wp-json\/wp\/v2\/types\/product"}],"replies":[{"embeddable":true,"href":"https:\/\/craftyminis.com\/fr\/wp-json\/wp\/v2\/comments?post=16352"}],"wp:featuredmedia":[{"embeddable":true,"href":"https:\/\/craftyminis.com\/fr\/wp-json\/wp\/v2\/media\/16353"}],"wp:attachment":[{"href":"https:\/\/craftyminis.com\/fr\/wp-json\/wp\/v2\/media?parent=16352"}],"wp:term":[{"taxonomy":"product_brand","embeddable":true,"href":"https:\/\/craftyminis.com\/fr\/wp-json\/wp\/v2\/product_brand?post=16352"},{"taxonomy":"product_cat","embeddable":true,"href":"https:\/\/craftyminis.com\/fr\/wp-json\/wp\/v2\/product_cat?post=16352"},{"taxonomy":"product_tag","embeddable":true,"href":"https:\/\/craftyminis.com\/fr\/wp-json\/wp\/v2\/product_tag?post=16352"}],"curies":[{"name":"wp","href":"https:\/\/api.w.org\/{rel}","templated":true}]}}