{"id":16340,"date":"2024-04-22T16:07:19","date_gmt":"2024-04-22T15:07:19","guid":{"rendered":"https:\/\/craftyminis.com\/non%20class\u00e9\/lija-avec-eponge-grain-180-2-uds\/"},"modified":"2026-02-23T13:49:24","modified_gmt":"2026-02-23T12:49:24","slug":"papier-abrasif-avec-eponge-grain-180-sep-sitename","status":"publish","type":"product","link":"https:\/\/craftyminis.com\/fr\/accessoires\/abrasifs\/papier-abrasif-avec-eponge-grain-180-sep-sitename\/","title":{"rendered":"Papier de verre avec \u00e9ponge (Grain 180) &#8211; 2 pcs."},"content":{"rendered":"<p>Perfectionnez vos surfaces avec la <strong>Papier abrasif avec \u00e9ponge grain 180<\/strong>.<\/p>\n<p>Cette \u00e9ponge abrasive, avec un <strong>grain 180<\/strong>, est parfaite pour les surfaces pr\u00e9sentant des d\u00e9fauts ou pour affiner le travail r\u00e9alis\u00e9 avec le grain 100. Son design flexible permet une manipulation facile sur des formes complexes et des acc\u00e8s difficiles, comme les zones arrondies ou les recoins. Utile pour travailler avec une vari\u00e9t\u00e9 de mat\u00e9riaux, y compris la r\u00e9sine, le m\u00e9tal, le bois et le plastique, elle est \u00e9galement efficace pour \u00e9liminer les exc\u00e8s de colle ou de mastic dans les joints. Peut \u00eatre utilis\u00e9e <strong>\u00e0 sec ou humidifi<\/strong>e pour plus de polyvalence. Pour prolonger son utilisation, il est recommand\u00e9 de ne couper que la portion n\u00e9cessaire pour chaque travail.<\/p>\n<p>La num\u00e9rotation claire au dos facilite l&rsquo;identification apr\u00e8s la coupe, faisant de ce papier abrasif un outil indispensable en combinaison avec d&rsquo;autres grains.<\/p>\n","protected":false},"excerpt":{"rendered":"<p>Ponceuse avec \u00c9ponge (Grain 180) &#8211; Id\u00e9al pour les surfaces avec des d\u00e9fauts ou pour affiner le travail r\u00e9alis\u00e9 avec le grain 100 sur <strong>r\u00e9sine, m\u00e9tal, bois et plastique<\/strong>, adaptable \u00e0 sec et humide.<\/p>\n","protected":false},"featured_media":16341,"comment_status":"open","ping_status":"closed","template":"","meta":{"site-sidebar-layout":"default","site-content-layout":"","ast-site-content-layout":"default","site-content-style":"default","site-sidebar-style":"default","ast-global-header-display":"","ast-banner-title-visibility":"","ast-main-header-display":"","ast-hfb-above-header-display":"","ast-hfb-below-header-display":"","ast-hfb-mobile-header-display":"","site-post-title":"","ast-breadcrumbs-content":"","ast-featured-img":"","footer-sml-layout":"","ast-disable-related-posts":"","theme-transparent-header-meta":"default","adv-header-id-meta":"","stick-header-meta":"default","header-above-stick-meta":"","header-main-stick-meta":"","header-below-stick-meta":"","astra-migrate-meta-layouts":"default","ast-page-background-enabled":"default","ast-page-background-meta":{"desktop":{"background-color":"var(--ast-global-color-4)","background-image":"","background-repeat":"repeat","background-position":"center center","background-size":"auto","background-attachment":"scroll","background-type":"","background-media":"","overlay-type":"","overlay-color":"","overlay-opacity":"","overlay-gradient":""},"tablet":{"background-color":"","background-image":"","background-repeat":"repeat","background-position":"center center","background-size":"auto","background-attachment":"scroll","background-type":"","background-media":"","overlay-type":"","overlay-color":"","overlay-opacity":"","overlay-gradient":""},"mobile":{"background-color":"","background-image":"","background-repeat":"repeat","background-position":"center center","background-size":"auto","background-attachment":"scroll","background-type":"","background-media":"","overlay-type":"","overlay-color":"","overlay-opacity":"","overlay-gradient":""}},"ast-content-background-meta":{"desktop":{"background-color":"var(--ast-global-color-5)","background-image":"","background-repeat":"repeat","background-position":"center center","background-size":"auto","background-attachment":"scroll","background-type":"","background-media":"","overlay-type":"","overlay-color":"","overlay-opacity":"","overlay-gradient":""},"tablet":{"background-color":"var(--ast-global-color-5)","background-image":"","background-repeat":"repeat","background-position":"center center","background-size":"auto","background-attachment":"scroll","background-type":"","background-media":"","overlay-type":"","overlay-color":"","overlay-opacity":"","overlay-gradient":""},"mobile":{"background-color":"var(--ast-global-color-5)","background-image":"","background-repeat":"repeat","background-position":"center center","background-size":"auto","background-attachment":"scroll","background-type":"","background-media":"","overlay-type":"","overlay-color":"","overlay-opacity":"","overlay-gradient":""}}},"product_brand":[1430],"product_cat":[1335,1336,1315],"product_tag":[],"class_list":{"0":"post-16340","1":"product","2":"type-product","3":"status-publish","4":"has-post-thumbnail","6":"product_brand-ammo-mig-jimenez","7":"product_cat-abrasifs","8":"product_cat-abrasifs-ammo","9":"product_cat-accessoires","10":"desktop-align-left","11":"tablet-align-left","12":"mobile-align-left","13":"ast-product-gallery-layout-first-image-large","14":"ast-product-gallery-with-no-image","15":"ast-magnify-disabled","16":"ast-product-tabs-layout-accordion","18":"first","19":"instock","20":"taxable","21":"shipping-taxable","22":"purchasable","23":"product-type-simple"},"_links":{"self":[{"href":"https:\/\/craftyminis.com\/fr\/wp-json\/wp\/v2\/product\/16340","targetHints":{"allow":["GET"]}}],"collection":[{"href":"https:\/\/craftyminis.com\/fr\/wp-json\/wp\/v2\/product"}],"about":[{"href":"https:\/\/craftyminis.com\/fr\/wp-json\/wp\/v2\/types\/product"}],"replies":[{"embeddable":true,"href":"https:\/\/craftyminis.com\/fr\/wp-json\/wp\/v2\/comments?post=16340"}],"wp:featuredmedia":[{"embeddable":true,"href":"https:\/\/craftyminis.com\/fr\/wp-json\/wp\/v2\/media\/16341"}],"wp:attachment":[{"href":"https:\/\/craftyminis.com\/fr\/wp-json\/wp\/v2\/media?parent=16340"}],"wp:term":[{"taxonomy":"product_brand","embeddable":true,"href":"https:\/\/craftyminis.com\/fr\/wp-json\/wp\/v2\/product_brand?post=16340"},{"taxonomy":"product_cat","embeddable":true,"href":"https:\/\/craftyminis.com\/fr\/wp-json\/wp\/v2\/product_cat?post=16340"},{"taxonomy":"product_tag","embeddable":true,"href":"https:\/\/craftyminis.com\/fr\/wp-json\/wp\/v2\/product_tag?post=16340"}],"curies":[{"name":"wp","href":"https:\/\/api.w.org\/{rel}","templated":true}]}}