{"id":16304,"date":"2024-04-22T08:25:51","date_gmt":"2024-04-22T07:25:51","guid":{"rendered":"https:\/\/craftyminis.com\/non class\u00e9\/wild-tuft-swamp\/"},"modified":"2024-04-22T08:25:51","modified_gmt":"2024-04-22T07:25:51","slug":"wild-tuft-swamp","status":"publish","type":"product","link":"https:\/\/craftyminis.com\/fr\/accessoires\/decors\/wild-tuft-swamp\/","title":{"rendered":"Wild Tuft &#8211; Swamp"},"content":{"rendered":"<p>Am\u00e9liorez vos mod\u00e8les avec <strong>Wild Tuft &#8211; Swamp<\/strong> par Vallejo Scenery.<\/p>\n<p>Cette ligne de v\u00e9g\u00e9tation miniature de Vallejo Scenery vous permet d&rsquo;ajouter une touche de r\u00e9alisme et de d\u00e9tail \u00e0 vos dioramas, terrains de wargame ou mod\u00e8les historiques. Le set Wild Tuft &#8211; Swamp comprend 35 unit\u00e9s de touffes de 4 mm, parfaites pour repr\u00e9senter la v\u00e9g\u00e9tation des marais et ajouter de la profondeur visuelle \u00e0 vos sc\u00e8nes.<\/p>\n<p>Ces touffes sont <strong>auto-adh\u00e9sives<\/strong> pour une application facile mais peuvent \u00e9galement \u00eatre fix\u00e9es avec de la colle PVA pour une tenue plus permanente.<\/p>\n","protected":false},"excerpt":{"rendered":"<p>Wild Tuft &#8211; Swamp, <strong>35 touffes de v\u00e9g\u00e9tation miniature<\/strong> de Vallejo Scenery, auto-adh\u00e9sives et parfaites pour ajouter du r\u00e9alisme \u00e0 vos dioramas et mod\u00e8les.<\/p>\n","protected":false},"featured_media":16288,"comment_status":"open","ping_status":"closed","template":"","meta":{"site-sidebar-layout":"default","site-content-layout":"","ast-site-content-layout":"default","site-content-style":"default","site-sidebar-style":"default","ast-global-header-display":"","ast-banner-title-visibility":"","ast-main-header-display":"","ast-hfb-above-header-display":"","ast-hfb-below-header-display":"","ast-hfb-mobile-header-display":"","site-post-title":"","ast-breadcrumbs-content":"","ast-featured-img":"","footer-sml-layout":"","ast-disable-related-posts":"","theme-transparent-header-meta":"default","adv-header-id-meta":"","stick-header-meta":"default","header-above-stick-meta":"","header-main-stick-meta":"","header-below-stick-meta":"","astra-migrate-meta-layouts":"default","ast-page-background-enabled":"default","ast-page-background-meta":{"desktop":{"background-color":"var(--ast-global-color-4)","background-image":"","background-repeat":"repeat","background-position":"center center","background-size":"auto","background-attachment":"scroll","background-type":"","background-media":"","overlay-type":"","overlay-color":"","overlay-opacity":"","overlay-gradient":""},"tablet":{"background-color":"","background-image":"","background-repeat":"repeat","background-position":"center center","background-size":"auto","background-attachment":"scroll","background-type":"","background-media":"","overlay-type":"","overlay-color":"","overlay-opacity":"","overlay-gradient":""},"mobile":{"background-color":"","background-image":"","background-repeat":"repeat","background-position":"center center","background-size":"auto","background-attachment":"scroll","background-type":"","background-media":"","overlay-type":"","overlay-color":"","overlay-opacity":"","overlay-gradient":""}},"ast-content-background-meta":{"desktop":{"background-color":"var(--ast-global-color-5)","background-image":"","background-repeat":"repeat","background-position":"center center","background-size":"auto","background-attachment":"scroll","background-type":"","background-media":"","overlay-type":"","overlay-color":"","overlay-opacity":"","overlay-gradient":""},"tablet":{"background-color":"var(--ast-global-color-5)","background-image":"","background-repeat":"repeat","background-position":"center center","background-size":"auto","background-attachment":"scroll","background-type":"","background-media":"","overlay-type":"","overlay-color":"","overlay-opacity":"","overlay-gradient":""},"mobile":{"background-color":"var(--ast-global-color-5)","background-image":"","background-repeat":"repeat","background-position":"center center","background-size":"auto","background-attachment":"scroll","background-type":"","background-media":"","overlay-type":"","overlay-color":"","overlay-opacity":"","overlay-gradient":""}}},"product_brand":[1302],"product_cat":[1330,1315,1331],"product_tag":[],"class_list":{"0":"post-16304","1":"product","2":"type-product","3":"status-publish","4":"has-post-thumbnail","6":"product_brand-vallejo","7":"product_cat-decors","8":"product_cat-accessoires","9":"product_cat-hobby-scenery-vallejo","10":"desktop-align-left","11":"tablet-align-left","12":"mobile-align-left","13":"ast-product-gallery-layout-first-image-large","14":"ast-magnify-disabled","15":"ast-product-tabs-layout-accordion","17":"first","18":"outofstock","19":"taxable","20":"shipping-taxable","21":"purchasable","22":"product-type-simple"},"_links":{"self":[{"href":"https:\/\/craftyminis.com\/fr\/wp-json\/wp\/v2\/product\/16304","targetHints":{"allow":["GET"]}}],"collection":[{"href":"https:\/\/craftyminis.com\/fr\/wp-json\/wp\/v2\/product"}],"about":[{"href":"https:\/\/craftyminis.com\/fr\/wp-json\/wp\/v2\/types\/product"}],"replies":[{"embeddable":true,"href":"https:\/\/craftyminis.com\/fr\/wp-json\/wp\/v2\/comments?post=16304"}],"wp:featuredmedia":[{"embeddable":true,"href":"https:\/\/craftyminis.com\/fr\/wp-json\/wp\/v2\/media\/16288"}],"wp:attachment":[{"href":"https:\/\/craftyminis.com\/fr\/wp-json\/wp\/v2\/media?parent=16304"}],"wp:term":[{"taxonomy":"product_brand","embeddable":true,"href":"https:\/\/craftyminis.com\/fr\/wp-json\/wp\/v2\/product_brand?post=16304"},{"taxonomy":"product_cat","embeddable":true,"href":"https:\/\/craftyminis.com\/fr\/wp-json\/wp\/v2\/product_cat?post=16304"},{"taxonomy":"product_tag","embeddable":true,"href":"https:\/\/craftyminis.com\/fr\/wp-json\/wp\/v2\/product_tag?post=16304"}],"curies":[{"name":"wp","href":"https:\/\/api.w.org\/{rel}","templated":true}]}}