{"id":16297,"date":"2024-04-21T16:53:25","date_gmt":"2024-04-21T15:53:25","guid":{"rendered":"https:\/\/craftyminis.com\/non class\u00e9\/deluxe-roket-hot\/"},"modified":"2024-04-21T16:53:25","modified_gmt":"2024-04-21T15:53:25","slug":"deluxe-roket-hot","status":"publish","type":"product","link":"https:\/\/craftyminis.com\/fr\/accessoires\/colles\/deluxe-roket-hot\/","title":{"rendered":"Deluxe Roket Hot"},"content":{"rendered":"<p>Assurez une <strong>adh\u00e9sion rapide et efficace<\/strong> avec Deluxe Roket Hot.<\/p>\n<p>Cet adh\u00e9sif cyanoacrylate de haute qualit\u00e9 est con\u00e7u pour offrir des r\u00e9sultats rapides et efficaces. Avec une formule ultra-fine et p\u00e9n\u00e9trante, il s\u00e8che en seulement 1 \u00e0 5 secondes, ce qui le rend id\u00e9al pour les projets n\u00e9cessitant pr\u00e9cision et rapidit\u00e9. Parfait pour coller le bois, le m\u00e9tal, les plastiques rigides tels que le styr\u00e8ne et le PVC, ainsi que les mousses comme l&rsquo;EPO et l&rsquo;EPP, sa capacit\u00e9 \u00e0 p\u00e9n\u00e9trer les joints \u00e9troits fait de Roket Hot un excellent choix pour les maquettistes et les artisans.<\/p>\n<p>Conditionn\u00e9 dans un flacon de 20 g, <strong>Deluxe Roket Hot<\/strong> convient aussi bien aux grands qu&rsquo;aux petits projets, offrant une performance fiable et durable.<\/p>\n","protected":false},"excerpt":{"rendered":"<p>Deluxe Roket Hot, un <strong>adh\u00e9sif cyanoacrylate super fin et \u00e0 s\u00e9chage rapide<\/strong> qui colle en <strong>1-5 secondes<\/strong>, parfait pour le bois, le m\u00e9tal et les plastiques rigides.<\/p>\n","protected":false},"featured_media":16247,"comment_status":"open","ping_status":"closed","template":"","meta":{"site-sidebar-layout":"default","site-content-layout":"","ast-site-content-layout":"default","site-content-style":"default","site-sidebar-style":"default","ast-global-header-display":"","ast-banner-title-visibility":"","ast-main-header-display":"","ast-hfb-above-header-display":"","ast-hfb-below-header-display":"","ast-hfb-mobile-header-display":"","site-post-title":"","ast-breadcrumbs-content":"","ast-featured-img":"","footer-sml-layout":"","ast-disable-related-posts":"","theme-transparent-header-meta":"default","adv-header-id-meta":"","stick-header-meta":"default","header-above-stick-meta":"","header-main-stick-meta":"","header-below-stick-meta":"","astra-migrate-meta-layouts":"default","ast-page-background-enabled":"default","ast-page-background-meta":{"desktop":{"background-color":"var(--ast-global-color-4)","background-image":"","background-repeat":"repeat","background-position":"center center","background-size":"auto","background-attachment":"scroll","background-type":"","background-media":"","overlay-type":"","overlay-color":"","overlay-opacity":"","overlay-gradient":""},"tablet":{"background-color":"","background-image":"","background-repeat":"repeat","background-position":"center center","background-size":"auto","background-attachment":"scroll","background-type":"","background-media":"","overlay-type":"","overlay-color":"","overlay-opacity":"","overlay-gradient":""},"mobile":{"background-color":"","background-image":"","background-repeat":"repeat","background-position":"center center","background-size":"auto","background-attachment":"scroll","background-type":"","background-media":"","overlay-type":"","overlay-color":"","overlay-opacity":"","overlay-gradient":""}},"ast-content-background-meta":{"desktop":{"background-color":"var(--ast-global-color-5)","background-image":"","background-repeat":"repeat","background-position":"center center","background-size":"auto","background-attachment":"scroll","background-type":"","background-media":"","overlay-type":"","overlay-color":"","overlay-opacity":"","overlay-gradient":""},"tablet":{"background-color":"var(--ast-global-color-5)","background-image":"","background-repeat":"repeat","background-position":"center center","background-size":"auto","background-attachment":"scroll","background-type":"","background-media":"","overlay-type":"","overlay-color":"","overlay-opacity":"","overlay-gradient":""},"mobile":{"background-color":"var(--ast-global-color-5)","background-image":"","background-repeat":"repeat","background-position":"center center","background-size":"auto","background-attachment":"scroll","background-type":"","background-media":"","overlay-type":"","overlay-color":"","overlay-opacity":"","overlay-gradient":""}}},"product_brand":[1428],"product_cat":[1318,1315,1321],"product_tag":[],"class_list":{"0":"post-16297","1":"product","2":"type-product","3":"status-publish","4":"has-post-thumbnail","6":"product_brand-deluxe-materials","7":"product_cat-colles","8":"product_cat-accessoires","9":"product_cat-colles-deluxe-materials","10":"desktop-align-left","11":"tablet-align-left","12":"mobile-align-left","13":"ast-product-gallery-layout-first-image-large","14":"ast-product-gallery-with-no-image","15":"ast-magnify-disabled","16":"ast-product-tabs-layout-accordion","18":"first","19":"instock","20":"taxable","21":"shipping-taxable","22":"purchasable","23":"product-type-simple"},"_links":{"self":[{"href":"https:\/\/craftyminis.com\/fr\/wp-json\/wp\/v2\/product\/16297","targetHints":{"allow":["GET"]}}],"collection":[{"href":"https:\/\/craftyminis.com\/fr\/wp-json\/wp\/v2\/product"}],"about":[{"href":"https:\/\/craftyminis.com\/fr\/wp-json\/wp\/v2\/types\/product"}],"replies":[{"embeddable":true,"href":"https:\/\/craftyminis.com\/fr\/wp-json\/wp\/v2\/comments?post=16297"}],"wp:featuredmedia":[{"embeddable":true,"href":"https:\/\/craftyminis.com\/fr\/wp-json\/wp\/v2\/media\/16247"}],"wp:attachment":[{"href":"https:\/\/craftyminis.com\/fr\/wp-json\/wp\/v2\/media?parent=16297"}],"wp:term":[{"taxonomy":"product_brand","embeddable":true,"href":"https:\/\/craftyminis.com\/fr\/wp-json\/wp\/v2\/product_brand?post=16297"},{"taxonomy":"product_cat","embeddable":true,"href":"https:\/\/craftyminis.com\/fr\/wp-json\/wp\/v2\/product_cat?post=16297"},{"taxonomy":"product_tag","embeddable":true,"href":"https:\/\/craftyminis.com\/fr\/wp-json\/wp\/v2\/product_tag?post=16297"}],"curies":[{"name":"wp","href":"https:\/\/api.w.org\/{rel}","templated":true}]}}