{"id":16259,"date":"2025-10-08T15:03:46","date_gmt":"2025-10-08T13:03:46","guid":{"rendered":"https:\/\/craftyminis.com\/non%20class\u00e9\/paysage-fantaisie-touffe-turquoise\/"},"modified":"2026-02-23T10:39:29","modified_gmt":"2026-02-23T09:39:29","slug":"scenery-fantasy-tuft-turquoise","status":"publish","type":"product","link":"https:\/\/craftyminis.com\/fr\/accessoires\/decors\/scenery-fantasy-tuft-turquoise\/","title":{"rendered":"Scenery Fantasy Tuft &#8211; Turquoise"},"content":{"rendered":"<p>Am\u00e9liorez vos maquettes avec <strong>Fantasy Tuft &#8211; Turquoise<\/strong> de Vallejo Scenery.<\/p>\n<p>Cette gamme de v\u00e9g\u00e9tation miniature de Vallejo Scenery vous permet d&rsquo;ajouter une touche de r\u00e9alisme et de couleur vive \u00e0 vos dioramas, terrains de wargame ou mod\u00e8les fantastiques. Le set Fantasy Tuft &#8211; Turquoise comprend 35 touffes auto-adh\u00e9sives, de 6 mm de hauteur, parfaites pour repr\u00e9senter la v\u00e9g\u00e9tation et ajouter de la profondeur visuelle ainsi qu&rsquo;un contraste de couleur \u00e0 vos sc\u00e8nes.<\/p>\n<p>Ces pi\u00e8ces sont <strong>auto-adh\u00e9sives<\/strong> pour une application facile, mais peuvent \u00e9galement \u00eatre fix\u00e9es avec de la colle PVA pour une adh\u00e9rence plus forte et durable.<\/p>\n","protected":false},"excerpt":{"rendered":"<p>Fantasy Tuft &#8211; <strong>Turquoise<\/strong>, <strong>35 touffes de v\u00e9g\u00e9tation miniatures<\/strong> de Vallejo Scenery. Autocollantes et parfaites pour ajouter des d\u00e9tails vibrants et r\u00e9alistes \u00e0 vos dioramas et maquettes \u00e0 l&rsquo;\u00e9chelle.<\/p>\n","protected":false},"featured_media":16262,"comment_status":"open","ping_status":"closed","template":"","meta":{"site-sidebar-layout":"default","site-content-layout":"","ast-site-content-layout":"default","site-content-style":"default","site-sidebar-style":"default","ast-global-header-display":"","ast-banner-title-visibility":"","ast-main-header-display":"","ast-hfb-above-header-display":"","ast-hfb-below-header-display":"","ast-hfb-mobile-header-display":"","site-post-title":"","ast-breadcrumbs-content":"","ast-featured-img":"","footer-sml-layout":"","ast-disable-related-posts":"","theme-transparent-header-meta":"default","adv-header-id-meta":"","stick-header-meta":"default","header-above-stick-meta":"","header-main-stick-meta":"","header-below-stick-meta":"","astra-migrate-meta-layouts":"default","ast-page-background-enabled":"default","ast-page-background-meta":{"desktop":{"background-color":"var(--ast-global-color-4)","background-image":"","background-repeat":"repeat","background-position":"center center","background-size":"auto","background-attachment":"scroll","background-type":"","background-media":"","overlay-type":"","overlay-color":"","overlay-opacity":"","overlay-gradient":""},"tablet":{"background-color":"","background-image":"","background-repeat":"repeat","background-position":"center center","background-size":"auto","background-attachment":"scroll","background-type":"","background-media":"","overlay-type":"","overlay-color":"","overlay-opacity":"","overlay-gradient":""},"mobile":{"background-color":"","background-image":"","background-repeat":"repeat","background-position":"center center","background-size":"auto","background-attachment":"scroll","background-type":"","background-media":"","overlay-type":"","overlay-color":"","overlay-opacity":"","overlay-gradient":""}},"ast-content-background-meta":{"desktop":{"background-color":"var(--ast-global-color-5)","background-image":"","background-repeat":"repeat","background-position":"center center","background-size":"auto","background-attachment":"scroll","background-type":"","background-media":"","overlay-type":"","overlay-color":"","overlay-opacity":"","overlay-gradient":""},"tablet":{"background-color":"var(--ast-global-color-5)","background-image":"","background-repeat":"repeat","background-position":"center center","background-size":"auto","background-attachment":"scroll","background-type":"","background-media":"","overlay-type":"","overlay-color":"","overlay-opacity":"","overlay-gradient":""},"mobile":{"background-color":"var(--ast-global-color-5)","background-image":"","background-repeat":"repeat","background-position":"center center","background-size":"auto","background-attachment":"scroll","background-type":"","background-media":"","overlay-type":"","overlay-color":"","overlay-opacity":"","overlay-gradient":""}}},"product_brand":[1302],"product_cat":[1330,1315,1331],"product_tag":[],"class_list":{"0":"post-16259","1":"product","2":"type-product","3":"status-publish","4":"has-post-thumbnail","6":"product_brand-vallejo","7":"product_cat-decors","8":"product_cat-accessoires","9":"product_cat-hobby-scenery-vallejo","10":"desktop-align-left","11":"tablet-align-left","12":"mobile-align-left","13":"ast-product-gallery-layout-first-image-large","14":"ast-magnify-disabled","15":"ast-product-tabs-layout-accordion","17":"first","18":"instock","19":"taxable","20":"shipping-taxable","21":"purchasable","22":"product-type-simple"},"_links":{"self":[{"href":"https:\/\/craftyminis.com\/fr\/wp-json\/wp\/v2\/product\/16259","targetHints":{"allow":["GET"]}}],"collection":[{"href":"https:\/\/craftyminis.com\/fr\/wp-json\/wp\/v2\/product"}],"about":[{"href":"https:\/\/craftyminis.com\/fr\/wp-json\/wp\/v2\/types\/product"}],"replies":[{"embeddable":true,"href":"https:\/\/craftyminis.com\/fr\/wp-json\/wp\/v2\/comments?post=16259"}],"wp:featuredmedia":[{"embeddable":true,"href":"https:\/\/craftyminis.com\/fr\/wp-json\/wp\/v2\/media\/16262"}],"wp:attachment":[{"href":"https:\/\/craftyminis.com\/fr\/wp-json\/wp\/v2\/media?parent=16259"}],"wp:term":[{"taxonomy":"product_brand","embeddable":true,"href":"https:\/\/craftyminis.com\/fr\/wp-json\/wp\/v2\/product_brand?post=16259"},{"taxonomy":"product_cat","embeddable":true,"href":"https:\/\/craftyminis.com\/fr\/wp-json\/wp\/v2\/product_cat?post=16259"},{"taxonomy":"product_tag","embeddable":true,"href":"https:\/\/craftyminis.com\/fr\/wp-json\/wp\/v2\/product_tag?post=16259"}],"curies":[{"name":"wp","href":"https:\/\/api.w.org\/{rel}","templated":true}]}}