{"id":16244,"date":"2024-04-21T17:27:57","date_gmt":"2024-04-21T16:27:57","guid":{"rendered":"https:\/\/craftyminis.com\/non%20class\u00e9\/deluxe-roket-rapide\/"},"modified":"2026-02-23T10:39:24","modified_gmt":"2026-02-23T09:39:24","slug":"deluxe-roket-rapid","status":"publish","type":"product","link":"https:\/\/craftyminis.com\/fr\/accessoires\/colles\/deluxe-roket-rapid\/","title":{"rendered":"Deluxe Roket Rapid"},"content":{"rendered":"<p>Maximisez l&rsquo;efficacit\u00e9 avec <strong>Deluxe Roket Rapid.<\/strong><\/p>\n<p>Cet adh\u00e9sif cyanoacrylate de viscosit\u00e9 moyenne est de la plus haute qualit\u00e9, con\u00e7u pour un collage rapide avec un temps de prise de 5 \u00e0 10 secondes. Il est parfait pour les projets n\u00e9cessitant une adh\u00e9rence forte et rapide. Il suffit d&rsquo;appliquer l&rsquo;adh\u00e9sif sur une surface, de presser les pi\u00e8ces ensemble, et d&rsquo;obtenir une liaison durable en quelques secondes.<\/p>\n<p>Conservez ce produit dans un endroit frais, sec et sombre pour maintenir son efficacit\u00e9.<\/p>\n<p>Conditionn\u00e9 dans un flacon de 20 g, <strong>Deluxe Roket Rapid<\/strong> convient pour le bois, le m\u00e9tal, les plastiques rigides comme le styr\u00e8ne et le PVC, ainsi que les mousses telles que l&rsquo;EPO et l&rsquo;EPP.<\/p>\n","protected":false},"excerpt":{"rendered":"<p>Deluxe Roket Rapid, un <strong>adh\u00e9sif cyanoacrylate \u00e0 viscosit\u00e9 moyenne<\/strong> avec un temps de s\u00e9chage ultra-rapide (<strong>5-10 secondes<\/strong>), parfait pour le bois, le m\u00e9tal et les plastiques rigides.<\/p>\n","protected":false},"featured_media":16245,"comment_status":"open","ping_status":"closed","template":"","meta":{"site-sidebar-layout":"default","site-content-layout":"","ast-site-content-layout":"default","site-content-style":"default","site-sidebar-style":"default","ast-global-header-display":"","ast-banner-title-visibility":"","ast-main-header-display":"","ast-hfb-above-header-display":"","ast-hfb-below-header-display":"","ast-hfb-mobile-header-display":"","site-post-title":"","ast-breadcrumbs-content":"","ast-featured-img":"","footer-sml-layout":"","ast-disable-related-posts":"","theme-transparent-header-meta":"default","adv-header-id-meta":"","stick-header-meta":"default","header-above-stick-meta":"","header-main-stick-meta":"","header-below-stick-meta":"","astra-migrate-meta-layouts":"default","ast-page-background-enabled":"default","ast-page-background-meta":{"desktop":{"background-color":"var(--ast-global-color-4)","background-image":"","background-repeat":"repeat","background-position":"center center","background-size":"auto","background-attachment":"scroll","background-type":"","background-media":"","overlay-type":"","overlay-color":"","overlay-opacity":"","overlay-gradient":""},"tablet":{"background-color":"","background-image":"","background-repeat":"repeat","background-position":"center center","background-size":"auto","background-attachment":"scroll","background-type":"","background-media":"","overlay-type":"","overlay-color":"","overlay-opacity":"","overlay-gradient":""},"mobile":{"background-color":"","background-image":"","background-repeat":"repeat","background-position":"center center","background-size":"auto","background-attachment":"scroll","background-type":"","background-media":"","overlay-type":"","overlay-color":"","overlay-opacity":"","overlay-gradient":""}},"ast-content-background-meta":{"desktop":{"background-color":"var(--ast-global-color-5)","background-image":"","background-repeat":"repeat","background-position":"center center","background-size":"auto","background-attachment":"scroll","background-type":"","background-media":"","overlay-type":"","overlay-color":"","overlay-opacity":"","overlay-gradient":""},"tablet":{"background-color":"var(--ast-global-color-5)","background-image":"","background-repeat":"repeat","background-position":"center center","background-size":"auto","background-attachment":"scroll","background-type":"","background-media":"","overlay-type":"","overlay-color":"","overlay-opacity":"","overlay-gradient":""},"mobile":{"background-color":"var(--ast-global-color-5)","background-image":"","background-repeat":"repeat","background-position":"center center","background-size":"auto","background-attachment":"scroll","background-type":"","background-media":"","overlay-type":"","overlay-color":"","overlay-opacity":"","overlay-gradient":""}}},"product_brand":[1428],"product_cat":[1318,1315,1321],"product_tag":[],"class_list":{"0":"post-16244","1":"product","2":"type-product","3":"status-publish","4":"has-post-thumbnail","6":"product_brand-deluxe-materials","7":"product_cat-colles","8":"product_cat-accessoires","9":"product_cat-colles-deluxe-materials","10":"desktop-align-left","11":"tablet-align-left","12":"mobile-align-left","13":"ast-product-gallery-layout-first-image-large","14":"ast-product-gallery-with-no-image","15":"ast-magnify-disabled","16":"ast-product-tabs-layout-accordion","18":"first","19":"instock","20":"taxable","21":"shipping-taxable","22":"purchasable","23":"product-type-simple"},"_links":{"self":[{"href":"https:\/\/craftyminis.com\/fr\/wp-json\/wp\/v2\/product\/16244","targetHints":{"allow":["GET"]}}],"collection":[{"href":"https:\/\/craftyminis.com\/fr\/wp-json\/wp\/v2\/product"}],"about":[{"href":"https:\/\/craftyminis.com\/fr\/wp-json\/wp\/v2\/types\/product"}],"replies":[{"embeddable":true,"href":"https:\/\/craftyminis.com\/fr\/wp-json\/wp\/v2\/comments?post=16244"}],"wp:featuredmedia":[{"embeddable":true,"href":"https:\/\/craftyminis.com\/fr\/wp-json\/wp\/v2\/media\/16245"}],"wp:attachment":[{"href":"https:\/\/craftyminis.com\/fr\/wp-json\/wp\/v2\/media?parent=16244"}],"wp:term":[{"taxonomy":"product_brand","embeddable":true,"href":"https:\/\/craftyminis.com\/fr\/wp-json\/wp\/v2\/product_brand?post=16244"},{"taxonomy":"product_cat","embeddable":true,"href":"https:\/\/craftyminis.com\/fr\/wp-json\/wp\/v2\/product_cat?post=16244"},{"taxonomy":"product_tag","embeddable":true,"href":"https:\/\/craftyminis.com\/fr\/wp-json\/wp\/v2\/product_tag?post=16244"}],"curies":[{"name":"wp","href":"https:\/\/api.w.org\/{rel}","templated":true}]}}