{"id":16242,"date":"2024-04-21T18:05:34","date_gmt":"2024-04-21T17:05:34","guid":{"rendered":"https:\/\/craftyminis.com\/non%20class\u00e9\/deluxe-roket-max\/"},"modified":"2026-02-23T10:39:23","modified_gmt":"2026-02-23T09:39:23","slug":"deluxe-roket-max","status":"publish","type":"product","link":"https:\/\/craftyminis.com\/fr\/accessoires\/colles\/deluxe-roket-max\/","title":{"rendered":"Deluxe Roket Max"},"content":{"rendered":"<p>Renforcez vos constructions avec <strong>Deluxe Roket Max<\/strong><\/p>\n<p>Cet adh\u00e9sif cyanoacrylate pr\u00e9sente une formule particuli\u00e8rement \u00e9paisse, con\u00e7ue pour combler efficacement les espaces et offrir une liaison solide. Deluxe Roket Max prend en 10-20 secondes, offrant une solution rapide pour le collage ou les r\u00e9parations. Id\u00e9al pour les applications n\u00e9cessitant un remplissage des espaces ou un renforcement, appliquez simplement sur une surface, assemblez les pi\u00e8ces et maintenez-les en place jusqu&rsquo;\u00e0 la prise. Pour les grandes surfaces, appliquez par sections et pressez les surfaces ensemble pour assurer une liaison compl\u00e8te.<\/p>\n<p>Conservez ce produit dans un endroit frais, sec et sombre pour maintenir son efficacit\u00e9.<\/p>\n<p>Conditionn\u00e9 dans un flacon de 20 g, <strong>Deluxe Roket<\/strong> convient pour le bois, le m\u00e9tal, les plastiques rigides comme le styr\u00e8ne et le PVC, ainsi que les mousses telles que l&rsquo;EPO et l&rsquo;EPP.<\/p>\n","protected":false},"excerpt":{"rendered":"<p>Deluxe Roket Max, un <strong>adh\u00e9sif cyanoacrylate \u00e9pais<\/strong> qui prend en 10-20 secondes, offrant une solution rapide pour le collage ou les r\u00e9parations.<\/p>\n","protected":false},"featured_media":16243,"comment_status":"open","ping_status":"closed","template":"","meta":{"site-sidebar-layout":"default","site-content-layout":"","ast-site-content-layout":"default","site-content-style":"default","site-sidebar-style":"default","ast-global-header-display":"","ast-banner-title-visibility":"","ast-main-header-display":"","ast-hfb-above-header-display":"","ast-hfb-below-header-display":"","ast-hfb-mobile-header-display":"","site-post-title":"","ast-breadcrumbs-content":"","ast-featured-img":"","footer-sml-layout":"","ast-disable-related-posts":"","theme-transparent-header-meta":"default","adv-header-id-meta":"","stick-header-meta":"default","header-above-stick-meta":"","header-main-stick-meta":"","header-below-stick-meta":"","astra-migrate-meta-layouts":"default","ast-page-background-enabled":"default","ast-page-background-meta":{"desktop":{"background-color":"var(--ast-global-color-4)","background-image":"","background-repeat":"repeat","background-position":"center center","background-size":"auto","background-attachment":"scroll","background-type":"","background-media":"","overlay-type":"","overlay-color":"","overlay-opacity":"","overlay-gradient":""},"tablet":{"background-color":"","background-image":"","background-repeat":"repeat","background-position":"center center","background-size":"auto","background-attachment":"scroll","background-type":"","background-media":"","overlay-type":"","overlay-color":"","overlay-opacity":"","overlay-gradient":""},"mobile":{"background-color":"","background-image":"","background-repeat":"repeat","background-position":"center center","background-size":"auto","background-attachment":"scroll","background-type":"","background-media":"","overlay-type":"","overlay-color":"","overlay-opacity":"","overlay-gradient":""}},"ast-content-background-meta":{"desktop":{"background-color":"var(--ast-global-color-5)","background-image":"","background-repeat":"repeat","background-position":"center center","background-size":"auto","background-attachment":"scroll","background-type":"","background-media":"","overlay-type":"","overlay-color":"","overlay-opacity":"","overlay-gradient":""},"tablet":{"background-color":"var(--ast-global-color-5)","background-image":"","background-repeat":"repeat","background-position":"center center","background-size":"auto","background-attachment":"scroll","background-type":"","background-media":"","overlay-type":"","overlay-color":"","overlay-opacity":"","overlay-gradient":""},"mobile":{"background-color":"var(--ast-global-color-5)","background-image":"","background-repeat":"repeat","background-position":"center center","background-size":"auto","background-attachment":"scroll","background-type":"","background-media":"","overlay-type":"","overlay-color":"","overlay-opacity":"","overlay-gradient":""}}},"product_brand":[2191],"product_cat":[1584,1588,1602],"product_tag":[],"class_list":{"0":"post-16242","1":"product","2":"type-product","3":"status-publish","4":"has-post-thumbnail","6":"product_brand-deluxe-materials","7":"product_cat-accessori","8":"product_cat-adesivi","9":"product_cat-adesivi-deluxe-materials","10":"desktop-align-left","11":"tablet-align-left","12":"mobile-align-left","13":"ast-product-gallery-layout-first-image-large","14":"ast-product-gallery-with-no-image","15":"ast-magnify-disabled","16":"ast-product-tabs-layout-accordion","18":"first","19":"instock","20":"taxable","21":"shipping-taxable","22":"purchasable","23":"product-type-simple"},"_links":{"self":[{"href":"https:\/\/craftyminis.com\/fr\/wp-json\/wp\/v2\/product\/16242","targetHints":{"allow":["GET"]}}],"collection":[{"href":"https:\/\/craftyminis.com\/fr\/wp-json\/wp\/v2\/product"}],"about":[{"href":"https:\/\/craftyminis.com\/fr\/wp-json\/wp\/v2\/types\/product"}],"replies":[{"embeddable":true,"href":"https:\/\/craftyminis.com\/fr\/wp-json\/wp\/v2\/comments?post=16242"}],"wp:featuredmedia":[{"embeddable":true,"href":"https:\/\/craftyminis.com\/fr\/wp-json\/wp\/v2\/media\/16243"}],"wp:attachment":[{"href":"https:\/\/craftyminis.com\/fr\/wp-json\/wp\/v2\/media?parent=16242"}],"wp:term":[{"taxonomy":"product_brand","embeddable":true,"href":"https:\/\/craftyminis.com\/fr\/wp-json\/wp\/v2\/product_brand?post=16242"},{"taxonomy":"product_cat","embeddable":true,"href":"https:\/\/craftyminis.com\/fr\/wp-json\/wp\/v2\/product_cat?post=16242"},{"taxonomy":"product_tag","embeddable":true,"href":"https:\/\/craftyminis.com\/fr\/wp-json\/wp\/v2\/product_tag?post=16242"}],"curies":[{"name":"wp","href":"https:\/\/api.w.org\/{rel}","templated":true}]}}