{"id":16240,"date":"2024-04-23T09:13:39","date_gmt":"2024-04-23T08:13:39","guid":{"rendered":"https:\/\/craftyminis.com\/non%20class\u00e9\/ultra-colle\/"},"modified":"2026-02-23T10:39:22","modified_gmt":"2026-02-23T09:39:22","slug":"ultra-glue","status":"publish","type":"product","link":"https:\/\/craftyminis.com\/fr\/accessoires\/colles\/ultra-glue\/","title":{"rendered":"Ultra Glue"},"content":{"rendered":"<p>Maximisez l&rsquo;adh\u00e9sion dans vos projets avec <strong>Ultra Glue.<\/strong><\/p>\n<p>Cet adh\u00e9sif acrylique \u00e0 base d&rsquo;eau offre une r\u00e9sistance exceptionnelle et est sp\u00e9cialement formul\u00e9 pour le collage pr\u00e9cis des pi\u00e8ces photograv\u00e9es et des \u00e9l\u00e9ments transparents sans laisser de r\u00e9sidu. Conditionn\u00e9 dans un flacon de 40 mL, Ultra Glue est \u00e9galement parfait pour une utilisation sur le carton, les maquettes architecturales, le papier ou le carton d\u00e9coup\u00e9 au laser, ainsi que sur le bois et les composants de diorama.<\/p>\n<p>Il peut \u00eatre appliqu\u00e9 au pinceau pour un placement pr\u00e9cis, facilement dilu\u00e9 et nettoy\u00e9 \u00e0 l&rsquo;eau, et <strong>s\u00e8che en 24 heures pour une finition claire et propre<\/strong>.<\/p>\n","protected":false},"excerpt":{"rendered":"<p>Adh\u00e9sif acrylique \u00e0 base d&rsquo;eau, <strong>parfait pour les pi\u00e8ces d\u00e9licates<\/strong> et le mod\u00e9lisme, s\u00e8che clair en 24 heures, disponible en flacon de 40 mL.<\/p>\n","protected":false},"featured_media":16241,"comment_status":"open","ping_status":"closed","template":"","meta":{"site-sidebar-layout":"default","site-content-layout":"","ast-site-content-layout":"default","site-content-style":"default","site-sidebar-style":"default","ast-global-header-display":"","ast-banner-title-visibility":"","ast-main-header-display":"","ast-hfb-above-header-display":"","ast-hfb-below-header-display":"","ast-hfb-mobile-header-display":"","site-post-title":"","ast-breadcrumbs-content":"","ast-featured-img":"","footer-sml-layout":"","ast-disable-related-posts":"","theme-transparent-header-meta":"default","adv-header-id-meta":"","stick-header-meta":"default","header-above-stick-meta":"","header-main-stick-meta":"","header-below-stick-meta":"","astra-migrate-meta-layouts":"default","ast-page-background-enabled":"default","ast-page-background-meta":{"desktop":{"background-color":"var(--ast-global-color-4)","background-image":"","background-repeat":"repeat","background-position":"center center","background-size":"auto","background-attachment":"scroll","background-type":"","background-media":"","overlay-type":"","overlay-color":"","overlay-opacity":"","overlay-gradient":""},"tablet":{"background-color":"","background-image":"","background-repeat":"repeat","background-position":"center center","background-size":"auto","background-attachment":"scroll","background-type":"","background-media":"","overlay-type":"","overlay-color":"","overlay-opacity":"","overlay-gradient":""},"mobile":{"background-color":"","background-image":"","background-repeat":"repeat","background-position":"center center","background-size":"auto","background-attachment":"scroll","background-type":"","background-media":"","overlay-type":"","overlay-color":"","overlay-opacity":"","overlay-gradient":""}},"ast-content-background-meta":{"desktop":{"background-color":"var(--ast-global-color-5)","background-image":"","background-repeat":"repeat","background-position":"center center","background-size":"auto","background-attachment":"scroll","background-type":"","background-media":"","overlay-type":"","overlay-color":"","overlay-opacity":"","overlay-gradient":""},"tablet":{"background-color":"var(--ast-global-color-5)","background-image":"","background-repeat":"repeat","background-position":"center center","background-size":"auto","background-attachment":"scroll","background-type":"","background-media":"","overlay-type":"","overlay-color":"","overlay-opacity":"","overlay-gradient":""},"mobile":{"background-color":"var(--ast-global-color-5)","background-image":"","background-repeat":"repeat","background-position":"center center","background-size":"auto","background-attachment":"scroll","background-type":"","background-media":"","overlay-type":"","overlay-color":"","overlay-opacity":"","overlay-gradient":""}}},"product_brand":[1430],"product_cat":[1318,1315,1319],"product_tag":[],"class_list":{"0":"post-16240","1":"product","2":"type-product","3":"status-publish","4":"has-post-thumbnail","6":"product_brand-ammo-mig-jimenez","7":"product_cat-colles","8":"product_cat-accessoires","9":"product_cat-colles-ammo","10":"desktop-align-left","11":"tablet-align-left","12":"mobile-align-left","13":"ast-product-gallery-layout-first-image-large","14":"ast-product-gallery-with-no-image","15":"ast-magnify-disabled","16":"ast-product-tabs-layout-accordion","18":"first","19":"instock","20":"taxable","21":"shipping-taxable","22":"purchasable","23":"product-type-simple"},"_links":{"self":[{"href":"https:\/\/craftyminis.com\/fr\/wp-json\/wp\/v2\/product\/16240","targetHints":{"allow":["GET"]}}],"collection":[{"href":"https:\/\/craftyminis.com\/fr\/wp-json\/wp\/v2\/product"}],"about":[{"href":"https:\/\/craftyminis.com\/fr\/wp-json\/wp\/v2\/types\/product"}],"replies":[{"embeddable":true,"href":"https:\/\/craftyminis.com\/fr\/wp-json\/wp\/v2\/comments?post=16240"}],"wp:featuredmedia":[{"embeddable":true,"href":"https:\/\/craftyminis.com\/fr\/wp-json\/wp\/v2\/media\/16241"}],"wp:attachment":[{"href":"https:\/\/craftyminis.com\/fr\/wp-json\/wp\/v2\/media?parent=16240"}],"wp:term":[{"taxonomy":"product_brand","embeddable":true,"href":"https:\/\/craftyminis.com\/fr\/wp-json\/wp\/v2\/product_brand?post=16240"},{"taxonomy":"product_cat","embeddable":true,"href":"https:\/\/craftyminis.com\/fr\/wp-json\/wp\/v2\/product_cat?post=16240"},{"taxonomy":"product_tag","embeddable":true,"href":"https:\/\/craftyminis.com\/fr\/wp-json\/wp\/v2\/product_tag?post=16240"}],"curies":[{"name":"wp","href":"https:\/\/api.w.org\/{rel}","templated":true}]}}