{"id":16225,"date":"2024-04-16T17:56:57","date_gmt":"2024-04-16T16:56:57","guid":{"rendered":"https:\/\/craftyminis.com\/non%20class\u00e9\/medium-xpress-72448-game-color-vallejo\/"},"modified":"2026-02-23T09:02:41","modified_gmt":"2026-02-23T08:02:41","slug":"medium-xpress-72448-game-color-vallejo","status":"publish","type":"product","link":"https:\/\/craftyminis.com\/fr\/peintures\/medium-xpress-72448-game-color-vallejo\/","title":{"rendered":"Medium Xpress 72448 Game Color Vallejo"},"content":{"rendered":"<p><strong>Explorez les Possibilit\u00e9s avec Vallejo Xpress Color Medium Xpress<\/strong><\/p>\n<p>\u00c9largissez votre palette cr\u00e9ative avec Xpress Medium, le compagnon parfait de la gamme Xpress Color. Ce m\u00e9dium vous permet de m\u00e9langer les couleurs existantes ou de les diluer pour personnaliser les nuances et les effets, vous offrant la libert\u00e9 d&rsquo;explorer de nouvelles possibilit\u00e9s artistiques dans vos projets de peinture.<\/p>\n<p><strong>Pr\u00e9sentation Optimale :<\/strong><br \/>\nXpress Color, y compris le Xpress Medium, est disponible en flacons compte-gouttes de 18 ml\/0,6 fl oz. Ce design intelligent minimise l&rsquo;\u00e9vaporation et emp\u00eache la peinture de s\u00e9cher, garantissant une utilisation efficace et durable de chaque goutte.<\/p>\n<p>Ajoutez Vallejo Medium Xpress \u00e0 votre kit de peinture pour diluer les Xpress Colors.<\/p>\n","protected":false},"excerpt":{"rendered":"<p>D\u00e9couvrez <strong>Medium Xpress de Vallejo<\/strong>, un m\u00e9dium qui vous permet de m\u00e9langer des couleurs existantes ou de les diluer pour personnaliser les nuances et les effets, vous offrant la libert\u00e9 d&rsquo;explorer de nouvelles possibilit\u00e9s artistiques dans vos projets de peinture.<\/p>\n","protected":false},"featured_media":16226,"comment_status":"open","ping_status":"closed","template":"","meta":{"site-sidebar-layout":"default","site-content-layout":"","ast-site-content-layout":"default","site-content-style":"default","site-sidebar-style":"default","ast-global-header-display":"","ast-banner-title-visibility":"","ast-main-header-display":"","ast-hfb-above-header-display":"","ast-hfb-below-header-display":"","ast-hfb-mobile-header-display":"","site-post-title":"","ast-breadcrumbs-content":"","ast-featured-img":"","footer-sml-layout":"","ast-disable-related-posts":"","theme-transparent-header-meta":"default","adv-header-id-meta":"","stick-header-meta":"default","header-above-stick-meta":"","header-main-stick-meta":"","header-below-stick-meta":"","astra-migrate-meta-layouts":"default","ast-page-background-enabled":"default","ast-page-background-meta":{"desktop":{"background-color":"var(--ast-global-color-4)","background-image":"","background-repeat":"repeat","background-position":"center center","background-size":"auto","background-attachment":"scroll","background-type":"","background-media":"","overlay-type":"","overlay-color":"","overlay-opacity":"","overlay-gradient":""},"tablet":{"background-color":"","background-image":"","background-repeat":"repeat","background-position":"center center","background-size":"auto","background-attachment":"scroll","background-type":"","background-media":"","overlay-type":"","overlay-color":"","overlay-opacity":"","overlay-gradient":""},"mobile":{"background-color":"","background-image":"","background-repeat":"repeat","background-position":"center center","background-size":"auto","background-attachment":"scroll","background-type":"","background-media":"","overlay-type":"","overlay-color":"","overlay-opacity":"","overlay-gradient":""}},"ast-content-background-meta":{"desktop":{"background-color":"var(--ast-global-color-5)","background-image":"","background-repeat":"repeat","background-position":"center center","background-size":"auto","background-attachment":"scroll","background-type":"","background-media":"","overlay-type":"","overlay-color":"","overlay-opacity":"","overlay-gradient":""},"tablet":{"background-color":"var(--ast-global-color-5)","background-image":"","background-repeat":"repeat","background-position":"center center","background-size":"auto","background-attachment":"scroll","background-type":"","background-media":"","overlay-type":"","overlay-color":"","overlay-opacity":"","overlay-gradient":""},"mobile":{"background-color":"var(--ast-global-color-5)","background-image":"","background-repeat":"repeat","background-position":"center center","background-size":"auto","background-attachment":"scroll","background-type":"","background-media":"","overlay-type":"","overlay-color":"","overlay-opacity":"","overlay-gradient":""}}},"product_brand":[1302],"product_cat":[1303,1410,1411],"product_tag":[],"class_list":{"0":"post-16225","1":"product","2":"type-product","3":"status-publish","4":"has-post-thumbnail","6":"product_brand-vallejo","7":"product_cat-peintures","8":"product_cat-produits-auxiliaires","9":"product_cat-produits-auxiliaires-vallejo","10":"desktop-align-left","11":"tablet-align-left","12":"mobile-align-left","13":"ast-product-gallery-layout-first-image-large","14":"ast-product-gallery-with-no-image","15":"ast-magnify-disabled","16":"ast-product-tabs-layout-accordion","18":"first","19":"instock","20":"taxable","21":"shipping-taxable","22":"purchasable","23":"product-type-simple"},"_links":{"self":[{"href":"https:\/\/craftyminis.com\/fr\/wp-json\/wp\/v2\/product\/16225","targetHints":{"allow":["GET"]}}],"collection":[{"href":"https:\/\/craftyminis.com\/fr\/wp-json\/wp\/v2\/product"}],"about":[{"href":"https:\/\/craftyminis.com\/fr\/wp-json\/wp\/v2\/types\/product"}],"replies":[{"embeddable":true,"href":"https:\/\/craftyminis.com\/fr\/wp-json\/wp\/v2\/comments?post=16225"}],"wp:featuredmedia":[{"embeddable":true,"href":"https:\/\/craftyminis.com\/fr\/wp-json\/wp\/v2\/media\/16226"}],"wp:attachment":[{"href":"https:\/\/craftyminis.com\/fr\/wp-json\/wp\/v2\/media?parent=16225"}],"wp:term":[{"taxonomy":"product_brand","embeddable":true,"href":"https:\/\/craftyminis.com\/fr\/wp-json\/wp\/v2\/product_brand?post=16225"},{"taxonomy":"product_cat","embeddable":true,"href":"https:\/\/craftyminis.com\/fr\/wp-json\/wp\/v2\/product_cat?post=16225"},{"taxonomy":"product_tag","embeddable":true,"href":"https:\/\/craftyminis.com\/fr\/wp-json\/wp\/v2\/product_tag?post=16225"}],"curies":[{"name":"wp","href":"https:\/\/api.w.org\/{rel}","templated":true}]}}