{"id":16223,"date":"2024-04-17T09:28:38","date_gmt":"2024-04-17T08:28:38","guid":{"rendered":"https:\/\/craftyminis.com\/non%20class\u00e9\/medium-metalico-70521-vallejo\/"},"modified":"2026-02-23T09:02:40","modified_gmt":"2026-02-23T08:02:40","slug":"metallic-medium-vallejo-70521","status":"publish","type":"product","link":"https:\/\/craftyminis.com\/fr\/peintures\/metallic-medium-vallejo-70521\/","title":{"rendered":"Metallic Medium 70521 Vallejo"},"content":{"rendered":"<p><strong>D\u00e9couvrez la polyvalence du Vallejo Metallic Medium<\/strong><\/p>\n<p>Metallic Medium est un m\u00e9dium acrylique avec mica, con\u00e7u pour transformer n&rsquo;importe quelle couleur de peinture. En le m\u00e9langeant avec vos peintures habituelles, vous pouvez ajouter un \u00e9clat nacr\u00e9 \u00e0 vos cr\u00e9ations ou l&rsquo;utiliser seul pour obtenir des effets argent\u00e9s et iris\u00e9s qui captent la lumi\u00e8re et ajoutent une profondeur visuelle impressionnante \u00e0 vos projets.<\/p>\n<p><strong>Pr\u00e9sentation optimale :<\/strong><br \/>\nIl est pr\u00e9sent\u00e9 en flacons compte-gouttes de 18 ml\/0,6 fl oz, un design intelligent qui minimise l&rsquo;\u00e9vaporation et emp\u00eache la peinture de s\u00e9cher, garantissant une utilisation efficace et durable de chaque goutte.<\/p>\n<p>Ajoutez le Vallejo Metallic Medium \u00e0 votre kit de peinture pour apporter une touche iris\u00e9e \u00e0 vos peintures, parfait pour des effets nacr\u00e9s ou argent\u00e9s dans vos projets.<\/p>\n","protected":false},"excerpt":{"rendered":"<p>D\u00e9couvrez <strong>Vallejo Metallic Medium<\/strong>, un m\u00e9dium qui ajoute une touche iris\u00e9e \u00e0 vos peintures, parfait pour des effets nacr\u00e9s ou argent\u00e9s dans vos projets.<\/p>\n","protected":false},"featured_media":16224,"comment_status":"open","ping_status":"closed","template":"","meta":{"site-sidebar-layout":"default","site-content-layout":"","ast-site-content-layout":"default","site-content-style":"default","site-sidebar-style":"default","ast-global-header-display":"","ast-banner-title-visibility":"","ast-main-header-display":"","ast-hfb-above-header-display":"","ast-hfb-below-header-display":"","ast-hfb-mobile-header-display":"","site-post-title":"","ast-breadcrumbs-content":"","ast-featured-img":"","footer-sml-layout":"","ast-disable-related-posts":"","theme-transparent-header-meta":"default","adv-header-id-meta":"","stick-header-meta":"default","header-above-stick-meta":"","header-main-stick-meta":"","header-below-stick-meta":"","astra-migrate-meta-layouts":"default","ast-page-background-enabled":"default","ast-page-background-meta":{"desktop":{"background-color":"var(--ast-global-color-4)","background-image":"","background-repeat":"repeat","background-position":"center center","background-size":"auto","background-attachment":"scroll","background-type":"","background-media":"","overlay-type":"","overlay-color":"","overlay-opacity":"","overlay-gradient":""},"tablet":{"background-color":"","background-image":"","background-repeat":"repeat","background-position":"center center","background-size":"auto","background-attachment":"scroll","background-type":"","background-media":"","overlay-type":"","overlay-color":"","overlay-opacity":"","overlay-gradient":""},"mobile":{"background-color":"","background-image":"","background-repeat":"repeat","background-position":"center center","background-size":"auto","background-attachment":"scroll","background-type":"","background-media":"","overlay-type":"","overlay-color":"","overlay-opacity":"","overlay-gradient":""}},"ast-content-background-meta":{"desktop":{"background-color":"var(--ast-global-color-5)","background-image":"","background-repeat":"repeat","background-position":"center center","background-size":"auto","background-attachment":"scroll","background-type":"","background-media":"","overlay-type":"","overlay-color":"","overlay-opacity":"","overlay-gradient":""},"tablet":{"background-color":"var(--ast-global-color-5)","background-image":"","background-repeat":"repeat","background-position":"center center","background-size":"auto","background-attachment":"scroll","background-type":"","background-media":"","overlay-type":"","overlay-color":"","overlay-opacity":"","overlay-gradient":""},"mobile":{"background-color":"var(--ast-global-color-5)","background-image":"","background-repeat":"repeat","background-position":"center center","background-size":"auto","background-attachment":"scroll","background-type":"","background-media":"","overlay-type":"","overlay-color":"","overlay-opacity":"","overlay-gradient":""}}},"product_brand":[1302],"product_cat":[1303,1410,1411],"product_tag":[],"class_list":{"0":"post-16223","1":"product","2":"type-product","3":"status-publish","4":"has-post-thumbnail","6":"product_brand-vallejo","7":"product_cat-peintures","8":"product_cat-produits-auxiliaires","9":"product_cat-produits-auxiliaires-vallejo","10":"desktop-align-left","11":"tablet-align-left","12":"mobile-align-left","13":"ast-product-gallery-layout-first-image-large","14":"ast-product-gallery-with-no-image","15":"ast-magnify-disabled","16":"ast-product-tabs-layout-accordion","18":"first","19":"instock","20":"taxable","21":"shipping-taxable","22":"purchasable","23":"product-type-simple"},"_links":{"self":[{"href":"https:\/\/craftyminis.com\/fr\/wp-json\/wp\/v2\/product\/16223","targetHints":{"allow":["GET"]}}],"collection":[{"href":"https:\/\/craftyminis.com\/fr\/wp-json\/wp\/v2\/product"}],"about":[{"href":"https:\/\/craftyminis.com\/fr\/wp-json\/wp\/v2\/types\/product"}],"replies":[{"embeddable":true,"href":"https:\/\/craftyminis.com\/fr\/wp-json\/wp\/v2\/comments?post=16223"}],"wp:featuredmedia":[{"embeddable":true,"href":"https:\/\/craftyminis.com\/fr\/wp-json\/wp\/v2\/media\/16224"}],"wp:attachment":[{"href":"https:\/\/craftyminis.com\/fr\/wp-json\/wp\/v2\/media?parent=16223"}],"wp:term":[{"taxonomy":"product_brand","embeddable":true,"href":"https:\/\/craftyminis.com\/fr\/wp-json\/wp\/v2\/product_brand?post=16223"},{"taxonomy":"product_cat","embeddable":true,"href":"https:\/\/craftyminis.com\/fr\/wp-json\/wp\/v2\/product_cat?post=16223"},{"taxonomy":"product_tag","embeddable":true,"href":"https:\/\/craftyminis.com\/fr\/wp-json\/wp\/v2\/product_tag?post=16223"}],"curies":[{"name":"wp","href":"https:\/\/api.w.org\/{rel}","templated":true}]}}