{"id":16217,"date":"2024-04-26T19:59:40","date_gmt":"2024-04-26T18:59:40","guid":{"rendered":"https:\/\/craftyminis.com\/non%20class\u00e9\/color-acrilico-diluyente-transparator-a-mig-2016\/"},"modified":"2026-02-23T09:02:37","modified_gmt":"2026-02-23T08:02:37","slug":"transparator-thinner-a-mig-2016","status":"publish","type":"product","link":"https:\/\/craftyminis.com\/fr\/peintures\/transparator-thinner-a-mig-2016\/","title":{"rendered":"Transparator Thinner A.MIG-2016"},"content":{"rendered":"<p>Perfectionnez vos miniatures et mod\u00e8les avec le <strong>Diluant Transparator A.MIG-2016<\/strong>.<\/p>\n<p>Ce diluant \u00e0 base d&rsquo;eau est sp\u00e9cialement con\u00e7u pour les acryliques AMMO mais est \u00e9galement compatible avec d&rsquo;autres marques de peinture acrylique. C\u2019est le produit id\u00e9al pour appliquer des couches semi-transparentes aussi bien au pinceau qu\u2019\u00e0 l\u2019a\u00e9rographe, en pr\u00e9servant la qualit\u00e9 et la finition originales de la peinture. Soluble dans l&rsquo;eau, inodore et non toxique, il garantit une application s\u00fbre et efficace.<\/p>\n<p>Chaque flacon comprend un agitateur en acier inoxydable pour assurer un m\u00e9lange rapide et homog\u00e8ne. La peinture dilu\u00e9e s\u00e8che compl\u00e8tement en 24 heures.<\/p>\n<p>Ajoutez le Diluant Transparator d\u2019AMMO MIG \u00e0 votre kit de peinture pour optimiser l\u2019application de vos peintures acryliques, assurant des <strong>couches lisses et uniformes<\/strong> que vous utilisiez un pinceau ou un a\u00e9rographe.<\/p>\n","protected":false},"excerpt":{"rendered":"<p>Diluant Transparator 17 ml, con\u00e7u pour optimiser l&rsquo;application de vos peintures acryliques, garantissant des <strong>couches lisses et uniformes<\/strong> que vous utilisiez un pinceau ou un a\u00e9rographe.<\/p>\n","protected":false},"featured_media":16218,"comment_status":"open","ping_status":"closed","template":"","meta":{"site-sidebar-layout":"default","site-content-layout":"","ast-site-content-layout":"default","site-content-style":"default","site-sidebar-style":"default","ast-global-header-display":"","ast-banner-title-visibility":"","ast-main-header-display":"","ast-hfb-above-header-display":"","ast-hfb-below-header-display":"","ast-hfb-mobile-header-display":"","site-post-title":"","ast-breadcrumbs-content":"","ast-featured-img":"","footer-sml-layout":"","ast-disable-related-posts":"","theme-transparent-header-meta":"default","adv-header-id-meta":"","stick-header-meta":"default","header-above-stick-meta":"","header-main-stick-meta":"","header-below-stick-meta":"","astra-migrate-meta-layouts":"default","ast-page-background-enabled":"default","ast-page-background-meta":{"desktop":{"background-color":"var(--ast-global-color-4)","background-image":"","background-repeat":"repeat","background-position":"center center","background-size":"auto","background-attachment":"scroll","background-type":"","background-media":"","overlay-type":"","overlay-color":"","overlay-opacity":"","overlay-gradient":""},"tablet":{"background-color":"","background-image":"","background-repeat":"repeat","background-position":"center center","background-size":"auto","background-attachment":"scroll","background-type":"","background-media":"","overlay-type":"","overlay-color":"","overlay-opacity":"","overlay-gradient":""},"mobile":{"background-color":"","background-image":"","background-repeat":"repeat","background-position":"center center","background-size":"auto","background-attachment":"scroll","background-type":"","background-media":"","overlay-type":"","overlay-color":"","overlay-opacity":"","overlay-gradient":""}},"ast-content-background-meta":{"desktop":{"background-color":"var(--ast-global-color-5)","background-image":"","background-repeat":"repeat","background-position":"center center","background-size":"auto","background-attachment":"scroll","background-type":"","background-media":"","overlay-type":"","overlay-color":"","overlay-opacity":"","overlay-gradient":""},"tablet":{"background-color":"var(--ast-global-color-5)","background-image":"","background-repeat":"repeat","background-position":"center center","background-size":"auto","background-attachment":"scroll","background-type":"","background-media":"","overlay-type":"","overlay-color":"","overlay-opacity":"","overlay-gradient":""},"mobile":{"background-color":"var(--ast-global-color-5)","background-image":"","background-repeat":"repeat","background-position":"center center","background-size":"auto","background-attachment":"scroll","background-type":"","background-media":"","overlay-type":"","overlay-color":"","overlay-opacity":"","overlay-gradient":""}}},"product_brand":[1430],"product_cat":[1303,1410],"product_tag":[],"class_list":{"0":"post-16217","1":"product","2":"type-product","3":"status-publish","4":"has-post-thumbnail","6":"product_brand-ammo-mig-jimenez","7":"product_cat-peintures","8":"product_cat-produits-auxiliaires","9":"desktop-align-left","10":"tablet-align-left","11":"mobile-align-left","12":"ast-product-gallery-layout-first-image-large","13":"ast-product-gallery-with-no-image","14":"ast-magnify-disabled","15":"ast-product-tabs-layout-accordion","17":"first","18":"instock","19":"taxable","20":"shipping-taxable","21":"purchasable","22":"product-type-simple"},"_links":{"self":[{"href":"https:\/\/craftyminis.com\/fr\/wp-json\/wp\/v2\/product\/16217","targetHints":{"allow":["GET"]}}],"collection":[{"href":"https:\/\/craftyminis.com\/fr\/wp-json\/wp\/v2\/product"}],"about":[{"href":"https:\/\/craftyminis.com\/fr\/wp-json\/wp\/v2\/types\/product"}],"replies":[{"embeddable":true,"href":"https:\/\/craftyminis.com\/fr\/wp-json\/wp\/v2\/comments?post=16217"}],"wp:featuredmedia":[{"embeddable":true,"href":"https:\/\/craftyminis.com\/fr\/wp-json\/wp\/v2\/media\/16218"}],"wp:attachment":[{"href":"https:\/\/craftyminis.com\/fr\/wp-json\/wp\/v2\/media?parent=16217"}],"wp:term":[{"taxonomy":"product_brand","embeddable":true,"href":"https:\/\/craftyminis.com\/fr\/wp-json\/wp\/v2\/product_brand?post=16217"},{"taxonomy":"product_cat","embeddable":true,"href":"https:\/\/craftyminis.com\/fr\/wp-json\/wp\/v2\/product_cat?post=16217"},{"taxonomy":"product_tag","embeddable":true,"href":"https:\/\/craftyminis.com\/fr\/wp-json\/wp\/v2\/product_tag?post=16217"}],"curies":[{"name":"wp","href":"https:\/\/api.w.org\/{rel}","templated":true}]}}