{"id":16211,"date":"2025-01-07T21:55:33","date_gmt":"2025-01-07T20:55:33","guid":{"rendered":"https:\/\/craftyminis.com\/non%20class\u00e9\/ablandador-de-calcas-73212-vallejo\/"},"modified":"2026-02-23T09:02:34","modified_gmt":"2026-02-23T08:02:34","slug":"decal-softener-73212-vallejo","status":"publish","type":"product","link":"https:\/\/craftyminis.com\/fr\/peintures\/decal-softener-73212-vallejo\/","title":{"rendered":"Decal Softener 73212 Vallejo"},"content":{"rendered":"<p><strong>Decal Softener 73212 Vallejo<\/strong><\/p>\n<p>Le <strong>Decal Softener 73212 Vallejo<\/strong> est sp\u00e9cialement formul\u00e9 pour prot\u00e9ger et assouplir les d\u00e9calcomanies, facilitant ainsi leur adaptation aux surfaces des maquettes \u00e0 l\u2019\u00e9chelle. Sa composition garantit que les d\u00e9calcomanies adh\u00e8rent pr\u00e9cis\u00e9ment aux d\u00e9tails complexes du mod\u00e8le, tels que les lignes de panneau, les surfaces en relief, les vis et les rivets. Selon l\u2019\u00e9paisseur et la qualit\u00e9 des d\u00e9calcomanies, plusieurs applications peuvent \u00eatre n\u00e9cessaires.<\/p>\n<p>Optionnellement, une fois la d\u00e9calcomanie appliqu\u00e9e et fix\u00e9e, une couche finale de vernis peut \u00eatre ajout\u00e9e pour une protection suppl\u00e9mentaire.<\/p>\n<p><strong>Attention :<\/strong> Ce produit contient de l\u2019alcool, est inflammable, et doit \u00eatre utilis\u00e9 conform\u00e9ment aux consignes de s\u00e9curit\u00e9.<\/p>\n","protected":false},"excerpt":{"rendered":"<p>\u00c9limine les r\u00e9sidus de peinture et pr\u00e9serve les m\u00e9canismes de l&rsquo;a\u00e9rographe sans causer de dommages. Parfait pour un nettoyage pr\u00e9cis de la valve et de la buse.<\/p>\n","protected":false},"featured_media":16212,"comment_status":"open","ping_status":"closed","template":"","meta":{"site-sidebar-layout":"default","site-content-layout":"","ast-site-content-layout":"default","site-content-style":"default","site-sidebar-style":"default","ast-global-header-display":"","ast-banner-title-visibility":"","ast-main-header-display":"","ast-hfb-above-header-display":"","ast-hfb-below-header-display":"","ast-hfb-mobile-header-display":"","site-post-title":"","ast-breadcrumbs-content":"","ast-featured-img":"","footer-sml-layout":"","ast-disable-related-posts":"","theme-transparent-header-meta":"default","adv-header-id-meta":"","stick-header-meta":"default","header-above-stick-meta":"","header-main-stick-meta":"","header-below-stick-meta":"","astra-migrate-meta-layouts":"default","ast-page-background-enabled":"default","ast-page-background-meta":{"desktop":{"background-color":"var(--ast-global-color-4)","background-image":"","background-repeat":"repeat","background-position":"center center","background-size":"auto","background-attachment":"scroll","background-type":"","background-media":"","overlay-type":"","overlay-color":"","overlay-opacity":"","overlay-gradient":""},"tablet":{"background-color":"","background-image":"","background-repeat":"repeat","background-position":"center center","background-size":"auto","background-attachment":"scroll","background-type":"","background-media":"","overlay-type":"","overlay-color":"","overlay-opacity":"","overlay-gradient":""},"mobile":{"background-color":"","background-image":"","background-repeat":"repeat","background-position":"center center","background-size":"auto","background-attachment":"scroll","background-type":"","background-media":"","overlay-type":"","overlay-color":"","overlay-opacity":"","overlay-gradient":""}},"ast-content-background-meta":{"desktop":{"background-color":"var(--ast-global-color-5)","background-image":"","background-repeat":"repeat","background-position":"center center","background-size":"auto","background-attachment":"scroll","background-type":"","background-media":"","overlay-type":"","overlay-color":"","overlay-opacity":"","overlay-gradient":""},"tablet":{"background-color":"var(--ast-global-color-5)","background-image":"","background-repeat":"repeat","background-position":"center center","background-size":"auto","background-attachment":"scroll","background-type":"","background-media":"","overlay-type":"","overlay-color":"","overlay-opacity":"","overlay-gradient":""},"mobile":{"background-color":"var(--ast-global-color-5)","background-image":"","background-repeat":"repeat","background-position":"center center","background-size":"auto","background-attachment":"scroll","background-type":"","background-media":"","overlay-type":"","overlay-color":"","overlay-opacity":"","overlay-gradient":""}}},"product_brand":[1302],"product_cat":[1303,1410,1411],"product_tag":[],"class_list":{"0":"post-16211","1":"product","2":"type-product","3":"status-publish","4":"has-post-thumbnail","6":"product_brand-vallejo","7":"product_cat-peintures","8":"product_cat-produits-auxiliaires","9":"product_cat-produits-auxiliaires-vallejo","10":"desktop-align-left","11":"tablet-align-left","12":"mobile-align-left","13":"ast-product-gallery-layout-first-image-large","14":"ast-product-gallery-with-no-image","15":"ast-magnify-disabled","16":"ast-product-tabs-layout-accordion","18":"first","19":"instock","20":"taxable","21":"shipping-taxable","22":"purchasable","23":"product-type-simple"},"_links":{"self":[{"href":"https:\/\/craftyminis.com\/fr\/wp-json\/wp\/v2\/product\/16211","targetHints":{"allow":["GET"]}}],"collection":[{"href":"https:\/\/craftyminis.com\/fr\/wp-json\/wp\/v2\/product"}],"about":[{"href":"https:\/\/craftyminis.com\/fr\/wp-json\/wp\/v2\/types\/product"}],"replies":[{"embeddable":true,"href":"https:\/\/craftyminis.com\/fr\/wp-json\/wp\/v2\/comments?post=16211"}],"wp:featuredmedia":[{"embeddable":true,"href":"https:\/\/craftyminis.com\/fr\/wp-json\/wp\/v2\/media\/16212"}],"wp:attachment":[{"href":"https:\/\/craftyminis.com\/fr\/wp-json\/wp\/v2\/media?parent=16211"}],"wp:term":[{"taxonomy":"product_brand","embeddable":true,"href":"https:\/\/craftyminis.com\/fr\/wp-json\/wp\/v2\/product_brand?post=16211"},{"taxonomy":"product_cat","embeddable":true,"href":"https:\/\/craftyminis.com\/fr\/wp-json\/wp\/v2\/product_cat?post=16211"},{"taxonomy":"product_tag","embeddable":true,"href":"https:\/\/craftyminis.com\/fr\/wp-json\/wp\/v2\/product_tag?post=16211"}],"curies":[{"name":"wp","href":"https:\/\/api.w.org\/{rel}","templated":true}]}}