{"id":16174,"date":"2024-04-28T08:39:08","date_gmt":"2024-04-28T07:39:08","guid":{"rendered":"https:\/\/craftyminis.com\/non%20class\u00e9\/lucky-varnish-barniz-ultra-mate-a-mig-2054\/"},"modified":"2026-02-23T09:02:12","modified_gmt":"2026-02-23T08:02:12","slug":"lucky-varnish-ultra-matt-varnish-a-mig-2054","status":"publish","type":"product","link":"https:\/\/craftyminis.com\/fr\/peintures\/lucky-varnish-ultra-matt-varnish-a-mig-2054\/","title":{"rendered":"Ultra-Matt Varnish A.MIG-2054"},"content":{"rendered":"<p>Am\u00e9liorez vos miniatures et mod\u00e8les avec <strong>Vernis Ultra-Mat A.MIG-2054.<\/strong><\/p>\n<p>Un vernis mat adapt\u00e9 \u00e0 toutes les peintures acryliques, offrant une finition totalement mate. Ce produit propose deux applications principales :<\/p>\n<ul>\n<li>Il peut \u00eatre utilis\u00e9 directement sorti du flacon comme vernis final pour une finition ultra-mate.<\/li>\n<li>Il peut \u00e9galement \u00eatre m\u00e9lang\u00e9 avec d&rsquo;autres peintures acryliques pour r\u00e9duire leur brillance.<\/li>\n<\/ul>\n<p>L&rsquo;application du vernis a toujours \u00e9t\u00e9 un d\u00e9fi important pour les maquettistes. Beaucoup ont connu des r\u00e9sultats d\u00e9favorables en utilisant des vernis inadapt\u00e9s ou de faible qualit\u00e9. Le vernissage est en effet une \u00e9tape cruciale dans la construction de mod\u00e8les. AMMO pr\u00e9sente d\u00e9sormais une gamme compl\u00e8te de vernis garantissant le succ\u00e8s de chaque projet de mod\u00e9lisme.<\/p>\n<p>Ce vernis acrylique facilite l&rsquo;obtention d&rsquo;une efficacit\u00e9 optimale, que ce soit \u00e0 l&rsquo;a\u00e9rographe ou au pinceau. Il peut \u00eatre appliqu\u00e9 en couches fines directement sorti du flacon sans dilution, assurant une finition impeccable. Lors de l&rsquo;utilisation d&rsquo;un a\u00e9rographe, pulv\u00e9risez \u00e0 une distance d&rsquo;environ 15 cm. Le produit est non toxique, inodore, soluble dans l&rsquo;eau, et doit \u00eatre bien agit\u00e9 avant usage. Il <strong>s\u00e8che compl\u00e8tement en 24 heures.<\/strong><\/p>\n<p>Cette gamme de vernis a \u00e9t\u00e9 perfectionn\u00e9e sur plusieurs ann\u00e9es pour garantir aux maquettistes des r\u00e9sultats exceptionnels \u00e0 chaque application. Ne laissez rien au hasard\u2014faites confiance \u00e0 la sup\u00e9riorit\u00e9 du nouveau LUCKY VARNISH. Avec ces produits, vos finitions de mod\u00e8les ne d\u00e9pendront plus de l&rsquo;inconstance des vernis courants. Compl\u00e9tez votre assortiment avec cette s\u00e9rie pour couvrir tous les besoins du mod\u00e9lisme, du brillant au ultra-mat.<\/p>\n<p>Ajoutez AMMO MIG Vernis Ultra-Mat \u00e0 votre kit de peinture pour offrir <strong>des finitions transparentes exceptionnelles pour tout mod\u00e8le et th\u00e8me.<\/strong> Il ne jaunit pas et n&rsquo;alt\u00e8re pas les couleurs d&rsquo;origine. Parfait pour une utilisation \u00e0 l&rsquo;a\u00e9rographe ou au pinceau.<br \/>\n1- Lors de l&rsquo;utilisation d&rsquo;un a\u00e9rographe, effectuez des passages l\u00e9gers et brefs \u00e0 une pression de 1,2 bar (17 psi) pour \u00e9viter les accumulations.<br \/>\n2- Laissez au moins 5 minutes de temps de s\u00e9chage entre les couches. \u00c9vitez de saturer la surface.<br \/>\n3- Laissez s\u00e9cher compl\u00e8tement pendant 12 heures.<br \/>\n4- Aucune dilution n&rsquo;est n\u00e9cessaire. Nettoyez les outils avec A.MIG-2000 Acrylic Thinner ou de l&rsquo;eau.<\/p>\n","protected":false},"excerpt":{"rendered":"<p>Vernis mat multifonction pour peintures acryliques, <strong>parfait pour obtenir des finitions ultra-mates et ajuster les niveaux de brillance<\/strong>, avec application directe et sans besoin de dilution.<\/p>\n","protected":false},"featured_media":16175,"comment_status":"open","ping_status":"closed","template":"","meta":{"site-sidebar-layout":"default","site-content-layout":"","ast-site-content-layout":"default","site-content-style":"default","site-sidebar-style":"default","ast-global-header-display":"","ast-banner-title-visibility":"","ast-main-header-display":"","ast-hfb-above-header-display":"","ast-hfb-below-header-display":"","ast-hfb-mobile-header-display":"","site-post-title":"","ast-breadcrumbs-content":"","ast-featured-img":"","footer-sml-layout":"","ast-disable-related-posts":"","theme-transparent-header-meta":"default","adv-header-id-meta":"","stick-header-meta":"default","header-above-stick-meta":"","header-main-stick-meta":"","header-below-stick-meta":"","astra-migrate-meta-layouts":"default","ast-page-background-enabled":"default","ast-page-background-meta":{"desktop":{"background-color":"var(--ast-global-color-4)","background-image":"","background-repeat":"repeat","background-position":"center center","background-size":"auto","background-attachment":"scroll","background-type":"","background-media":"","overlay-type":"","overlay-color":"","overlay-opacity":"","overlay-gradient":""},"tablet":{"background-color":"","background-image":"","background-repeat":"repeat","background-position":"center center","background-size":"auto","background-attachment":"scroll","background-type":"","background-media":"","overlay-type":"","overlay-color":"","overlay-opacity":"","overlay-gradient":""},"mobile":{"background-color":"","background-image":"","background-repeat":"repeat","background-position":"center center","background-size":"auto","background-attachment":"scroll","background-type":"","background-media":"","overlay-type":"","overlay-color":"","overlay-opacity":"","overlay-gradient":""}},"ast-content-background-meta":{"desktop":{"background-color":"var(--ast-global-color-5)","background-image":"","background-repeat":"repeat","background-position":"center center","background-size":"auto","background-attachment":"scroll","background-type":"","background-media":"","overlay-type":"","overlay-color":"","overlay-opacity":"","overlay-gradient":""},"tablet":{"background-color":"var(--ast-global-color-5)","background-image":"","background-repeat":"repeat","background-position":"center center","background-size":"auto","background-attachment":"scroll","background-type":"","background-media":"","overlay-type":"","overlay-color":"","overlay-opacity":"","overlay-gradient":""},"mobile":{"background-color":"var(--ast-global-color-5)","background-image":"","background-repeat":"repeat","background-position":"center center","background-size":"auto","background-attachment":"scroll","background-type":"","background-media":"","overlay-type":"","overlay-color":"","overlay-opacity":"","overlay-gradient":""}}},"product_brand":[1430],"product_cat":[1303,1389],"product_tag":[],"class_list":{"0":"post-16174","1":"product","2":"type-product","3":"status-publish","4":"has-post-thumbnail","6":"product_brand-ammo-mig-jimenez","7":"product_cat-peintures","8":"product_cat-vernis","9":"desktop-align-left","10":"tablet-align-left","11":"mobile-align-left","12":"ast-product-gallery-layout-first-image-large","13":"ast-product-gallery-with-no-image","14":"ast-magnify-disabled","15":"ast-product-tabs-layout-accordion","17":"first","18":"outofstock","19":"taxable","20":"shipping-taxable","21":"purchasable","22":"product-type-simple"},"_links":{"self":[{"href":"https:\/\/craftyminis.com\/fr\/wp-json\/wp\/v2\/product\/16174","targetHints":{"allow":["GET"]}}],"collection":[{"href":"https:\/\/craftyminis.com\/fr\/wp-json\/wp\/v2\/product"}],"about":[{"href":"https:\/\/craftyminis.com\/fr\/wp-json\/wp\/v2\/types\/product"}],"replies":[{"embeddable":true,"href":"https:\/\/craftyminis.com\/fr\/wp-json\/wp\/v2\/comments?post=16174"}],"wp:featuredmedia":[{"embeddable":true,"href":"https:\/\/craftyminis.com\/fr\/wp-json\/wp\/v2\/media\/16175"}],"wp:attachment":[{"href":"https:\/\/craftyminis.com\/fr\/wp-json\/wp\/v2\/media?parent=16174"}],"wp:term":[{"taxonomy":"product_brand","embeddable":true,"href":"https:\/\/craftyminis.com\/fr\/wp-json\/wp\/v2\/product_brand?post=16174"},{"taxonomy":"product_cat","embeddable":true,"href":"https:\/\/craftyminis.com\/fr\/wp-json\/wp\/v2\/product_cat?post=16174"},{"taxonomy":"product_tag","embeddable":true,"href":"https:\/\/craftyminis.com\/fr\/wp-json\/wp\/v2\/product_tag?post=16174"}],"curies":[{"name":"wp","href":"https:\/\/api.w.org\/{rel}","templated":true}]}}