{"id":16167,"date":"2024-04-28T09:45:46","date_gmt":"2024-04-28T08:45:46","guid":{"rendered":"https:\/\/craftyminis.com\/non%20class\u00e9\/lucky-varnish-barniz-brillante-a-mig-2057\/"},"modified":"2026-02-23T09:02:09","modified_gmt":"2026-02-23T08:02:09","slug":"lucky-varnish-gloss-varnish-a-mig-2057","status":"publish","type":"product","link":"https:\/\/craftyminis.com\/fr\/peintures\/vernis\/lucky-varnish-gloss-varnish-a-mig-2057\/","title":{"rendered":"Gloss Varnish A.MIG-2057"},"content":{"rendered":"<p>Perfectionnez vos miniatures et mod\u00e8les avec <strong>Vernis Gloss A.MIG-2057.<\/strong><\/p>\n<p>L&rsquo;application des vernis a toujours \u00e9t\u00e9 un d\u00e9fi important pour les maquettistes. Beaucoup ont rencontr\u00e9 des r\u00e9sultats d\u00e9favorables en utilisant des vernis inadapt\u00e9s ou de faible qualit\u00e9. Le vernissage est en effet une \u00e9tape cruciale dans la construction de mod\u00e8les. AMMO propose d\u00e9sormais une gamme compl\u00e8te qui garantit le succ\u00e8s de chaque projet de mod\u00e9lisme.<\/p>\n<p>Ce vernis acrylique facilite l&rsquo;obtention de r\u00e9sultats optimaux avec un a\u00e9rographe ou un pinceau en appliquant des couches fines. Il peut \u00eatre utilis\u00e9 directement \u00e0 partir du flacon sans dilution pour une finition impeccable. Lors de l&rsquo;utilisation d&rsquo;un a\u00e9rographe, il est recommand\u00e9 de pulv\u00e9riser \u00e0 environ 15 cm de distance. Le produit est non toxique, inodore, soluble dans l&rsquo;eau, et doit \u00eatre bien agit\u00e9 avant usage. Il <strong>s\u00e8che compl\u00e8tement en 24 heures.<\/strong><\/p>\n<p>Cette ligne de vernis a \u00e9t\u00e9 perfectionn\u00e9e sur plusieurs ann\u00e9es pour garantir aux maquettistes des r\u00e9sultats exceptionnels \u00e0 chaque application. Ne laissez rien au hasard\u2014faites confiance \u00e0 la sup\u00e9riorit\u00e9 du nouveau LUCKY VARNISH. Avec ces produits, vous assurez que les finitions de vos mod\u00e8les ne d\u00e9pendent plus de l&rsquo;inconstance des vernis courants. \u00c9largissez votre gamme avec cette s\u00e9rie pour couvrir tous vos besoins en mod\u00e9lisme, du brillant intense aux finitions compl\u00e8tement mates.<\/p>\n<p>Ajoutez AMMO MIG Vernis Gloss \u00e0 votre kit de peinture pour offrir <strong>des finitions transparentes exceptionnelles pour tout mod\u00e8le et th\u00e8me.<\/strong> Il ne jaunit pas et n&rsquo;alt\u00e8re pas les couleurs d&rsquo;origine. Parfait pour une utilisation \u00e0 l&rsquo;a\u00e9rographe ou au pinceau.<br \/>\n1- Lors de l&rsquo;utilisation d&rsquo;un a\u00e9rographe, effectuez des passages l\u00e9gers et courts \u00e0 une pression de 1,2 bar (17 psi) pour \u00e9viter les accumulations.<br \/>\n2- Laissez au moins 5 minutes de temps de s\u00e9chage entre les couches. \u00c9vitez de saturer la surface.<br \/>\n3- Laissez s\u00e9cher compl\u00e8tement pendant 12 heures.<br \/>\n4- Aucune dilution n&rsquo;est n\u00e9cessaire. Nettoyez les outils avec A.MIG-2000 Acrylic Thinner ou de l&rsquo;eau.<\/p>\n","protected":false},"excerpt":{"rendered":"<p>Vernis brillant multifonction pour peintures acryliques, <strong>id\u00e9al pour obtenir des finitions brillantes<\/strong>, avec application directe et sans besoin de dilution.<\/p>\n","protected":false},"featured_media":16169,"comment_status":"open","ping_status":"closed","template":"","meta":{"site-sidebar-layout":"default","site-content-layout":"","ast-site-content-layout":"default","site-content-style":"default","site-sidebar-style":"default","ast-global-header-display":"","ast-banner-title-visibility":"","ast-main-header-display":"","ast-hfb-above-header-display":"","ast-hfb-below-header-display":"","ast-hfb-mobile-header-display":"","site-post-title":"","ast-breadcrumbs-content":"","ast-featured-img":"","footer-sml-layout":"","ast-disable-related-posts":"","theme-transparent-header-meta":"default","adv-header-id-meta":"","stick-header-meta":"default","header-above-stick-meta":"","header-main-stick-meta":"","header-below-stick-meta":"","astra-migrate-meta-layouts":"default","ast-page-background-enabled":"default","ast-page-background-meta":{"desktop":{"background-color":"var(--ast-global-color-4)","background-image":"","background-repeat":"repeat","background-position":"center center","background-size":"auto","background-attachment":"scroll","background-type":"","background-media":"","overlay-type":"","overlay-color":"","overlay-opacity":"","overlay-gradient":""},"tablet":{"background-color":"","background-image":"","background-repeat":"repeat","background-position":"center center","background-size":"auto","background-attachment":"scroll","background-type":"","background-media":"","overlay-type":"","overlay-color":"","overlay-opacity":"","overlay-gradient":""},"mobile":{"background-color":"","background-image":"","background-repeat":"repeat","background-position":"center center","background-size":"auto","background-attachment":"scroll","background-type":"","background-media":"","overlay-type":"","overlay-color":"","overlay-opacity":"","overlay-gradient":""}},"ast-content-background-meta":{"desktop":{"background-color":"var(--ast-global-color-5)","background-image":"","background-repeat":"repeat","background-position":"center center","background-size":"auto","background-attachment":"scroll","background-type":"","background-media":"","overlay-type":"","overlay-color":"","overlay-opacity":"","overlay-gradient":""},"tablet":{"background-color":"var(--ast-global-color-5)","background-image":"","background-repeat":"repeat","background-position":"center center","background-size":"auto","background-attachment":"scroll","background-type":"","background-media":"","overlay-type":"","overlay-color":"","overlay-opacity":"","overlay-gradient":""},"mobile":{"background-color":"var(--ast-global-color-5)","background-image":"","background-repeat":"repeat","background-position":"center center","background-size":"auto","background-attachment":"scroll","background-type":"","background-media":"","overlay-type":"","overlay-color":"","overlay-opacity":"","overlay-gradient":""}}},"product_brand":[1430],"product_cat":[1389,1303],"product_tag":[],"class_list":{"0":"post-16167","1":"product","2":"type-product","3":"status-publish","4":"has-post-thumbnail","6":"product_brand-ammo-mig-jimenez","7":"product_cat-vernis","8":"product_cat-peintures","9":"desktop-align-left","10":"tablet-align-left","11":"mobile-align-left","12":"ast-product-gallery-layout-first-image-large","13":"ast-product-gallery-with-no-image","14":"ast-magnify-disabled","15":"ast-product-tabs-layout-accordion","17":"first","18":"outofstock","19":"sale","20":"taxable","21":"shipping-taxable","22":"purchasable","23":"product-type-simple"},"_links":{"self":[{"href":"https:\/\/craftyminis.com\/fr\/wp-json\/wp\/v2\/product\/16167","targetHints":{"allow":["GET"]}}],"collection":[{"href":"https:\/\/craftyminis.com\/fr\/wp-json\/wp\/v2\/product"}],"about":[{"href":"https:\/\/craftyminis.com\/fr\/wp-json\/wp\/v2\/types\/product"}],"replies":[{"embeddable":true,"href":"https:\/\/craftyminis.com\/fr\/wp-json\/wp\/v2\/comments?post=16167"}],"wp:featuredmedia":[{"embeddable":true,"href":"https:\/\/craftyminis.com\/fr\/wp-json\/wp\/v2\/media\/16169"}],"wp:attachment":[{"href":"https:\/\/craftyminis.com\/fr\/wp-json\/wp\/v2\/media?parent=16167"}],"wp:term":[{"taxonomy":"product_brand","embeddable":true,"href":"https:\/\/craftyminis.com\/fr\/wp-json\/wp\/v2\/product_brand?post=16167"},{"taxonomy":"product_cat","embeddable":true,"href":"https:\/\/craftyminis.com\/fr\/wp-json\/wp\/v2\/product_cat?post=16167"},{"taxonomy":"product_tag","embeddable":true,"href":"https:\/\/craftyminis.com\/fr\/wp-json\/wp\/v2\/product_tag?post=16167"}],"curies":[{"name":"wp","href":"https:\/\/api.w.org\/{rel}","templated":true}]}}