{"id":16147,"date":"2024-04-20T09:37:55","date_gmt":"2024-04-20T08:37:55","guid":{"rendered":"https:\/\/craftyminis.com\/non%20class\u00e9\/imprimacion-negro-73602-vallejo\/"},"modified":"2026-02-23T09:02:01","modified_gmt":"2026-02-23T08:02:01","slug":"vallejo-black-primer-73602","status":"publish","type":"product","link":"https:\/\/craftyminis.com\/fr\/peintures\/vallejo-black-primer-73602\/","title":{"rendered":"Vallejo Black Primer 73602"},"content":{"rendered":"<p>Explorez le <strong>Vallejo Black Primer<\/strong> pour l\u2019a\u00e9rographie. Ces appr\u00eats acryliques sont m\u00e9ticuleusement con\u00e7us pour \u00eatre la premi\u00e8re couche appliqu\u00e9e sur vos mod\u00e8les et figurines, pr\u00e9parant ainsi de mani\u00e8re optimale la surface pour la peinture. Sa formule unique garantit que les d\u00e9tails fins ne sont pas masqu\u00e9s et adh\u00e8re efficacement \u00e0 plusieurs surfaces, y compris la r\u00e9sine, le PVC, le laiton, le m\u00e9tal blanc et le bois.<\/p>\n<p>Pour une adh\u00e9rence optimale, il est crucial d\u2019appliquer l\u2019appr\u00eat sur des surfaces propres et d\u00e9graiss\u00e9es. L\u2019appr\u00eat s\u00e8che rapidement, formant un film durable et uniforme qui durcit en quelques heures, fournissant une base solide pour les travaux de peinture ult\u00e9rieurs. Il est polyvalent et peut \u00eatre utilis\u00e9 directement ou dilu\u00e9 avec notre Diluant pour A\u00e9rographe ou Am\u00e9liorateur de Flux. Nous recommandons de r\u00e9gler le compresseur \u00e0 15-20 PSI pour de meilleurs r\u00e9sultats. Pour garder votre a\u00e9rographe en condition optimale, l\u2019utilisation du Nettoyant pour A\u00e9rographe Vallejo est conseill\u00e9e.<\/p>\n<p><strong>S\u00e9curit\u00e9 :<\/strong><br \/>\nLes appr\u00eats Vallejo sont non inflammables et sans solvants, respectant toutes les r\u00e9glementations de s\u00e9curit\u00e9 en vigueur.<\/p>\n<p>Ajoutez Vallejo Black Primer \u00e0 votre kit de peinture. Optimis\u00e9 pour l\u2019a\u00e9rographie et con\u00e7u pour les <strong>miniatures et mod\u00e8les en m\u00e9tal, plastique et r\u00e9sine<\/strong>, il am\u00e9liore l\u2019adh\u00e9rence sans masquer les d\u00e9tails fins.<\/p>\n","protected":false},"excerpt":{"rendered":"<p>D\u00e9couvrez Vallejo Black Primer, optimis\u00e9 pour l\u2019a\u00e9rographie et con\u00e7u pour <strong>miniatures et mod\u00e8les en m\u00e9tal, plastique et r\u00e9sine<\/strong>, am\u00e9liorant l\u2019adh\u00e9rence sans masquer les d\u00e9tails fins.<\/p>\n","protected":false},"featured_media":16149,"comment_status":"open","ping_status":"closed","template":"","meta":{"site-sidebar-layout":"default","site-content-layout":"","ast-site-content-layout":"default","site-content-style":"default","site-sidebar-style":"default","ast-global-header-display":"","ast-banner-title-visibility":"","ast-main-header-display":"","ast-hfb-above-header-display":"","ast-hfb-below-header-display":"","ast-hfb-mobile-header-display":"","site-post-title":"","ast-breadcrumbs-content":"","ast-featured-img":"","footer-sml-layout":"","ast-disable-related-posts":"","theme-transparent-header-meta":"default","adv-header-id-meta":"","stick-header-meta":"default","header-above-stick-meta":"","header-main-stick-meta":"","header-below-stick-meta":"","astra-migrate-meta-layouts":"default","ast-page-background-enabled":"default","ast-page-background-meta":{"desktop":{"background-color":"var(--ast-global-color-4)","background-image":"","background-repeat":"repeat","background-position":"center center","background-size":"auto","background-attachment":"scroll","background-type":"","background-media":"","overlay-type":"","overlay-color":"","overlay-opacity":"","overlay-gradient":""},"tablet":{"background-color":"","background-image":"","background-repeat":"repeat","background-position":"center center","background-size":"auto","background-attachment":"scroll","background-type":"","background-media":"","overlay-type":"","overlay-color":"","overlay-opacity":"","overlay-gradient":""},"mobile":{"background-color":"","background-image":"","background-repeat":"repeat","background-position":"center center","background-size":"auto","background-attachment":"scroll","background-type":"","background-media":"","overlay-type":"","overlay-color":"","overlay-opacity":"","overlay-gradient":""}},"ast-content-background-meta":{"desktop":{"background-color":"var(--ast-global-color-5)","background-image":"","background-repeat":"repeat","background-position":"center center","background-size":"auto","background-attachment":"scroll","background-type":"","background-media":"","overlay-type":"","overlay-color":"","overlay-opacity":"","overlay-gradient":""},"tablet":{"background-color":"var(--ast-global-color-5)","background-image":"","background-repeat":"repeat","background-position":"center center","background-size":"auto","background-attachment":"scroll","background-type":"","background-media":"","overlay-type":"","overlay-color":"","overlay-opacity":"","overlay-gradient":""},"mobile":{"background-color":"var(--ast-global-color-5)","background-image":"","background-repeat":"repeat","background-position":"center center","background-size":"auto","background-attachment":"scroll","background-type":"","background-media":"","overlay-type":"","overlay-color":"","overlay-opacity":"","overlay-gradient":""}}},"product_brand":[1302],"product_cat":[1303,1394,1396],"product_tag":[],"class_list":{"0":"post-16147","1":"product","2":"type-product","3":"status-publish","4":"has-post-thumbnail","6":"product_brand-vallejo","7":"product_cat-peintures","8":"product_cat-appret","9":"product_cat-appret-vallejo","10":"desktop-align-left","11":"tablet-align-left","12":"mobile-align-left","13":"ast-product-gallery-layout-first-image-large","14":"ast-product-gallery-with-no-image","15":"ast-magnify-disabled","16":"ast-product-tabs-layout-accordion","18":"first","19":"instock","20":"taxable","21":"shipping-taxable","22":"purchasable","23":"product-type-simple"},"_links":{"self":[{"href":"https:\/\/craftyminis.com\/fr\/wp-json\/wp\/v2\/product\/16147","targetHints":{"allow":["GET"]}}],"collection":[{"href":"https:\/\/craftyminis.com\/fr\/wp-json\/wp\/v2\/product"}],"about":[{"href":"https:\/\/craftyminis.com\/fr\/wp-json\/wp\/v2\/types\/product"}],"replies":[{"embeddable":true,"href":"https:\/\/craftyminis.com\/fr\/wp-json\/wp\/v2\/comments?post=16147"}],"wp:featuredmedia":[{"embeddable":true,"href":"https:\/\/craftyminis.com\/fr\/wp-json\/wp\/v2\/media\/16149"}],"wp:attachment":[{"href":"https:\/\/craftyminis.com\/fr\/wp-json\/wp\/v2\/media?parent=16147"}],"wp:term":[{"taxonomy":"product_brand","embeddable":true,"href":"https:\/\/craftyminis.com\/fr\/wp-json\/wp\/v2\/product_brand?post=16147"},{"taxonomy":"product_cat","embeddable":true,"href":"https:\/\/craftyminis.com\/fr\/wp-json\/wp\/v2\/product_cat?post=16147"},{"taxonomy":"product_tag","embeddable":true,"href":"https:\/\/craftyminis.com\/fr\/wp-json\/wp\/v2\/product_tag?post=16147"}],"curies":[{"name":"wp","href":"https:\/\/api.w.org\/{rel}","templated":true}]}}