{"id":16136,"date":"2024-04-16T14:26:23","date_gmt":"2024-04-16T13:26:23","guid":{"rendered":"https:\/\/craftyminis.com\/non%20class\u00e9\/negro-wash-73201-game-color-vallejo\/"},"modified":"2026-02-23T09:01:56","modified_gmt":"2026-02-23T08:01:56","slug":"game-color-black-wash-73201-vallejo","status":"publish","type":"product","link":"https:\/\/craftyminis.com\/fr\/peintures\/game-color-black-wash-73201-vallejo\/","title":{"rendered":"Black Wash 73201 Game Color Vallejo"},"content":{"rendered":"<p>D\u00e9couvrez la polyvalence de la Couleur du jeu Noir Lav\u00e9 de Vallejo de la s\u00e9rie Game Color Wash. Parfaite pour les artistes souhaitant affiner leurs techniques de lavis sur miniatures et mod\u00e8les, cette peinture est transparente et tr\u00e8s fluide, con\u00e7ue pour mettre en valeur les d\u00e9tails par l&rsquo;ombrage sans masquer les couches sous-jacentes. Elle est \u00e9galement id\u00e9ale pour appliquer des glacis et cr\u00e9er des filtres qui enrichissent les couleurs de base.<\/p>\n<p>Instructions d&rsquo;utilisation :<br \/>\nFormul\u00e9e pour une application au pinceau et \u00e0 l&rsquo;a\u00e9rographe, ce lavis offre une grande flexibilit\u00e9, garantissant des r\u00e9sultats lisses et uniformes que vous travailliez sur des figurines d\u00e9taill\u00e9es ou des v\u00e9hicules \u00e0 l&rsquo;\u00e9chelle.<\/p>\n<p>Emballage efficace :<br \/>\nNotre Black Wash est conditionn\u00e9 en flacons compte-gouttes de 18 ml, un design qui assure une utilisation pr\u00e9cise de la peinture tout en prot\u00e9geant le reste du contenu de l&rsquo;\u00e9vaporation et du s\u00e9chage. Ces flacons vous permettent de doser juste la bonne quantit\u00e9 pour vos projets, en maintenant fra\u00eecheur et qualit\u00e9 dans le temps.<\/p>\n<p>Ajoutez la Couleur du jeu Noir Lav\u00e9 de Vallejo \u00e0 votre kit de peinture pour mettre en valeur les d\u00e9tails par l&rsquo;ombrage sans masquer les couches sous-jacentes.<\/p>\n","protected":false},"excerpt":{"rendered":"<p>D\u00e9couvrez Vallejo Black Wash, une <strong>peinture acrylique sp\u00e9ciale pour miniatures<\/strong> con\u00e7ue pour mettre en valeur les d\u00e9tails gr\u00e2ce \u00e0 l\u2019ombrage sans masquer les couches sous-jacentes.<\/p>\n","protected":false},"featured_media":16137,"comment_status":"open","ping_status":"closed","template":"","meta":{"site-sidebar-layout":"default","site-content-layout":"","ast-site-content-layout":"default","site-content-style":"default","site-sidebar-style":"default","ast-global-header-display":"","ast-banner-title-visibility":"","ast-main-header-display":"","ast-hfb-above-header-display":"","ast-hfb-below-header-display":"","ast-hfb-mobile-header-display":"","site-post-title":"","ast-breadcrumbs-content":"","ast-featured-img":"","footer-sml-layout":"","ast-disable-related-posts":"","theme-transparent-header-meta":"default","adv-header-id-meta":"","stick-header-meta":"default","header-above-stick-meta":"","header-main-stick-meta":"","header-below-stick-meta":"","astra-migrate-meta-layouts":"default","ast-page-background-enabled":"default","ast-page-background-meta":{"desktop":{"background-color":"var(--ast-global-color-4)","background-image":"","background-repeat":"repeat","background-position":"center center","background-size":"auto","background-attachment":"scroll","background-type":"","background-media":"","overlay-type":"","overlay-color":"","overlay-opacity":"","overlay-gradient":""},"tablet":{"background-color":"","background-image":"","background-repeat":"repeat","background-position":"center center","background-size":"auto","background-attachment":"scroll","background-type":"","background-media":"","overlay-type":"","overlay-color":"","overlay-opacity":"","overlay-gradient":""},"mobile":{"background-color":"","background-image":"","background-repeat":"repeat","background-position":"center center","background-size":"auto","background-attachment":"scroll","background-type":"","background-media":"","overlay-type":"","overlay-color":"","overlay-opacity":"","overlay-gradient":""}},"ast-content-background-meta":{"desktop":{"background-color":"var(--ast-global-color-5)","background-image":"","background-repeat":"repeat","background-position":"center center","background-size":"auto","background-attachment":"scroll","background-type":"","background-media":"","overlay-type":"","overlay-color":"","overlay-opacity":"","overlay-gradient":""},"tablet":{"background-color":"var(--ast-global-color-5)","background-image":"","background-repeat":"repeat","background-position":"center center","background-size":"auto","background-attachment":"scroll","background-type":"","background-media":"","overlay-type":"","overlay-color":"","overlay-opacity":"","overlay-gradient":""},"mobile":{"background-color":"var(--ast-global-color-5)","background-image":"","background-repeat":"repeat","background-position":"center center","background-size":"auto","background-attachment":"scroll","background-type":"","background-media":"","overlay-type":"","overlay-color":"","overlay-opacity":"","overlay-gradient":""}}},"product_brand":[1302],"product_cat":[1303,1401,1402],"product_tag":[],"class_list":{"0":"post-16136","1":"product","2":"type-product","3":"status-publish","4":"has-post-thumbnail","6":"product_brand-vallejo","7":"product_cat-peintures","8":"product_cat-jus-pour-maquettes","9":"product_cat-wash-fx-vallejo","10":"desktop-align-left","11":"tablet-align-left","12":"mobile-align-left","13":"ast-product-gallery-layout-first-image-large","14":"ast-product-gallery-with-no-image","15":"ast-magnify-disabled","16":"ast-product-tabs-layout-accordion","18":"first","19":"instock","20":"taxable","21":"shipping-taxable","22":"purchasable","23":"product-type-simple"},"_links":{"self":[{"href":"https:\/\/craftyminis.com\/fr\/wp-json\/wp\/v2\/product\/16136","targetHints":{"allow":["GET"]}}],"collection":[{"href":"https:\/\/craftyminis.com\/fr\/wp-json\/wp\/v2\/product"}],"about":[{"href":"https:\/\/craftyminis.com\/fr\/wp-json\/wp\/v2\/types\/product"}],"replies":[{"embeddable":true,"href":"https:\/\/craftyminis.com\/fr\/wp-json\/wp\/v2\/comments?post=16136"}],"wp:featuredmedia":[{"embeddable":true,"href":"https:\/\/craftyminis.com\/fr\/wp-json\/wp\/v2\/media\/16137"}],"wp:attachment":[{"href":"https:\/\/craftyminis.com\/fr\/wp-json\/wp\/v2\/media?parent=16136"}],"wp:term":[{"taxonomy":"product_brand","embeddable":true,"href":"https:\/\/craftyminis.com\/fr\/wp-json\/wp\/v2\/product_brand?post=16136"},{"taxonomy":"product_cat","embeddable":true,"href":"https:\/\/craftyminis.com\/fr\/wp-json\/wp\/v2\/product_cat?post=16136"},{"taxonomy":"product_tag","embeddable":true,"href":"https:\/\/craftyminis.com\/fr\/wp-json\/wp\/v2\/product_tag?post=16136"}],"curies":[{"name":"wp","href":"https:\/\/api.w.org\/{rel}","templated":true}]}}