{"id":16126,"date":"2024-04-16T14:37:34","date_gmt":"2024-04-16T13:37:34","guid":{"rendered":"https:\/\/craftyminis.com\/non%20class\u00e9\/violeta-wash-73209-game-color-vallejo\/"},"modified":"2026-02-23T09:01:50","modified_gmt":"2026-02-23T08:01:50","slug":"game-color-violet-wash-73209-vallejo","status":"publish","type":"product","link":"https:\/\/craftyminis.com\/fr\/peintures\/jus-pour-maquettes\/wash-fx-vallejo\/game-color-violet-wash-73209-vallejo\/","title":{"rendered":"Violet Wash 73209 Game Color Vallejo"},"content":{"rendered":"<p>D\u00e9couvrez la polyvalence du Couleur de jeu Violet Lav\u00e9 de Vallejo de la s\u00e9rie Game Color Wash. Id\u00e9al pour les artistes souhaitant affiner leurs techniques de lavis sur miniatures et mod\u00e8les. Cette peinture est transparente et particuli\u00e8rement fluide, con\u00e7ue pour mettre en valeur les d\u00e9tails par l\u2019ombrage sans masquer les couches sous-jacentes. De plus, elle est parfaite pour appliquer des glacis et cr\u00e9er des filtres qui enrichissent les couleurs de base.<\/p>\n<p><strong>Comment l\u2019utiliser :<\/strong><br \/>\nFormul\u00e9e pour une application au pinceau comme \u00e0 l\u2019a\u00e9rographe, ce lavis offre une grande flexibilit\u00e9, garantissant des r\u00e9sultats lisses et uniformes que vous travailliez sur des figurines d\u00e9taill\u00e9es ou des v\u00e9hicules \u00e0 l\u2019\u00e9chelle.<\/p>\n<p><strong>Emballage efficace :<\/strong><br \/>\nNotre Violet Wash est pr\u00e9sent\u00e9 en flacons compte-gouttes de 18 ml, un design qui assure une utilisation pr\u00e9cise de la peinture tout en prot\u00e9geant le reste du contenu de l\u2019\u00e9vaporation et du dess\u00e8chement. Avec ces flacons, vous pouvez mesurer la quantit\u00e9 exacte de peinture n\u00e9cessaire pour vos projets, pr\u00e9servant ainsi sa fra\u00eecheur et sa qualit\u00e9 plus longtemps.<\/p>\n<p>Incorporez le Game Color <strong>Violet Wash<\/strong> de Vallejo dans votre kit de peinture pour mettre en valeur les d\u00e9tails par l\u2019ombrage sans masquer les couches sous-jacentes.<\/p>\n","protected":false},"excerpt":{"rendered":"<p>D\u00e9couvrez le Violet Wash de Vallejo, une <strong>peinture acrylique sp\u00e9ciale pour miniatures<\/strong> con\u00e7ue pour mettre en valeur les d\u00e9tails par l&rsquo;ombrage sans masquer les couches sous-jacentes.<\/p>\n","protected":false},"featured_media":16127,"comment_status":"open","ping_status":"closed","template":"","meta":{"site-sidebar-layout":"default","site-content-layout":"","ast-site-content-layout":"default","site-content-style":"default","site-sidebar-style":"default","ast-global-header-display":"","ast-banner-title-visibility":"","ast-main-header-display":"","ast-hfb-above-header-display":"","ast-hfb-below-header-display":"","ast-hfb-mobile-header-display":"","site-post-title":"","ast-breadcrumbs-content":"","ast-featured-img":"","footer-sml-layout":"","ast-disable-related-posts":"","theme-transparent-header-meta":"default","adv-header-id-meta":"","stick-header-meta":"default","header-above-stick-meta":"","header-main-stick-meta":"","header-below-stick-meta":"","astra-migrate-meta-layouts":"default","ast-page-background-enabled":"default","ast-page-background-meta":{"desktop":{"background-color":"var(--ast-global-color-4)","background-image":"","background-repeat":"repeat","background-position":"center center","background-size":"auto","background-attachment":"scroll","background-type":"","background-media":"","overlay-type":"","overlay-color":"","overlay-opacity":"","overlay-gradient":""},"tablet":{"background-color":"","background-image":"","background-repeat":"repeat","background-position":"center center","background-size":"auto","background-attachment":"scroll","background-type":"","background-media":"","overlay-type":"","overlay-color":"","overlay-opacity":"","overlay-gradient":""},"mobile":{"background-color":"","background-image":"","background-repeat":"repeat","background-position":"center center","background-size":"auto","background-attachment":"scroll","background-type":"","background-media":"","overlay-type":"","overlay-color":"","overlay-opacity":"","overlay-gradient":""}},"ast-content-background-meta":{"desktop":{"background-color":"var(--ast-global-color-5)","background-image":"","background-repeat":"repeat","background-position":"center center","background-size":"auto","background-attachment":"scroll","background-type":"","background-media":"","overlay-type":"","overlay-color":"","overlay-opacity":"","overlay-gradient":""},"tablet":{"background-color":"var(--ast-global-color-5)","background-image":"","background-repeat":"repeat","background-position":"center center","background-size":"auto","background-attachment":"scroll","background-type":"","background-media":"","overlay-type":"","overlay-color":"","overlay-opacity":"","overlay-gradient":""},"mobile":{"background-color":"var(--ast-global-color-5)","background-image":"","background-repeat":"repeat","background-position":"center center","background-size":"auto","background-attachment":"scroll","background-type":"","background-media":"","overlay-type":"","overlay-color":"","overlay-opacity":"","overlay-gradient":""}}},"product_brand":[1302],"product_cat":[1402,1401,1303],"product_tag":[],"class_list":{"0":"post-16126","1":"product","2":"type-product","3":"status-publish","4":"has-post-thumbnail","6":"product_brand-vallejo","7":"product_cat-wash-fx-vallejo","8":"product_cat-jus-pour-maquettes","9":"product_cat-peintures","10":"desktop-align-left","11":"tablet-align-left","12":"mobile-align-left","13":"ast-product-gallery-layout-first-image-large","14":"ast-product-gallery-with-no-image","15":"ast-magnify-disabled","16":"ast-product-tabs-layout-accordion","18":"first","19":"instock","20":"taxable","21":"shipping-taxable","22":"purchasable","23":"product-type-simple"},"_links":{"self":[{"href":"https:\/\/craftyminis.com\/fr\/wp-json\/wp\/v2\/product\/16126","targetHints":{"allow":["GET"]}}],"collection":[{"href":"https:\/\/craftyminis.com\/fr\/wp-json\/wp\/v2\/product"}],"about":[{"href":"https:\/\/craftyminis.com\/fr\/wp-json\/wp\/v2\/types\/product"}],"replies":[{"embeddable":true,"href":"https:\/\/craftyminis.com\/fr\/wp-json\/wp\/v2\/comments?post=16126"}],"wp:featuredmedia":[{"embeddable":true,"href":"https:\/\/craftyminis.com\/fr\/wp-json\/wp\/v2\/media\/16127"}],"wp:attachment":[{"href":"https:\/\/craftyminis.com\/fr\/wp-json\/wp\/v2\/media?parent=16126"}],"wp:term":[{"taxonomy":"product_brand","embeddable":true,"href":"https:\/\/craftyminis.com\/fr\/wp-json\/wp\/v2\/product_brand?post=16126"},{"taxonomy":"product_cat","embeddable":true,"href":"https:\/\/craftyminis.com\/fr\/wp-json\/wp\/v2\/product_cat?post=16126"},{"taxonomy":"product_tag","embeddable":true,"href":"https:\/\/craftyminis.com\/fr\/wp-json\/wp\/v2\/product_tag?post=16126"}],"curies":[{"name":"wp","href":"https:\/\/api.w.org\/{rel}","templated":true}]}}