{"id":16096,"date":"2025-08-27T12:23:49","date_gmt":"2025-08-27T11:23:49","guid":{"rendered":"https:\/\/craftyminis.com\/non class\u00e9\/light-yellow-ochre-vallejo-73102\/"},"modified":"2025-08-27T12:23:49","modified_gmt":"2025-08-27T11:23:49","slug":"light-yellow-ochre-vallejo-73102","status":"publish","type":"product","link":"https:\/\/craftyminis.com\/fr\/peintures\/light-yellow-ochre-vallejo-73102\/","title":{"rendered":"Vallejo Pigment FX \u2013 Light Yellow Ochre (73102)"},"content":{"rendered":"<h4 data-start=\"517\" data-end=\"1059\"><strong data-start=\"517\" data-end=\"615\">Light Yellow Ochre Vallejo 73102: effets r\u00e9alistes de poussi\u00e8re d\u00e9sertique, sable et terre claire<\/strong><\/h4>\n<p data-start=\"517\" data-end=\"1059\">Pigment en poudre extra-fin con\u00e7u pour <strong data-start=\"674\" data-end=\"689\">sable clair<\/strong>, <strong data-start=\"691\" data-end=\"706\">terre s\u00e8che<\/strong> et <strong data-start=\"709\" data-end=\"739\">d\u00e9p\u00f4ts de poussi\u00e8re aux tons chauds<\/strong> avec des finitions naturelles. Sa <strong data-start=\"767\" data-end=\"789\">granulation fine<\/strong> permet de superposer facilement des glacis et des transitions douces sur m\u00e9tal, plastique ou r\u00e9sine, et sa <strong data-start=\"879\" data-end=\"896\">nature non inflammable<\/strong> vous permet de travailler en toute s\u00e9curit\u00e9 \u00e0 l&rsquo;int\u00e9rieur. Le <strong data-start=\"944\" data-end=\"964\" data-is-only-node=\"\">flacon de 35 ml<\/strong> suffit pour de nombreux <strong data-start=\"999\" data-end=\"1013\">projets de patine<\/strong> et s\u00e8che sans brillance ind\u00e9sirable.<\/p>\n<p data-start=\"1061\" data-end=\"1618\">Pour <strong data-start=\"1064\" data-end=\"1086\">une application \u00e0 sec<\/strong>, appliquez le pigment avec un pinceau doux l\u00e0 o\u00f9 la poussi\u00e8re s&rsquo;accumulerait naturellement (surfaces horizontales, creux, chenilles et trains de roulement). Estompez avec un pinceau propre pour <strong data-start=\"1252\" data-end=\"1271\">adoucir les panneaux<\/strong> ou <strong data-start=\"1274\" data-end=\"1298\">casser les zones uniformes<\/strong>. Si vous souhaitez <strong data-start=\"1310\" data-end=\"1329\">une fixation l\u00e9g\u00e8re<\/strong> sans perdre la texture, touchez le pigment avec un pinceau humidifi\u00e9 dans un <strong data-start=\"1395\" data-end=\"1418\">fixatif\/liant<\/strong>; pour un <strong data-start=\"1425\" data-end=\"1436\">volume<\/strong> suppl\u00e9mentaire, m\u00e9langez-le avec du liant jusqu&rsquo;\u00e0 obtention d&rsquo;une p\u00e2te et cr\u00e9ez des <strong data-start=\"1492\" data-end=\"1503\">cro\u00fbtes<\/strong> et des <strong data-start=\"1506\" data-end=\"1523\">accumulations<\/strong>. <strong data-start=\"1525\" data-end=\"1539\">Compatible<\/strong> avec l&rsquo;eau, les acryliques et les vernis ; les <strong data-start=\"1572\" data-end=\"1584\">outils<\/strong> peuvent \u00eatre nettoy\u00e9s \u00e0 l&rsquo;eau et au savon.<\/p>\n<p data-start=\"1815\" data-end=\"2462\">Vous pouvez d\u00e9couvrir plus d&rsquo;effets dans la <a href=\"https:\/\/craftyminis.com\/fr\/peintures\/effets\/pigment-fx-vallejo\/\"><strong>cat\u00e9gorie Vallejo Pigment FX<\/strong><\/a> ou explorer d&rsquo;autres produits de la <a href=\"https:\/\/craftyminis.com\/fr\/marque\/vallejo\/\"><strong>marque Vallejo<\/strong><\/a>.<\/p>\n<p data-start=\"2464\" data-end=\"2965\"><strong data-start=\"1620\" data-end=\"1646\">Utilisations sugg\u00e9r\u00e9es<\/strong>: sur des v\u00e9hicules op\u00e9rant dans des <strong data-start=\"1672\" data-end=\"1682\">th\u00e9\u00e2tres d&rsquo;op\u00e9rations arides<\/strong> (chars, camions et v\u00e9hicules blind\u00e9s) il cr\u00e9e des <strong data-start=\"1719\" data-end=\"1748\">d\u00e9p\u00f4ts de poussi\u00e8re aux tons chauds<\/strong> et des accumulations de sable ; dans des <strong data-start=\"1770\" data-end=\"1795\">dioramas c\u00f4tiers ou d\u00e9sertiques<\/strong> il simule du <strong data-start=\"1803\" data-end=\"1817\">sable fin<\/strong> et de la <strong data-start=\"1820\" data-end=\"1840\">boue l\u00e9g\u00e8rement s\u00e9ch\u00e9e<\/strong> ; dans des d\u00e9cors urbains il ajoute de la <strong data-start=\"1872\" data-end=\"1898\">terre l\u00e9g\u00e8rement accumul\u00e9e<\/strong> sur les bordures et les zones de construction. Alternez des couches de <strong data-start=\"1946\" data-end=\"1962\">tons terreux<\/strong> et de <strong data-start=\"1965\" data-end=\"1982\" data-is-only-node=\"\">couleurs de rouille claires<\/strong>, en scellant si n\u00e9cessaire pour pr\u00e9server l&rsquo;effet de patine stratifi\u00e9.<\/p>\n<p><small>Trouvez plus de d\u00e9tails techniques sur le <a href=\"https:\/\/acrylicosvallejo.com\/\" target=\"_blank\" rel=\"noopener\">site officiel de Vallejo<\/a>.<\/small><\/p>\n","protected":false},"excerpt":{"rendered":"<p><strong data-start=\"149\" data-end=\"195\">Light Yellow Ochre Vallejo 73102<\/strong> dans un <strong data-start=\"199\" data-end=\"216\">pot de 35 ml<\/strong>, <strong data-start=\"218\" data-end=\"231\">extra-fin<\/strong>. Id\u00e9al pour <strong data-start=\"244\" data-end=\"263\">poussi\u00e8re de d\u00e9sert<\/strong>, <strong data-start=\"265\" data-end=\"280\">sable l\u00e9ger<\/strong> et <strong data-start=\"283\" data-end=\"298\">terre s\u00e8che<\/strong> sur mod\u00e8les et dioramas. Appliquez-le <strong data-start=\"332\" data-end=\"343\">\u00e0 sec<\/strong> ou fixez-le avec <strong data-start=\"357\" data-end=\"387\" data-is-only-node=\"\">liant pour pigments<\/strong>, <strong data-start=\"389\" data-end=\"402\">m\u00e9langeable<\/strong> avec de l&rsquo;eau, des acryliques et des vernis.<\/p>\n","protected":false},"featured_media":16097,"comment_status":"closed","ping_status":"closed","template":"","meta":{"site-sidebar-layout":"default","site-content-layout":"","ast-site-content-layout":"default","site-content-style":"default","site-sidebar-style":"default","ast-global-header-display":"","ast-banner-title-visibility":"","ast-main-header-display":"","ast-hfb-above-header-display":"","ast-hfb-below-header-display":"","ast-hfb-mobile-header-display":"","site-post-title":"","ast-breadcrumbs-content":"","ast-featured-img":"","footer-sml-layout":"","ast-disable-related-posts":"","theme-transparent-header-meta":"default","adv-header-id-meta":"","stick-header-meta":"default","header-above-stick-meta":"","header-main-stick-meta":"","header-below-stick-meta":"","astra-migrate-meta-layouts":"default","ast-page-background-enabled":"default","ast-page-background-meta":{"desktop":{"background-color":"var(--ast-global-color-4)","background-image":"","background-repeat":"repeat","background-position":"center center","background-size":"auto","background-attachment":"scroll","background-type":"","background-media":"","overlay-type":"","overlay-color":"","overlay-opacity":"","overlay-gradient":""},"tablet":{"background-color":"","background-image":"","background-repeat":"repeat","background-position":"center center","background-size":"auto","background-attachment":"scroll","background-type":"","background-media":"","overlay-type":"","overlay-color":"","overlay-opacity":"","overlay-gradient":""},"mobile":{"background-color":"","background-image":"","background-repeat":"repeat","background-position":"center center","background-size":"auto","background-attachment":"scroll","background-type":"","background-media":"","overlay-type":"","overlay-color":"","overlay-opacity":"","overlay-gradient":""}},"ast-content-background-meta":{"desktop":{"background-color":"var(--ast-global-color-5)","background-image":"","background-repeat":"repeat","background-position":"center center","background-size":"auto","background-attachment":"scroll","background-type":"","background-media":"","overlay-type":"","overlay-color":"","overlay-opacity":"","overlay-gradient":""},"tablet":{"background-color":"var(--ast-global-color-5)","background-image":"","background-repeat":"repeat","background-position":"center center","background-size":"auto","background-attachment":"scroll","background-type":"","background-media":"","overlay-type":"","overlay-color":"","overlay-opacity":"","overlay-gradient":""},"mobile":{"background-color":"var(--ast-global-color-5)","background-image":"","background-repeat":"repeat","background-position":"center center","background-size":"auto","background-attachment":"scroll","background-type":"","background-media":"","overlay-type":"","overlay-color":"","overlay-opacity":"","overlay-gradient":""}}},"product_brand":[1302],"product_cat":[1303,1316,1392],"product_tag":[],"class_list":{"0":"post-16096","1":"product","2":"type-product","3":"status-publish","4":"has-post-thumbnail","6":"product_brand-vallejo","7":"product_cat-peintures","8":"product_cat-effets","9":"product_cat-pigment-fx-vallejo","10":"desktop-align-left","11":"tablet-align-left","12":"mobile-align-left","13":"ast-product-gallery-layout-first-image-large","14":"ast-magnify-disabled","15":"ast-product-tabs-layout-accordion","17":"first","18":"instock","19":"taxable","20":"shipping-taxable","21":"purchasable","22":"product-type-simple"},"_links":{"self":[{"href":"https:\/\/craftyminis.com\/fr\/wp-json\/wp\/v2\/product\/16096","targetHints":{"allow":["GET"]}}],"collection":[{"href":"https:\/\/craftyminis.com\/fr\/wp-json\/wp\/v2\/product"}],"about":[{"href":"https:\/\/craftyminis.com\/fr\/wp-json\/wp\/v2\/types\/product"}],"replies":[{"embeddable":true,"href":"https:\/\/craftyminis.com\/fr\/wp-json\/wp\/v2\/comments?post=16096"}],"wp:featuredmedia":[{"embeddable":true,"href":"https:\/\/craftyminis.com\/fr\/wp-json\/wp\/v2\/media\/16097"}],"wp:attachment":[{"href":"https:\/\/craftyminis.com\/fr\/wp-json\/wp\/v2\/media?parent=16096"}],"wp:term":[{"taxonomy":"product_brand","embeddable":true,"href":"https:\/\/craftyminis.com\/fr\/wp-json\/wp\/v2\/product_brand?post=16096"},{"taxonomy":"product_cat","embeddable":true,"href":"https:\/\/craftyminis.com\/fr\/wp-json\/wp\/v2\/product_cat?post=16096"},{"taxonomy":"product_tag","embeddable":true,"href":"https:\/\/craftyminis.com\/fr\/wp-json\/wp\/v2\/product_tag?post=16096"}],"curies":[{"name":"wp","href":"https:\/\/api.w.org\/{rel}","templated":true}]}}