{"id":16086,"date":"2025-08-27T16:48:20","date_gmt":"2025-08-27T15:48:20","guid":{"rendered":"https:\/\/craftyminis.com\/non%20class\u00e9\/natural-sienna-vallejo-73105\/"},"modified":"2026-02-23T00:57:01","modified_gmt":"2026-02-22T23:57:01","slug":"natural-sienna-vallejo-73105","status":"publish","type":"product","link":"https:\/\/craftyminis.com\/fr\/peintures\/natural-sienna-vallejo-73105\/","title":{"rendered":"Vallejo Pigment FX \u2013 Natural Sienna (73105)"},"content":{"rendered":"<h4 data-start=\"517\" data-end=\"1059\"><strong data-start=\"517\" data-end=\"615\">Natural Sienna Vallejo 73105: tons terreux \u00e9quilibr\u00e9s et d\u00e9p\u00f4ts de terre r\u00e9alistes<\/strong><\/h4>\n<p data-start=\"440\" data-end=\"1121\">Pigment en poudre extra-fin con\u00e7u pour <strong data-start=\"597\" data-end=\"621\">terre de sienne naturelle<\/strong>, <strong data-start=\"623\" data-end=\"642\">poussi\u00e8re d&rsquo;argile<\/strong> et <strong data-start=\"645\" data-end=\"666\">d\u00e9p\u00f4ts chauds<\/strong> avec des <strong data-start=\"700\" data-end=\"726\">finitions naturelles<\/strong>. Sa teinte <strong data-start=\"742\" data-end=\"765\">brun-jaune neutre<\/strong> offre une <strong data-start=\"800\" data-end=\"809\" data-is-only-node=\"\">couleur terreuse \u00e9quilibr\u00e9e<\/strong>, parfaite pour les transitions entre les <strong data-start=\"812\" data-end=\"824\">ocres<\/strong> et les <strong data-start=\"829\" data-end=\"851\">bruns<\/strong>. Le <strong data-start=\"941\" data-end=\"958\">grain fin<\/strong> facilite la superposition de <strong data-start=\"1006\" data-end=\"1026\">glacis<\/strong> et l&rsquo;obtention de transitions douces sur le m\u00e9tal, le plastique ou la r\u00e9sine, et sa nature <strong data-start=\"1061\" data-end=\"1075\">non inflammable<\/strong> vous permet de travailler en toute s\u00e9curit\u00e9 en int\u00e9rieur. Le <\/p>\n<p>pot de 35 ml<\/p>\n<p data-start=\"1123\" data-end=\"1680\"> suffit pour de nombreux <strong data-start=\"1126\" data-end=\"1148\">projets de vieillissement<\/strong> et s\u00e8che sans brillance ind\u00e9sirable.<strong data-start=\"1314\" data-end=\"1333\"><br \/>\n<\/strong>Pour <strong data-start=\"1336\" data-end=\"1360\">une application \u00e0 sec<\/strong>, appliquez le pigment avec un pinceau doux l\u00e0 o\u00f9 il s&rsquo;accumulerait naturellement sous l&rsquo;effet de la gravit\u00e9 (surfaces horizontales, creux, voies et <strong data-start=\"1372\" data-end=\"1391\">train roulant<\/strong>). Estompez avec un pinceau propre pour <strong data-start=\"1457\" data-end=\"1480\">att\u00e9nuer les panneaux<\/strong> ou <strong data-start=\"1487\" data-end=\"1498\">rompre les zones uniformes<\/strong>. Si vous souhaitez une <strong data-start=\"1554\" data-end=\"1565\">fixation l\u00e9g\u00e8re<\/strong> sans perdre la texture, touchez le pigment avec un pinceau humidifi\u00e9 dans un <strong data-start=\"1568\" data-end=\"1585\">fixateur\/ liant<\/strong>; pour plus de <strong data-start=\"1587\" data-end=\"1601\">volume<\/strong>, m\u00e9langez-le avec du liant jusqu&rsquo;\u00e0 obtention d&rsquo;une p\u00e2te et cr\u00e9ez des <strong data-start=\"1634\" data-end=\"1646\">cro\u00fbtes<\/strong> et des <\/p>\n<p>accumulations<\/p>\n<p data-start=\"1815\" data-end=\"2462\">. <a href=\"https:\/\/craftyminis.com\/fr\/peintures\/effets\/pigment-fx-vallejo\/\">Compatible<strong> avec l&rsquo;eau, les acryliques et les vernis ; <\/strong>les outils<\/a> peuvent \u00eatre nettoy\u00e9s \u00e0 l&rsquo;eau et au savon.<a href=\"https:\/\/craftyminis.com\/fr\/marque\/vallejo\/\"><br \/>\n<strong>Vous pouvez d\u00e9couvrir plus d&rsquo;effets dans la <\/strong><\/a>cat\u00e9gorie Vallejo Pigment FX<\/p>\n<p data-start=\"2464\" data-end=\"2965\"> ou explorer d&rsquo;autres produits de la <strong data-start=\"1682\" data-end=\"1708\"><\/strong>marque Vallejo<strong data-start=\"1734\" data-end=\"1763\"><\/strong>.<strong data-start=\"1769\" data-end=\"1799\"><br \/>\n<\/strong><strong data-start=\"1828\" data-end=\"1849\">Utilisations sugg\u00e9r\u00e9es<\/strong>: sur des v\u00e9hicules op\u00e9rant dans des <strong data-start=\"1851\" data-end=\"1862\">th\u00e9\u00e2tres temp\u00e9r\u00e9s ou l\u00e9g\u00e8rement arides<\/strong> il cr\u00e9e des <strong data-start=\"1865\" data-end=\"1876\">d\u00e9p\u00f4ts de poussi\u00e8re terreuse<\/strong>; dans des dioramas ruraux il simule des <strong data-start=\"1914\" data-end=\"1934\">routes en terre<\/strong>, des <strong data-start=\"1991\" data-end=\"2007\">foss\u00e9s<\/strong> et des <strong data-start=\"2009\" data-end=\"2019\" data-is-only-node=\"\">talus secs<\/strong>; dans des d\u00e9cors urbains il ajoute de la <strong data-start=\"2022\" data-end=\"2032\">terre accumul\u00e9e<\/strong> sur les <strong data-start=\"2081\" data-end=\"2100\">bordures<\/strong>, les fissures et les zones de chantier. Superposez des couches de <\/p>\n<p>tons terreux<small>, de <a href=\"https:\/\/acrylicosvallejo.com\/\" target=\"_blank\" rel=\"noopener\">sables<\/a> et de <\/small>couleurs rouilleNatural Sienna Vallejo 73105, en scellant si n\u00e9cessaire pour pr\u00e9server l&rsquo;effet de vieillissement __XLIFF_TOKEN_00089__stratifi\u00e9__XLIFF_TOKEN_00090__.__XLIFF_TOKEN_00091__<br \/>\n__XLIFF_TOKEN_00092__Trouvez plus de d\u00e9tails techniques sur le __XLIFF_TOKEN_00093__site officiel de Vallejo__XLIFF_TOKEN_00094__.__XLIFF_TOKEN_00095__<\/p>\n","protected":false},"excerpt":{"rendered":"<p><strong data-start=\"128\" data-end=\"168\">Natural Sienna Vallejo 73105<\/strong>, <strong data-start=\"170\" data-end=\"187\">pot de 35 ml<\/strong> avec <strong data-start=\"190\" data-end=\"217\">grain extra-fin<\/strong>. Id\u00e9al pour <strong data-start=\"230\" data-end=\"254\">terre de sienne naturelle<\/strong>, <strong data-start=\"256\" data-end=\"273\">poussi\u00e8re terreuse<\/strong> et <strong data-start=\"276\" data-end=\"290\">boue s\u00e9ch\u00e9e<\/strong> sur mod\u00e8les et dioramas. Utilisez-le <strong data-start=\"321\" data-end=\"332\">sec<\/strong> ou avec <strong data-start=\"339\" data-end=\"369\">liant pour pigments<\/strong>; <strong data-start=\"371\" data-end=\"384\" data-is-only-node=\"\">m\u00e9langeable<\/strong> avec de l&rsquo;eau, des acryliques et des vernis.<\/p>\n","protected":false},"featured_media":16087,"comment_status":"closed","ping_status":"closed","template":"","meta":{"site-sidebar-layout":"default","site-content-layout":"","ast-site-content-layout":"default","site-content-style":"default","site-sidebar-style":"default","ast-global-header-display":"","ast-banner-title-visibility":"","ast-main-header-display":"","ast-hfb-above-header-display":"","ast-hfb-below-header-display":"","ast-hfb-mobile-header-display":"","site-post-title":"","ast-breadcrumbs-content":"","ast-featured-img":"","footer-sml-layout":"","ast-disable-related-posts":"","theme-transparent-header-meta":"default","adv-header-id-meta":"","stick-header-meta":"default","header-above-stick-meta":"","header-main-stick-meta":"","header-below-stick-meta":"","astra-migrate-meta-layouts":"default","ast-page-background-enabled":"default","ast-page-background-meta":{"desktop":{"background-color":"var(--ast-global-color-4)","background-image":"","background-repeat":"repeat","background-position":"center center","background-size":"auto","background-attachment":"scroll","background-type":"","background-media":"","overlay-type":"","overlay-color":"","overlay-opacity":"","overlay-gradient":""},"tablet":{"background-color":"","background-image":"","background-repeat":"repeat","background-position":"center center","background-size":"auto","background-attachment":"scroll","background-type":"","background-media":"","overlay-type":"","overlay-color":"","overlay-opacity":"","overlay-gradient":""},"mobile":{"background-color":"","background-image":"","background-repeat":"repeat","background-position":"center center","background-size":"auto","background-attachment":"scroll","background-type":"","background-media":"","overlay-type":"","overlay-color":"","overlay-opacity":"","overlay-gradient":""}},"ast-content-background-meta":{"desktop":{"background-color":"var(--ast-global-color-5)","background-image":"","background-repeat":"repeat","background-position":"center center","background-size":"auto","background-attachment":"scroll","background-type":"","background-media":"","overlay-type":"","overlay-color":"","overlay-opacity":"","overlay-gradient":""},"tablet":{"background-color":"var(--ast-global-color-5)","background-image":"","background-repeat":"repeat","background-position":"center center","background-size":"auto","background-attachment":"scroll","background-type":"","background-media":"","overlay-type":"","overlay-color":"","overlay-opacity":"","overlay-gradient":""},"mobile":{"background-color":"var(--ast-global-color-5)","background-image":"","background-repeat":"repeat","background-position":"center center","background-size":"auto","background-attachment":"scroll","background-type":"","background-media":"","overlay-type":"","overlay-color":"","overlay-opacity":"","overlay-gradient":""}}},"product_brand":[1302],"product_cat":[1303,1316,1392],"product_tag":[],"class_list":{"0":"post-16086","1":"product","2":"type-product","3":"status-publish","4":"has-post-thumbnail","6":"product_brand-vallejo","7":"product_cat-peintures","8":"product_cat-effets","9":"product_cat-pigment-fx-vallejo","10":"desktop-align-left","11":"tablet-align-left","12":"mobile-align-left","13":"ast-product-gallery-layout-first-image-large","14":"ast-magnify-disabled","15":"ast-product-tabs-layout-accordion","17":"first","18":"instock","19":"taxable","20":"shipping-taxable","21":"purchasable","22":"product-type-simple"},"_links":{"self":[{"href":"https:\/\/craftyminis.com\/fr\/wp-json\/wp\/v2\/product\/16086","targetHints":{"allow":["GET"]}}],"collection":[{"href":"https:\/\/craftyminis.com\/fr\/wp-json\/wp\/v2\/product"}],"about":[{"href":"https:\/\/craftyminis.com\/fr\/wp-json\/wp\/v2\/types\/product"}],"replies":[{"embeddable":true,"href":"https:\/\/craftyminis.com\/fr\/wp-json\/wp\/v2\/comments?post=16086"}],"wp:featuredmedia":[{"embeddable":true,"href":"https:\/\/craftyminis.com\/fr\/wp-json\/wp\/v2\/media\/16087"}],"wp:attachment":[{"href":"https:\/\/craftyminis.com\/fr\/wp-json\/wp\/v2\/media?parent=16086"}],"wp:term":[{"taxonomy":"product_brand","embeddable":true,"href":"https:\/\/craftyminis.com\/fr\/wp-json\/wp\/v2\/product_brand?post=16086"},{"taxonomy":"product_cat","embeddable":true,"href":"https:\/\/craftyminis.com\/fr\/wp-json\/wp\/v2\/product_cat?post=16086"},{"taxonomy":"product_tag","embeddable":true,"href":"https:\/\/craftyminis.com\/fr\/wp-json\/wp\/v2\/product_tag?post=16086"}],"curies":[{"name":"wp","href":"https:\/\/api.w.org\/{rel}","templated":true}]}}