{"id":16077,"date":"2025-08-27T17:14:55","date_gmt":"2025-08-27T16:14:55","guid":{"rendered":"https:\/\/craftyminis.com\/non%20class\u00e9\/brown-iron-oxide-vallejo-73108\/"},"modified":"2026-02-23T00:56:58","modified_gmt":"2026-02-22T23:56:58","slug":"brown-iron-oxide-vallejo-73108","status":"publish","type":"product","link":"https:\/\/craftyminis.com\/fr\/peintures\/effets\/pigment-fx-vallejo\/brown-iron-oxide-vallejo-73108\/","title":{"rendered":"Vallejo Pigment FX \u2013 Brown Iron Oxide (73108)"},"content":{"rendered":"<h4 data-start=\"517\" data-end=\"1059\"><strong data-start=\"534\" data-end=\"638\">Brown Iron Oxide Vallejo 73108: corrosion r\u00e9aliste et d\u00e9p\u00f4ts ferrugineux profonds<\/strong><\/h4>\n<p data-start=\"534\" data-end=\"1209\">Pigment en poudre extra-fin con\u00e7u pour <strong data-start=\"697\" data-end=\"713\">effets de rouille brune<\/strong>, <strong data-start=\"715\" data-end=\"737\">corrosion d\u00e9pos\u00e9e<\/strong> et <strong data-start=\"740\" data-end=\"762\">stries fonc\u00e9es<\/strong> avec une finition naturelle. Son <strong data-start=\"793\" data-end=\"815\">ton brun, riche en fer<\/strong> est id\u00e9al pour les <strong data-start=\"835\" data-end=\"867\">stades avanc\u00e9s de corrosion<\/strong>, mettant en valeur <strong data-start=\"879\" data-end=\"912\" data-is-only-node=\"\">rivets, joints et lignes de soudure<\/strong>. La <strong data-start=\"917\" data-end=\"939\">granulom\u00e9trie fine<\/strong> permet des glacis et des transitions douces sur m\u00e9tal, plastique ou r\u00e9sine, et sa nature <strong data-start=\"1029\" data-end=\"1046\">non inflammable<\/strong> le rend s\u00fbr \u00e0 utiliser en int\u00e9rieur. Le <strong data-start=\"1094\" data-end=\"1114\">pot de 35 ml<\/strong> suffit pour plusieurs projets de <strong data-start=\"1149\" data-end=\"1163\">patine<\/strong> et s\u00e8che sans brillant ind\u00e9sirable.<\/p>\n<p data-start=\"1211\" data-end=\"1786\">Pour <strong data-start=\"1214\" data-end=\"1236\">application \u00e0 sec<\/strong>, d\u00e9posez le pigment avec un pinceau doux l\u00e0 o\u00f9 il s&rsquo;accumulerait naturellement sous l&rsquo;effet de la gravit\u00e9 (surfaces horizontales, creux, chenilles et trains de roulement). Estompez avec un pinceau propre pour <strong data-start=\"1402\" data-end=\"1421\">adoucir les panneaux<\/strong> ou <strong data-start=\"1424\" data-end=\"1448\">briser les zones uniformes<\/strong>. Si vous souhaitez une <strong data-start=\"1460\" data-end=\"1479\">fixation l\u00e9g\u00e8re<\/strong> sans perdre la texture, touchez le pigment avec un pinceau humidifi\u00e9 dans un <strong data-start=\"1545\" data-end=\"1568\">fixateur\/liant<\/strong>; pour plus de <strong data-start=\"1575\" data-end=\"1586\">volume<\/strong>, m\u00e9langez-le avec du liant jusqu&rsquo;\u00e0 obtenir une p\u00e2te et cr\u00e9ez des <strong data-start=\"1642\" data-end=\"1671\">cro\u00fbtes de rouille gonfl\u00e9es<\/strong> et des <strong data-start=\"1674\" data-end=\"1691\">accumulations<\/strong>. <strong data-start=\"1693\" data-end=\"1707\">Compatible<\/strong> avec l&rsquo;eau, les acryliques et les vernis ; <strong data-start=\"1740\" data-end=\"1752\">nettoyez<\/strong> les outils \u00e0 l&rsquo;eau et au savon.<\/p>\n<p data-start=\"1815\" data-end=\"2462\">D\u00e9couvrez d&rsquo;autres effets dans la <a href=\"https:\/\/craftyminis.com\/fr\/peintures\/effets\/pigment-fx-vallejo\/\"><strong>cat\u00e9gorie Vallejo Pigment FX<\/strong><\/a> ou explorez d&rsquo;autres produits de la <a href=\"https:\/\/craftyminis.com\/fr\/marque\/vallejo\/\"><strong>marque Vallejo<\/strong><\/a>.<\/p>\n<p data-start=\"2464\" data-end=\"2965\"><strong data-start=\"1788\" data-end=\"1814\">Utilisations sugg\u00e9r\u00e9es<\/strong> : sur <strong data-start=\"1829\" data-end=\"1857\">v\u00e9hicules militaires et industriels<\/strong> il cr\u00e9e une <strong data-start=\"1863\" data-end=\"1881\">rouille brun fonc\u00e9<\/strong> sur <strong data-start=\"1885\" data-end=\"1928\">ch\u00e2ssis, \u00e9chappements, grilles et boulons<\/strong> ; sur le <strong data-start=\"1942\" data-end=\"1957\">mat\u00e9riel ferroviaire<\/strong> il ajoute une <strong data-start=\"1965\" data-end=\"1986\">poussi\u00e8re ferrugineuse<\/strong> aux <strong data-start=\"1989\" data-end=\"2019\">bogies, roues et traverses<\/strong> ; dans les <strong data-start=\"2037\" data-end=\"2060\">d\u00e9cors urbains et industriels<\/strong> il simule des <strong data-start=\"2068\" data-end=\"2126\" data-is-only-node=\"\">poutres, garde-corps, tuyaux, conteneurs et r\u00e9servoirs<\/strong> vieillissants. Alternez des couches de <strong data-start=\"2157\" data-end=\"2184\">rouille orange et rouge<\/strong>, de <strong data-start=\"2186\" data-end=\"2196\">siennes<\/strong> et d&rsquo;<strong data-start=\"2199\" data-end=\"2208\">ochres<\/strong>, en scellant si n\u00e9cessaire pour pr\u00e9server l&rsquo;effet de <strong data-start=\"2257\" data-end=\"2276\">patine stratifi\u00e9e<\/strong>.<\/p>\n<p><small>Trouvez plus de d\u00e9tails techniques sur le <a href=\"https:\/\/acrylicosvallejo.com\/\" target=\"_blank\" rel=\"noopener\">site officiel de Vallejo<\/a>.<\/small><\/p>\n","protected":false},"excerpt":{"rendered":"<p><strong data-start=\"98\" data-end=\"147\">Brown Iron Oxide Vallejo 73108<\/strong>, <strong data-start=\"149\" data-end=\"166\">pot de 35 ml<\/strong> avec <strong data-start=\"169\" data-end=\"196\">grain extra-fin<\/strong>. Id\u00e9al pour <strong data-start=\"209\" data-end=\"225\">rouille brune<\/strong>, <strong data-start=\"227\" data-end=\"249\">corrosion avanc\u00e9e<\/strong> et <strong data-start=\"252\" data-end=\"278\">d\u00e9p\u00f4ts ferrugineux<\/strong> sur mod\u00e8les et dioramas ; parfait pour <strong data-start=\"317\" data-end=\"345\">patine industrielle<\/strong> et les transitions entre <strong data-start=\"367\" data-end=\"384\">rouille orange<\/strong> et <strong data-start=\"387\" data-end=\"407\" data-is-only-node=\"\">corrosion fonc\u00e9e<\/strong>. Utilisez-le <strong data-start=\"415\" data-end=\"426\">sec<\/strong> ou avec <strong data-start=\"433\" data-end=\"463\">liant pour pigments<\/strong> ; <strong data-start=\"465\" data-end=\"478\">m\u00e9langeable<\/strong> avec de l&rsquo;eau, des acryliques et des vernis.<\/p>\n","protected":false},"featured_media":16078,"comment_status":"closed","ping_status":"closed","template":"","meta":{"site-sidebar-layout":"default","site-content-layout":"","ast-site-content-layout":"default","site-content-style":"default","site-sidebar-style":"default","ast-global-header-display":"","ast-banner-title-visibility":"","ast-main-header-display":"","ast-hfb-above-header-display":"","ast-hfb-below-header-display":"","ast-hfb-mobile-header-display":"","site-post-title":"","ast-breadcrumbs-content":"","ast-featured-img":"","footer-sml-layout":"","ast-disable-related-posts":"","theme-transparent-header-meta":"default","adv-header-id-meta":"","stick-header-meta":"default","header-above-stick-meta":"","header-main-stick-meta":"","header-below-stick-meta":"","astra-migrate-meta-layouts":"default","ast-page-background-enabled":"default","ast-page-background-meta":{"desktop":{"background-color":"var(--ast-global-color-4)","background-image":"","background-repeat":"repeat","background-position":"center center","background-size":"auto","background-attachment":"scroll","background-type":"","background-media":"","overlay-type":"","overlay-color":"","overlay-opacity":"","overlay-gradient":""},"tablet":{"background-color":"","background-image":"","background-repeat":"repeat","background-position":"center center","background-size":"auto","background-attachment":"scroll","background-type":"","background-media":"","overlay-type":"","overlay-color":"","overlay-opacity":"","overlay-gradient":""},"mobile":{"background-color":"","background-image":"","background-repeat":"repeat","background-position":"center center","background-size":"auto","background-attachment":"scroll","background-type":"","background-media":"","overlay-type":"","overlay-color":"","overlay-opacity":"","overlay-gradient":""}},"ast-content-background-meta":{"desktop":{"background-color":"var(--ast-global-color-5)","background-image":"","background-repeat":"repeat","background-position":"center center","background-size":"auto","background-attachment":"scroll","background-type":"","background-media":"","overlay-type":"","overlay-color":"","overlay-opacity":"","overlay-gradient":""},"tablet":{"background-color":"var(--ast-global-color-5)","background-image":"","background-repeat":"repeat","background-position":"center center","background-size":"auto","background-attachment":"scroll","background-type":"","background-media":"","overlay-type":"","overlay-color":"","overlay-opacity":"","overlay-gradient":""},"mobile":{"background-color":"var(--ast-global-color-5)","background-image":"","background-repeat":"repeat","background-position":"center center","background-size":"auto","background-attachment":"scroll","background-type":"","background-media":"","overlay-type":"","overlay-color":"","overlay-opacity":"","overlay-gradient":""}}},"product_brand":[1302],"product_cat":[1392,1316,1303],"product_tag":[],"class_list":{"0":"post-16077","1":"product","2":"type-product","3":"status-publish","4":"has-post-thumbnail","6":"product_brand-vallejo","7":"product_cat-pigment-fx-vallejo","8":"product_cat-effets","9":"product_cat-peintures","10":"desktop-align-left","11":"tablet-align-left","12":"mobile-align-left","13":"ast-product-gallery-layout-first-image-large","14":"ast-magnify-disabled","15":"ast-product-tabs-layout-accordion","17":"first","18":"instock","19":"taxable","20":"shipping-taxable","21":"purchasable","22":"product-type-simple"},"_links":{"self":[{"href":"https:\/\/craftyminis.com\/fr\/wp-json\/wp\/v2\/product\/16077","targetHints":{"allow":["GET"]}}],"collection":[{"href":"https:\/\/craftyminis.com\/fr\/wp-json\/wp\/v2\/product"}],"about":[{"href":"https:\/\/craftyminis.com\/fr\/wp-json\/wp\/v2\/types\/product"}],"replies":[{"embeddable":true,"href":"https:\/\/craftyminis.com\/fr\/wp-json\/wp\/v2\/comments?post=16077"}],"wp:featuredmedia":[{"embeddable":true,"href":"https:\/\/craftyminis.com\/fr\/wp-json\/wp\/v2\/media\/16078"}],"wp:attachment":[{"href":"https:\/\/craftyminis.com\/fr\/wp-json\/wp\/v2\/media?parent=16077"}],"wp:term":[{"taxonomy":"product_brand","embeddable":true,"href":"https:\/\/craftyminis.com\/fr\/wp-json\/wp\/v2\/product_brand?post=16077"},{"taxonomy":"product_cat","embeddable":true,"href":"https:\/\/craftyminis.com\/fr\/wp-json\/wp\/v2\/product_cat?post=16077"},{"taxonomy":"product_tag","embeddable":true,"href":"https:\/\/craftyminis.com\/fr\/wp-json\/wp\/v2\/product_tag?post=16077"}],"curies":[{"name":"wp","href":"https:\/\/api.w.org\/{rel}","templated":true}]}}