{"id":16071,"date":"2025-08-27T17:30:39","date_gmt":"2025-08-27T16:30:39","guid":{"rendered":"https:\/\/craftyminis.com\/non%20class\u00e9\/burnt-umber-vallejo-73110\/"},"modified":"2026-02-23T00:56:56","modified_gmt":"2026-02-22T23:56:56","slug":"burnt-umber-vallejo-73110","status":"publish","type":"product","link":"https:\/\/craftyminis.com\/fr\/peintures\/effets\/pigment-fx-vallejo\/burnt-umber-vallejo-73110\/","title":{"rendered":"Vallejo Pigment FX &#8211; Sombra Calcinada (73110)"},"content":{"rendered":"<h4 data-start=\"517\" data-end=\"1059\"><strong data-start=\"523\" data-end=\"614\">Burnt Umber Vallejo 73110: terre sombre chaude et effets de vieillissement intenses<\/strong><\/h4>\n<p data-start=\"523\" data-end=\"1219\">Pigment en poudre extra-fin con\u00e7u pour <strong data-start=\"673\" data-end=\"699\">dark brown dirt<\/strong>, <strong data-start=\"701\" data-end=\"715\">dried grease<\/strong> et <strong data-start=\"718\" data-end=\"740\">earthy deposits<\/strong> avec une finition naturelle. Sa <strong data-start=\"774\" data-end=\"798\">warm dark brown<\/strong> tonalit\u00e9 ajoute de la <strong data-start=\"806\" data-end=\"821\">depth<\/strong> dans les creux et relie les diff\u00e9rentes teintes de poussi\u00e8re, facilitant la transition vers <strong data-start=\"888\" data-end=\"898\" data-is-only-node=\"\">black<\/strong>, <strong data-start=\"900\" data-end=\"910\">siennas<\/strong> et <strong data-start=\"913\" data-end=\"923\">oxides<\/strong>. Le <strong data-start=\"928\" data-end=\"950\">fine grain<\/strong> permet des glacis et des transitions douces sur le m\u00e9tal, le plastique ou la r\u00e9sine, et sa nature <strong data-start=\"1039\" data-end=\"1056\">non-flammable<\/strong> le rend s\u00fbr \u00e0 utiliser en int\u00e9rieur. Le <strong data-start=\"1104\" data-end=\"1124\">35 ml jar<\/strong> suffit pour plusieurs <strong data-start=\"1159\" data-end=\"1173\">weathering<\/strong> projets et s\u00e8che sans brillance ind\u00e9sirable.<\/p>\n<p data-start=\"1221\" data-end=\"1794\">Pour <strong data-start=\"1224\" data-end=\"1246\">dry application<\/strong>, d\u00e9posez le pigment avec un pinceau doux l\u00e0 o\u00f9 la salet\u00e9 s&rsquo;accumulerait naturellement par gravit\u00e9 (surfaces horizontales, creux, voies et trains de roulement). Estompez avec un pinceau propre pour <strong data-start=\"1412\" data-end=\"1431\">soften panels<\/strong> ou <strong data-start=\"1434\" data-end=\"1458\">break up uniform areas<\/strong>. Si vous souhaitez une <strong data-start=\"1470\" data-end=\"1489\">light fixation<\/strong> sans perdre la texture, tamponnez le pigment avec un pinceau humidifi\u00e9 dans un <strong data-start=\"1555\" data-end=\"1578\">pigment fixer\/binder<\/strong>; pour un <strong data-start=\"1585\" data-end=\"1596\">volume<\/strong> suppl\u00e9mentaire, m\u00e9langez-le avec du liant jusqu&rsquo;\u00e0 obtention d&rsquo;une p\u00e2te et cr\u00e9ez des <strong data-start=\"1652\" data-end=\"1663\">crusts<\/strong>, de la <strong data-start=\"1665\" data-end=\"1679\">dried mud<\/strong> et des <strong data-start=\"1682\" data-end=\"1699\">heavy build-ups<\/strong>. <strong data-start=\"1701\" data-end=\"1715\">Compatible<\/strong> avec l&rsquo;eau, les acryliques et les vernis ; <strong data-start=\"1748\" data-end=\"1760\">clean<\/strong> les outils \u00e0 l&rsquo;eau et au savon.<\/p>\n<p data-start=\"1815\" data-end=\"2462\">D\u00e9couvrez plus d&rsquo;effets dans la <a href=\"https:\/\/craftyminis.com\/fr\/peintures\/effets\/pigment-fx-vallejo\/\"><strong>Pigment FX category<\/strong><\/a> ou explorez d&rsquo;autres produits de la <a href=\"https:\/\/craftyminis.com\/fr\/marque\/vallejo\/\"><strong>Vallejo brand<\/strong><\/a>.<\/p>\n<p data-start=\"2464\" data-end=\"2965\"><strong data-start=\"1796\" data-end=\"1822\">Suggested uses<\/strong>: sur <strong data-start=\"1837\" data-end=\"1865\">military and industrial vehicles<\/strong> il cr\u00e9e une <strong data-start=\"1871\" data-end=\"1901\">warm, deep dirt<\/strong> sur les <strong data-start=\"1905\" data-end=\"1949\">undersides, chassis, wheels and running gear<\/strong> ; autour des <strong data-start=\"1963\" data-end=\"1972\">engines<\/strong>, des <strong data-start=\"1974\" data-end=\"1985\">exhausts<\/strong> et des <strong data-start=\"1988\" data-end=\"2000\">grilles<\/strong> il ajoute de la <strong data-start=\"2008\" data-end=\"2017\">grime<\/strong> et de la <strong data-start=\"2020\" data-end=\"2038\" data-is-only-node=\"\">earthy soot<\/strong> ; dans les <strong data-start=\"2052\" data-end=\"2078\">urban and railway dioramas<\/strong> il simule de la <strong data-start=\"2086\" data-end=\"2102\">dark mud<\/strong>, du <strong data-start=\"2104\" data-end=\"2125\">compacted soil<\/strong> et du <strong data-start=\"2128\" data-end=\"2149\">aged wood<\/strong>. Alternez les couches avec des <strong data-start=\"2169\" data-end=\"2178\">ochres<\/strong>, des <strong data-start=\"2180\" data-end=\"2190\">siennas<\/strong> et des <strong data-start=\"2193\" data-end=\"2203\">blacks<\/strong>, en scellant si n\u00e9cessaire pour pr\u00e9server l&rsquo;effet de <strong data-start=\"2252\" data-end=\"2271\">stratified<\/strong> patine.<\/p>\n<p><small>Trouvez plus de d\u00e9tails techniques sur le <a href=\"https:\/\/acrylicosvallejo.com\/\" target=\"_blank\" rel=\"noopener\">official Vallejo website<\/a>.<\/small><\/p>\n","protected":false},"excerpt":{"rendered":"<p><strong data-start=\"98\" data-end=\"141\">Burnt Umber Vallejo 73110<\/strong>, <strong data-start=\"143\" data-end=\"160\">pot de 35 ml<\/strong> avec <strong data-start=\"163\" data-end=\"190\">grain extra-fin<\/strong>. Id\u00e9al pour <strong data-start=\"203\" data-end=\"234\">terre brun fonc\u00e9 chaude<\/strong>, <strong data-start=\"236\" data-end=\"257\">salissure profonde<\/strong> et <strong data-start=\"260\" data-end=\"281\">boue s\u00e8che fonc\u00e9e<\/strong> sur mod\u00e8les et dioramas ; parfait pour <strong data-start=\"320\" data-end=\"340\">ombres intenses<\/strong>, <strong data-start=\"342\" data-end=\"351\">salissure<\/strong> et transitions douces vers <strong data-start=\"373\" data-end=\"383\" data-is-only-node=\"\">noir<\/strong> et <strong data-start=\"386\" data-end=\"396\">tons d\u2019oxyde<\/strong>. Utilisez-le <strong data-start=\"404\" data-end=\"415\">sec<\/strong> ou avec <strong data-start=\"422\" data-end=\"452\">liant pigmentaire<\/strong> ; <strong data-start=\"454\" data-end=\"467\">m\u00e9langeable<\/strong> avec de l\u2019eau, des acryliques et des vernis.<\/p>\n","protected":false},"featured_media":16073,"comment_status":"closed","ping_status":"closed","template":"","meta":{"site-sidebar-layout":"default","site-content-layout":"","ast-site-content-layout":"default","site-content-style":"default","site-sidebar-style":"default","ast-global-header-display":"","ast-banner-title-visibility":"","ast-main-header-display":"","ast-hfb-above-header-display":"","ast-hfb-below-header-display":"","ast-hfb-mobile-header-display":"","site-post-title":"","ast-breadcrumbs-content":"","ast-featured-img":"","footer-sml-layout":"","ast-disable-related-posts":"","theme-transparent-header-meta":"default","adv-header-id-meta":"","stick-header-meta":"default","header-above-stick-meta":"","header-main-stick-meta":"","header-below-stick-meta":"","astra-migrate-meta-layouts":"default","ast-page-background-enabled":"default","ast-page-background-meta":{"desktop":{"background-color":"var(--ast-global-color-4)","background-image":"","background-repeat":"repeat","background-position":"center center","background-size":"auto","background-attachment":"scroll","background-type":"","background-media":"","overlay-type":"","overlay-color":"","overlay-opacity":"","overlay-gradient":""},"tablet":{"background-color":"","background-image":"","background-repeat":"repeat","background-position":"center center","background-size":"auto","background-attachment":"scroll","background-type":"","background-media":"","overlay-type":"","overlay-color":"","overlay-opacity":"","overlay-gradient":""},"mobile":{"background-color":"","background-image":"","background-repeat":"repeat","background-position":"center center","background-size":"auto","background-attachment":"scroll","background-type":"","background-media":"","overlay-type":"","overlay-color":"","overlay-opacity":"","overlay-gradient":""}},"ast-content-background-meta":{"desktop":{"background-color":"var(--ast-global-color-5)","background-image":"","background-repeat":"repeat","background-position":"center center","background-size":"auto","background-attachment":"scroll","background-type":"","background-media":"","overlay-type":"","overlay-color":"","overlay-opacity":"","overlay-gradient":""},"tablet":{"background-color":"var(--ast-global-color-5)","background-image":"","background-repeat":"repeat","background-position":"center center","background-size":"auto","background-attachment":"scroll","background-type":"","background-media":"","overlay-type":"","overlay-color":"","overlay-opacity":"","overlay-gradient":""},"mobile":{"background-color":"var(--ast-global-color-5)","background-image":"","background-repeat":"repeat","background-position":"center center","background-size":"auto","background-attachment":"scroll","background-type":"","background-media":"","overlay-type":"","overlay-color":"","overlay-opacity":"","overlay-gradient":""}}},"product_brand":[1302],"product_cat":[1392,1316,1303],"product_tag":[],"class_list":{"0":"post-16071","1":"product","2":"type-product","3":"status-publish","4":"has-post-thumbnail","6":"product_brand-vallejo","7":"product_cat-pigment-fx-vallejo","8":"product_cat-effets","9":"product_cat-peintures","10":"desktop-align-left","11":"tablet-align-left","12":"mobile-align-left","13":"ast-product-gallery-layout-first-image-large","14":"ast-magnify-disabled","15":"ast-product-tabs-layout-accordion","17":"first","18":"instock","19":"taxable","20":"shipping-taxable","21":"purchasable","22":"product-type-simple"},"_links":{"self":[{"href":"https:\/\/craftyminis.com\/fr\/wp-json\/wp\/v2\/product\/16071","targetHints":{"allow":["GET"]}}],"collection":[{"href":"https:\/\/craftyminis.com\/fr\/wp-json\/wp\/v2\/product"}],"about":[{"href":"https:\/\/craftyminis.com\/fr\/wp-json\/wp\/v2\/types\/product"}],"replies":[{"embeddable":true,"href":"https:\/\/craftyminis.com\/fr\/wp-json\/wp\/v2\/comments?post=16071"}],"wp:featuredmedia":[{"embeddable":true,"href":"https:\/\/craftyminis.com\/fr\/wp-json\/wp\/v2\/media\/16073"}],"wp:attachment":[{"href":"https:\/\/craftyminis.com\/fr\/wp-json\/wp\/v2\/media?parent=16071"}],"wp:term":[{"taxonomy":"product_brand","embeddable":true,"href":"https:\/\/craftyminis.com\/fr\/wp-json\/wp\/v2\/product_brand?post=16071"},{"taxonomy":"product_cat","embeddable":true,"href":"https:\/\/craftyminis.com\/fr\/wp-json\/wp\/v2\/product_cat?post=16071"},{"taxonomy":"product_tag","embeddable":true,"href":"https:\/\/craftyminis.com\/fr\/wp-json\/wp\/v2\/product_tag?post=16071"}],"curies":[{"name":"wp","href":"https:\/\/api.w.org\/{rel}","templated":true}]}}