{"id":16065,"date":"2025-08-27T17:39:30","date_gmt":"2025-08-27T16:39:30","guid":{"rendered":"https:\/\/craftyminis.com\/non%20class\u00e9\/chrome-oxide-green-vallejo-73112\/"},"modified":"2026-02-23T00:56:53","modified_gmt":"2026-02-22T23:56:53","slug":"chrome-oxide-green-vallejo-73112","status":"publish","type":"product","link":"https:\/\/craftyminis.com\/fr\/peintures\/chrome-oxide-green-vallejo-73112\/","title":{"rendered":"Vallejo Pigment FX \u2013 Chrome Oxide Green (73112)"},"content":{"rendered":"<h4 data-start=\"517\" data-end=\"1059\"><strong data-start=\"440\" data-end=\"539\">Chrome Oxide Green Vallejo 73112: mousse dense, humidit\u00e9 et salissures verd\u00e2tres fonc\u00e9es<\/strong><\/h4>\n<p data-start=\"440\" data-end=\"1159\">Pigment en poudre extra-fin con\u00e7u pour <strong data-start=\"598\" data-end=\"625\">salissures verd\u00e2tres fonc\u00e9es<\/strong>, <strong data-start=\"627\" data-end=\"636\">mousse<\/strong> et <strong data-start=\"639\" data-end=\"663\">d\u00e9p\u00f4ts d&rsquo;humidit\u00e9<\/strong> avec des finitions naturelles. Sa <strong data-start=\"697\" data-end=\"723\">tonalit\u00e9 verte profonde et opaque<\/strong> apporte un <strong data-start=\"739\" data-end=\"751\">aspect organique<\/strong>, id\u00e9al pour <strong data-start=\"763\" data-end=\"795\" data-is-only-node=\"\">environnements humides, bois\u00e9s et de jungle<\/strong>, et aide \u00e0 unifier les effets de poussi\u00e8re sur les surfaces claires ou rouill\u00e9es. Le <strong data-start=\"867\" data-end=\"889\">grain fin<\/strong> permet des glacis et des transitions douces sur m\u00e9tal, plastique ou r\u00e9sine, et sa nature <strong data-start=\"979\" data-end=\"996\">non inflammable<\/strong> le rend s\u00fbr pour une utilisation en int\u00e9rieur. Le <strong data-start=\"1044\" data-end=\"1064\">pot de 35 ml<\/strong> suffit pour plusieurs <strong data-start=\"1099\" data-end=\"1113\">projets d&rsquo;alt\u00e9ration<\/strong> et s\u00e8che sans brillance ind\u00e9sirable.<\/p>\n<p data-start=\"1161\" data-end=\"1718\">Pour <strong data-start=\"1164\" data-end=\"1186\">application \u00e0 sec<\/strong>, placez le pigment avec un pinceau doux l\u00e0 o\u00f9 il s&rsquo;accumulerait naturellement par gravit\u00e9 (surfaces horizontales, creux, voies et trains de roulement). Estompez avec un pinceau propre pour <strong data-start=\"1352\" data-end=\"1371\">adoucir les panneaux<\/strong> ou <strong data-start=\"1374\" data-end=\"1398\">casser les zones uniformes<\/strong>. Si vous souhaitez une <strong data-start=\"1410\" data-end=\"1429\">fixation l\u00e9g\u00e8re<\/strong> sans perdre la texture, touchez le pigment avec un pinceau humidifi\u00e9 dans un <strong data-start=\"1495\" data-end=\"1518\">fixateur\/liant pour pigments<\/strong> ; pour un <strong data-start=\"1525\" data-end=\"1536\">volume<\/strong> suppl\u00e9mentaire, m\u00e9langez-le avec un liant pour obtenir une p\u00e2te et cr\u00e9er des <strong data-start=\"1592\" data-end=\"1603\">cro\u00fbtes<\/strong> et des <strong data-start=\"1606\" data-end=\"1623\">accumulations<\/strong>. <strong data-start=\"1625\" data-end=\"1639\">Compatible<\/strong> avec l&rsquo;eau, les acryliques et les vernis ; <strong data-start=\"1672\" data-end=\"1684\">nettoyez<\/strong> les outils \u00e0 l&rsquo;eau et au savon.<\/p>\n<p data-start=\"1815\" data-end=\"2462\">Vous pouvez d\u00e9couvrir plus d&rsquo;effets dans la <a href=\"https:\/\/craftyminis.com\/fr\/peintures\/effets\/pigment-fx-vallejo\/\"><strong>cat\u00e9gorie Pigment FX<\/strong><\/a> ou explorer d&rsquo;autres produits de la <a href=\"https:\/\/craftyminis.com\/fr\/marque\/vallejo\/\"><strong>marque Vallejo<\/strong><\/a>.<\/p>\n<p data-start=\"2464\" data-end=\"2965\"><strong data-start=\"1720\" data-end=\"1746\">Utilisations sugg\u00e9r\u00e9es<\/strong>: sur des v\u00e9hicules op\u00e9rant dans des <strong data-start=\"1772\" data-end=\"1807\">th\u00e9\u00e2tres d&rsquo;op\u00e9rations temp\u00e9r\u00e9s, forestiers ou de jungle<\/strong> il cr\u00e9e des <strong data-start=\"1813\" data-end=\"1833\">salissures verd\u00e2tres<\/strong> sur les <strong data-start=\"1837\" data-end=\"1863\">dessous, ch\u00e2ssis et chenilles<\/strong>; dans des dioramas de <strong data-start=\"1880\" data-end=\"1911\">berge, marais ou port<\/strong> il simule des <strong data-start=\"1919\" data-end=\"1934\">algues dess\u00e9ch\u00e9es<\/strong>, <strong data-start=\"1936\" data-end=\"1945\">mousse<\/strong> et des <strong data-start=\"1948\" data-end=\"1970\">taches d&rsquo;humidit\u00e9<\/strong>; dans des <strong data-start=\"1988\" data-end=\"2010\" data-is-only-node=\"\">d\u00e9cors urbains et en pierre<\/strong> il ajoute des <strong data-start=\"2018\" data-end=\"2038\">patines verd\u00e2tres<\/strong> aux <strong data-start=\"2042\" data-end=\"2089\">murs, fontaines, goutti\u00e8res et zones ombrag\u00e9es<\/strong>. Alternez les couches avec des <strong data-start=\"2109\" data-end=\"2118\">ocres<\/strong>, des <strong data-start=\"2120\" data-end=\"2130\">si\u00e8nes<\/strong> et des <strong data-start=\"2133\" data-end=\"2143\">noirs<\/strong>, en scellant si n\u00e9cessaire pour pr\u00e9server l&rsquo;effet d&rsquo;<strong data-start=\"2192\" data-end=\"2211\">alt\u00e9ration stratifi\u00e9<\/strong>.<\/p>\n<p><small>Trouvez plus de d\u00e9tails techniques sur le <a href=\"https:\/\/acrylicosvallejo.com\/\" target=\"_blank\" rel=\"noopener\">site officiel Vallejo<\/a>.<\/small><\/p>\n","protected":false},"excerpt":{"rendered":"<p><strong data-start=\"98\" data-end=\"145\">Chrome Oxide Green Vallejo 73112<\/strong>, <strong data-start=\"147\" data-end=\"164\">pot de 35 ml<\/strong> avec <strong data-start=\"167\" data-end=\"194\">grain extra-fin<\/strong>. Id\u00e9al pour <strong data-start=\"207\" data-end=\"231\">poussi\u00e8re vert fonc\u00e9<\/strong>, <strong data-start=\"233\" data-end=\"248\">mousse dense<\/strong>, <strong data-start=\"250\" data-end=\"265\">algues s\u00e9ch\u00e9es<\/strong> et <strong data-start=\"268\" data-end=\"290\">taches humides<\/strong> sur mod\u00e8les et dioramas. Utilisez-le <strong data-start=\"321\" data-end=\"332\">sec<\/strong> ou avec <strong data-start=\"339\" data-end=\"369\" data-is-only-node=\"\">liant pour pigments<\/strong>; <strong data-start=\"371\" data-end=\"384\">m\u00e9langeable<\/strong> avec de l&rsquo;eau, des acryliques et des vernis.<\/p>\n","protected":false},"featured_media":16067,"comment_status":"closed","ping_status":"closed","template":"","meta":{"site-sidebar-layout":"default","site-content-layout":"","ast-site-content-layout":"default","site-content-style":"default","site-sidebar-style":"default","ast-global-header-display":"","ast-banner-title-visibility":"","ast-main-header-display":"","ast-hfb-above-header-display":"","ast-hfb-below-header-display":"","ast-hfb-mobile-header-display":"","site-post-title":"","ast-breadcrumbs-content":"","ast-featured-img":"","footer-sml-layout":"","ast-disable-related-posts":"","theme-transparent-header-meta":"default","adv-header-id-meta":"","stick-header-meta":"default","header-above-stick-meta":"","header-main-stick-meta":"","header-below-stick-meta":"","astra-migrate-meta-layouts":"default","ast-page-background-enabled":"default","ast-page-background-meta":{"desktop":{"background-color":"var(--ast-global-color-4)","background-image":"","background-repeat":"repeat","background-position":"center center","background-size":"auto","background-attachment":"scroll","background-type":"","background-media":"","overlay-type":"","overlay-color":"","overlay-opacity":"","overlay-gradient":""},"tablet":{"background-color":"","background-image":"","background-repeat":"repeat","background-position":"center center","background-size":"auto","background-attachment":"scroll","background-type":"","background-media":"","overlay-type":"","overlay-color":"","overlay-opacity":"","overlay-gradient":""},"mobile":{"background-color":"","background-image":"","background-repeat":"repeat","background-position":"center center","background-size":"auto","background-attachment":"scroll","background-type":"","background-media":"","overlay-type":"","overlay-color":"","overlay-opacity":"","overlay-gradient":""}},"ast-content-background-meta":{"desktop":{"background-color":"var(--ast-global-color-5)","background-image":"","background-repeat":"repeat","background-position":"center center","background-size":"auto","background-attachment":"scroll","background-type":"","background-media":"","overlay-type":"","overlay-color":"","overlay-opacity":"","overlay-gradient":""},"tablet":{"background-color":"var(--ast-global-color-5)","background-image":"","background-repeat":"repeat","background-position":"center center","background-size":"auto","background-attachment":"scroll","background-type":"","background-media":"","overlay-type":"","overlay-color":"","overlay-opacity":"","overlay-gradient":""},"mobile":{"background-color":"var(--ast-global-color-5)","background-image":"","background-repeat":"repeat","background-position":"center center","background-size":"auto","background-attachment":"scroll","background-type":"","background-media":"","overlay-type":"","overlay-color":"","overlay-opacity":"","overlay-gradient":""}}},"product_brand":[1302],"product_cat":[1303,1316,1392],"product_tag":[],"class_list":{"0":"post-16065","1":"product","2":"type-product","3":"status-publish","4":"has-post-thumbnail","6":"product_brand-vallejo","7":"product_cat-peintures","8":"product_cat-effets","9":"product_cat-pigment-fx-vallejo","10":"desktop-align-left","11":"tablet-align-left","12":"mobile-align-left","13":"ast-product-gallery-layout-first-image-large","14":"ast-magnify-disabled","15":"ast-product-tabs-layout-accordion","17":"first","18":"instock","19":"taxable","20":"shipping-taxable","21":"purchasable","22":"product-type-simple"},"_links":{"self":[{"href":"https:\/\/craftyminis.com\/fr\/wp-json\/wp\/v2\/product\/16065","targetHints":{"allow":["GET"]}}],"collection":[{"href":"https:\/\/craftyminis.com\/fr\/wp-json\/wp\/v2\/product"}],"about":[{"href":"https:\/\/craftyminis.com\/fr\/wp-json\/wp\/v2\/types\/product"}],"replies":[{"embeddable":true,"href":"https:\/\/craftyminis.com\/fr\/wp-json\/wp\/v2\/comments?post=16065"}],"wp:featuredmedia":[{"embeddable":true,"href":"https:\/\/craftyminis.com\/fr\/wp-json\/wp\/v2\/media\/16067"}],"wp:attachment":[{"href":"https:\/\/craftyminis.com\/fr\/wp-json\/wp\/v2\/media?parent=16065"}],"wp:term":[{"taxonomy":"product_brand","embeddable":true,"href":"https:\/\/craftyminis.com\/fr\/wp-json\/wp\/v2\/product_brand?post=16065"},{"taxonomy":"product_cat","embeddable":true,"href":"https:\/\/craftyminis.com\/fr\/wp-json\/wp\/v2\/product_cat?post=16065"},{"taxonomy":"product_tag","embeddable":true,"href":"https:\/\/craftyminis.com\/fr\/wp-json\/wp\/v2\/product_tag?post=16065"}],"curies":[{"name":"wp","href":"https:\/\/api.w.org\/{rel}","templated":true}]}}