{"id":16059,"date":"2025-08-27T17:51:18","date_gmt":"2025-08-27T16:51:18","guid":{"rendered":"https:\/\/craftyminis.com\/non%20class\u00e9\/dark-slate-grey-vallejo-73114\/"},"modified":"2026-02-23T00:57:12","modified_gmt":"2026-02-22T23:57:12","slug":"dark-slate-grey-vallejo-73114","status":"publish","type":"product","link":"https:\/\/craftyminis.com\/fr\/peintures\/effets\/pigment-fx-vallejo\/dark-slate-grey-vallejo-73114\/","title":{"rendered":"Vallejo Pigment FX \u2013 Dark Slate Grey (73114)"},"content":{"rendered":"<h4 data-start=\"517\" data-end=\"1059\"><strong data-start=\"503\" data-end=\"594\">Dark Slate Grey Vallejo 73114: effets de poussi\u00e8re gris fonc\u00e9, de pierre et d&rsquo;asphalte vieilli<\/strong><\/h4>\n<p data-start=\"503\" data-end=\"1183\">Pigment en poudre extra-fin con\u00e7u pour <strong data-start=\"653\" data-end=\"674\">poussi\u00e8re gris fonc\u00e9<\/strong>, <strong data-start=\"676\" data-end=\"699\">d\u00e9p\u00f4ts min\u00e9raux<\/strong> et <strong data-start=\"702\" data-end=\"720\">ardoise<\/strong> pour des finitions r\u00e9alistes. Sa <strong data-start=\"754\" data-end=\"772\">teinte gris anthracite<\/strong> apporte un fort <strong data-start=\"780\" data-end=\"793\">contraste<\/strong> sur les surfaces claires et renforce l&rsquo;<strong data-start=\"830\" data-end=\"860\" data-is-only-node=\"\">usure urbaine\/industrielle<\/strong> dans les climats froids ou humides. La <strong data-start=\"891\" data-end=\"913\">granulom\u00e9trie fine<\/strong> facilite l&rsquo;application de glacis et les transitions douces sur le m\u00e9tal, le plastique ou la r\u00e9sine, et sa nature <strong data-start=\"1003\" data-end=\"1020\">non inflammable<\/strong> permet une utilisation s\u00fbre en int\u00e9rieur. Le <strong data-start=\"1068\" data-end=\"1088\">pot de 35 ml<\/strong> suffit pour plusieurs projets d&rsquo;<strong data-start=\"1123\" data-end=\"1137\">effets d&rsquo;usure<\/strong> et s\u00e8che sans brillance ind\u00e9sirable.<\/p>\n<p data-start=\"1185\" data-end=\"1742\">Pour <strong data-start=\"1188\" data-end=\"1210\">application \u00e0 sec<\/strong>, placez le pigment avec un pinceau doux l\u00e0 o\u00f9 il se d\u00e9poserait naturellement par gravit\u00e9 (surfaces horizontales, recoins, voies et trains de roulement). Estompez avec un pinceau propre pour <strong data-start=\"1376\" data-end=\"1395\">assouplir les panneaux<\/strong> ou <strong data-start=\"1398\" data-end=\"1422\">rompre les zones uniformes<\/strong>. Si vous souhaitez une <strong data-start=\"1434\" data-end=\"1453\">fixation l\u00e9g\u00e8re<\/strong> sans perdre la texture, touchez le pigment avec un pinceau humidifi\u00e9 dans un <strong data-start=\"1519\" data-end=\"1542\">fixateur\/liant pour pigments<\/strong>; pour un <strong data-start=\"1549\" data-end=\"1560\">volume<\/strong> suppl\u00e9mentaire, m\u00e9langez-le avec du liant pour obtenir une p\u00e2te et cr\u00e9er des <strong data-start=\"1616\" data-end=\"1627\">cro\u00fbtes<\/strong> et des <strong data-start=\"1630\" data-end=\"1647\">accumulations<\/strong>. <strong data-start=\"1649\" data-end=\"1663\">Compatible<\/strong> avec l&rsquo;eau, les acryliques et les vernis ; <strong data-start=\"1696\" data-end=\"1708\">nettoyez<\/strong> les outils \u00e0 l&rsquo;eau et au savon.<\/p>\n<p data-start=\"1815\" data-end=\"2462\">Vous pouvez d\u00e9couvrir plus d&rsquo;effets dans la <a href=\"https:\/\/craftyminis.com\/fr\/peintures\/effets\/pigment-fx-vallejo\/\"><strong>Pigment FX category<\/strong><\/a> ou explorer d&rsquo;autres produits de la <a href=\"https:\/\/craftyminis.com\/fr\/marque\/vallejo\/\"><strong>marque Vallejo<\/strong><\/a>.<\/p>\n<p data-start=\"2464\" data-end=\"2965\"><strong data-start=\"1744\" data-end=\"1770\">Utilisations sugg\u00e9r\u00e9es<\/strong>: sur <strong data-start=\"1785\" data-end=\"1811\">v\u00e9hicules urbains et industriels<\/strong> il cr\u00e9e un <strong data-start=\"1817\" data-end=\"1846\">encrassement gris fonc\u00e9<\/strong> sur les <strong data-start=\"1853\" data-end=\"1880\">parties inf\u00e9rieures, ch\u00e2ssis et jantes<\/strong>; dans les <strong data-start=\"1897\" data-end=\"1933\">dioramas urbains, d&rsquo;usine, miniers ou de ruines<\/strong> il simule du <strong data-start=\"1941\" data-end=\"1972\">ciment\/b\u00e9ton vieilli<\/strong>, <strong data-start=\"1974\" data-end=\"1985\">asphalte<\/strong> et des <strong data-start=\"1988\" data-end=\"2009\">d\u00e9combres sombres<\/strong>; dans les sc\u00e8nes <strong data-start=\"2025\" data-end=\"2039\" data-is-only-node=\"\">hivernales<\/strong> il ajoute une <strong data-start=\"2047\" data-end=\"2069\">poussi\u00e8re froide et sale<\/strong> sur <strong data-start=\"2076\" data-end=\"2116\">l&rsquo;asphalte, les bordures et les dalles d&rsquo;ardoise<\/strong> et <strong data-start=\"2119\" data-end=\"2129\">la pierre<\/strong>. Alternez les couches avec <strong data-start=\"2149\" data-end=\"2166\">Light Slate Grey<\/strong>, des <strong data-start=\"2168\" data-end=\"2178\">noirs<\/strong> et <strong data-start=\"2181\" data-end=\"2197\">d&rsquo;autres gris<\/strong>, en scellant si n\u00e9cessaire pour pr\u00e9server l&rsquo;effet d&rsquo;<strong data-start=\"2246\" data-end=\"2265\">usure stratifi\u00e9e<\/strong>.<\/p>\n<p><small>Trouvez plus de d\u00e9tails techniques sur le <a href=\"https:\/\/acrylicosvallejo.com\/\" target=\"_blank\" rel=\"noopener\">site officiel Vallejo<\/a>.<\/small><\/p>\n","protected":false},"excerpt":{"rendered":"<p><strong data-start=\"98\" data-end=\"139\">Dark Slate Grey Vallejo 73114<\/strong>, <strong data-start=\"141\" data-end=\"158\">pot de 35 ml<\/strong> avec <strong data-start=\"161\" data-end=\"188\">grain extra-fin<\/strong>. Id\u00e9al pour <strong data-start=\"201\" data-end=\"222\">poussi\u00e8re gris fonc\u00e9<\/strong>, <strong data-start=\"224\" data-end=\"242\">pierre d&rsquo;ardoise<\/strong>, <strong data-start=\"244\" data-end=\"275\">ciment\/b\u00e9ton vieilli<\/strong> et <strong data-start=\"278\" data-end=\"289\">asphalte<\/strong> sur mod\u00e8les et dioramas ; parfait pour <strong data-start=\"328\" data-end=\"347\">usure urbaine<\/strong> et <strong data-start=\"350\" data-end=\"376\" data-is-only-node=\"\">environnements industriels<\/strong>. Utilisez-le <strong data-start=\"384\" data-end=\"395\">sec<\/strong> ou avec <strong data-start=\"402\" data-end=\"432\">liant pigmentaire<\/strong> ; <strong data-start=\"434\" data-end=\"447\">m\u00e9langeable<\/strong> avec de l&rsquo;eau, des acryliques et des vernis.<\/p>\n","protected":false},"featured_media":16061,"comment_status":"closed","ping_status":"closed","template":"","meta":{"site-sidebar-layout":"default","site-content-layout":"","ast-site-content-layout":"default","site-content-style":"default","site-sidebar-style":"default","ast-global-header-display":"","ast-banner-title-visibility":"","ast-main-header-display":"","ast-hfb-above-header-display":"","ast-hfb-below-header-display":"","ast-hfb-mobile-header-display":"","site-post-title":"","ast-breadcrumbs-content":"","ast-featured-img":"","footer-sml-layout":"","ast-disable-related-posts":"","theme-transparent-header-meta":"default","adv-header-id-meta":"","stick-header-meta":"default","header-above-stick-meta":"","header-main-stick-meta":"","header-below-stick-meta":"","astra-migrate-meta-layouts":"default","ast-page-background-enabled":"default","ast-page-background-meta":{"desktop":{"background-color":"var(--ast-global-color-4)","background-image":"","background-repeat":"repeat","background-position":"center center","background-size":"auto","background-attachment":"scroll","background-type":"","background-media":"","overlay-type":"","overlay-color":"","overlay-opacity":"","overlay-gradient":""},"tablet":{"background-color":"","background-image":"","background-repeat":"repeat","background-position":"center center","background-size":"auto","background-attachment":"scroll","background-type":"","background-media":"","overlay-type":"","overlay-color":"","overlay-opacity":"","overlay-gradient":""},"mobile":{"background-color":"","background-image":"","background-repeat":"repeat","background-position":"center center","background-size":"auto","background-attachment":"scroll","background-type":"","background-media":"","overlay-type":"","overlay-color":"","overlay-opacity":"","overlay-gradient":""}},"ast-content-background-meta":{"desktop":{"background-color":"var(--ast-global-color-5)","background-image":"","background-repeat":"repeat","background-position":"center center","background-size":"auto","background-attachment":"scroll","background-type":"","background-media":"","overlay-type":"","overlay-color":"","overlay-opacity":"","overlay-gradient":""},"tablet":{"background-color":"var(--ast-global-color-5)","background-image":"","background-repeat":"repeat","background-position":"center center","background-size":"auto","background-attachment":"scroll","background-type":"","background-media":"","overlay-type":"","overlay-color":"","overlay-opacity":"","overlay-gradient":""},"mobile":{"background-color":"var(--ast-global-color-5)","background-image":"","background-repeat":"repeat","background-position":"center center","background-size":"auto","background-attachment":"scroll","background-type":"","background-media":"","overlay-type":"","overlay-color":"","overlay-opacity":"","overlay-gradient":""}}},"product_brand":[1302],"product_cat":[1392,1316,1303],"product_tag":[],"class_list":{"0":"post-16059","1":"product","2":"type-product","3":"status-publish","4":"has-post-thumbnail","6":"product_brand-vallejo","7":"product_cat-pigment-fx-vallejo","8":"product_cat-effets","9":"product_cat-peintures","10":"desktop-align-left","11":"tablet-align-left","12":"mobile-align-left","13":"ast-product-gallery-layout-first-image-large","14":"ast-magnify-disabled","15":"ast-product-tabs-layout-accordion","17":"first","18":"instock","19":"taxable","20":"shipping-taxable","21":"purchasable","22":"product-type-simple"},"_links":{"self":[{"href":"https:\/\/craftyminis.com\/fr\/wp-json\/wp\/v2\/product\/16059","targetHints":{"allow":["GET"]}}],"collection":[{"href":"https:\/\/craftyminis.com\/fr\/wp-json\/wp\/v2\/product"}],"about":[{"href":"https:\/\/craftyminis.com\/fr\/wp-json\/wp\/v2\/types\/product"}],"replies":[{"embeddable":true,"href":"https:\/\/craftyminis.com\/fr\/wp-json\/wp\/v2\/comments?post=16059"}],"wp:featuredmedia":[{"embeddable":true,"href":"https:\/\/craftyminis.com\/fr\/wp-json\/wp\/v2\/media\/16061"}],"wp:attachment":[{"href":"https:\/\/craftyminis.com\/fr\/wp-json\/wp\/v2\/media?parent=16059"}],"wp:term":[{"taxonomy":"product_brand","embeddable":true,"href":"https:\/\/craftyminis.com\/fr\/wp-json\/wp\/v2\/product_brand?post=16059"},{"taxonomy":"product_cat","embeddable":true,"href":"https:\/\/craftyminis.com\/fr\/wp-json\/wp\/v2\/product_cat?post=16059"},{"taxonomy":"product_tag","embeddable":true,"href":"https:\/\/craftyminis.com\/fr\/wp-json\/wp\/v2\/product_tag?post=16059"}],"curies":[{"name":"wp","href":"https:\/\/api.w.org\/{rel}","templated":true}]}}