{"id":16026,"date":"2025-07-17T12:15:58","date_gmt":"2025-07-17T11:15:58","guid":{"rendered":"https:\/\/craftyminis.com\/non class\u00e9\/vallejo-diorama-fx-industrial-mud-26809\/"},"modified":"2025-07-17T12:15:58","modified_gmt":"2025-07-17T11:15:58","slug":"vallejo-diorama-fx-industrial-mud-26809","status":"publish","type":"product","link":"https:\/\/craftyminis.com\/fr\/peintures\/vallejo-diorama-fx-industrial-mud-26809\/","title":{"rendered":"Vallejo Diorama FX \u2013 Industrial Mud (26809)"},"content":{"rendered":"<h4 data-start=\"49\" data-end=\"111\">Vallejo Diorama FX \u2013 Industrial Mud (26809) est id\u00e9al pour simuler de la boue urbaine dans les dioramas et les wargames. Texture r\u00e9aliste et application facile.: effets r\u00e9alistes pour dioramas<\/h4>\n<p data-start=\"113\" data-end=\"1043\">Faisant partie de <strong>Vallejo Diorama FX<\/strong> \u2013 <strong>Industrial Mud<\/strong> (26809) est id\u00e9al pour simuler de la boue urbaine dans les dioramas et les wargames. Texture r\u00e9aliste et application facile. permet de recr\u00e9er une boue urbaine tr\u00e8s r\u00e9aliste dans vos sc\u00e8nes de mod\u00e9lisme. La gamme Diorama FX offre aux maquettistes tout ce dont ils ont besoin pour reproduire des textures de sol avec une vari\u00e9t\u00e9 d&rsquo;effets \u2013 des routes poussi\u00e9reuses \u00e0 la neige, la boue et l&rsquo;eau \u2013 ajoutant un r\u00e9alisme exceptionnel \u00e0 toute sc\u00e8ne et int\u00e9grant parfaitement les mod\u00e8les \u00e0 leur environnement. Tous les produits Diorama FX sont des acryliques \u00e0 base d&rsquo;eau (non inflammables et <strong>sans solvant<\/strong>), garantissant une utilisation s\u00fbre m\u00eame dans des espaces clos. Ils sont faciles \u00e0 appliquer avec un pinceau, une spatule ou d&rsquo;autres outils, et <strong>peuvent \u00eatre dilu\u00e9s avec de l&rsquo;eau<\/strong> pour adoucir les bords ou cr\u00e9er des textures plus lisses.<\/p>\n<p data-start=\"113\" data-end=\"1043\">Gr\u00e2ce \u00e0 leur polyvalence, ces produits conviennent aussi bien aux <strong>diorama<\/strong> <strong>projets<\/strong> traditionnels qu&rsquo;aux socles de miniatures pour <strong>wargames<\/strong>, qui peuvent \u00eatre consid\u00e9r\u00e9s comme de petites sc\u00e8nes pleines de d\u00e9tails r\u00e9alistes. Dans notre cat\u00e9gorie <strong><a href=\"https:\/\/craftyminis.com\/en\/paintings\/effects\/diorama-fx-vallejo\/\">Diorama FX<\/a><\/strong>, vous trouverez tous ces effets sp\u00e9cialis\u00e9s soutenus par <a href=\"https:\/\/craftyminis.com\/en\/brand\/vallejo\/\"><strong>Vallejo<\/strong><\/a> \u2013 la qualit\u00e9 reconnue d&rsquo;une marque de r\u00e9f\u00e9rence dans le monde du mod\u00e9lisme \u00e0 l&rsquo;\u00e9chelle.<\/p>\n<p data-start=\"113\" data-end=\"1043\"><strong>Vallejo Industrial Mud (26809) <\/strong>est une p\u00e2te textur\u00e9e avec une teinte <strong>gris\u00e2tre<\/strong>, parfaite pour simuler de la boue urbaine dans des sc\u00e8nes industrielles ou des environnements d\u00e9labr\u00e9s. Elle \u00e9voque des signes de pr\u00e9sence humaine, de salet\u00e9 et d&rsquo;activit\u00e9 urbaine, offrant une finition mate r\u00e9aliste avec du volume et de la texture. Id\u00e9ale pour les dioramas modernes, les v\u00e9hicules militaires ou les socles de miniatures de style urbain.<\/p>\n<p><small>Trouvez plus de d\u00e9tails techniques sur <a href=\"https:\/\/acrylicosvallejo.com\/en\/\" target=\"_blank\" rel=\"noopener\">le site officiel de Vallejo<\/a>.<\/small><\/p>\n","protected":false},"excerpt":{"rendered":"<p><strong data-start=\"1511\" data-end=\"1594\">Cr\u00e9ez de la boue urbaine r\u00e9aliste dans vos dioramas avec Vallejo Industrial Mud (26809). <\/strong>Cet effet textur\u00e9 gris\u00e2tre est parfait pour les sc\u00e8nes industrielles et les socles de miniatures. Faisant partie de la gamme Diorama FX, s\u00fbre, acrylique et facile \u00e0 utiliser.<\/p>\n","protected":false},"featured_media":16027,"comment_status":"open","ping_status":"closed","template":"","meta":{"site-sidebar-layout":"default","site-content-layout":"","ast-site-content-layout":"default","site-content-style":"default","site-sidebar-style":"default","ast-global-header-display":"","ast-banner-title-visibility":"","ast-main-header-display":"","ast-hfb-above-header-display":"","ast-hfb-below-header-display":"","ast-hfb-mobile-header-display":"","site-post-title":"","ast-breadcrumbs-content":"","ast-featured-img":"","footer-sml-layout":"","ast-disable-related-posts":"","theme-transparent-header-meta":"default","adv-header-id-meta":"","stick-header-meta":"default","header-above-stick-meta":"","header-main-stick-meta":"","header-below-stick-meta":"","astra-migrate-meta-layouts":"default","ast-page-background-enabled":"default","ast-page-background-meta":{"desktop":{"background-color":"var(--ast-global-color-4)","background-image":"","background-repeat":"repeat","background-position":"center center","background-size":"auto","background-attachment":"scroll","background-type":"","background-media":"","overlay-type":"","overlay-color":"","overlay-opacity":"","overlay-gradient":""},"tablet":{"background-color":"","background-image":"","background-repeat":"repeat","background-position":"center center","background-size":"auto","background-attachment":"scroll","background-type":"","background-media":"","overlay-type":"","overlay-color":"","overlay-opacity":"","overlay-gradient":""},"mobile":{"background-color":"","background-image":"","background-repeat":"repeat","background-position":"center center","background-size":"auto","background-attachment":"scroll","background-type":"","background-media":"","overlay-type":"","overlay-color":"","overlay-opacity":"","overlay-gradient":""}},"ast-content-background-meta":{"desktop":{"background-color":"var(--ast-global-color-5)","background-image":"","background-repeat":"repeat","background-position":"center center","background-size":"auto","background-attachment":"scroll","background-type":"","background-media":"","overlay-type":"","overlay-color":"","overlay-opacity":"","overlay-gradient":""},"tablet":{"background-color":"var(--ast-global-color-5)","background-image":"","background-repeat":"repeat","background-position":"center center","background-size":"auto","background-attachment":"scroll","background-type":"","background-media":"","overlay-type":"","overlay-color":"","overlay-opacity":"","overlay-gradient":""},"mobile":{"background-color":"var(--ast-global-color-5)","background-image":"","background-repeat":"repeat","background-position":"center center","background-size":"auto","background-attachment":"scroll","background-type":"","background-media":"","overlay-type":"","overlay-color":"","overlay-opacity":"","overlay-gradient":""}}},"product_brand":[1302],"product_cat":[1303,1391,1316],"product_tag":[],"class_list":{"0":"post-16026","1":"product","2":"type-product","3":"status-publish","4":"has-post-thumbnail","6":"product_brand-vallejo","7":"product_cat-peintures","8":"product_cat-diorama-fx-vallejo","9":"product_cat-effets","10":"desktop-align-left","11":"tablet-align-left","12":"mobile-align-left","13":"ast-product-gallery-layout-first-image-large","14":"ast-magnify-disabled","15":"ast-product-tabs-layout-accordion","17":"first","18":"instock","19":"taxable","20":"shipping-taxable","21":"purchasable","22":"product-type-simple"},"_links":{"self":[{"href":"https:\/\/craftyminis.com\/fr\/wp-json\/wp\/v2\/product\/16026","targetHints":{"allow":["GET"]}}],"collection":[{"href":"https:\/\/craftyminis.com\/fr\/wp-json\/wp\/v2\/product"}],"about":[{"href":"https:\/\/craftyminis.com\/fr\/wp-json\/wp\/v2\/types\/product"}],"replies":[{"embeddable":true,"href":"https:\/\/craftyminis.com\/fr\/wp-json\/wp\/v2\/comments?post=16026"}],"wp:featuredmedia":[{"embeddable":true,"href":"https:\/\/craftyminis.com\/fr\/wp-json\/wp\/v2\/media\/16027"}],"wp:attachment":[{"href":"https:\/\/craftyminis.com\/fr\/wp-json\/wp\/v2\/media?parent=16026"}],"wp:term":[{"taxonomy":"product_brand","embeddable":true,"href":"https:\/\/craftyminis.com\/fr\/wp-json\/wp\/v2\/product_brand?post=16026"},{"taxonomy":"product_cat","embeddable":true,"href":"https:\/\/craftyminis.com\/fr\/wp-json\/wp\/v2\/product_cat?post=16026"},{"taxonomy":"product_tag","embeddable":true,"href":"https:\/\/craftyminis.com\/fr\/wp-json\/wp\/v2\/product_tag?post=16026"}],"curies":[{"name":"wp","href":"https:\/\/api.w.org\/{rel}","templated":true}]}}