{"id":16023,"date":"2025-07-17T22:34:11","date_gmt":"2025-07-17T21:34:11","guid":{"rendered":"https:\/\/craftyminis.com\/non class\u00e9\/vallejo-diorama-fx-transparent-water-26201\/"},"modified":"2025-07-17T22:34:11","modified_gmt":"2025-07-17T21:34:11","slug":"vallejo-diorama-fx-transparent-water-26201","status":"publish","type":"product","link":"https:\/\/craftyminis.com\/fr\/peintures\/vallejo-diorama-fx-transparent-water-26201\/","title":{"rendered":"Vallejo Diorama FX \u2013 Transparent Water (26201)"},"content":{"rendered":"<h4>Vallejo Diorama FX \u2013 Transparent Water (26201) : gel d&rsquo;eau r\u00e9aliste pour dioramas<\/h4>\n<p>Dans la gamme <strong>Diorama FX<\/strong> de <strong>Vallejo<\/strong>, le produit <strong>Transparent Water<\/strong> (26201) vous permet de recr\u00e9er une eau cristalline et dynamique avec un r\u00e9alisme remarquable dans vos sc\u00e8nes de mod\u00e9lisme. Cette ligne offre tout ce dont vous avez besoin pour simuler les effets de terrain et d&rsquo;environnement \u2014 des routes poussi\u00e9reuses \u00e0 la neige, la boue ou l&rsquo;eau \u2014 ajoutant profondeur et contexte \u00e0 vos projets. Tous les produits Diorama FX sont \u00e0 base d&rsquo;acrylique, <strong>inflammables et sans solvants<\/strong>, et sont faciles \u00e0 travailler avec des outils comme les pinceaux, spatules ou \u00e9ponges. Ce gel reste \u00e9galement travaillable pendant plusieurs heures apr\u00e8s application.<\/p>\n<p>Id\u00e9al pour les mod\u00e8les r\u00e9duits et les socles de miniatures en <strong>wargames<\/strong>, o\u00f9 l&rsquo;eau est un \u00e9l\u00e9ment cl\u00e9 des dioramas cr\u00e9dibles. D\u00e9couvrez plus d&rsquo;effets dans la <a href=\"https:\/\/craftyminis.com\/en\/paintings\/effects\/diorama-fx-vallejo\/\"><strong>cat\u00e9gorie Diorama FX<\/strong><\/a> ou explorez la qualit\u00e9 de la <a href=\"https:\/\/craftyminis.com\/en\/brand\/vallejo\/\"><strong>marque Vallejo<\/strong><\/a>.<\/p>\n<p>Le <strong>Transparent Water Vallejo (26201)<\/strong> est un gel clair et brillant parfait pour simuler des eaux peu profondes, avec la capacit\u00e9 de cr\u00e9er des <strong>ondulations<\/strong> et des <strong>vagues<\/strong>. Il s\u00e8che en environ 24 heures, laissant une finition enti\u00e8rement transparente avec un \u00e9clat naturel, selon l&rsquo;\u00e9paisseur de la couche et le volume appliqu\u00e9. Sa consistance semi-p\u00e2teuse vous donne un contr\u00f4le total sur la texture de l&rsquo;eau, des surfaces calmes aux mouvements dynamiques. Recommand\u00e9 pour les rivi\u00e8res, flaques, \u00e9tangs ou rivages dans les dioramas et soclages.<\/p>\n<p><small>Consultez les d\u00e9tails techniques complets sur le <a href=\"https:\/\/acrylicosvallejo.com\/\" target=\"_blank\" rel=\"noopener\">site officiel Vallejo<\/a>.<\/small><\/p>\n","protected":false},"excerpt":{"rendered":"<p><strong>Recr\u00e9ez une eau cristalline dans votre diorama avec Vallejo Transparent Water (26201)<\/strong>. Gel acrylique brillant, s\u00e8che en 24\u202fh, id\u00e9al pour rivi\u00e8res, \u00e9tangs ou flaques.<\/p>\n","protected":false},"featured_media":16024,"comment_status":"open","ping_status":"closed","template":"","meta":{"site-sidebar-layout":"default","site-content-layout":"","ast-site-content-layout":"default","site-content-style":"default","site-sidebar-style":"default","ast-global-header-display":"","ast-banner-title-visibility":"","ast-main-header-display":"","ast-hfb-above-header-display":"","ast-hfb-below-header-display":"","ast-hfb-mobile-header-display":"","site-post-title":"","ast-breadcrumbs-content":"","ast-featured-img":"","footer-sml-layout":"","ast-disable-related-posts":"","theme-transparent-header-meta":"default","adv-header-id-meta":"","stick-header-meta":"default","header-above-stick-meta":"","header-main-stick-meta":"","header-below-stick-meta":"","astra-migrate-meta-layouts":"default","ast-page-background-enabled":"default","ast-page-background-meta":{"desktop":{"background-color":"var(--ast-global-color-4)","background-image":"","background-repeat":"repeat","background-position":"center center","background-size":"auto","background-attachment":"scroll","background-type":"","background-media":"","overlay-type":"","overlay-color":"","overlay-opacity":"","overlay-gradient":""},"tablet":{"background-color":"","background-image":"","background-repeat":"repeat","background-position":"center center","background-size":"auto","background-attachment":"scroll","background-type":"","background-media":"","overlay-type":"","overlay-color":"","overlay-opacity":"","overlay-gradient":""},"mobile":{"background-color":"","background-image":"","background-repeat":"repeat","background-position":"center center","background-size":"auto","background-attachment":"scroll","background-type":"","background-media":"","overlay-type":"","overlay-color":"","overlay-opacity":"","overlay-gradient":""}},"ast-content-background-meta":{"desktop":{"background-color":"var(--ast-global-color-5)","background-image":"","background-repeat":"repeat","background-position":"center center","background-size":"auto","background-attachment":"scroll","background-type":"","background-media":"","overlay-type":"","overlay-color":"","overlay-opacity":"","overlay-gradient":""},"tablet":{"background-color":"var(--ast-global-color-5)","background-image":"","background-repeat":"repeat","background-position":"center center","background-size":"auto","background-attachment":"scroll","background-type":"","background-media":"","overlay-type":"","overlay-color":"","overlay-opacity":"","overlay-gradient":""},"mobile":{"background-color":"var(--ast-global-color-5)","background-image":"","background-repeat":"repeat","background-position":"center center","background-size":"auto","background-attachment":"scroll","background-type":"","background-media":"","overlay-type":"","overlay-color":"","overlay-opacity":"","overlay-gradient":""}}},"product_brand":[1302],"product_cat":[1303,1391,1316],"product_tag":[],"class_list":{"0":"post-16023","1":"product","2":"type-product","3":"status-publish","4":"has-post-thumbnail","6":"product_brand-vallejo","7":"product_cat-peintures","8":"product_cat-diorama-fx-vallejo","9":"product_cat-effets","10":"desktop-align-left","11":"tablet-align-left","12":"mobile-align-left","13":"ast-product-gallery-layout-first-image-large","14":"ast-magnify-disabled","15":"ast-product-tabs-layout-accordion","17":"first","18":"instock","19":"taxable","20":"shipping-taxable","21":"purchasable","22":"product-type-simple"},"_links":{"self":[{"href":"https:\/\/craftyminis.com\/fr\/wp-json\/wp\/v2\/product\/16023","targetHints":{"allow":["GET"]}}],"collection":[{"href":"https:\/\/craftyminis.com\/fr\/wp-json\/wp\/v2\/product"}],"about":[{"href":"https:\/\/craftyminis.com\/fr\/wp-json\/wp\/v2\/types\/product"}],"replies":[{"embeddable":true,"href":"https:\/\/craftyminis.com\/fr\/wp-json\/wp\/v2\/comments?post=16023"}],"wp:featuredmedia":[{"embeddable":true,"href":"https:\/\/craftyminis.com\/fr\/wp-json\/wp\/v2\/media\/16024"}],"wp:attachment":[{"href":"https:\/\/craftyminis.com\/fr\/wp-json\/wp\/v2\/media?parent=16023"}],"wp:term":[{"taxonomy":"product_brand","embeddable":true,"href":"https:\/\/craftyminis.com\/fr\/wp-json\/wp\/v2\/product_brand?post=16023"},{"taxonomy":"product_cat","embeddable":true,"href":"https:\/\/craftyminis.com\/fr\/wp-json\/wp\/v2\/product_cat?post=16023"},{"taxonomy":"product_tag","embeddable":true,"href":"https:\/\/craftyminis.com\/fr\/wp-json\/wp\/v2\/product_tag?post=16023"}],"curies":[{"name":"wp","href":"https:\/\/api.w.org\/{rel}","templated":true}]}}