{"id":16015,"date":"2025-07-17T22:57:05","date_gmt":"2025-07-17T21:57:05","guid":{"rendered":"https:\/\/craftyminis.com\/non class\u00e9\/vallejo-diorama-fx-atlantic-blue-26204\/"},"modified":"2025-07-17T22:57:05","modified_gmt":"2025-07-17T21:57:05","slug":"vallejo-diorama-fx-atlantic-blue-26204","status":"publish","type":"product","link":"https:\/\/craftyminis.com\/fr\/peintures\/vallejo-diorama-fx-atlantic-blue-26204\/","title":{"rendered":"Vallejo Diorama FX \u2013 Atlantic Blue (26204)"},"content":{"rendered":"<h4>Vallejo Diorama FX \u2013 Atlantic Blue (26204) : gel d&rsquo;eau r\u00e9aliste pour dioramas<\/h4>\n<p>Dans la gamme <strong>Diorama FX<\/strong> de <strong>Vallejo<\/strong>, le produit <strong>Atlantic Blue<\/strong> (26204) recr\u00e9e des eaux profondes avec un r\u00e9alisme saisissant dans les sc\u00e8nes de mod\u00e9lisme. Cette ligne offre tout le n\u00e9cessaire pour simuler les terrains et effets environnementaux \u2014 des chemins poussi\u00e9reux \u00e0 la neige, la boue ou l&rsquo;eau \u2014 ajoutant une v\u00e9ritable dimension et contexte \u00e0 vos projets. Tous les produits Diorama FX sont \u00e0 base d&rsquo;acrylique, <strong>inflammables et sans solvants<\/strong>, et faciles \u00e0 appliquer avec pinceaux, spatules ou \u00e9ponges.  <\/p>\n<p>Le <strong>Atlantic Blue Vallejo (26204)<\/strong> est un gel bleu dense inspir\u00e9 des profondeurs de l&rsquo;oc\u00e9an Atlantique, parfait pour recr\u00e9er des sc\u00e8nes avec de l&rsquo;eau profonde. Sa nature translucide brille sur des bases peintes plus fonc\u00e9es pour renforcer la profondeur. Il s\u00e8che en environ 24 heures, laissant une finition claire et brillante qui permet de sculpter des vagues ou des surfaces calmes selon le d\u00e9sir.  <\/p>\n<p>Id\u00e9al pour repr\u00e9senter les oc\u00e9ans, lagons profonds, sc\u00e8nes maritimes ou cours d&rsquo;eau avec volume. D\u00e9couvrez plus d&rsquo;effets dans la <a href=\"https:\/\/craftyminis.com\/en\/paintings\/effects\/diorama-fx-vallejo\/\"><strong>cat\u00e9gorie Diorama FX<\/strong><\/a> ou explorez tous les produits de la <a href=\"https:\/\/craftyminis.com\/en\/brand\/vallejo\/\"><strong>marque Vallejo<\/strong><\/a>.  <\/p>\n<p><small>Consultez les d\u00e9tails techniques complets sur le <a href=\"https:\/\/acrylicosvallejo.com\/\" target=\"_blank\" rel=\"noopener\">site officiel Vallejo<\/a>.<\/small><\/p>\n","protected":false},"excerpt":{"rendered":"<p><strong>Recr\u00e9ez des eaux profondes et r\u00e9alistes dans votre diorama avec Vallejo Atlantic Blue (26204)<\/strong>. Gel acrylique translucide, s\u00e8che en 24\u202fh, id\u00e9al pour les oc\u00e9ans et les sc\u00e8nes marines.<\/p>\n","protected":false},"featured_media":16016,"comment_status":"open","ping_status":"closed","template":"","meta":{"site-sidebar-layout":"default","site-content-layout":"","ast-site-content-layout":"default","site-content-style":"default","site-sidebar-style":"default","ast-global-header-display":"","ast-banner-title-visibility":"","ast-main-header-display":"","ast-hfb-above-header-display":"","ast-hfb-below-header-display":"","ast-hfb-mobile-header-display":"","site-post-title":"","ast-breadcrumbs-content":"","ast-featured-img":"","footer-sml-layout":"","ast-disable-related-posts":"","theme-transparent-header-meta":"default","adv-header-id-meta":"","stick-header-meta":"default","header-above-stick-meta":"","header-main-stick-meta":"","header-below-stick-meta":"","astra-migrate-meta-layouts":"default","ast-page-background-enabled":"default","ast-page-background-meta":{"desktop":{"background-color":"var(--ast-global-color-4)","background-image":"","background-repeat":"repeat","background-position":"center center","background-size":"auto","background-attachment":"scroll","background-type":"","background-media":"","overlay-type":"","overlay-color":"","overlay-opacity":"","overlay-gradient":""},"tablet":{"background-color":"","background-image":"","background-repeat":"repeat","background-position":"center center","background-size":"auto","background-attachment":"scroll","background-type":"","background-media":"","overlay-type":"","overlay-color":"","overlay-opacity":"","overlay-gradient":""},"mobile":{"background-color":"","background-image":"","background-repeat":"repeat","background-position":"center center","background-size":"auto","background-attachment":"scroll","background-type":"","background-media":"","overlay-type":"","overlay-color":"","overlay-opacity":"","overlay-gradient":""}},"ast-content-background-meta":{"desktop":{"background-color":"var(--ast-global-color-5)","background-image":"","background-repeat":"repeat","background-position":"center center","background-size":"auto","background-attachment":"scroll","background-type":"","background-media":"","overlay-type":"","overlay-color":"","overlay-opacity":"","overlay-gradient":""},"tablet":{"background-color":"var(--ast-global-color-5)","background-image":"","background-repeat":"repeat","background-position":"center center","background-size":"auto","background-attachment":"scroll","background-type":"","background-media":"","overlay-type":"","overlay-color":"","overlay-opacity":"","overlay-gradient":""},"mobile":{"background-color":"var(--ast-global-color-5)","background-image":"","background-repeat":"repeat","background-position":"center center","background-size":"auto","background-attachment":"scroll","background-type":"","background-media":"","overlay-type":"","overlay-color":"","overlay-opacity":"","overlay-gradient":""}}},"product_brand":[1302],"product_cat":[1303,1391,1316],"product_tag":[],"class_list":{"0":"post-16015","1":"product","2":"type-product","3":"status-publish","4":"has-post-thumbnail","6":"product_brand-vallejo","7":"product_cat-peintures","8":"product_cat-diorama-fx-vallejo","9":"product_cat-effets","10":"desktop-align-left","11":"tablet-align-left","12":"mobile-align-left","13":"ast-product-gallery-layout-first-image-large","14":"ast-magnify-disabled","15":"ast-product-tabs-layout-accordion","17":"first","18":"instock","19":"taxable","20":"shipping-taxable","21":"purchasable","22":"product-type-simple"},"_links":{"self":[{"href":"https:\/\/craftyminis.com\/fr\/wp-json\/wp\/v2\/product\/16015","targetHints":{"allow":["GET"]}}],"collection":[{"href":"https:\/\/craftyminis.com\/fr\/wp-json\/wp\/v2\/product"}],"about":[{"href":"https:\/\/craftyminis.com\/fr\/wp-json\/wp\/v2\/types\/product"}],"replies":[{"embeddable":true,"href":"https:\/\/craftyminis.com\/fr\/wp-json\/wp\/v2\/comments?post=16015"}],"wp:featuredmedia":[{"embeddable":true,"href":"https:\/\/craftyminis.com\/fr\/wp-json\/wp\/v2\/media\/16016"}],"wp:attachment":[{"href":"https:\/\/craftyminis.com\/fr\/wp-json\/wp\/v2\/media?parent=16015"}],"wp:term":[{"taxonomy":"product_brand","embeddable":true,"href":"https:\/\/craftyminis.com\/fr\/wp-json\/wp\/v2\/product_brand?post=16015"},{"taxonomy":"product_cat","embeddable":true,"href":"https:\/\/craftyminis.com\/fr\/wp-json\/wp\/v2\/product_cat?post=16015"},{"taxonomy":"product_tag","embeddable":true,"href":"https:\/\/craftyminis.com\/fr\/wp-json\/wp\/v2\/product_tag?post=16015"}],"curies":[{"name":"wp","href":"https:\/\/api.w.org\/{rel}","templated":true}]}}