{"id":16009,"date":"2025-07-17T23:11:48","date_gmt":"2025-07-17T22:11:48","guid":{"rendered":"https:\/\/craftyminis.com\/non class\u00e9\/vallejo-diorama-fx-white-stone-paste-26211\/"},"modified":"2025-07-17T23:11:48","modified_gmt":"2025-07-17T22:11:48","slug":"vallejo-diorama-fx-white-stone-paste-26211","status":"publish","type":"product","link":"https:\/\/craftyminis.com\/fr\/peintures\/vallejo-diorama-fx-white-stone-paste-26211\/","title":{"rendered":"Vallejo Diorama FX \u2013 White Stone Paste (26211)"},"content":{"rendered":"<h4>Vallejo Diorama FX \u2013 White Stone Paste (26211) : effets r\u00e9alistes de pierre pour dioramas<\/h4>\n<p>Dans la gamme <strong>Diorama FX<\/strong> de <strong>Vallejo<\/strong>, le produit <strong>White Stone Paste<\/strong> (26211) se distingue par sa p\u00e2te acrylique finement textur\u00e9e qui imite le marbre blanc avec un grand r\u00e9alisme dans vos sc\u00e8nes de mod\u00e9lisme. La gamme Diorama FX offre tout le n\u00e9cessaire pour recr\u00e9er des effets de terrain et d\u2019environnement \u2014 de la boue ou de la neige \u00e0 l\u2019eau ou la pierre \u2014 int\u00e9grant naturellement vos mod\u00e8les \u00e0 leur environnement. Tous les produits sont \u00e0 base d\u2019acrylique, <strong>non inflammables et sans solvants<\/strong>, garantissant une utilisation s\u00fbre en int\u00e9rieur, et s\u2019appliquent facilement au pinceau, \u00e0 la spatule ou avec d\u2019autres outils ; ils peuvent aussi \u00eatre dilu\u00e9s \u00e0 l\u2019eau pour adoucir les textures.  <\/p>\n<p>Gr\u00e2ce \u00e0 sa polyvalence, cette gamme est parfaite pour les maquettes et socles de miniatures en <strong>wargames<\/strong>, trait\u00e9s comme de petits dioramas riches en d\u00e9tails. Dans la <a href=\"https:\/\/craftyminis.com\/en\/paintings\/effects\/diorama-fx-vallejo\/\"><strong>cat\u00e9gorie Diorama FX<\/strong><\/a>, vous trouverez ces effets sp\u00e9cialis\u00e9s, soutenus par la qualit\u00e9 de la <a href=\"https:\/\/craftyminis.com\/en\/brand\/vallejo\/\"><strong>marque Vallejo<\/strong><\/a>, un leader dans le monde du mod\u00e9lisme.  <\/p>\n<p>La <strong>White Stone Paste Vallejo (26211)<\/strong> est un m\u00e9lange dense qui reproduit de mani\u00e8re r\u00e9aliste le calcaire ou le marbre, avec une finition fine et granuleuse. Elle peut \u00eatre sculpt\u00e9e, ponc\u00e9e ou utilis\u00e9e comme mortier et enduit dans des constructions, murs ou sculptures de dioramas, offrant des surfaces nettes et d\u00e9finies. Une fois s\u00e8che, elle garde sa forme et permet d\u2019ajouter des d\u00e9tails r\u00e9alistes dans les terrains rocheux, ruines ou b\u00e2timents en pierre.  <\/p>\n<p><small>Consultez les d\u00e9tails techniques complets sur le <a href=\"https:\/\/acrylicosvallejo.com\/\" target=\"_blank\" rel=\"noopener\">site officiel Vallejo<\/a>.<\/small><\/p>\n","protected":false},"excerpt":{"rendered":"<p><strong>Recr\u00e9ez le marbre blanc ou la pierre dans vos dioramas avec la p\u00e2te pierre blanche Vallejo (26211).<\/strong> P\u00e2te finement textur\u00e9e, sculptable et pon\u00e7able\u2014id\u00e9ale pour les ruines et les structures.<strong><br \/>\n<\/strong><\/p>\n","protected":false},"featured_media":16010,"comment_status":"open","ping_status":"closed","template":"","meta":{"site-sidebar-layout":"default","site-content-layout":"","ast-site-content-layout":"default","site-content-style":"default","site-sidebar-style":"default","ast-global-header-display":"","ast-banner-title-visibility":"","ast-main-header-display":"","ast-hfb-above-header-display":"","ast-hfb-below-header-display":"","ast-hfb-mobile-header-display":"","site-post-title":"","ast-breadcrumbs-content":"","ast-featured-img":"","footer-sml-layout":"","ast-disable-related-posts":"","theme-transparent-header-meta":"default","adv-header-id-meta":"","stick-header-meta":"default","header-above-stick-meta":"","header-main-stick-meta":"","header-below-stick-meta":"","astra-migrate-meta-layouts":"default","ast-page-background-enabled":"default","ast-page-background-meta":{"desktop":{"background-color":"var(--ast-global-color-4)","background-image":"","background-repeat":"repeat","background-position":"center center","background-size":"auto","background-attachment":"scroll","background-type":"","background-media":"","overlay-type":"","overlay-color":"","overlay-opacity":"","overlay-gradient":""},"tablet":{"background-color":"","background-image":"","background-repeat":"repeat","background-position":"center center","background-size":"auto","background-attachment":"scroll","background-type":"","background-media":"","overlay-type":"","overlay-color":"","overlay-opacity":"","overlay-gradient":""},"mobile":{"background-color":"","background-image":"","background-repeat":"repeat","background-position":"center center","background-size":"auto","background-attachment":"scroll","background-type":"","background-media":"","overlay-type":"","overlay-color":"","overlay-opacity":"","overlay-gradient":""}},"ast-content-background-meta":{"desktop":{"background-color":"var(--ast-global-color-5)","background-image":"","background-repeat":"repeat","background-position":"center center","background-size":"auto","background-attachment":"scroll","background-type":"","background-media":"","overlay-type":"","overlay-color":"","overlay-opacity":"","overlay-gradient":""},"tablet":{"background-color":"var(--ast-global-color-5)","background-image":"","background-repeat":"repeat","background-position":"center center","background-size":"auto","background-attachment":"scroll","background-type":"","background-media":"","overlay-type":"","overlay-color":"","overlay-opacity":"","overlay-gradient":""},"mobile":{"background-color":"var(--ast-global-color-5)","background-image":"","background-repeat":"repeat","background-position":"center center","background-size":"auto","background-attachment":"scroll","background-type":"","background-media":"","overlay-type":"","overlay-color":"","overlay-opacity":"","overlay-gradient":""}}},"product_brand":[1302],"product_cat":[1303,1391,1316],"product_tag":[],"class_list":{"0":"post-16009","1":"product","2":"type-product","3":"status-publish","4":"has-post-thumbnail","6":"product_brand-vallejo","7":"product_cat-peintures","8":"product_cat-diorama-fx-vallejo","9":"product_cat-effets","10":"desktop-align-left","11":"tablet-align-left","12":"mobile-align-left","13":"ast-product-gallery-layout-first-image-large","14":"ast-magnify-disabled","15":"ast-product-tabs-layout-accordion","17":"first","18":"instock","19":"taxable","20":"shipping-taxable","21":"purchasable","22":"product-type-simple"},"_links":{"self":[{"href":"https:\/\/craftyminis.com\/fr\/wp-json\/wp\/v2\/product\/16009","targetHints":{"allow":["GET"]}}],"collection":[{"href":"https:\/\/craftyminis.com\/fr\/wp-json\/wp\/v2\/product"}],"about":[{"href":"https:\/\/craftyminis.com\/fr\/wp-json\/wp\/v2\/types\/product"}],"replies":[{"embeddable":true,"href":"https:\/\/craftyminis.com\/fr\/wp-json\/wp\/v2\/comments?post=16009"}],"wp:featuredmedia":[{"embeddable":true,"href":"https:\/\/craftyminis.com\/fr\/wp-json\/wp\/v2\/media\/16010"}],"wp:attachment":[{"href":"https:\/\/craftyminis.com\/fr\/wp-json\/wp\/v2\/media?parent=16009"}],"wp:term":[{"taxonomy":"product_brand","embeddable":true,"href":"https:\/\/craftyminis.com\/fr\/wp-json\/wp\/v2\/product_brand?post=16009"},{"taxonomy":"product_cat","embeddable":true,"href":"https:\/\/craftyminis.com\/fr\/wp-json\/wp\/v2\/product_cat?post=16009"},{"taxonomy":"product_tag","embeddable":true,"href":"https:\/\/craftyminis.com\/fr\/wp-json\/wp\/v2\/product_tag?post=16009"}],"curies":[{"name":"wp","href":"https:\/\/api.w.org\/{rel}","templated":true}]}}