{"id":16000,"date":"2025-07-17T23:42:18","date_gmt":"2025-07-17T22:42:18","guid":{"rendered":"https:\/\/craftyminis.com\/non class\u00e9\/vallejo-diorama-fx-sandy-paste-26215\/"},"modified":"2025-07-17T23:42:18","modified_gmt":"2025-07-17T22:42:18","slug":"vallejo-diorama-fx-sandy-paste-26215","status":"publish","type":"product","link":"https:\/\/craftyminis.com\/fr\/peintures\/vallejo-diorama-fx-sandy-paste-26215\/","title":{"rendered":"Vallejo Diorama FX \u2013 Sandy Paste (26215)"},"content":{"rendered":"<h4>Vallejo Diorama FX \u2013 Sandy Paste (26215) : textures de sable r\u00e9alistes pour dioramas<\/h4>\n<p>Dans la gamme <strong>Diorama FX<\/strong> de <strong>Vallejo<\/strong>, le produit <strong>Sandy Paste<\/strong> (26215) excelle \u00e0 recr\u00e9er des surfaces d\u00e9sertiques et sablonneuses authentiques. Cette gamme offre tout le n\u00e9cessaire pour reproduire des terrains vari\u00e9s \u2014 de la boue et de la neige \u00e0 l&rsquo;eau et au sable \u2014 ajoutant un r\u00e9alisme exceptionnel \u00e0 vos environnements de diorama. Tous les produits Diorama FX sont \u00e0 base acrylique, <strong>inflammables et sans solvants<\/strong>, garantissant une application s\u00fbre et propre. Ils sont faciles \u00e0 appliquer au pinceau ou \u00e0 la spatule et, \u00e9tant <strong>solubles dans l&rsquo;eau<\/strong>, peuvent \u00eatre dilu\u00e9s pour un fondu des bords ou combin\u00e9s avec d&rsquo;autres textures.<\/p>\n<p>Gr\u00e2ce \u00e0 sa polyvalence, Diorama FX est parfait pour le mod\u00e9lisme traditionnel \u00e0 l\u2019\u00e9chelle et la cr\u00e9ation de socles pour jeux de guerre, ajoutant du d\u00e9tail d\u2019ambiance et une coh\u00e9rence narrative aux sc\u00e8nes. Retrouvez plus d\u2019effets dans la <a href=\"https:\/\/craftyminis.com\/en\/paintings\/effects\/diorama-fx-vallejo\/\"><strong>cat\u00e9gorie Diorama FX<\/strong><\/a> et compl\u00e9tez votre projet avec la qualit\u00e9 de la <a href=\"https:\/\/craftyminis.com\/en\/brand\/vallejo\/\"><strong>marque Vallejo<\/strong><\/a>.<\/p>\n<p>La <strong>Sandy Paste Vallejo (26215)<\/strong> est une p\u00e2te acrylique de viscosit\u00e9 moyenne avec une couleur et une texture sableuses, id\u00e9ale pour cr\u00e9er des dunes, des plages et des sols d\u00e9sertiques. Sa texture granuleuse r\u00e9v\u00e8le un sable d\u00e9taill\u00e9 une fois sec et permet de modeler des ondulations avant s\u00e9chage. Elle fonctionne \u00e9galement bien comme base textur\u00e9e pour vieillir des surfaces lisses comme des m\u00e9taux corrod\u00e9s ou des chemins us\u00e9s. Fournie en pot de 200 ml, elle s\u00e8che en quelques heures seulement, pr\u00eate \u00e0 \u00eatre appr\u00eat\u00e9e et peinte.<\/p>\n<p><small>Consultez les d\u00e9tails techniques complets sur le <a href=\"https:\/\/acrylicosvallejo.com\/\" target=\"_blank\" rel=\"noopener\">site officiel Vallejo<\/a>.<\/small><\/p>\n","protected":false},"excerpt":{"rendered":"<p><strong>Obtenez des dunes r\u00e9alistes et un terrain sablonneux avec Vallejo Sandy Paste (26215).<\/strong> P\u00e2te acrylique \u00e0 texture rugueuse, s\u00e8che en quelques heures et facile \u00e0 modeler.<\/p>\n","protected":false},"featured_media":16001,"comment_status":"open","ping_status":"closed","template":"","meta":{"site-sidebar-layout":"default","site-content-layout":"","ast-site-content-layout":"default","site-content-style":"default","site-sidebar-style":"default","ast-global-header-display":"","ast-banner-title-visibility":"","ast-main-header-display":"","ast-hfb-above-header-display":"","ast-hfb-below-header-display":"","ast-hfb-mobile-header-display":"","site-post-title":"","ast-breadcrumbs-content":"","ast-featured-img":"","footer-sml-layout":"","ast-disable-related-posts":"","theme-transparent-header-meta":"default","adv-header-id-meta":"","stick-header-meta":"default","header-above-stick-meta":"","header-main-stick-meta":"","header-below-stick-meta":"","astra-migrate-meta-layouts":"default","ast-page-background-enabled":"default","ast-page-background-meta":{"desktop":{"background-color":"var(--ast-global-color-4)","background-image":"","background-repeat":"repeat","background-position":"center center","background-size":"auto","background-attachment":"scroll","background-type":"","background-media":"","overlay-type":"","overlay-color":"","overlay-opacity":"","overlay-gradient":""},"tablet":{"background-color":"","background-image":"","background-repeat":"repeat","background-position":"center center","background-size":"auto","background-attachment":"scroll","background-type":"","background-media":"","overlay-type":"","overlay-color":"","overlay-opacity":"","overlay-gradient":""},"mobile":{"background-color":"","background-image":"","background-repeat":"repeat","background-position":"center center","background-size":"auto","background-attachment":"scroll","background-type":"","background-media":"","overlay-type":"","overlay-color":"","overlay-opacity":"","overlay-gradient":""}},"ast-content-background-meta":{"desktop":{"background-color":"var(--ast-global-color-5)","background-image":"","background-repeat":"repeat","background-position":"center center","background-size":"auto","background-attachment":"scroll","background-type":"","background-media":"","overlay-type":"","overlay-color":"","overlay-opacity":"","overlay-gradient":""},"tablet":{"background-color":"var(--ast-global-color-5)","background-image":"","background-repeat":"repeat","background-position":"center center","background-size":"auto","background-attachment":"scroll","background-type":"","background-media":"","overlay-type":"","overlay-color":"","overlay-opacity":"","overlay-gradient":""},"mobile":{"background-color":"var(--ast-global-color-5)","background-image":"","background-repeat":"repeat","background-position":"center center","background-size":"auto","background-attachment":"scroll","background-type":"","background-media":"","overlay-type":"","overlay-color":"","overlay-opacity":"","overlay-gradient":""}}},"product_brand":[1302],"product_cat":[1303,1391,1316],"product_tag":[],"class_list":{"0":"post-16000","1":"product","2":"type-product","3":"status-publish","4":"has-post-thumbnail","6":"product_brand-vallejo","7":"product_cat-peintures","8":"product_cat-diorama-fx-vallejo","9":"product_cat-effets","10":"desktop-align-left","11":"tablet-align-left","12":"mobile-align-left","13":"ast-product-gallery-layout-first-image-large","14":"ast-magnify-disabled","15":"ast-product-tabs-layout-accordion","17":"first","18":"instock","19":"taxable","20":"shipping-taxable","21":"purchasable","22":"product-type-simple"},"_links":{"self":[{"href":"https:\/\/craftyminis.com\/fr\/wp-json\/wp\/v2\/product\/16000","targetHints":{"allow":["GET"]}}],"collection":[{"href":"https:\/\/craftyminis.com\/fr\/wp-json\/wp\/v2\/product"}],"about":[{"href":"https:\/\/craftyminis.com\/fr\/wp-json\/wp\/v2\/types\/product"}],"replies":[{"embeddable":true,"href":"https:\/\/craftyminis.com\/fr\/wp-json\/wp\/v2\/comments?post=16000"}],"wp:featuredmedia":[{"embeddable":true,"href":"https:\/\/craftyminis.com\/fr\/wp-json\/wp\/v2\/media\/16001"}],"wp:attachment":[{"href":"https:\/\/craftyminis.com\/fr\/wp-json\/wp\/v2\/media?parent=16000"}],"wp:term":[{"taxonomy":"product_brand","embeddable":true,"href":"https:\/\/craftyminis.com\/fr\/wp-json\/wp\/v2\/product_brand?post=16000"},{"taxonomy":"product_cat","embeddable":true,"href":"https:\/\/craftyminis.com\/fr\/wp-json\/wp\/v2\/product_cat?post=16000"},{"taxonomy":"product_tag","embeddable":true,"href":"https:\/\/craftyminis.com\/fr\/wp-json\/wp\/v2\/product_tag?post=16000"}],"curies":[{"name":"wp","href":"https:\/\/api.w.org\/{rel}","templated":true}]}}