{"id":15997,"date":"2025-07-17T23:54:49","date_gmt":"2025-07-17T22:54:49","guid":{"rendered":"https:\/\/craftyminis.com\/non class\u00e9\/vallejo-diorama-fx-snow-26820\/"},"modified":"2025-07-17T23:54:49","modified_gmt":"2025-07-17T22:54:49","slug":"vallejo-diorama-fx-snow-26820","status":"publish","type":"product","link":"https:\/\/craftyminis.com\/fr\/peintures\/vallejo-diorama-fx-snow-26820\/","title":{"rendered":"Vallejo Diorama FX \u2013 Snow (26820)"},"content":{"rendered":"<h4>Vallejo Diorama FX \u2013 Snow (26820) : texture de neige r\u00e9aliste pour dioramas<\/h4>\n<p>Dans la gamme <strong>Diorama FX<\/strong> de <strong>Vallejo<\/strong>, le produit <strong>Snow<\/strong> (26820) se distingue par sa capacit\u00e9 \u00e0 cr\u00e9er des paysages hivernaux avec une texture de neige r\u00e9aliste et scintillante. Cette ligne offre aux maquettistes tout le n\u00e9cessaire pour recr\u00e9er des terrains et des effets environnementaux \u2014 des routes poussi\u00e9reuses \u00e0 la boue, l&rsquo;eau et la neige \u2014 ajoutant coh\u00e9rence, atmosph\u00e8re et narration \u00e0 vos projets \u00e0 l\u2019\u00e9chelle. Tous les articles Diorama FX sont \u00e0 base d\u2019acrylique, <strong>inflammables et sans solvants<\/strong>, garantissant une utilisation s\u00fbre, et peuvent \u00eatre appliqu\u00e9s facilement avec des pinceaux, spatules ou autres outils.<\/p>\n<p>Gr\u00e2ce \u00e0 sa polyvalence, cette gamme convient aussi bien aux projets de <strong>mod\u00e9lisme \u00e0 l\u2019\u00e9chelle<\/strong> qu\u2019aux socles de miniatures dans les <strong>jeux de guerre<\/strong>, o\u00f9 la neige apporte un impact visuel et un contexte aux petites sc\u00e8nes. Retrouvez cet effet et d\u2019autres dans notre <a href=\"https:\/\/craftyminis.com\/en\/paintings\/effects\/diorama-fx-vallejo\/\"><strong>cat\u00e9gorie Diorama FX<\/strong><\/a> ou explorez la qualit\u00e9 de la renomm\u00e9e <a href=\"https:\/\/craftyminis.com\/en\/brand\/vallejo\/\"><strong>marque Vallejo<\/strong><\/a>.<\/p>\n<p>Le <strong>Snow Vallejo (26820)<\/strong> est un gel \u00e9pais et scintillant qui imite parfaitement la neige r\u00e9elle, qu\u2019il soit \u00e9tal\u00e9 en fine couche ou accumul\u00e9 en tas. Il adh\u00e8re bien \u00e0 toutes les surfaces et s\u00e8che en environ 24 heures, permettant plusieurs couches pour augmenter le volume ou cr\u00e9er des accumulations. Ce produit aide \u00e0 donner vie aux sc\u00e8nes hivernales, for\u00eats enneig\u00e9es, dioramas de champs de bataille ou v\u00e9hicules couverts de neige avec une finition nette et r\u00e9aliste.<\/p>\n<p><small>Consultez tous les d\u00e9tails techniques sur le <a href=\"https:\/\/acrylicosvallejo.com\/\" target=\"_blank\" rel=\"noopener\">site officiel Vallejo<\/a>.<\/small><\/p>\n","protected":false},"excerpt":{"rendered":"<p><strong>Recr\u00e9ez une neige r\u00e9aliste dans vos dioramas avec Vallejo Snow (26820).<\/strong> Gel acrylique \u00e9pais et paillet\u00e9, s\u00e8che en 24\u202fh, id\u00e9al pour les sc\u00e8nes hivernales et les accumulations de neige.<\/p>\n","protected":false},"featured_media":15998,"comment_status":"open","ping_status":"closed","template":"","meta":{"site-sidebar-layout":"default","site-content-layout":"","ast-site-content-layout":"default","site-content-style":"default","site-sidebar-style":"default","ast-global-header-display":"","ast-banner-title-visibility":"","ast-main-header-display":"","ast-hfb-above-header-display":"","ast-hfb-below-header-display":"","ast-hfb-mobile-header-display":"","site-post-title":"","ast-breadcrumbs-content":"","ast-featured-img":"","footer-sml-layout":"","ast-disable-related-posts":"","theme-transparent-header-meta":"default","adv-header-id-meta":"","stick-header-meta":"default","header-above-stick-meta":"","header-main-stick-meta":"","header-below-stick-meta":"","astra-migrate-meta-layouts":"default","ast-page-background-enabled":"default","ast-page-background-meta":{"desktop":{"background-color":"var(--ast-global-color-4)","background-image":"","background-repeat":"repeat","background-position":"center center","background-size":"auto","background-attachment":"scroll","background-type":"","background-media":"","overlay-type":"","overlay-color":"","overlay-opacity":"","overlay-gradient":""},"tablet":{"background-color":"","background-image":"","background-repeat":"repeat","background-position":"center center","background-size":"auto","background-attachment":"scroll","background-type":"","background-media":"","overlay-type":"","overlay-color":"","overlay-opacity":"","overlay-gradient":""},"mobile":{"background-color":"","background-image":"","background-repeat":"repeat","background-position":"center center","background-size":"auto","background-attachment":"scroll","background-type":"","background-media":"","overlay-type":"","overlay-color":"","overlay-opacity":"","overlay-gradient":""}},"ast-content-background-meta":{"desktop":{"background-color":"var(--ast-global-color-5)","background-image":"","background-repeat":"repeat","background-position":"center center","background-size":"auto","background-attachment":"scroll","background-type":"","background-media":"","overlay-type":"","overlay-color":"","overlay-opacity":"","overlay-gradient":""},"tablet":{"background-color":"var(--ast-global-color-5)","background-image":"","background-repeat":"repeat","background-position":"center center","background-size":"auto","background-attachment":"scroll","background-type":"","background-media":"","overlay-type":"","overlay-color":"","overlay-opacity":"","overlay-gradient":""},"mobile":{"background-color":"var(--ast-global-color-5)","background-image":"","background-repeat":"repeat","background-position":"center center","background-size":"auto","background-attachment":"scroll","background-type":"","background-media":"","overlay-type":"","overlay-color":"","overlay-opacity":"","overlay-gradient":""}}},"product_brand":[1302],"product_cat":[1303,1391,1316],"product_tag":[],"class_list":{"0":"post-15997","1":"product","2":"type-product","3":"status-publish","4":"has-post-thumbnail","6":"product_brand-vallejo","7":"product_cat-peintures","8":"product_cat-diorama-fx-vallejo","9":"product_cat-effets","10":"desktop-align-left","11":"tablet-align-left","12":"mobile-align-left","13":"ast-product-gallery-layout-first-image-large","14":"ast-magnify-disabled","15":"ast-product-tabs-layout-accordion","17":"first","18":"instock","19":"taxable","20":"shipping-taxable","21":"purchasable","22":"product-type-simple"},"_links":{"self":[{"href":"https:\/\/craftyminis.com\/fr\/wp-json\/wp\/v2\/product\/15997","targetHints":{"allow":["GET"]}}],"collection":[{"href":"https:\/\/craftyminis.com\/fr\/wp-json\/wp\/v2\/product"}],"about":[{"href":"https:\/\/craftyminis.com\/fr\/wp-json\/wp\/v2\/types\/product"}],"replies":[{"embeddable":true,"href":"https:\/\/craftyminis.com\/fr\/wp-json\/wp\/v2\/comments?post=15997"}],"wp:featuredmedia":[{"embeddable":true,"href":"https:\/\/craftyminis.com\/fr\/wp-json\/wp\/v2\/media\/15998"}],"wp:attachment":[{"href":"https:\/\/craftyminis.com\/fr\/wp-json\/wp\/v2\/media?parent=15997"}],"wp:term":[{"taxonomy":"product_brand","embeddable":true,"href":"https:\/\/craftyminis.com\/fr\/wp-json\/wp\/v2\/product_brand?post=15997"},{"taxonomy":"product_cat","embeddable":true,"href":"https:\/\/craftyminis.com\/fr\/wp-json\/wp\/v2\/product_cat?post=15997"},{"taxonomy":"product_tag","embeddable":true,"href":"https:\/\/craftyminis.com\/fr\/wp-json\/wp\/v2\/product_tag?post=15997"}],"curies":[{"name":"wp","href":"https:\/\/api.w.org\/{rel}","templated":true}]}}