{"id":15994,"date":"2025-07-18T07:12:58","date_gmt":"2025-07-18T06:12:58","guid":{"rendered":"https:\/\/craftyminis.com\/non class\u00e9\/vallejo-diorama-fx-lava-negra-26214\/"},"modified":"2025-07-18T07:12:58","modified_gmt":"2025-07-18T06:12:58","slug":"vallejo-diorama-fx-lava-negra-26214","status":"publish","type":"product","link":"https:\/\/craftyminis.com\/fr\/peintures\/vallejo-diorama-fx-lava-negra-26214\/","title":{"rendered":"Vallejo Diorama FX \u2013 Lava Negra (26214)"},"content":{"rendered":"<h4>Vallejo Diorama FX \u2013 Lave Noire (26214) : effets r\u00e9alistes pour dioramas<\/h4>\n<p>Dans la gamme <strong>Diorama FX<\/strong> de <strong>Vallejo<\/strong>, le produit <strong>Lave Noire<\/strong> (26214) se distingue comme une p\u00e2te acrylique dense \u00e0 tonalit\u00e9 sombre, parfaite pour recr\u00e9er des terrains volcaniques, de l\u2019asphalte ou des surfaces rocheuses avec un haut r\u00e9alisme dans vos sc\u00e8nes de mod\u00e9lisme. La large gamme Diorama FX fournit des mat\u00e9riaux essentiels pour simuler une vari\u00e9t\u00e9 d\u2019effets environnementaux \u2014 routes poussi\u00e9reuses, neige, boue, eau ou lave \u2014 ajoutant un lien visuel fort entre la base et la figurine. Tous les produits sont \u00e0 base d\u2019acrylique, <strong>inflammables et sans solvants<\/strong>, et s\u2019appliquent facilement avec des pinceaux, spatules ou outils de sculpture.  <\/p>\n<p>Gr\u00e2ce \u00e0 sa consistance \u00e9paisse, <strong>Lave Noire Vallejo (26214)<\/strong> convient aussi bien aux sols volcaniques qu\u2019aux effets d\u2019asphalte us\u00e9 sur routes ou zones industrielles. Sa texture inclut des microparticules pour plus de rugosit\u00e9 et de volume, cr\u00e9ant un effet semi-solide id\u00e9al pour des bases dynamiques et structur\u00e9es. Une fois s\u00e8che, elle forme une surface solide pouvant \u00eatre m\u00e9lang\u00e9e avec des pigments, des acryliques dilu\u00e9s, voire de la terre et du sable fin pour plus de profondeur et de r\u00e9alisme :contentReference[oaicite:2]{index=2}.  <\/p>\n<p>Cet effet est excellent tant pour le mod\u00e9lisme \u00e0 l\u2019\u00e9chelle que pour le soclage de figurines dans les <strong>wargames<\/strong>, notamment dans les paysages volcaniques, les routes ou les sc\u00e8nes post-apocalyptiques. D\u00e9couvrez plus d\u2019effets dans la <a href=\"https:\/\/craftyminis.com\/en\/paintings\/effects\/diorama-fx-vallejo\/\"><strong>cat\u00e9gorie Diorama FX<\/strong><\/a>, et enrichissez votre collection avec d\u2019autres produits de la <a href=\"https:\/\/craftyminis.com\/en\/brand\/vallejo\/\"><strong>marque Vallejo<\/strong><\/a>.  <\/p>\n<p><small>Consultez tous les d\u00e9tails techniques sur le <a href=\"https:\/\/acrylicosvallejo.com\/\" target=\"_blank\" rel=\"noopener\">site officiel Vallejo<\/a>.<\/small><\/p>\n","protected":false},"excerpt":{"rendered":"<p><strong>Cr\u00e9ez un terrain volcanique ou d&rsquo;asphalte us\u00e9 avec Vallejo Black Lava (26214).<\/strong> P\u00e2te acrylique dense et granuleuse, parfaite pour les roches, la lave ou les sols industriels.<\/p>\n","protected":false},"featured_media":15996,"comment_status":"open","ping_status":"closed","template":"","meta":{"site-sidebar-layout":"default","site-content-layout":"","ast-site-content-layout":"default","site-content-style":"default","site-sidebar-style":"default","ast-global-header-display":"","ast-banner-title-visibility":"","ast-main-header-display":"","ast-hfb-above-header-display":"","ast-hfb-below-header-display":"","ast-hfb-mobile-header-display":"","site-post-title":"","ast-breadcrumbs-content":"","ast-featured-img":"","footer-sml-layout":"","ast-disable-related-posts":"","theme-transparent-header-meta":"default","adv-header-id-meta":"","stick-header-meta":"default","header-above-stick-meta":"","header-main-stick-meta":"","header-below-stick-meta":"","astra-migrate-meta-layouts":"default","ast-page-background-enabled":"default","ast-page-background-meta":{"desktop":{"background-color":"var(--ast-global-color-4)","background-image":"","background-repeat":"repeat","background-position":"center center","background-size":"auto","background-attachment":"scroll","background-type":"","background-media":"","overlay-type":"","overlay-color":"","overlay-opacity":"","overlay-gradient":""},"tablet":{"background-color":"","background-image":"","background-repeat":"repeat","background-position":"center center","background-size":"auto","background-attachment":"scroll","background-type":"","background-media":"","overlay-type":"","overlay-color":"","overlay-opacity":"","overlay-gradient":""},"mobile":{"background-color":"","background-image":"","background-repeat":"repeat","background-position":"center center","background-size":"auto","background-attachment":"scroll","background-type":"","background-media":"","overlay-type":"","overlay-color":"","overlay-opacity":"","overlay-gradient":""}},"ast-content-background-meta":{"desktop":{"background-color":"var(--ast-global-color-5)","background-image":"","background-repeat":"repeat","background-position":"center center","background-size":"auto","background-attachment":"scroll","background-type":"","background-media":"","overlay-type":"","overlay-color":"","overlay-opacity":"","overlay-gradient":""},"tablet":{"background-color":"var(--ast-global-color-5)","background-image":"","background-repeat":"repeat","background-position":"center center","background-size":"auto","background-attachment":"scroll","background-type":"","background-media":"","overlay-type":"","overlay-color":"","overlay-opacity":"","overlay-gradient":""},"mobile":{"background-color":"var(--ast-global-color-5)","background-image":"","background-repeat":"repeat","background-position":"center center","background-size":"auto","background-attachment":"scroll","background-type":"","background-media":"","overlay-type":"","overlay-color":"","overlay-opacity":"","overlay-gradient":""}}},"product_brand":[1302],"product_cat":[1303,1391,1316],"product_tag":[],"class_list":{"0":"post-15994","1":"product","2":"type-product","3":"status-publish","4":"has-post-thumbnail","6":"product_brand-vallejo","7":"product_cat-peintures","8":"product_cat-diorama-fx-vallejo","9":"product_cat-effets","10":"desktop-align-left","11":"tablet-align-left","12":"mobile-align-left","13":"ast-product-gallery-layout-first-image-large","14":"ast-magnify-disabled","15":"ast-product-tabs-layout-accordion","17":"first","18":"instock","19":"taxable","20":"shipping-taxable","21":"purchasable","22":"product-type-simple"},"_links":{"self":[{"href":"https:\/\/craftyminis.com\/fr\/wp-json\/wp\/v2\/product\/15994","targetHints":{"allow":["GET"]}}],"collection":[{"href":"https:\/\/craftyminis.com\/fr\/wp-json\/wp\/v2\/product"}],"about":[{"href":"https:\/\/craftyminis.com\/fr\/wp-json\/wp\/v2\/types\/product"}],"replies":[{"embeddable":true,"href":"https:\/\/craftyminis.com\/fr\/wp-json\/wp\/v2\/comments?post=15994"}],"wp:featuredmedia":[{"embeddable":true,"href":"https:\/\/craftyminis.com\/fr\/wp-json\/wp\/v2\/media\/15996"}],"wp:attachment":[{"href":"https:\/\/craftyminis.com\/fr\/wp-json\/wp\/v2\/media?parent=15994"}],"wp:term":[{"taxonomy":"product_brand","embeddable":true,"href":"https:\/\/craftyminis.com\/fr\/wp-json\/wp\/v2\/product_brand?post=15994"},{"taxonomy":"product_cat","embeddable":true,"href":"https:\/\/craftyminis.com\/fr\/wp-json\/wp\/v2\/product_cat?post=15994"},{"taxonomy":"product_tag","embeddable":true,"href":"https:\/\/craftyminis.com\/fr\/wp-json\/wp\/v2\/product_tag?post=15994"}],"curies":[{"name":"wp","href":"https:\/\/api.w.org\/{rel}","templated":true}]}}