{"id":15991,"date":"2025-07-18T07:21:20","date_gmt":"2025-07-18T06:21:20","guid":{"rendered":"https:\/\/craftyminis.com\/non class\u00e9\/vallejo-diorama-fx-desert-sand-26217\/"},"modified":"2025-07-18T07:21:20","modified_gmt":"2025-07-18T06:21:20","slug":"vallejo-diorama-fx-desert-sand-26217","status":"publish","type":"product","link":"https:\/\/craftyminis.com\/fr\/peintures\/vallejo-diorama-fx-desert-sand-26217\/","title":{"rendered":"Vallejo Diorama FX \u2013 Desert Sand (26217)"},"content":{"rendered":"<h4>Vallejo Diorama FX \u2013 Desert Sand (26217) : p\u00e2te de terrain r\u00e9aliste pour dioramas<\/h4>\n<p>Dans la gamme <strong>Diorama FX<\/strong> de <strong>Vallejo<\/strong>, le produit <strong>Desert Sand<\/strong> (26217) se distingue par sa capacit\u00e9 \u00e0 recr\u00e9er fid\u00e8lement un terrain sablonneux, caract\u00e9ristique des plages, d\u00e9serts ou zones arides. Diorama FX offre aux maquettistes tout le n\u00e9cessaire pour simuler des effets vari\u00e9s \u2014 des routes poussi\u00e9reuses \u00e0 la neige, la boue et l&rsquo;eau \u2014 ajoutant r\u00e9alisme et profondeur \u00e0 vos sc\u00e8nes. Tous les produits sont \u00e0 base d\u2019acrylique, <strong>inflammables et sans solvants<\/strong>, garantissant une utilisation s\u00fbre m\u00eame en int\u00e9rieur, et une application facile au pinceau, spatule ou \u00e9ponge.<\/p>\n<p>Gr\u00e2ce \u00e0 sa polyvalence, Diorama FX est id\u00e9al aussi bien pour les maquettes \u00e0 l\u2019\u00e9chelle que pour les socles de miniatures en <strong>wargames<\/strong>, consid\u00e9r\u00e9s comme de v\u00e9ritables dioramas. Dans notre <a href=\"https:\/\/craftyminis.com\/en\/paintings\/effects\/diorama-fx-vallejo\/\"><strong>cat\u00e9gorie Diorama FX<\/strong><\/a>, vous trouverez tous ces effets sp\u00e9cialis\u00e9s, soutenus par la qualit\u00e9 de la <a href=\"https:\/\/craftyminis.com\/en\/brand\/vallejo\/\"><strong>marque Vallejo<\/strong><\/a>, un leader dans les peintures et d\u00e9cors.<\/p>\n<p>Le <strong>Desert Sand Vallejo (26217)<\/strong> est une p\u00e2te acrylique d\u2019un ton ocre clair, avec une **texture granuleuse \u00e0 viscosit\u00e9 moyenne**, con\u00e7ue pour imiter les sables secs dans les dioramas c\u00f4tiers ou d\u00e9sertiques. Il se distingue par son aspect naturel et permet d\u2019ajouter du gravier fin ou des pigments pour enrichir l\u2019effet visuel. Il est recommand\u00e9 de l\u2019appliquer sur une base plus fonc\u00e9e pour renforcer la profondeur, s\u00e8che en environ 24\u202fheures et offre un r\u00e9sultat ferme et r\u00e9aliste. Parfait pour recr\u00e9er plages, d\u00e9barquements, sc\u00e8nes d\u00e9sertiques ou socles de paysages arides.<\/p>\n<p><small>Consultez les d\u00e9tails techniques complets sur le <a href=\"https:\/\/acrylicosvallejo.com\/\" target=\"_blank\" rel=\"noopener\">site officiel Vallejo<\/a>.<\/small><\/p>\n","protected":false},"excerpt":{"rendered":"<p><strong>Recr\u00e9ez un terrain sablonneux r\u00e9aliste dans vos dioramas avec Vallejo Desert Sand (26217).<\/strong> P\u00e2te acrylique granuleuse, s\u00e8che en 24\u202fh, id\u00e9ale pour les sc\u00e8nes arides et c\u00f4ti\u00e8res.<\/p>\n","protected":false},"featured_media":15992,"comment_status":"open","ping_status":"closed","template":"","meta":{"site-sidebar-layout":"default","site-content-layout":"","ast-site-content-layout":"default","site-content-style":"default","site-sidebar-style":"default","ast-global-header-display":"","ast-banner-title-visibility":"","ast-main-header-display":"","ast-hfb-above-header-display":"","ast-hfb-below-header-display":"","ast-hfb-mobile-header-display":"","site-post-title":"","ast-breadcrumbs-content":"","ast-featured-img":"","footer-sml-layout":"","ast-disable-related-posts":"","theme-transparent-header-meta":"default","adv-header-id-meta":"","stick-header-meta":"default","header-above-stick-meta":"","header-main-stick-meta":"","header-below-stick-meta":"","astra-migrate-meta-layouts":"default","ast-page-background-enabled":"default","ast-page-background-meta":{"desktop":{"background-color":"var(--ast-global-color-4)","background-image":"","background-repeat":"repeat","background-position":"center center","background-size":"auto","background-attachment":"scroll","background-type":"","background-media":"","overlay-type":"","overlay-color":"","overlay-opacity":"","overlay-gradient":""},"tablet":{"background-color":"","background-image":"","background-repeat":"repeat","background-position":"center center","background-size":"auto","background-attachment":"scroll","background-type":"","background-media":"","overlay-type":"","overlay-color":"","overlay-opacity":"","overlay-gradient":""},"mobile":{"background-color":"","background-image":"","background-repeat":"repeat","background-position":"center center","background-size":"auto","background-attachment":"scroll","background-type":"","background-media":"","overlay-type":"","overlay-color":"","overlay-opacity":"","overlay-gradient":""}},"ast-content-background-meta":{"desktop":{"background-color":"var(--ast-global-color-5)","background-image":"","background-repeat":"repeat","background-position":"center center","background-size":"auto","background-attachment":"scroll","background-type":"","background-media":"","overlay-type":"","overlay-color":"","overlay-opacity":"","overlay-gradient":""},"tablet":{"background-color":"var(--ast-global-color-5)","background-image":"","background-repeat":"repeat","background-position":"center center","background-size":"auto","background-attachment":"scroll","background-type":"","background-media":"","overlay-type":"","overlay-color":"","overlay-opacity":"","overlay-gradient":""},"mobile":{"background-color":"var(--ast-global-color-5)","background-image":"","background-repeat":"repeat","background-position":"center center","background-size":"auto","background-attachment":"scroll","background-type":"","background-media":"","overlay-type":"","overlay-color":"","overlay-opacity":"","overlay-gradient":""}}},"product_brand":[1302],"product_cat":[1303,1391,1316],"product_tag":[],"class_list":{"0":"post-15991","1":"product","2":"type-product","3":"status-publish","4":"has-post-thumbnail","6":"product_brand-vallejo","7":"product_cat-peintures","8":"product_cat-diorama-fx-vallejo","9":"product_cat-effets","10":"desktop-align-left","11":"tablet-align-left","12":"mobile-align-left","13":"ast-product-gallery-layout-first-image-large","14":"ast-magnify-disabled","15":"ast-product-tabs-layout-accordion","17":"first","18":"instock","19":"taxable","20":"shipping-taxable","21":"purchasable","22":"product-type-simple"},"_links":{"self":[{"href":"https:\/\/craftyminis.com\/fr\/wp-json\/wp\/v2\/product\/15991","targetHints":{"allow":["GET"]}}],"collection":[{"href":"https:\/\/craftyminis.com\/fr\/wp-json\/wp\/v2\/product"}],"about":[{"href":"https:\/\/craftyminis.com\/fr\/wp-json\/wp\/v2\/types\/product"}],"replies":[{"embeddable":true,"href":"https:\/\/craftyminis.com\/fr\/wp-json\/wp\/v2\/comments?post=15991"}],"wp:featuredmedia":[{"embeddable":true,"href":"https:\/\/craftyminis.com\/fr\/wp-json\/wp\/v2\/media\/15992"}],"wp:attachment":[{"href":"https:\/\/craftyminis.com\/fr\/wp-json\/wp\/v2\/media?parent=15991"}],"wp:term":[{"taxonomy":"product_brand","embeddable":true,"href":"https:\/\/craftyminis.com\/fr\/wp-json\/wp\/v2\/product_brand?post=15991"},{"taxonomy":"product_cat","embeddable":true,"href":"https:\/\/craftyminis.com\/fr\/wp-json\/wp\/v2\/product_cat?post=15991"},{"taxonomy":"product_tag","embeddable":true,"href":"https:\/\/craftyminis.com\/fr\/wp-json\/wp\/v2\/product_tag?post=15991"}],"curies":[{"name":"wp","href":"https:\/\/api.w.org\/{rel}","templated":true}]}}