{"id":15985,"date":"2025-07-18T07:32:40","date_gmt":"2025-07-18T06:32:40","guid":{"rendered":"https:\/\/craftyminis.com\/non class\u00e9\/vallejo-diorama-fx-brown-earth-26219\/"},"modified":"2025-07-18T07:32:40","modified_gmt":"2025-07-18T06:32:40","slug":"vallejo-diorama-fx-brown-earth-26219","status":"publish","type":"product","link":"https:\/\/craftyminis.com\/fr\/peintures\/vallejo-diorama-fx-brown-earth-26219\/","title":{"rendered":"Vallejo Diorama FX \u2013 Brown Earth (26219)"},"content":{"rendered":"<h4>Vallejo Diorama FX \u2013 Brown Earth (26219) : texture terreuse r\u00e9aliste pour dioramas<\/h4>\n<p>Dans la gamme <strong>Diorama FX<\/strong> de <strong>Vallejo<\/strong>, le produit <strong>Brown Earth<\/strong> (26219) se distingue par une p\u00e2te \u00e9paisse et compacte dans le brun caract\u00e9ristique des sols riches en argile. Cette gamme d\u2019effets vous permet de recr\u00e9er divers types de terrains \u2014 boue, neige, eau ou terre s\u00e8che \u2014 int\u00e9grant l\u2019environnement \u00e0 vos sc\u00e8nes avec un r\u00e9alisme \u00e9lev\u00e9. Tous les produits Diorama FX sont \u00e0 base d\u2019acrylique, <strong>inflammables et sans solvants<\/strong>, et peuvent \u00eatre facilement appliqu\u00e9s au pinceau, \u00e0 la spatule ou \u00e0 l\u2019\u00e9ponge, puis nettoy\u00e9s \u00e0 l\u2019eau.<\/p>\n<p>Gr\u00e2ce \u00e0 sa consistance dense et granuleuse, <strong>Brown Earth Vallejo (26219)<\/strong> est id\u00e9al pour simuler un sol ferme et sec, des chemins ruraux, des sentiers et des socles de miniatures o\u00f9 le terrain doit para\u00eetre compact et naturel. La texture conserve du relief m\u00eame apr\u00e8s s\u00e9chage, ajoutant du volume et un aspect authentique. La p\u00e2te peut \u00eatre utilis\u00e9e directement ou l\u00e9g\u00e8rement dilu\u00e9e pour des variations plus subtiles.<\/p>\n<p>Parfait pour les mod\u00e8les rustiques ainsi que pour les **socles de wargame**, o\u00f9 il est souhaitable de repr\u00e9senter un terrain de campagne, des zones arides ou des sc\u00e8nes post-apocalyptiques. D\u00e9couvrez plus d\u2019effets dans la <a href=\"https:\/\/craftyminis.com\/en\/paintings\/effects\/diorama-fx-vallejo\/\"><strong>cat\u00e9gorie Diorama FX<\/strong><\/a> ou parcourez tous les produits de la <a href=\"https:\/\/craftyminis.com\/en\/brand\/vallejo\/\"><strong>marque Vallejo<\/strong><\/a>.<\/p>\n<p><small>Consultez les d\u00e9tails techniques complets sur le <a href=\"https:\/\/acrylicosvallejo.com\/\" target=\"_blank\" rel=\"noopener\">site officiel Vallejo<\/a>.<\/small><\/p>\n","protected":false},"excerpt":{"rendered":"<p><strong>Simulez un terrain sec et compact dans votre diorama avec Vallejo Brown Earth (26219).<\/strong> P\u00e2te d&rsquo;argile granuleuse, facile \u00e0 appliquer et \u00e0 texture naturelle.<\/p>\n","protected":false},"featured_media":15986,"comment_status":"open","ping_status":"closed","template":"","meta":{"site-sidebar-layout":"default","site-content-layout":"","ast-site-content-layout":"default","site-content-style":"default","site-sidebar-style":"default","ast-global-header-display":"","ast-banner-title-visibility":"","ast-main-header-display":"","ast-hfb-above-header-display":"","ast-hfb-below-header-display":"","ast-hfb-mobile-header-display":"","site-post-title":"","ast-breadcrumbs-content":"","ast-featured-img":"","footer-sml-layout":"","ast-disable-related-posts":"","theme-transparent-header-meta":"default","adv-header-id-meta":"","stick-header-meta":"default","header-above-stick-meta":"","header-main-stick-meta":"","header-below-stick-meta":"","astra-migrate-meta-layouts":"default","ast-page-background-enabled":"default","ast-page-background-meta":{"desktop":{"background-color":"var(--ast-global-color-4)","background-image":"","background-repeat":"repeat","background-position":"center center","background-size":"auto","background-attachment":"scroll","background-type":"","background-media":"","overlay-type":"","overlay-color":"","overlay-opacity":"","overlay-gradient":""},"tablet":{"background-color":"","background-image":"","background-repeat":"repeat","background-position":"center center","background-size":"auto","background-attachment":"scroll","background-type":"","background-media":"","overlay-type":"","overlay-color":"","overlay-opacity":"","overlay-gradient":""},"mobile":{"background-color":"","background-image":"","background-repeat":"repeat","background-position":"center center","background-size":"auto","background-attachment":"scroll","background-type":"","background-media":"","overlay-type":"","overlay-color":"","overlay-opacity":"","overlay-gradient":""}},"ast-content-background-meta":{"desktop":{"background-color":"var(--ast-global-color-5)","background-image":"","background-repeat":"repeat","background-position":"center center","background-size":"auto","background-attachment":"scroll","background-type":"","background-media":"","overlay-type":"","overlay-color":"","overlay-opacity":"","overlay-gradient":""},"tablet":{"background-color":"var(--ast-global-color-5)","background-image":"","background-repeat":"repeat","background-position":"center center","background-size":"auto","background-attachment":"scroll","background-type":"","background-media":"","overlay-type":"","overlay-color":"","overlay-opacity":"","overlay-gradient":""},"mobile":{"background-color":"var(--ast-global-color-5)","background-image":"","background-repeat":"repeat","background-position":"center center","background-size":"auto","background-attachment":"scroll","background-type":"","background-media":"","overlay-type":"","overlay-color":"","overlay-opacity":"","overlay-gradient":""}}},"product_brand":[1302],"product_cat":[1303,1391,1316],"product_tag":[],"class_list":{"0":"post-15985","1":"product","2":"type-product","3":"status-publish","4":"has-post-thumbnail","6":"product_brand-vallejo","7":"product_cat-peintures","8":"product_cat-diorama-fx-vallejo","9":"product_cat-effets","10":"desktop-align-left","11":"tablet-align-left","12":"mobile-align-left","13":"ast-product-gallery-layout-first-image-large","14":"ast-magnify-disabled","15":"ast-product-tabs-layout-accordion","17":"first","18":"instock","19":"taxable","20":"shipping-taxable","21":"purchasable","22":"product-type-simple"},"_links":{"self":[{"href":"https:\/\/craftyminis.com\/fr\/wp-json\/wp\/v2\/product\/15985","targetHints":{"allow":["GET"]}}],"collection":[{"href":"https:\/\/craftyminis.com\/fr\/wp-json\/wp\/v2\/product"}],"about":[{"href":"https:\/\/craftyminis.com\/fr\/wp-json\/wp\/v2\/types\/product"}],"replies":[{"embeddable":true,"href":"https:\/\/craftyminis.com\/fr\/wp-json\/wp\/v2\/comments?post=15985"}],"wp:featuredmedia":[{"embeddable":true,"href":"https:\/\/craftyminis.com\/fr\/wp-json\/wp\/v2\/media\/15986"}],"wp:attachment":[{"href":"https:\/\/craftyminis.com\/fr\/wp-json\/wp\/v2\/media?parent=15985"}],"wp:term":[{"taxonomy":"product_brand","embeddable":true,"href":"https:\/\/craftyminis.com\/fr\/wp-json\/wp\/v2\/product_brand?post=15985"},{"taxonomy":"product_cat","embeddable":true,"href":"https:\/\/craftyminis.com\/fr\/wp-json\/wp\/v2\/product_cat?post=15985"},{"taxonomy":"product_tag","embeddable":true,"href":"https:\/\/craftyminis.com\/fr\/wp-json\/wp\/v2\/product_tag?post=15985"}],"curies":[{"name":"wp","href":"https:\/\/api.w.org\/{rel}","templated":true}]}}