{"id":15982,"date":"2025-07-18T07:37:48","date_gmt":"2025-07-18T06:37:48","guid":{"rendered":"https:\/\/craftyminis.com\/non class\u00e9\/vallejo-diorama-fx-european-mud-dense-26807\/"},"modified":"2025-07-18T07:37:48","modified_gmt":"2025-07-18T06:37:48","slug":"vallejo-diorama-fx-european-mud-dense-26807","status":"publish","type":"product","link":"https:\/\/craftyminis.com\/fr\/peintures\/vallejo-diorama-fx-european-mud-dense-26807\/","title":{"rendered":"Vallejo Diorama FX \u2013 European Mud Dense (26807)"},"content":{"rendered":"<h4>Vallejo Diorama FX \u2013 European Mud Dense (26807) : gel de boue r\u00e9aliste pour dioramas<\/h4>\n<p>Dans la gamme <strong>Diorama FX<\/strong> de <strong>Vallejo<\/strong>, le produit <strong>European Mud Dense<\/strong> (26807) se distingue par la recr\u00e9ation d\u2019une boue brun terre riche avec un r\u00e9alisme exceptionnel, \u00e9voquant les routes rurales humides et les environnements campagnards. La ligne Diorama FX offre tout le n\u00e9cessaire pour simuler divers effets de terrain \u2014 de la poussi\u00e8re et la neige \u00e0 la boue et l\u2019eau \u2014 ajoutant profondeur et authenticit\u00e9 naturelle \u00e0 vos sc\u00e8nes de mod\u00e8les. Tous les produits sont \u00e0 base d\u2019acrylique (inflammables et <strong>sans solvants<\/strong>), ce qui les rend s\u00fbrs \u00e0 utiliser en int\u00e9rieur. Ils s\u2019appliquent facilement avec des pinceaux, spatules ou divers outils, et sont <strong>solubles dans l\u2019eau<\/strong> pour estomper les bords ou obtenir des textures lisses.<\/p>\n<p>Gr\u00e2ce \u00e0 sa polyvalence, Diorama FX est parfait \u00e0 la fois pour le <strong>mod\u00e9lisme \u00e0 l\u2019\u00e9chelle<\/strong> et les socles de miniatures dans les <strong>wargames<\/strong>, o\u00f9 chaque socle peut servir de diorama miniature. Dans notre <a href=\"https:\/\/craftyminis.com\/en\/paintings\/effects\/diorama-fx-vallejo\/\"><strong>cat\u00e9gorie Diorama FX<\/strong><\/a>, vous trouverez tous ces effets sp\u00e9cialis\u00e9s, soutenus par la qualit\u00e9 de la <a href=\"https:\/\/craftyminis.com\/en\/brand\/vallejo\/\"><strong>marque Vallejo<\/strong><\/a>, un leader dans les fournitures de mod\u00e9lisme.<\/p>\n<p>Le <strong>European Mud Dense Vallejo (26807)<\/strong> est une p\u00e2te brun riche charg\u00e9e de particules imitant parfaitement la boue lourde des champs. Sa texture p\u00e2teuse permet de cr\u00e9er des flaques, des traces de pneus, de la terre compact\u00e9e et des couches de boue. Une fois s\u00e8che, elle offre une finition mate et textur\u00e9e avec du volume, mettant en valeur les terrains ruraux, les routes ab\u00eem\u00e9es ou les socles de v\u00e9hicules agricoles. Id\u00e9al pour les sc\u00e8nes en paysages naturels, milieux ruraux, bords de routes ou dioramas d\u2019escarmouches m\u00e9di\u00e9vales.<\/p>\n<p><small>Consultez les d\u00e9tails techniques complets sur le <a href=\"https:\/\/acrylicosvallejo.com\/\" target=\"_blank\" rel=\"noopener\">site officiel Vallejo<\/a>.<\/small><\/p>\n","protected":false},"excerpt":{"rendered":"<p><strong>Recr\u00e9ez une boue de champ r\u00e9aliste avec Vallejo European Mud Dense (26807).<\/strong> P\u00e2te brune textur\u00e9e, soluble dans l&rsquo;eau, s\u00fbre et facile \u00e0 appliquer dans les dioramas.<\/p>\n","protected":false},"featured_media":15983,"comment_status":"open","ping_status":"closed","template":"","meta":{"site-sidebar-layout":"default","site-content-layout":"","ast-site-content-layout":"default","site-content-style":"default","site-sidebar-style":"default","ast-global-header-display":"","ast-banner-title-visibility":"","ast-main-header-display":"","ast-hfb-above-header-display":"","ast-hfb-below-header-display":"","ast-hfb-mobile-header-display":"","site-post-title":"","ast-breadcrumbs-content":"","ast-featured-img":"","footer-sml-layout":"","ast-disable-related-posts":"","theme-transparent-header-meta":"default","adv-header-id-meta":"","stick-header-meta":"default","header-above-stick-meta":"","header-main-stick-meta":"","header-below-stick-meta":"","astra-migrate-meta-layouts":"default","ast-page-background-enabled":"default","ast-page-background-meta":{"desktop":{"background-color":"var(--ast-global-color-4)","background-image":"","background-repeat":"repeat","background-position":"center center","background-size":"auto","background-attachment":"scroll","background-type":"","background-media":"","overlay-type":"","overlay-color":"","overlay-opacity":"","overlay-gradient":""},"tablet":{"background-color":"","background-image":"","background-repeat":"repeat","background-position":"center center","background-size":"auto","background-attachment":"scroll","background-type":"","background-media":"","overlay-type":"","overlay-color":"","overlay-opacity":"","overlay-gradient":""},"mobile":{"background-color":"","background-image":"","background-repeat":"repeat","background-position":"center center","background-size":"auto","background-attachment":"scroll","background-type":"","background-media":"","overlay-type":"","overlay-color":"","overlay-opacity":"","overlay-gradient":""}},"ast-content-background-meta":{"desktop":{"background-color":"var(--ast-global-color-5)","background-image":"","background-repeat":"repeat","background-position":"center center","background-size":"auto","background-attachment":"scroll","background-type":"","background-media":"","overlay-type":"","overlay-color":"","overlay-opacity":"","overlay-gradient":""},"tablet":{"background-color":"var(--ast-global-color-5)","background-image":"","background-repeat":"repeat","background-position":"center center","background-size":"auto","background-attachment":"scroll","background-type":"","background-media":"","overlay-type":"","overlay-color":"","overlay-opacity":"","overlay-gradient":""},"mobile":{"background-color":"var(--ast-global-color-5)","background-image":"","background-repeat":"repeat","background-position":"center center","background-size":"auto","background-attachment":"scroll","background-type":"","background-media":"","overlay-type":"","overlay-color":"","overlay-opacity":"","overlay-gradient":""}}},"product_brand":[1302],"product_cat":[1303,1391,1316],"product_tag":[],"class_list":{"0":"post-15982","1":"product","2":"type-product","3":"status-publish","4":"has-post-thumbnail","6":"product_brand-vallejo","7":"product_cat-peintures","8":"product_cat-diorama-fx-vallejo","9":"product_cat-effets","10":"desktop-align-left","11":"tablet-align-left","12":"mobile-align-left","13":"ast-product-gallery-layout-first-image-large","14":"ast-magnify-disabled","15":"ast-product-tabs-layout-accordion","17":"first","18":"instock","19":"taxable","20":"shipping-taxable","21":"purchasable","22":"product-type-simple"},"_links":{"self":[{"href":"https:\/\/craftyminis.com\/fr\/wp-json\/wp\/v2\/product\/15982","targetHints":{"allow":["GET"]}}],"collection":[{"href":"https:\/\/craftyminis.com\/fr\/wp-json\/wp\/v2\/product"}],"about":[{"href":"https:\/\/craftyminis.com\/fr\/wp-json\/wp\/v2\/types\/product"}],"replies":[{"embeddable":true,"href":"https:\/\/craftyminis.com\/fr\/wp-json\/wp\/v2\/comments?post=15982"}],"wp:featuredmedia":[{"embeddable":true,"href":"https:\/\/craftyminis.com\/fr\/wp-json\/wp\/v2\/media\/15983"}],"wp:attachment":[{"href":"https:\/\/craftyminis.com\/fr\/wp-json\/wp\/v2\/media?parent=15982"}],"wp:term":[{"taxonomy":"product_brand","embeddable":true,"href":"https:\/\/craftyminis.com\/fr\/wp-json\/wp\/v2\/product_brand?post=15982"},{"taxonomy":"product_cat","embeddable":true,"href":"https:\/\/craftyminis.com\/fr\/wp-json\/wp\/v2\/product_cat?post=15982"},{"taxonomy":"product_tag","embeddable":true,"href":"https:\/\/craftyminis.com\/fr\/wp-json\/wp\/v2\/product_tag?post=15982"}],"curies":[{"name":"wp","href":"https:\/\/api.w.org\/{rel}","templated":true}]}}