{"id":15973,"date":"2025-07-18T07:55:57","date_gmt":"2025-07-18T06:55:57","guid":{"rendered":"https:\/\/craftyminis.com\/non class\u00e9\/vallejo-diorama-fx-brown-mud-thick-26811\/"},"modified":"2025-07-18T07:55:57","modified_gmt":"2025-07-18T06:55:57","slug":"vallejo-diorama-fx-brown-mud-thick-26811","status":"publish","type":"product","link":"https:\/\/craftyminis.com\/fr\/peintures\/vallejo-diorama-fx-brown-mud-thick-26811\/","title":{"rendered":"Vallejo Diorama FX \u2013 Brown Mud Thick (26811)"},"content":{"rendered":"<h4>Vallejo Diorama FX \u2013 Brown Mud Thick (26811) : effets r\u00e9alistes pour dioramas<\/h4>\n<p>Dans la gamme <strong>Diorama FX<\/strong> de <strong>Vallejo<\/strong>, le produit <strong>Brown Mud Thick<\/strong> (26811) se distingue par la recr\u00e9ation d\u2019une boue textur\u00e9e riche aux tons bruns avec un r\u00e9alisme \u00e9lev\u00e9 dans les sc\u00e8nes de mod\u00e9lisme. La ligne Diorama FX offre aux maquettistes une s\u00e9lection compl\u00e8te de mat\u00e9riaux pour simuler divers types de terrains \u2014 des chemins poussi\u00e9reux \u00e0 la boue, la neige ou l\u2019eau \u2014 aidant \u00e0 int\u00e9grer les miniatures \u00e0 leur environnement gr\u00e2ce \u00e0 des effets naturels.  <\/p>\n<p>Tous les produits Diorama FX sont \u00e0 base d\u2019acrylique, <strong>inflammables, et sans solvants<\/strong>, ce qui les rend s\u00fbrs et faciles \u00e0 utiliser, m\u00eame en int\u00e9rieur. Ils peuvent \u00eatre appliqu\u00e9s au pinceau, \u00e0 la spatule ou \u00e0 l\u2019\u00e9ponge, et sont <strong>miscibles \u00e0 l\u2019eau<\/strong> pour cr\u00e9er des transitions douces ou des effets de boue plus humide.  <\/p>\n<p>Gr\u00e2ce \u00e0 sa polyvalence, cette gamme est parfaite aussi bien pour le <strong>mod\u00e9lisme<\/strong> traditionnel que pour les socles de jeux de guerre en miniature, souvent trait\u00e9s comme de petits dioramas riches en d\u00e9tails. D\u00e9couvrez plus d\u2019effets sp\u00e9cialis\u00e9s dans la <a href=\"https:\/\/craftyminis.com\/en\/paintings\/effects\/diorama-fx-vallejo\/\"><strong>cat\u00e9gorie Diorama FX<\/strong><\/a> ou jetez un \u0153il \u00e0 la qualit\u00e9 de la <a href=\"https:\/\/craftyminis.com\/en\/brand\/vallejo\/\"><strong>marque Vallejo<\/strong><\/a>, une r\u00e9f\u00e9rence mondiale dans le hobby.  <\/p>\n<p>Le <strong>Brown Mud Thick Vallejo (26811)<\/strong> est une p\u00e2te \u00e9paisse brun fonc\u00e9 qui simule fid\u00e8lement la boue lourde \u2014 id\u00e9ale pour repr\u00e9senter des orni\u00e8res, des routes boueuses ou des zones rurales humides. Il s\u00e8che avec une finition mate et du volume, offrant un aspect naturel et tridimensionnel. Peut \u00eatre appliqu\u00e9 \u00e0 la spatule, au pinceau \u00e0 poils durs, ou m\u00eame \u00e0 un cure-dents pour former des traces et textures. L\u00e9g\u00e8rement dilu\u00e9, il peut produire des effets d\u2019\u00e9claboussures ou de boue humide.  <\/p>\n<p><small>Consultez tous les d\u00e9tails techniques sur le <a href=\"https:\/\/acrylicosvallejo.com\/\" target=\"_blank\" rel=\"noopener\">site officiel Vallejo<\/a>.<\/small><\/p>\n","protected":false},"excerpt":{"rendered":"<p><strong>Recr\u00e9ez une boue riche, brune et textur\u00e9e dans vos dioramas avec Vallejo Brown Mud Thick (26811).<\/strong> P\u00e2te acrylique s\u00fbre avec volume et finition mate.<\/p>\n","protected":false},"featured_media":15975,"comment_status":"open","ping_status":"closed","template":"","meta":{"site-sidebar-layout":"default","site-content-layout":"","ast-site-content-layout":"default","site-content-style":"default","site-sidebar-style":"default","ast-global-header-display":"","ast-banner-title-visibility":"","ast-main-header-display":"","ast-hfb-above-header-display":"","ast-hfb-below-header-display":"","ast-hfb-mobile-header-display":"","site-post-title":"","ast-breadcrumbs-content":"","ast-featured-img":"","footer-sml-layout":"","ast-disable-related-posts":"","theme-transparent-header-meta":"default","adv-header-id-meta":"","stick-header-meta":"default","header-above-stick-meta":"","header-main-stick-meta":"","header-below-stick-meta":"","astra-migrate-meta-layouts":"default","ast-page-background-enabled":"default","ast-page-background-meta":{"desktop":{"background-color":"var(--ast-global-color-4)","background-image":"","background-repeat":"repeat","background-position":"center center","background-size":"auto","background-attachment":"scroll","background-type":"","background-media":"","overlay-type":"","overlay-color":"","overlay-opacity":"","overlay-gradient":""},"tablet":{"background-color":"","background-image":"","background-repeat":"repeat","background-position":"center center","background-size":"auto","background-attachment":"scroll","background-type":"","background-media":"","overlay-type":"","overlay-color":"","overlay-opacity":"","overlay-gradient":""},"mobile":{"background-color":"","background-image":"","background-repeat":"repeat","background-position":"center center","background-size":"auto","background-attachment":"scroll","background-type":"","background-media":"","overlay-type":"","overlay-color":"","overlay-opacity":"","overlay-gradient":""}},"ast-content-background-meta":{"desktop":{"background-color":"var(--ast-global-color-5)","background-image":"","background-repeat":"repeat","background-position":"center center","background-size":"auto","background-attachment":"scroll","background-type":"","background-media":"","overlay-type":"","overlay-color":"","overlay-opacity":"","overlay-gradient":""},"tablet":{"background-color":"var(--ast-global-color-5)","background-image":"","background-repeat":"repeat","background-position":"center center","background-size":"auto","background-attachment":"scroll","background-type":"","background-media":"","overlay-type":"","overlay-color":"","overlay-opacity":"","overlay-gradient":""},"mobile":{"background-color":"var(--ast-global-color-5)","background-image":"","background-repeat":"repeat","background-position":"center center","background-size":"auto","background-attachment":"scroll","background-type":"","background-media":"","overlay-type":"","overlay-color":"","overlay-opacity":"","overlay-gradient":""}}},"product_brand":[1302],"product_cat":[1303,1391,1316],"product_tag":[],"class_list":{"0":"post-15973","1":"product","2":"type-product","3":"status-publish","4":"has-post-thumbnail","6":"product_brand-vallejo","7":"product_cat-peintures","8":"product_cat-diorama-fx-vallejo","9":"product_cat-effets","10":"desktop-align-left","11":"tablet-align-left","12":"mobile-align-left","13":"ast-product-gallery-layout-first-image-large","14":"ast-magnify-disabled","15":"ast-product-tabs-layout-accordion","17":"first","18":"instock","19":"taxable","20":"shipping-taxable","21":"purchasable","22":"product-type-simple"},"_links":{"self":[{"href":"https:\/\/craftyminis.com\/fr\/wp-json\/wp\/v2\/product\/15973","targetHints":{"allow":["GET"]}}],"collection":[{"href":"https:\/\/craftyminis.com\/fr\/wp-json\/wp\/v2\/product"}],"about":[{"href":"https:\/\/craftyminis.com\/fr\/wp-json\/wp\/v2\/types\/product"}],"replies":[{"embeddable":true,"href":"https:\/\/craftyminis.com\/fr\/wp-json\/wp\/v2\/comments?post=15973"}],"wp:featuredmedia":[{"embeddable":true,"href":"https:\/\/craftyminis.com\/fr\/wp-json\/wp\/v2\/media\/15975"}],"wp:attachment":[{"href":"https:\/\/craftyminis.com\/fr\/wp-json\/wp\/v2\/media?parent=15973"}],"wp:term":[{"taxonomy":"product_brand","embeddable":true,"href":"https:\/\/craftyminis.com\/fr\/wp-json\/wp\/v2\/product_brand?post=15973"},{"taxonomy":"product_cat","embeddable":true,"href":"https:\/\/craftyminis.com\/fr\/wp-json\/wp\/v2\/product_cat?post=15973"},{"taxonomy":"product_tag","embeddable":true,"href":"https:\/\/craftyminis.com\/fr\/wp-json\/wp\/v2\/product_tag?post=15973"}],"curies":[{"name":"wp","href":"https:\/\/api.w.org\/{rel}","templated":true}]}}