{"id":15970,"date":"2025-07-18T08:01:28","date_gmt":"2025-07-18T07:01:28","guid":{"rendered":"https:\/\/craftyminis.com\/non class\u00e9\/vallejo-diorama-fx-black-thick-mud-26812\/"},"modified":"2025-07-18T08:01:28","modified_gmt":"2025-07-18T07:01:28","slug":"vallejo-diorama-fx-black-thick-mud-26812","status":"publish","type":"product","link":"https:\/\/craftyminis.com\/fr\/peintures\/vallejo-diorama-fx-black-thick-mud-26812\/","title":{"rendered":"Vallejo Diorama FX \u2013 Black Thick Mud (26812)"},"content":{"rendered":"<h4>Vallejo Diorama FX \u2013 Black Thick Mud (26812) : texture r\u00e9aliste de boue pour dioramas<\/h4>\n<p>Dans la gamme <strong>Diorama FX<\/strong> de <strong>Vallejo<\/strong>, le produit <strong>Black Thick Mud<\/strong> (26812) offre une texture de boue ultra-sombre qui imite de mani\u00e8re r\u00e9aliste les sols riches en v\u00e9g\u00e9tation que l&rsquo;on trouve dans les environnements forestiers humides d&rsquo;Europe du Nord. La ligne Diorama FX propose tout le n\u00e9cessaire pour recr\u00e9er des terrains vari\u00e9s \u2014 des routes poussi\u00e9reuses \u00e0 la neige, la boue et l&rsquo;eau \u2014 immergeant votre mod\u00e8le dans un d\u00e9cor cr\u00e9dible. Tous les produits sont \u00e0 base d&rsquo;acrylique, <strong>inflammables et sans solvants<\/strong>, et faciles \u00e0 appliquer avec des pinceaux, spatules ou autres outils.<\/p>\n<p>Gr\u00e2ce \u00e0 sa polyvalence, Diorama FX est id\u00e9al pour mod\u00e9liser des dioramas et des socles de miniatures dans les <strong>wargames<\/strong>. D\u00e9couvrez plus d&rsquo;effets dans la <a href=\"https:\/\/craftyminis.com\/en\/paintings\/effects\/diorama-fx-vallejo\/\"><strong>cat\u00e9gorie Diorama FX<\/strong><\/a> ou explorez d&rsquo;autres produits de la <a href=\"https:\/\/craftyminis.com\/en\/brand\/vallejo\/\"><strong>marque Vallejo<\/strong><\/a>.<\/p>\n<p>Le <strong>Black Thick Mud Vallejo (26812)<\/strong> est une p\u00e2te \u00e9paisse et noire parfaite pour simuler des sols profond\u00e9ment humides et charg\u00e9s en v\u00e9g\u00e9tation. Il offre une finition mate avec un volume dense et une texture authentique, traduisant une humidit\u00e9 persistante et un terrain fertile. Il s\u00e8che en conservant le relief, ce qui le rend id\u00e9al pour les sols forestiers, les flaques ombrag\u00e9es ou les socles de mod\u00e8les dans des environnements de jungle ou de marais.<\/p>\n<p><small>Consultez les d\u00e9tails techniques complets sur le <a href=\"https:\/\/acrylicosvallejo.com\/\" target=\"_blank\" rel=\"noopener\">site officiel Vallejo<\/a>.<\/small><\/p>\n","protected":false},"excerpt":{"rendered":"<p><strong>Reproduisez un terrain humide de sous-bois avec Vallejo Black Thick Mud (26812).<\/strong> P\u00e2te acrylique noire dense, id\u00e9ale pour les dioramas de jungle et de marais.<\/p>\n","protected":false},"featured_media":15971,"comment_status":"open","ping_status":"closed","template":"","meta":{"site-sidebar-layout":"default","site-content-layout":"","ast-site-content-layout":"default","site-content-style":"default","site-sidebar-style":"default","ast-global-header-display":"","ast-banner-title-visibility":"","ast-main-header-display":"","ast-hfb-above-header-display":"","ast-hfb-below-header-display":"","ast-hfb-mobile-header-display":"","site-post-title":"","ast-breadcrumbs-content":"","ast-featured-img":"","footer-sml-layout":"","ast-disable-related-posts":"","theme-transparent-header-meta":"default","adv-header-id-meta":"","stick-header-meta":"default","header-above-stick-meta":"","header-main-stick-meta":"","header-below-stick-meta":"","astra-migrate-meta-layouts":"default","ast-page-background-enabled":"default","ast-page-background-meta":{"desktop":{"background-color":"var(--ast-global-color-4)","background-image":"","background-repeat":"repeat","background-position":"center center","background-size":"auto","background-attachment":"scroll","background-type":"","background-media":"","overlay-type":"","overlay-color":"","overlay-opacity":"","overlay-gradient":""},"tablet":{"background-color":"","background-image":"","background-repeat":"repeat","background-position":"center center","background-size":"auto","background-attachment":"scroll","background-type":"","background-media":"","overlay-type":"","overlay-color":"","overlay-opacity":"","overlay-gradient":""},"mobile":{"background-color":"","background-image":"","background-repeat":"repeat","background-position":"center center","background-size":"auto","background-attachment":"scroll","background-type":"","background-media":"","overlay-type":"","overlay-color":"","overlay-opacity":"","overlay-gradient":""}},"ast-content-background-meta":{"desktop":{"background-color":"var(--ast-global-color-5)","background-image":"","background-repeat":"repeat","background-position":"center center","background-size":"auto","background-attachment":"scroll","background-type":"","background-media":"","overlay-type":"","overlay-color":"","overlay-opacity":"","overlay-gradient":""},"tablet":{"background-color":"var(--ast-global-color-5)","background-image":"","background-repeat":"repeat","background-position":"center center","background-size":"auto","background-attachment":"scroll","background-type":"","background-media":"","overlay-type":"","overlay-color":"","overlay-opacity":"","overlay-gradient":""},"mobile":{"background-color":"var(--ast-global-color-5)","background-image":"","background-repeat":"repeat","background-position":"center center","background-size":"auto","background-attachment":"scroll","background-type":"","background-media":"","overlay-type":"","overlay-color":"","overlay-opacity":"","overlay-gradient":""}}},"product_brand":[1302],"product_cat":[1303,1391,1316],"product_tag":[],"class_list":{"0":"post-15970","1":"product","2":"type-product","3":"status-publish","4":"has-post-thumbnail","6":"product_brand-vallejo","7":"product_cat-peintures","8":"product_cat-diorama-fx-vallejo","9":"product_cat-effets","10":"desktop-align-left","11":"tablet-align-left","12":"mobile-align-left","13":"ast-product-gallery-layout-first-image-large","14":"ast-magnify-disabled","15":"ast-product-tabs-layout-accordion","17":"first","18":"instock","19":"taxable","20":"shipping-taxable","21":"purchasable","22":"product-type-simple"},"_links":{"self":[{"href":"https:\/\/craftyminis.com\/fr\/wp-json\/wp\/v2\/product\/15970","targetHints":{"allow":["GET"]}}],"collection":[{"href":"https:\/\/craftyminis.com\/fr\/wp-json\/wp\/v2\/product"}],"about":[{"href":"https:\/\/craftyminis.com\/fr\/wp-json\/wp\/v2\/types\/product"}],"replies":[{"embeddable":true,"href":"https:\/\/craftyminis.com\/fr\/wp-json\/wp\/v2\/comments?post=15970"}],"wp:featuredmedia":[{"embeddable":true,"href":"https:\/\/craftyminis.com\/fr\/wp-json\/wp\/v2\/media\/15971"}],"wp:attachment":[{"href":"https:\/\/craftyminis.com\/fr\/wp-json\/wp\/v2\/media?parent=15970"}],"wp:term":[{"taxonomy":"product_brand","embeddable":true,"href":"https:\/\/craftyminis.com\/fr\/wp-json\/wp\/v2\/product_brand?post=15970"},{"taxonomy":"product_cat","embeddable":true,"href":"https:\/\/craftyminis.com\/fr\/wp-json\/wp\/v2\/product_cat?post=15970"},{"taxonomy":"product_tag","embeddable":true,"href":"https:\/\/craftyminis.com\/fr\/wp-json\/wp\/v2\/product_tag?post=15970"}],"curies":[{"name":"wp","href":"https:\/\/api.w.org\/{rel}","templated":true}]}}