{"id":15944,"date":"2024-04-18T12:30:52","date_gmt":"2024-04-18T11:30:52","guid":{"rendered":"https:\/\/craftyminis.com\/non class\u00e9\/vallejo-black-splash-mud-effect-73806-weathering-fx\/"},"modified":"2024-04-18T12:30:52","modified_gmt":"2024-04-18T11:30:52","slug":"vallejo-black-splash-mud-effect-73806-weathering-fx","status":"publish","type":"product","link":"https:\/\/craftyminis.com\/fr\/peintures\/vallejo-black-splash-mud-effect-73806-weathering-fx\/","title":{"rendered":"Black Splash Mud 73806 Weathering FX Vallejo"},"content":{"rendered":"<p>Explorez les effets r\u00e9alistes de Vallejo <strong>Black Splash Mud<\/strong>. Weathering FX pr\u00e9sente sa gamme \u00e0 base d&rsquo;eau d&rsquo;effets environnementaux, parfaite pour les maquettistes cherchant \u00e0 reproduire authentiquement les conditions naturelles dans les mod\u00e8les et dioramas.<\/p>\n<p>Ce produit a \u00e9t\u00e9 soigneusement formul\u00e9 pour cr\u00e9er des effets visuels saisissants tels que des taches d&rsquo;humidit\u00e9, de la mousse sur le bois et de la boue sur les rochers, vous permettant de raconter des histoires visuelles captivantes sur la vie op\u00e9rationnelle de chaque \u00e9l\u00e9ment mod\u00e9lis\u00e9. Appliquez-le directement sur n&rsquo;importe quelle surface pour des r\u00e9sultats rapides et efficaces. Son temps de s\u00e9chage rapide garantit flexibilit\u00e9 et continuit\u00e9 dans le travail.<\/p>\n<p><strong>Informations de s\u00e9curit\u00e9 et emballage :<\/strong><br \/>\nWeathering FX est non inflammable et sans solvant. Il est pr\u00e9sent\u00e9 en flacons de 40 ml con\u00e7us pour une application facile avec un minimum de gaspillage. Le nettoyage des outils est simple avec de l&rsquo;eau, assurant une exp\u00e9rience de mod\u00e9lisme s\u00fbre et efficace.<\/p>\n<p><strong>Recommandations d&rsquo;utilisation :<\/strong><br \/>\n<strong>Black Splash Mud<\/strong> pr\u00e9sente une teinte tr\u00e8s sombre, typique des terrains riches en substrat organique, similaire \u00e0 la tourbe. Cette nuance se trouve couramment dans les zones foresti\u00e8res et humides de l&rsquo;Europe du Nord. Appliquez-le sur des surfaces non alcalines pour reproduire de mani\u00e8re r\u00e9aliste l&rsquo;apparence la plus typique de ces terrains.<\/p>\n<p>Ajoutez Vallejo <strong>Black Splash Mud<\/strong> \u00e0 votre kit de peinture et recr\u00e9ez les effets de l&rsquo;exposition aux \u00e9l\u00e9ments et \u00e0 la nature.<\/p>\n","protected":false},"excerpt":{"rendered":"<p>D\u00e9couvrez la <strong>Black Splash Mud<\/strong> de Vallejo, pr\u00e9sentant une teinte tr\u00e8s sombre typique des terrains riches en substrat organique, similaire \u00e0 la tourbe. Cette nuance se trouve couramment dans les zones foresti\u00e8res et humides du Nord de l&rsquo;Europe. Appliquez-la sur des surfaces non alcalines pour reproduire de mani\u00e8re r\u00e9aliste l&rsquo;apparence la plus courante de ces terrains.<\/p>\n","protected":false},"featured_media":15947,"comment_status":"open","ping_status":"closed","template":"","meta":{"site-sidebar-layout":"default","site-content-layout":"","ast-site-content-layout":"default","site-content-style":"default","site-sidebar-style":"default","ast-global-header-display":"","ast-banner-title-visibility":"","ast-main-header-display":"","ast-hfb-above-header-display":"","ast-hfb-below-header-display":"","ast-hfb-mobile-header-display":"","site-post-title":"","ast-breadcrumbs-content":"","ast-featured-img":"","footer-sml-layout":"","ast-disable-related-posts":"","theme-transparent-header-meta":"default","adv-header-id-meta":"","stick-header-meta":"default","header-above-stick-meta":"","header-main-stick-meta":"","header-below-stick-meta":"","astra-migrate-meta-layouts":"default","ast-page-background-enabled":"default","ast-page-background-meta":{"desktop":{"background-color":"var(--ast-global-color-4)","background-image":"","background-repeat":"repeat","background-position":"center center","background-size":"auto","background-attachment":"scroll","background-type":"","background-media":"","overlay-type":"","overlay-color":"","overlay-opacity":"","overlay-gradient":""},"tablet":{"background-color":"","background-image":"","background-repeat":"repeat","background-position":"center center","background-size":"auto","background-attachment":"scroll","background-type":"","background-media":"","overlay-type":"","overlay-color":"","overlay-opacity":"","overlay-gradient":""},"mobile":{"background-color":"","background-image":"","background-repeat":"repeat","background-position":"center center","background-size":"auto","background-attachment":"scroll","background-type":"","background-media":"","overlay-type":"","overlay-color":"","overlay-opacity":"","overlay-gradient":""}},"ast-content-background-meta":{"desktop":{"background-color":"var(--ast-global-color-5)","background-image":"","background-repeat":"repeat","background-position":"center center","background-size":"auto","background-attachment":"scroll","background-type":"","background-media":"","overlay-type":"","overlay-color":"","overlay-opacity":"","overlay-gradient":""},"tablet":{"background-color":"var(--ast-global-color-5)","background-image":"","background-repeat":"repeat","background-position":"center center","background-size":"auto","background-attachment":"scroll","background-type":"","background-media":"","overlay-type":"","overlay-color":"","overlay-opacity":"","overlay-gradient":""},"mobile":{"background-color":"var(--ast-global-color-5)","background-image":"","background-repeat":"repeat","background-position":"center center","background-size":"auto","background-attachment":"scroll","background-type":"","background-media":"","overlay-type":"","overlay-color":"","overlay-opacity":"","overlay-gradient":""}}},"product_brand":[1302],"product_cat":[1303,1316,1393],"product_tag":[],"class_list":{"0":"post-15944","1":"product","2":"type-product","3":"status-publish","4":"has-post-thumbnail","6":"product_brand-vallejo","7":"product_cat-peintures","8":"product_cat-effets","9":"product_cat-weathering-fx-vallejo","10":"desktop-align-left","11":"tablet-align-left","12":"mobile-align-left","13":"ast-product-gallery-layout-first-image-large","14":"ast-magnify-disabled","15":"ast-product-tabs-layout-accordion","17":"first","18":"instock","19":"taxable","20":"shipping-taxable","21":"purchasable","22":"product-type-simple"},"_links":{"self":[{"href":"https:\/\/craftyminis.com\/fr\/wp-json\/wp\/v2\/product\/15944","targetHints":{"allow":["GET"]}}],"collection":[{"href":"https:\/\/craftyminis.com\/fr\/wp-json\/wp\/v2\/product"}],"about":[{"href":"https:\/\/craftyminis.com\/fr\/wp-json\/wp\/v2\/types\/product"}],"replies":[{"embeddable":true,"href":"https:\/\/craftyminis.com\/fr\/wp-json\/wp\/v2\/comments?post=15944"}],"wp:featuredmedia":[{"embeddable":true,"href":"https:\/\/craftyminis.com\/fr\/wp-json\/wp\/v2\/media\/15947"}],"wp:attachment":[{"href":"https:\/\/craftyminis.com\/fr\/wp-json\/wp\/v2\/media?parent=15944"}],"wp:term":[{"taxonomy":"product_brand","embeddable":true,"href":"https:\/\/craftyminis.com\/fr\/wp-json\/wp\/v2\/product_brand?post=15944"},{"taxonomy":"product_cat","embeddable":true,"href":"https:\/\/craftyminis.com\/fr\/wp-json\/wp\/v2\/product_cat?post=15944"},{"taxonomy":"product_tag","embeddable":true,"href":"https:\/\/craftyminis.com\/fr\/wp-json\/wp\/v2\/product_tag?post=15944"}],"curies":[{"name":"wp","href":"https:\/\/api.w.org\/{rel}","templated":true}]}}