{"id":15884,"date":"2024-04-18T17:14:46","date_gmt":"2024-04-18T16:14:46","guid":{"rendered":"https:\/\/craftyminis.com\/non class\u00e9\/slimy-grime-dark-effect-73822-weathering-fx-vallejo\/"},"modified":"2024-04-18T17:14:46","modified_gmt":"2024-04-18T16:14:46","slug":"slimy-grime-dark-effect-73822-weathering-fx-vallejo","status":"publish","type":"product","link":"https:\/\/craftyminis.com\/fr\/peintures\/slimy-grime-dark-effect-73822-weathering-fx-vallejo\/","title":{"rendered":"Slimy Grime Dark 73822 Weathering FX Vallejo"},"content":{"rendered":"<p>Explorez les effets r\u00e9alistes de <strong>Effet Sombre de Salet\u00e9 Visqueuse<\/strong> de Vallejo. Weathering FX pr\u00e9sente sa gamme \u00e0 base d&rsquo;eau d&rsquo;effets environnementaux, parfaite pour les maquettistes cherchant \u00e0 reproduire authentiquement les conditions naturelles dans les mod\u00e8les et dioramas.<\/p>\n<p>Ce produit a \u00e9t\u00e9 soigneusement formul\u00e9 pour cr\u00e9er des effets visuels saisissants comme des taches d&rsquo;humidit\u00e9, de la mousse sur le bois, et de la boue sur les rochers. Il vous permet de raconter des histoires visuelles captivantes sur la vie op\u00e9rationnelle de chaque \u00e9l\u00e9ment mod\u00e9lis\u00e9. Appliquez-le directement sur n&rsquo;importe quelle surface pour des r\u00e9sultats rapides et efficaces. Son temps de s\u00e9chage rapide assure flexibilit\u00e9 et continuit\u00e9 dans le travail.<\/p>\n<p><strong>Informations de s\u00e9curit\u00e9 et emballage :<\/strong><br \/>\nWeathering FX est non inflammable et sans solvant. Il est conditionn\u00e9 en flacons de 40 ml con\u00e7us pour une application facile avec un minimum de gaspillage. Le nettoyage des outils est simple avec de l&rsquo;eau, garantissant une exp\u00e9rience de mod\u00e9lisme s\u00fbre et efficace.<\/p>\n<p><strong>Recommandations d&rsquo;utilisation :<\/strong><br \/>\nL&rsquo;humidit\u00e9 cr\u00e9e de la moisissure et des algues sur le bois, l&rsquo;\u00e9corce des arbres, les rochers, les murs, les quais et les poteaux immerg\u00e9s, avec des variations tonales. <strong>L&rsquo;effet Slimy Grime Dark <\/strong>reproduit la teinte la plus sombre, un ton vert-noir\u00e2tre. Ce produit est id\u00e9al pour mod\u00e9liser les effets d&rsquo;humidit\u00e9 et de vieillissement, ajoutant une apparence authentique et d\u00e9taill\u00e9e \u00e0 tout diorama ou mod\u00e8le, surtout dans des environnements naturels ou aquatiques.<\/p>\n<p>Ajoutez <strong>Slimy Grime Dark<\/strong> de Vallejo \u00e0 votre kit de peinture et recr\u00e9ez les effets de l&rsquo;exposition aux \u00e9l\u00e9ments et \u00e0 la nature.<\/p>\n","protected":false},"excerpt":{"rendered":"<p>D\u00e9couvrez <strong>Slimy Grime Dark<\/strong> de Vallejo, un produit id\u00e9al pour mod\u00e9liser les effets d&rsquo;humidit\u00e9 et de vieillissement, offrant un aspect authentique et d\u00e9taill\u00e9 \u00e0 tout diorama ou mod\u00e8le, en particulier dans les environnements naturels et aquatiques.<\/p>\n","protected":false},"featured_media":15887,"comment_status":"open","ping_status":"closed","template":"","meta":{"site-sidebar-layout":"default","site-content-layout":"","ast-site-content-layout":"default","site-content-style":"default","site-sidebar-style":"default","ast-global-header-display":"","ast-banner-title-visibility":"","ast-main-header-display":"","ast-hfb-above-header-display":"","ast-hfb-below-header-display":"","ast-hfb-mobile-header-display":"","site-post-title":"","ast-breadcrumbs-content":"","ast-featured-img":"","footer-sml-layout":"","ast-disable-related-posts":"","theme-transparent-header-meta":"default","adv-header-id-meta":"","stick-header-meta":"default","header-above-stick-meta":"","header-main-stick-meta":"","header-below-stick-meta":"","astra-migrate-meta-layouts":"default","ast-page-background-enabled":"default","ast-page-background-meta":{"desktop":{"background-color":"var(--ast-global-color-4)","background-image":"","background-repeat":"repeat","background-position":"center center","background-size":"auto","background-attachment":"scroll","background-type":"","background-media":"","overlay-type":"","overlay-color":"","overlay-opacity":"","overlay-gradient":""},"tablet":{"background-color":"","background-image":"","background-repeat":"repeat","background-position":"center center","background-size":"auto","background-attachment":"scroll","background-type":"","background-media":"","overlay-type":"","overlay-color":"","overlay-opacity":"","overlay-gradient":""},"mobile":{"background-color":"","background-image":"","background-repeat":"repeat","background-position":"center center","background-size":"auto","background-attachment":"scroll","background-type":"","background-media":"","overlay-type":"","overlay-color":"","overlay-opacity":"","overlay-gradient":""}},"ast-content-background-meta":{"desktop":{"background-color":"var(--ast-global-color-5)","background-image":"","background-repeat":"repeat","background-position":"center center","background-size":"auto","background-attachment":"scroll","background-type":"","background-media":"","overlay-type":"","overlay-color":"","overlay-opacity":"","overlay-gradient":""},"tablet":{"background-color":"var(--ast-global-color-5)","background-image":"","background-repeat":"repeat","background-position":"center center","background-size":"auto","background-attachment":"scroll","background-type":"","background-media":"","overlay-type":"","overlay-color":"","overlay-opacity":"","overlay-gradient":""},"mobile":{"background-color":"var(--ast-global-color-5)","background-image":"","background-repeat":"repeat","background-position":"center center","background-size":"auto","background-attachment":"scroll","background-type":"","background-media":"","overlay-type":"","overlay-color":"","overlay-opacity":"","overlay-gradient":""}}},"product_brand":[1302],"product_cat":[1303,1316,1393],"product_tag":[],"class_list":{"0":"post-15884","1":"product","2":"type-product","3":"status-publish","4":"has-post-thumbnail","6":"product_brand-vallejo","7":"product_cat-peintures","8":"product_cat-effets","9":"product_cat-weathering-fx-vallejo","10":"desktop-align-left","11":"tablet-align-left","12":"mobile-align-left","13":"ast-product-gallery-layout-first-image-large","14":"ast-magnify-disabled","15":"ast-product-tabs-layout-accordion","17":"first","18":"instock","19":"taxable","20":"shipping-taxable","21":"purchasable","22":"product-type-simple"},"_links":{"self":[{"href":"https:\/\/craftyminis.com\/fr\/wp-json\/wp\/v2\/product\/15884","targetHints":{"allow":["GET"]}}],"collection":[{"href":"https:\/\/craftyminis.com\/fr\/wp-json\/wp\/v2\/product"}],"about":[{"href":"https:\/\/craftyminis.com\/fr\/wp-json\/wp\/v2\/types\/product"}],"replies":[{"embeddable":true,"href":"https:\/\/craftyminis.com\/fr\/wp-json\/wp\/v2\/comments?post=15884"}],"wp:featuredmedia":[{"embeddable":true,"href":"https:\/\/craftyminis.com\/fr\/wp-json\/wp\/v2\/media\/15887"}],"wp:attachment":[{"href":"https:\/\/craftyminis.com\/fr\/wp-json\/wp\/v2\/media?parent=15884"}],"wp:term":[{"taxonomy":"product_brand","embeddable":true,"href":"https:\/\/craftyminis.com\/fr\/wp-json\/wp\/v2\/product_brand?post=15884"},{"taxonomy":"product_cat","embeddable":true,"href":"https:\/\/craftyminis.com\/fr\/wp-json\/wp\/v2\/product_cat?post=15884"},{"taxonomy":"product_tag","embeddable":true,"href":"https:\/\/craftyminis.com\/fr\/wp-json\/wp\/v2\/product_tag?post=15884"}],"curies":[{"name":"wp","href":"https:\/\/api.w.org\/{rel}","templated":true}]}}