{"id":15872,"date":"2024-04-18T17:33:16","date_gmt":"2024-04-18T16:33:16","guid":{"rendered":"https:\/\/craftyminis.com\/non class\u00e9\/crushed-grass-effect-73825-weathering-fx-vallejo\/"},"modified":"2024-04-18T17:33:16","modified_gmt":"2024-04-18T16:33:16","slug":"crushed-grass-effect-73825-weathering-fx-vallejo","status":"publish","type":"product","link":"https:\/\/craftyminis.com\/fr\/peintures\/crushed-grass-effect-73825-weathering-fx-vallejo\/","title":{"rendered":"Crushed Grass 73825 Weathering FX Vallejo"},"content":{"rendered":"<p>Explorez les effets r\u00e9alistes de l&rsquo;effet <strong>Crushed Grass<\/strong> de Vallejo. <strong>Weathering FX<\/strong> pr\u00e9sente sa gamme \u00e0 base d&rsquo;eau d&rsquo;effets environnementaux, parfaite pour les maquettistes cherchant \u00e0 reproduire authentiquement les conditions naturelles dans les mod\u00e8les et dioramas.<\/p>\n<p>Ce produit a \u00e9t\u00e9 m\u00e9ticuleusement formul\u00e9 pour cr\u00e9er des effets visuels saisissants tels que des taches d&rsquo;humidit\u00e9, de la mousse sur le bois et de la boue sur les rochers. Il vous permet de cr\u00e9er des r\u00e9cits visuels convaincants sur la vie op\u00e9rationnelle de chaque \u00e9l\u00e9ment mod\u00e9lis\u00e9. Appliquez-le directement sur n&rsquo;importe quelle surface pour des r\u00e9sultats rapides et efficaces. Son temps de s\u00e9chage rapide assure flexibilit\u00e9 et un flux de travail ininterrompu.<\/p>\n<p><strong>Informations de s\u00e9curit\u00e9 et emballage :<\/strong><br \/>\nWeathering FX est non inflammable et sans solvant. Il est pr\u00e9sent\u00e9 en flacons de 40 ml con\u00e7us pour une application facile avec un minimum de gaspillage. Le nettoyage des outils est simple avec de l&rsquo;eau, garantissant une exp\u00e9rience de mod\u00e9lisme s\u00fbre et efficace.<\/p>\n<p><strong>Recommandations d&rsquo;utilisation :<\/strong><br \/>\nL&rsquo;effet Dirt Streaks simule la poussi\u00e8re en suspension ou transport\u00e9e par le vent, se d\u00e9posant sous forme d&rsquo;une patine aux tons neutres. Cette poussi\u00e8re s&rsquo;accumule autour des creux sur les surfaces verticales, tant sur les v\u00e9hicules que sur les b\u00e2timents. Il est id\u00e9al pour ajouter un r\u00e9alisme d\u00e9taill\u00e9 \u00e0 vos mod\u00e8les, capturant l&rsquo;apparence des surfaces affect\u00e9es par les environnements ext\u00e9rieurs.<\/p>\n<p>Ajoutez Effet d&rsquo;herbe \u00e9cras\u00e9e de Vallejo \u00e0 votre kit de peinture et recr\u00e9ez les effets de l&rsquo;exposition aux \u00e9l\u00e9ments et \u00e0 la nature.<\/p>\n","protected":false},"excerpt":{"rendered":"<p>D\u00e9couvrez le Effet d&rsquo;herbe \u00e9cras\u00e9e de Vallejo, parfait pour ajouter un r\u00e9alisme d\u00e9taill\u00e9 \u00e0 vos mod\u00e8les et capturer l&rsquo;aspect des <strong>surfaces impact\u00e9es par les environnements ext\u00e9rieurs<\/strong>.<\/p>\n","protected":false},"featured_media":15875,"comment_status":"open","ping_status":"closed","template":"","meta":{"site-sidebar-layout":"default","site-content-layout":"","ast-site-content-layout":"default","site-content-style":"default","site-sidebar-style":"default","ast-global-header-display":"","ast-banner-title-visibility":"","ast-main-header-display":"","ast-hfb-above-header-display":"","ast-hfb-below-header-display":"","ast-hfb-mobile-header-display":"","site-post-title":"","ast-breadcrumbs-content":"","ast-featured-img":"","footer-sml-layout":"","ast-disable-related-posts":"","theme-transparent-header-meta":"default","adv-header-id-meta":"","stick-header-meta":"default","header-above-stick-meta":"","header-main-stick-meta":"","header-below-stick-meta":"","astra-migrate-meta-layouts":"default","ast-page-background-enabled":"default","ast-page-background-meta":{"desktop":{"background-color":"var(--ast-global-color-4)","background-image":"","background-repeat":"repeat","background-position":"center center","background-size":"auto","background-attachment":"scroll","background-type":"","background-media":"","overlay-type":"","overlay-color":"","overlay-opacity":"","overlay-gradient":""},"tablet":{"background-color":"","background-image":"","background-repeat":"repeat","background-position":"center center","background-size":"auto","background-attachment":"scroll","background-type":"","background-media":"","overlay-type":"","overlay-color":"","overlay-opacity":"","overlay-gradient":""},"mobile":{"background-color":"","background-image":"","background-repeat":"repeat","background-position":"center center","background-size":"auto","background-attachment":"scroll","background-type":"","background-media":"","overlay-type":"","overlay-color":"","overlay-opacity":"","overlay-gradient":""}},"ast-content-background-meta":{"desktop":{"background-color":"var(--ast-global-color-5)","background-image":"","background-repeat":"repeat","background-position":"center center","background-size":"auto","background-attachment":"scroll","background-type":"","background-media":"","overlay-type":"","overlay-color":"","overlay-opacity":"","overlay-gradient":""},"tablet":{"background-color":"var(--ast-global-color-5)","background-image":"","background-repeat":"repeat","background-position":"center center","background-size":"auto","background-attachment":"scroll","background-type":"","background-media":"","overlay-type":"","overlay-color":"","overlay-opacity":"","overlay-gradient":""},"mobile":{"background-color":"var(--ast-global-color-5)","background-image":"","background-repeat":"repeat","background-position":"center center","background-size":"auto","background-attachment":"scroll","background-type":"","background-media":"","overlay-type":"","overlay-color":"","overlay-opacity":"","overlay-gradient":""}}},"product_brand":[1302],"product_cat":[1303,1316,1393],"product_tag":[],"class_list":{"0":"post-15872","1":"product","2":"type-product","3":"status-publish","4":"has-post-thumbnail","6":"product_brand-vallejo","7":"product_cat-peintures","8":"product_cat-effets","9":"product_cat-weathering-fx-vallejo","10":"desktop-align-left","11":"tablet-align-left","12":"mobile-align-left","13":"ast-product-gallery-layout-first-image-large","14":"ast-magnify-disabled","15":"ast-product-tabs-layout-accordion","17":"first","18":"instock","19":"taxable","20":"shipping-taxable","21":"purchasable","22":"product-type-simple"},"_links":{"self":[{"href":"https:\/\/craftyminis.com\/fr\/wp-json\/wp\/v2\/product\/15872","targetHints":{"allow":["GET"]}}],"collection":[{"href":"https:\/\/craftyminis.com\/fr\/wp-json\/wp\/v2\/product"}],"about":[{"href":"https:\/\/craftyminis.com\/fr\/wp-json\/wp\/v2\/types\/product"}],"replies":[{"embeddable":true,"href":"https:\/\/craftyminis.com\/fr\/wp-json\/wp\/v2\/comments?post=15872"}],"wp:featuredmedia":[{"embeddable":true,"href":"https:\/\/craftyminis.com\/fr\/wp-json\/wp\/v2\/media\/15875"}],"wp:attachment":[{"href":"https:\/\/craftyminis.com\/fr\/wp-json\/wp\/v2\/media?parent=15872"}],"wp:term":[{"taxonomy":"product_brand","embeddable":true,"href":"https:\/\/craftyminis.com\/fr\/wp-json\/wp\/v2\/product_brand?post=15872"},{"taxonomy":"product_cat","embeddable":true,"href":"https:\/\/craftyminis.com\/fr\/wp-json\/wp\/v2\/product_cat?post=15872"},{"taxonomy":"product_tag","embeddable":true,"href":"https:\/\/craftyminis.com\/fr\/wp-json\/wp\/v2\/product_tag?post=15872"}],"curies":[{"name":"wp","href":"https:\/\/api.w.org\/{rel}","templated":true}]}}