{"id":15857,"date":"2024-08-25T09:00:25","date_gmt":"2024-08-25T08:00:25","guid":{"rendered":"https:\/\/craftyminis.com\/non class\u00e9\/vallejos-dense-light-brown-mud-effect\/"},"modified":"2024-08-25T09:00:25","modified_gmt":"2024-08-25T08:00:25","slug":"vallejos-dense-light-brown-mud-effect","status":"publish","type":"product","link":"https:\/\/craftyminis.com\/fr\/peintures\/vallejos-dense-light-brown-mud-effect\/","title":{"rendered":"Light Brown Mud 73810 Weathering FX Vallejo"},"content":{"rendered":"<p>D\u00e9couvrez les effets r\u00e9alistes r\u00e9alisables avec l&rsquo;effet <em>Dense Light Brown Mud<\/em> de Vallejo. Weathering FX pr\u00e9sente sa gamme d&rsquo;effets environnementaux \u00e0 base d&rsquo;eau, id\u00e9ale pour les maquettistes souhaitant reproduire l&rsquo;authenticit\u00e9 des conditions naturelles sur les mod\u00e8les et dioramas.<\/p>\n<p>Ce produit a \u00e9t\u00e9 m\u00e9ticuleusement formul\u00e9 pour cr\u00e9er des effets visuels saisissants tels que des taches d&rsquo;humidit\u00e9, de la mousse sur le bois, et de la boue sur les rochers, vous permettant de concevoir des r\u00e9cits visuels convaincants sur la vie op\u00e9rationnelle de chaque \u00e9l\u00e9ment mod\u00e9lis\u00e9. Il peut \u00eatre appliqu\u00e9 directement sur toute surface, offrant des r\u00e9sultats rapides et efficaces. Sa formule \u00e0 s\u00e9chage rapide offre la flexibilit\u00e9 de travailler sans interruption.<\/p>\n<p><strong>Informations de s\u00e9curit\u00e9 et emballage :<\/strong><\/p>\n<p>Weathering FX est non inflammable et sans solvant. Il est conditionn\u00e9 en flacons de 40 ml, con\u00e7us pour une application facile avec un minimum de gaspillage. Les outils utilis\u00e9s peuvent \u00eatre nettoy\u00e9s ais\u00e9ment \u00e0 l&rsquo;eau, garantissant une exp\u00e9rience de mod\u00e9lisme s\u00fbre et efficace.<\/p>\n<p><strong>Recommandations d&rsquo;utilisation :<\/strong><\/p>\n<p>L&rsquo;effet <em>Dense Light Brown Mud<\/em> de Vallejo reproduit les tons de boue typiquement trouv\u00e9s dans les terrains alcalins avec des nuances sableuses qui absorbent facilement l&rsquo;humidit\u00e9, caract\u00e9ristiques des environnements secs, d\u00e9sertiques ou m\u00e9diterran\u00e9ens.<\/p>\n<p>Incorporez l&rsquo;effet <em>Dense Light Brown Mud<\/em> de Vallejo dans votre kit de peinture pour recr\u00e9er les effets de l&rsquo;exposition aux \u00e9l\u00e9ments et \u00e0 la nature.<\/p>\n","protected":false},"excerpt":{"rendered":"<p>D\u00e9couvrez l&rsquo;effet <em>Dense Light Brown Mud<\/em> de Vallejo, une addition remarquable qui apporte un r\u00e9alisme in\u00e9gal\u00e9 \u00e0 tout diorama ou mod\u00e8le r\u00e9duit, mettant en valeur l&rsquo;impact des \u00e9l\u00e9ments naturels sur divers environnements.<\/p>\n","protected":false},"featured_media":15858,"comment_status":"open","ping_status":"closed","template":"","meta":{"site-sidebar-layout":"default","site-content-layout":"","ast-site-content-layout":"default","site-content-style":"default","site-sidebar-style":"default","ast-global-header-display":"","ast-banner-title-visibility":"","ast-main-header-display":"","ast-hfb-above-header-display":"","ast-hfb-below-header-display":"","ast-hfb-mobile-header-display":"","site-post-title":"","ast-breadcrumbs-content":"","ast-featured-img":"","footer-sml-layout":"","ast-disable-related-posts":"","theme-transparent-header-meta":"default","adv-header-id-meta":"","stick-header-meta":"default","header-above-stick-meta":"","header-main-stick-meta":"","header-below-stick-meta":"","astra-migrate-meta-layouts":"default","ast-page-background-enabled":"default","ast-page-background-meta":{"desktop":{"background-color":"var(--ast-global-color-4)","background-image":"","background-repeat":"repeat","background-position":"center center","background-size":"auto","background-attachment":"scroll","background-type":"","background-media":"","overlay-type":"","overlay-color":"","overlay-opacity":"","overlay-gradient":""},"tablet":{"background-color":"","background-image":"","background-repeat":"repeat","background-position":"center center","background-size":"auto","background-attachment":"scroll","background-type":"","background-media":"","overlay-type":"","overlay-color":"","overlay-opacity":"","overlay-gradient":""},"mobile":{"background-color":"","background-image":"","background-repeat":"repeat","background-position":"center center","background-size":"auto","background-attachment":"scroll","background-type":"","background-media":"","overlay-type":"","overlay-color":"","overlay-opacity":"","overlay-gradient":""}},"ast-content-background-meta":{"desktop":{"background-color":"var(--ast-global-color-5)","background-image":"","background-repeat":"repeat","background-position":"center center","background-size":"auto","background-attachment":"scroll","background-type":"","background-media":"","overlay-type":"","overlay-color":"","overlay-opacity":"","overlay-gradient":""},"tablet":{"background-color":"var(--ast-global-color-5)","background-image":"","background-repeat":"repeat","background-position":"center center","background-size":"auto","background-attachment":"scroll","background-type":"","background-media":"","overlay-type":"","overlay-color":"","overlay-opacity":"","overlay-gradient":""},"mobile":{"background-color":"var(--ast-global-color-5)","background-image":"","background-repeat":"repeat","background-position":"center center","background-size":"auto","background-attachment":"scroll","background-type":"","background-media":"","overlay-type":"","overlay-color":"","overlay-opacity":"","overlay-gradient":""}}},"product_brand":[1302],"product_cat":[1303,1316,1393],"product_tag":[],"class_list":{"0":"post-15857","1":"product","2":"type-product","3":"status-publish","4":"has-post-thumbnail","6":"product_brand-vallejo","7":"product_cat-peintures","8":"product_cat-effets","9":"product_cat-weathering-fx-vallejo","10":"desktop-align-left","11":"tablet-align-left","12":"mobile-align-left","13":"ast-product-gallery-layout-first-image-large","14":"ast-magnify-disabled","15":"ast-product-tabs-layout-accordion","17":"first","18":"instock","19":"taxable","20":"shipping-taxable","21":"purchasable","22":"product-type-simple"},"_links":{"self":[{"href":"https:\/\/craftyminis.com\/fr\/wp-json\/wp\/v2\/product\/15857","targetHints":{"allow":["GET"]}}],"collection":[{"href":"https:\/\/craftyminis.com\/fr\/wp-json\/wp\/v2\/product"}],"about":[{"href":"https:\/\/craftyminis.com\/fr\/wp-json\/wp\/v2\/types\/product"}],"replies":[{"embeddable":true,"href":"https:\/\/craftyminis.com\/fr\/wp-json\/wp\/v2\/comments?post=15857"}],"wp:featuredmedia":[{"embeddable":true,"href":"https:\/\/craftyminis.com\/fr\/wp-json\/wp\/v2\/media\/15858"}],"wp:attachment":[{"href":"https:\/\/craftyminis.com\/fr\/wp-json\/wp\/v2\/media?parent=15857"}],"wp:term":[{"taxonomy":"product_brand","embeddable":true,"href":"https:\/\/craftyminis.com\/fr\/wp-json\/wp\/v2\/product_brand?post=15857"},{"taxonomy":"product_cat","embeddable":true,"href":"https:\/\/craftyminis.com\/fr\/wp-json\/wp\/v2\/product_cat?post=15857"},{"taxonomy":"product_tag","embeddable":true,"href":"https:\/\/craftyminis.com\/fr\/wp-json\/wp\/v2\/product_tag?post=15857"}],"curies":[{"name":"wp","href":"https:\/\/api.w.org\/{rel}","templated":true}]}}