{"id":15793,"date":"2024-12-28T14:42:54","date_gmt":"2024-12-28T13:42:54","guid":{"rendered":"https:\/\/craftyminis.com\/non class\u00e9\/azure-blue-mr-color-c-370\/"},"modified":"2024-12-28T14:42:54","modified_gmt":"2024-12-28T13:42:54","slug":"azure-blue-mr-color-c-370","status":"publish","type":"product","link":"https:\/\/craftyminis.com\/fr\/peintures\/azure-blue-mr-color-c-370\/","title":{"rendered":"Azure Blue Mr. Color C-370"},"content":{"rendered":"<p><strong>Affinez vos miniatures et mod\u00e8les avec Mr. Color C-370 Azure Blue Peinture Laque.<\/strong><\/p>\n<div class=\"flex max-w-full flex-col flex-grow\">\n<div class=\"min-h-8 text-message flex w-full flex-col items-end gap-2 whitespace-normal break-words text-start [.text-message+&amp;]:mt-5\" dir=\"auto\" data-message-author-role=\"assistant\" data-message-id=\"c57cb8fe-dadd-447c-b76b-9eb08d4f3bba\" data-message-model-slug=\"gpt-4o\">\n<div class=\"flex w-full flex-col gap-1 empty:hidden first:pt-[3px]\">\n<div class=\"markdown prose w-full break-words dark:prose-invert light\">\n<p>Mr. Color Azure Blue est une peinture laque \u00e0 base de solvant tr\u00e8s appr\u00e9ci\u00e9e par les maquettistes du monde entier pour sa finition exceptionnelle, sa grande durabilit\u00e9 et sa polyvalence. Id\u00e9ale pour une application au pinceau comme \u00e0 l\u2019a\u00e9rographe, cette peinture offre un temps de s\u00e9chage rapide et une finition lisse de qualit\u00e9 professionnelle. Fabriqu\u00e9e au Japon, Mr. Color garantit des r\u00e9sultats de niveau expert pour vos projets de mod\u00e9lisme.<\/p>\n<p><strong>Caract\u00e9ristiques principales :<\/strong><\/p>\n<ul>\n<li><strong>Application polyvalente :<\/strong> Convient \u00e0 une utilisation au pinceau comme \u00e0 l\u2019a\u00e9rographe, offrant une flexibilit\u00e9 pour diverses techniques de peinture.<\/li>\n<li><strong>Finition exceptionnelle :<\/strong> Offre une finition satin\u00e9e lisse avec une excellente durabilit\u00e9, renfor\u00e7ant le r\u00e9alisme de vos mod\u00e8les.<\/li>\n<li><strong>Couleur sp\u00e9cialis\u00e9e :<\/strong> Interior Green est sp\u00e9cialement formul\u00e9e pour d\u00e9tailler les int\u00e9rieurs des avions de la RAF britannique de la Seconde Guerre mondiale, garantissant des r\u00e9sultats historiquement pr\u00e9cis.<\/li>\n<li><strong>Haute compatibilit\u00e9 :<\/strong> Une fois s\u00e8che, elle fonctionne parfaitement avec les peintures \u00e9mail, les lavis et autres produits de mod\u00e9lisme, permettant des techniques avanc\u00e9es de d\u00e9taillage et d\u2019usure.<\/li>\n<\/ul>\n<p><strong>Pourquoi choisir Mr. Color ?<\/strong><\/p>\n<p>Mr. Color est une r\u00e9f\u00e9rence dans l\u2019industrie du mod\u00e9lisme, reconnue pour ses peintures laque de haute qualit\u00e9 qui offrent des r\u00e9sultats constants, fiables et durables. Que ce soit pour d\u00e9tailler les int\u00e9rieurs d\u2019avions ou ajouter des touches de pr\u00e9cision \u00e0 vos miniatures, les peintures Mr. Color sont un outil essentiel pour les maquettistes exigeants.<\/p>\n<p><strong>Recommandations d\u2019utilisation :<\/strong><\/p>\n<ul>\n<li>Diluer avec des produits sp\u00e9cialis\u00e9s tels que <strong>Mr. Color Thinner<\/strong> ou <strong>Mr. Color Leveling Thinner<\/strong> pour une performance optimale.<\/li>\n<li>Utiliser dans un endroit bien ventil\u00e9 en raison des vapeurs \u00e9mises par la formule \u00e0 base de solvant.<\/li>\n<li>Conserver dans un endroit frais et ventil\u00e9, \u00e0 l\u2019abri de la lumi\u00e8re directe du soleil.<\/li>\n<\/ul>\n<p>Am\u00e9liorez vos projets de mod\u00e9lisme avec la peinture laque Mr. Color C-370 Azure Blue. Parfaite pour obtenir une pr\u00e9cision historique et apporter plus de d\u00e9tails et de r\u00e9alisme \u00e0 vos miniatures et dioramas.<\/p>\n<p>Pour le camouflage inf\u00e9rieur des avions RAF peints en sch\u00e9ma Desert (1941-45), Desert Day Bombers (1941-45), Mediterranean Coastal Command, et les avions de transport tardifs (1941-43). (75 % MAT).<\/p>\n<\/div>\n<\/div>\n<\/div>\n<\/div>\n<p>&nbsp;<\/p>\n","protected":false},"excerpt":{"rendered":"<p><strong>Mr. Color C-370 Azure Blue<\/strong> peinture laqu\u00e9e (10 mL), parfaite pour les mod\u00e8les militaires et la peinture de miniatures, formule optimis\u00e9e pour l&rsquo;application au pinceau et \u00e0 l&rsquo;a\u00e9rographe avec effet de r\u00e9duction d&rsquo;\u00e9chelle pour un r\u00e9alisme accru.<\/p>\n","protected":false},"featured_media":15794,"comment_status":"open","ping_status":"closed","template":"","meta":{"site-sidebar-layout":"default","site-content-layout":"","ast-site-content-layout":"default","site-content-style":"default","site-sidebar-style":"default","ast-global-header-display":"","ast-banner-title-visibility":"","ast-main-header-display":"","ast-hfb-above-header-display":"","ast-hfb-below-header-display":"","ast-hfb-mobile-header-display":"","site-post-title":"","ast-breadcrumbs-content":"","ast-featured-img":"","footer-sml-layout":"","ast-disable-related-posts":"","theme-transparent-header-meta":"default","adv-header-id-meta":"","stick-header-meta":"default","header-above-stick-meta":"","header-main-stick-meta":"","header-below-stick-meta":"","astra-migrate-meta-layouts":"default","ast-page-background-enabled":"default","ast-page-background-meta":{"desktop":{"background-color":"var(--ast-global-color-4)","background-image":"","background-repeat":"repeat","background-position":"center center","background-size":"auto","background-attachment":"scroll","background-type":"","background-media":"","overlay-type":"","overlay-color":"","overlay-opacity":"","overlay-gradient":""},"tablet":{"background-color":"","background-image":"","background-repeat":"repeat","background-position":"center center","background-size":"auto","background-attachment":"scroll","background-type":"","background-media":"","overlay-type":"","overlay-color":"","overlay-opacity":"","overlay-gradient":""},"mobile":{"background-color":"","background-image":"","background-repeat":"repeat","background-position":"center center","background-size":"auto","background-attachment":"scroll","background-type":"","background-media":"","overlay-type":"","overlay-color":"","overlay-opacity":"","overlay-gradient":""}},"ast-content-background-meta":{"desktop":{"background-color":"var(--ast-global-color-5)","background-image":"","background-repeat":"repeat","background-position":"center center","background-size":"auto","background-attachment":"scroll","background-type":"","background-media":"","overlay-type":"","overlay-color":"","overlay-opacity":"","overlay-gradient":""},"tablet":{"background-color":"var(--ast-global-color-5)","background-image":"","background-repeat":"repeat","background-position":"center center","background-size":"auto","background-attachment":"scroll","background-type":"","background-media":"","overlay-type":"","overlay-color":"","overlay-opacity":"","overlay-gradient":""},"mobile":{"background-color":"var(--ast-global-color-5)","background-image":"","background-repeat":"repeat","background-position":"center center","background-size":"auto","background-attachment":"scroll","background-type":"","background-media":"","overlay-type":"","overlay-color":"","overlay-opacity":"","overlay-gradient":""}}},"product_brand":[1420],"product_cat":[1303,1397,1398,1304],"product_tag":[],"class_list":{"0":"post-15793","1":"product","2":"type-product","3":"status-publish","4":"has-post-thumbnail","6":"product_brand-mr-hobby-gsi","7":"product_cat-peintures","8":"product_cat-laques","9":"product_cat-mr-color-mr-hobby","10":"product_cat-peintures-acryliques","11":"desktop-align-left","12":"tablet-align-left","13":"mobile-align-left","14":"ast-product-gallery-layout-first-image-large","15":"ast-product-gallery-with-no-image","16":"ast-magnify-disabled","17":"ast-product-tabs-layout-accordion","19":"first","20":"instock","21":"taxable","22":"shipping-taxable","23":"purchasable","24":"product-type-simple"},"_links":{"self":[{"href":"https:\/\/craftyminis.com\/fr\/wp-json\/wp\/v2\/product\/15793","targetHints":{"allow":["GET"]}}],"collection":[{"href":"https:\/\/craftyminis.com\/fr\/wp-json\/wp\/v2\/product"}],"about":[{"href":"https:\/\/craftyminis.com\/fr\/wp-json\/wp\/v2\/types\/product"}],"replies":[{"embeddable":true,"href":"https:\/\/craftyminis.com\/fr\/wp-json\/wp\/v2\/comments?post=15793"}],"wp:featuredmedia":[{"embeddable":true,"href":"https:\/\/craftyminis.com\/fr\/wp-json\/wp\/v2\/media\/15794"}],"wp:attachment":[{"href":"https:\/\/craftyminis.com\/fr\/wp-json\/wp\/v2\/media?parent=15793"}],"wp:term":[{"taxonomy":"product_brand","embeddable":true,"href":"https:\/\/craftyminis.com\/fr\/wp-json\/wp\/v2\/product_brand?post=15793"},{"taxonomy":"product_cat","embeddable":true,"href":"https:\/\/craftyminis.com\/fr\/wp-json\/wp\/v2\/product_cat?post=15793"},{"taxonomy":"product_tag","embeddable":true,"href":"https:\/\/craftyminis.com\/fr\/wp-json\/wp\/v2\/product_tag?post=15793"}],"curies":[{"name":"wp","href":"https:\/\/api.w.org\/{rel}","templated":true}]}}